{"id":6308,"date":"2023-07-21T16:10:54","date_gmt":"2023-07-21T16:10:54","guid":{"rendered":"https:\/\/nutrifresh.com\/uber-uns\/"},"modified":"2023-09-06T13:43:11","modified_gmt":"2023-09-06T13:43:11","slug":"uber-uns","status":"publish","type":"page","link":"https:\/\/nutrifresh.com\/de\/uber-uns\/","title":{"rendered":"\u00dcber uns"},"content":{"rendered":"","protected":false},"excerpt":{"rendered":"","protected":false},"author":1,"featured_media":6309,"parent":0,"menu_order":0,"comment_status":"closed","ping_status":"closed","template":"page-about.php","meta":{"inline_featured_image":false,"footnotes":""},"class_list":["post-6308","page","type-page","status-publish","has-post-thumbnail","hentry"],"acf":[],"yoast_head":"<!-- This site is optimized with the Yoast SEO plugin v23.2 - https:\/\/yoast.com\/wordpress\/plugins\/seo\/ -->\n<title>\u00dcber uns | nutrifresh<\/title>\n<meta name=\"description\" content=\"Es sollte einfacher sein, ges\u00fcnder zu kochen und zu essen. L\u00f6sungen gegen Verschwendung von Lebensmitteln und f\u00fcr einen gesunden Lebensstil.\" \/>\n<meta name=\"robots\" content=\"index, follow, max-snippet:-1, max-image-preview:large, max-video-preview:-1\" \/>\n<link rel=\"canonical\" href=\"https:\/\/nutrifresh.com\/de\/uber-uns\/\" \/>\n<meta property=\"og:locale\" content=\"de_DE\" \/>\n<meta property=\"og:type\" content=\"article\" \/>\n<meta property=\"og:title\" content=\"\u00dcber uns | nutrifresh\" \/>\n<meta property=\"og:description\" content=\"Es sollte einfacher sein, ges\u00fcnder zu kochen und zu essen. L\u00f6sungen gegen Verschwendung von Lebensmitteln und f\u00fcr einen gesunden Lebensstil.\" \/>\n<meta property=\"og:url\" content=\"https:\/\/nutrifresh.com\/de\/uber-uns\/\" \/>\n<meta property=\"og:site_name\" content=\"Nutrifresh\" \/>\n<meta property=\"article:modified_time\" content=\"2023-09-06T13:43:11+00:00\" \/>\n<meta property=\"og:image\" content=\"https:\/\/nutrifresh.com\/wp-content\/uploads\/2023\/08\/Header_13b_test-copy-scaled.jpg\" \/>\n\t<meta property=\"og:image:width\" content=\"2560\" \/>\n\t<meta property=\"og:image:height\" content=\"1644\" \/>\n\t<meta property=\"og:image:type\" content=\"image\/jpeg\" \/>\n<meta name=\"twitter:card\" content=\"summary_large_image\" \/>\n<script type=\"application\/ld+json\" class=\"yoast-schema-graph\">{\"@context\":\"https:\/\/schema.org\",\"@graph\":[{\"@type\":\"WebPage\",\"@id\":\"https:\/\/nutrifresh.com\/de\/uber-uns\/\",\"url\":\"https:\/\/nutrifresh.com\/de\/uber-uns\/\",\"name\":\"\u00dcber uns | nutrifresh\",\"isPartOf\":{\"@id\":\"https:\/\/nutrifresh.com\/de\/#website\"},\"primaryImageOfPage\":{\"@id\":\"https:\/\/nutrifresh.com\/de\/uber-uns\/#primaryimage\"},\"image\":{\"@id\":\"https:\/\/nutrifresh.com\/de\/uber-uns\/#primaryimage\"},\"thumbnailUrl\":\"https:\/\/nutrifresh.com\/wp-content\/uploads\/2023\/08\/Header_13b_test-copy-scaled.jpg\",\"datePublished\":\"2023-07-21T16:10:54+00:00\",\"dateModified\":\"2023-09-06T13:43:11+00:00\",\"description\":\"Es sollte einfacher sein, ges\u00fcnder zu kochen und zu essen. L\u00f6sungen gegen Verschwendung von Lebensmitteln und f\u00fcr einen gesunden Lebensstil.\",\"breadcrumb\":{\"@id\":\"https:\/\/nutrifresh.com\/de\/uber-uns\/#breadcrumb\"},\"inLanguage\":\"de\",\"potentialAction\":[{\"@type\":\"ReadAction\",\"target\":[\"https:\/\/nutrifresh.com\/de\/uber-uns\/\"]}]},{\"@type\":\"ImageObject\",\"inLanguage\":\"de\",\"@id\":\"https:\/\/nutrifresh.com\/de\/uber-uns\/#primaryimage\",\"url\":\"https:\/\/nutrifresh.com\/wp-content\/uploads\/2023\/08\/Header_13b_test-copy-scaled.jpg\",\"contentUrl\":\"https:\/\/nutrifresh.com\/wp-content\/uploads\/2023\/08\/Header_13b_test-copy-scaled.jpg\",\"width\":2560,\"height\":1644},{\"@type\":\"BreadcrumbList\",\"@id\":\"https:\/\/nutrifresh.com\/de\/uber-uns\/#breadcrumb\",\"itemListElement\":[{\"@type\":\"ListItem\",\"position\":1,\"name\":\"Home\",\"item\":\"https:\/\/nutrifresh.com\/de\/startseite\/\"},{\"@type\":\"ListItem\",\"position\":2,\"name\":\"\u00dcber uns\"}]},{\"@type\":\"WebSite\",\"@id\":\"https:\/\/nutrifresh.com\/de\/#website\",\"url\":\"https:\/\/nutrifresh.com\/de\/\",\"name\":\"Nutrifresh\",\"description\":\"A fresh way to eat healthier\",\"potentialAction\":[{\"@type\":\"SearchAction\",\"target\":{\"@type\":\"EntryPoint\",\"urlTemplate\":\"https:\/\/nutrifresh.com\/de\/?s={search_term_string}\"},\"query-input\":\"required name=search_term_string\"}],\"inLanguage\":\"de\"}]}<\/script>\n<!-- \/ Yoast SEO plugin. -->","yoast_head_json":{"title":"\u00dcber uns | nutrifresh","description":"Es sollte einfacher sein, ges\u00fcnder zu kochen und zu essen. L\u00f6sungen gegen Verschwendung von Lebensmitteln und f\u00fcr einen gesunden Lebensstil.","robots":{"index":"index","follow":"follow","max-snippet":"max-snippet:-1","max-image-preview":"max-image-preview:large","max-video-preview":"max-video-preview:-1"},"canonical":"https:\/\/nutrifresh.com\/de\/uber-uns\/","og_locale":"de_DE","og_type":"article","og_title":"\u00dcber uns | nutrifresh","og_description":"Es sollte einfacher sein, ges\u00fcnder zu kochen und zu essen. L\u00f6sungen gegen Verschwendung von Lebensmitteln und f\u00fcr einen gesunden Lebensstil.","og_url":"https:\/\/nutrifresh.com\/de\/uber-uns\/","og_site_name":"Nutrifresh","article_modified_time":"2023-09-06T13:43:11+00:00","og_image":[{"width":2560,"height":1644,"url":"https:\/\/nutrifresh.com\/wp-content\/uploads\/2023\/08\/Header_13b_test-copy-scaled.jpg","type":"image\/jpeg"}],"twitter_card":"summary_large_image","schema":{"@context":"https:\/\/schema.org","@graph":[{"@type":"WebPage","@id":"https:\/\/nutrifresh.com\/de\/uber-uns\/","url":"https:\/\/nutrifresh.com\/de\/uber-uns\/","name":"\u00dcber uns | nutrifresh","isPartOf":{"@id":"https:\/\/nutrifresh.com\/de\/#website"},"primaryImageOfPage":{"@id":"https:\/\/nutrifresh.com\/de\/uber-uns\/#primaryimage"},"image":{"@id":"https:\/\/nutrifresh.com\/de\/uber-uns\/#primaryimage"},"thumbnailUrl":"https:\/\/nutrifresh.com\/wp-content\/uploads\/2023\/08\/Header_13b_test-copy-scaled.jpg","datePublished":"2023-07-21T16:10:54+00:00","dateModified":"2023-09-06T13:43:11+00:00","description":"Es sollte einfacher sein, ges\u00fcnder zu kochen und zu essen. L\u00f6sungen gegen Verschwendung von Lebensmitteln und f\u00fcr einen gesunden Lebensstil.","breadcrumb":{"@id":"https:\/\/nutrifresh.com\/de\/uber-uns\/#breadcrumb"},"inLanguage":"de","potentialAction":[{"@type":"ReadAction","target":["https:\/\/nutrifresh.com\/de\/uber-uns\/"]}]},{"@type":"ImageObject","inLanguage":"de","@id":"https:\/\/nutrifresh.com\/de\/uber-uns\/#primaryimage","url":"https:\/\/nutrifresh.com\/wp-content\/uploads\/2023\/08\/Header_13b_test-copy-scaled.jpg","contentUrl":"https:\/\/nutrifresh.com\/wp-content\/uploads\/2023\/08\/Header_13b_test-copy-scaled.jpg","width":2560,"height":1644},{"@type":"BreadcrumbList","@id":"https:\/\/nutrifresh.com\/de\/uber-uns\/#breadcrumb","itemListElement":[{"@type":"ListItem","position":1,"name":"Home","item":"https:\/\/nutrifresh.com\/de\/startseite\/"},{"@type":"ListItem","position":2,"name":"\u00dcber uns"}]},{"@type":"WebSite","@id":"https:\/\/nutrifresh.com\/de\/#website","url":"https:\/\/nutrifresh.com\/de\/","name":"Nutrifresh","description":"A fresh way to eat healthier","potentialAction":[{"@type":"SearchAction","target":{"@type":"EntryPoint","urlTemplate":"https:\/\/nutrifresh.com\/de\/?s={search_term_string}"},"query-input":"required name=search_term_string"}],"inLanguage":"de"}]}},"_links":{"self":[{"href":"https:\/\/nutrifresh.com\/de\/wp-json\/wp\/v2\/pages\/6308","targetHints":{"allow":["GET"]}}],"collection":[{"href":"https:\/\/nutrifresh.com\/de\/wp-json\/wp\/v2\/pages"}],"about":[{"href":"https:\/\/nutrifresh.com\/de\/wp-json\/wp\/v2\/types\/page"}],"author":[{"embeddable":true,"href":"https:\/\/nutrifresh.com\/de\/wp-json\/wp\/v2\/users\/1"}],"replies":[{"embeddable":true,"href":"https:\/\/nutrifresh.com\/de\/wp-json\/wp\/v2\/comments?post=6308"}],"version-history":[{"count":0,"href":"https:\/\/nutrifresh.com\/de\/wp-json\/wp\/v2\/pages\/6308\/revisions"}],"wp:featuredmedia":[{"embeddable":true,"href":"https:\/\/nutrifresh.com\/de\/wp-json\/wp\/v2\/media\/6309"}],"wp:attachment":[{"href":"https:\/\/nutrifresh.com\/de\/wp-json\/wp\/v2\/media?parent=6308"}],"curies":[{"name":"wp","href":"https:\/\/api.w.org\/{rel}","templated":true}]}}