{"id":6543,"date":"2023-07-11T16:43:22","date_gmt":"2023-07-11T16:43:22","guid":{"rendered":"https:\/\/nutrifresh.com\/versand-und-rucksendungen\/"},"modified":"2023-09-06T15:04:57","modified_gmt":"2023-09-06T15:04:57","slug":"versand-und-rucksendungen","status":"publish","type":"page","link":"https:\/\/nutrifresh.com\/de\/versand-und-rucksendungen\/","title":{"rendered":"Versand und R\u00fccksendungen"},"content":{"rendered":"<h4>Wie kann ich Nutrifresh\u2122 kontaktieren?<\/h4>\n<p><strong>Allgemeine Informationen<\/strong><\/p>\n<p>Nutrifresh\u2122<br \/>\nThe Continuity Company Ltd<br \/>\n4th Floor, The shipping Building<br \/>\n252 &#8211; 254 Blyth Road<br \/>\nHayes<br \/>\nUB3 1HA<br \/>\nVAT (UK): GB577264605<\/p>\n<p>Per E-Mail: <a href=\"mailto:nutrifresh@tccglobal.com\">nutrifresh@tccglobal.com <\/a><\/p>\n<hr \/>\n<h4>R\u00fccksendung und Umtausch:<\/h4>\n<p><strong>Unsere freiwillige R\u00fcckgaberichtlinie:<\/strong><\/p>\n<p>Neben Ihrem gesetzlichen Widerrufsrecht haben Sie das Recht, Produkte innerhalb von 30 Tagen nach Erhalt der Produkte gegen Erstattung des Kaufpreises zur\u00fcckgeben, wenn Sie mit einem Produkt von Nutrifresh nicht vollst\u00e4ndig zufrieden sind, sofern sich die Produkte in einem unbenutzten und unbesch\u00e4digten Zustand befinden. Um einen Artikel zur\u00fcckzusenden, wenden Sie sich bitte an unseren Kundendienst unter: <a href=\"mailto:nutrifresh@tccglobal.com\">nutrifresh@tccglobal.com<\/a><\/p>\n<p>Bitte beachten Sie, dass diese R\u00fcckgaberichtlinie Ihre gesetzlichen Rechte nicht beeintr\u00e4chtigt und daher Ihr oben genanntes Widerrufsrecht nicht ber\u00fchrt.<\/p>\n<p>Bitte beachten Sie, dass Sie die Artikel in demselben Zustand zur\u00fcckgeben m\u00fcssen, in dem Sie sie erhalten haben. Das hei\u00dft, dass neue Artikel nur unbenutzt und unbesch\u00e4digt zur\u00fcckgegeben werden d\u00fcrfen. Verwendete Artikel d\u00fcrfen keine zus\u00e4tzlichen Gebrauchsspuren oder Sch\u00e4den aufweisen. Bitte beachten Sie, dass wir Ihre R\u00fcckerstattung erst dann bearbeiten, wenn der Artikel zur\u00fcckgeschickt und von einem unserer Spezialisten \u00fcberpr\u00fcft wurde. Dies kann bis zu 14 Tage dauern.<\/p>\n<p>R\u00fccksendungen schicken Sie bitte an:<\/p>\n<p>Nutrifresh Customer Service<\/p>\n<p>The Continuity Company Ltd<\/p>\n<p>4th Floor, The Shipping Building<\/p>\n<p>252 &#8211; 254 Blyth Road<\/p>\n<p>Hayes<\/p>\n<p>UB3 1HA<\/p>\n<p><strong>Umtausch:<\/strong><\/p>\n<p>Um einen Artikel umzutauschen, wenden Sie sich bitte an unseren Kundendienst unter <a href=\"mailto:nutrifresh@tccglobal.com\">nutrifresh@tccglobal.com<\/a> und geben Sie die Einzelheiten des Ersatzprodukts an.<\/p>\n<p><strong>R\u00fccksendung eines Produkts aufgrund eines Fehlers:<\/strong><\/p>\n<p>Um einen fehlerhaften Artikel zur\u00fcckzusenden, wenden Sie sich bitte an unseren Kundendienst unter nutrifresh@tccglobal.com. Tritt bei einem elektrischen Ger\u00e4t innerhalb von 14 Tagen nach dem Kauf ein Fehler auf, tauschen wir es entweder um oder erstatten Ihnen den vollen Kaufpreis.<\/p>\n<p>Nach 14 Tagen reparieren wir elektrische Ger\u00e4te, sofern diese unseren allgemeinen Garantiebedingungen unterliegen. Allen Produktr\u00fccksendungen muss der Kaufnachweis beiliegen. Versenden Sie einen Artikel mit einem Wert \u00fcber 50 \u20ac, sollten Sie diesen mit Sendungsverfolgung verschicken oder eine Versandversicherung abschlie\u00dfen. Wir k\u00f6nnen nicht garantieren, dass wir einen von Ihnen zur\u00fcckgesandten Artikel auch tats\u00e4chlich erhalten.<\/p>\n<p>&nbsp;<\/p>\n<h4>Versandinformationen<\/h4>\n<p>KOSTENLOSE Standardlieferung bei Bestellungen \u00fcber 50 \u20ac<\/p>\n<p>6,99 \u20ac f\u00fcr Bestellungen unter 50 \u20ac<\/p>\n<p>Bestellungen werden innerhalb von 1 Arbeitstag versandt und in der Regel innerhalb von 5 Arbeitstagen zugestellt. Einige Speditionen liefern etwas fr\u00fcher oder sp\u00e4ter.<\/p>\n<p>Zu den von uns f\u00fcr Standardlieferungen genutzten Speditionen geh\u00f6ren DPD und Amazon.<\/p>\n<h4>Unsere Versandtarife finden Sie in der nachstehenden Tabelle:<\/h4>\n<p>&nbsp;<\/p>\n<table class=\"table\">\n<thead>\n<tr>\n<th>Land<\/th>\n<th>Lieferkosten unter 50 \u20ac<\/th>\n<th>Lieferkosten \u00fcber 50 \u20ac<\/th>\n<th>Inselzuschlag<\/th>\n<th>Lieferzeit<\/th>\n<th><\/th>\n<\/tr>\n<\/thead>\n<tbody>\n<tr>\n<td>Frankreich<\/td>\n<td>6,99 \u20ac<\/td>\n<td>KOSTENLOS<\/td>\n<td>n.z.<\/td>\n<td>2-4 Tage<\/td>\n<td><\/td>\n<\/tr>\n<tr>\n<td>Deutschland<\/td>\n<td>6,99 \u20ac<\/td>\n<td>KOSTENLOS<\/td>\n<td>n.z.<\/td>\n<td>Cell<\/td>\n<td><\/td>\n<\/tr>\n<tr>\n<td>Italien<\/td>\n<td>6,99 \u20ac<\/td>\n<td>KOSTENLOS<\/td>\n<td>23 \u20ac<\/td>\n<td>2-6 Tage<\/td>\n<td><\/td>\n<\/tr>\n<tr>\n<td>Spanien<\/td>\n<td>6,99 \u20ac<\/td>\n<td>KOSTENLOS<\/td>\n<td>23 \u20ac<\/td>\n<td>Cell<\/td>\n<td><\/td>\n<\/tr>\n<tr>\n<td>Portugal<\/td>\n<td>6,99 \u20ac<\/td>\n<td>KOSTENLOS<\/td>\n<td>23 \u20ac<\/td>\n<td>2-6 Tage<\/td>\n<td><\/td>\n<\/tr>\n<tr>\n<td>Niederlande<\/td>\n<td>6,99 \u20ac<\/td>\n<td>KOSTENLOS<\/td>\n<td>n.z.<\/td>\n<td>2-4 Tage<\/td>\n<td><\/td>\n<\/tr>\n<tr>\n<td>Vereinigtes K\u00f6nigreich<\/td>\n<td>6,99 \u20ac<\/td>\n<td>KOSTENLOS<\/td>\n<td>n.z.<\/td>\n<td>3-5 Tage<\/td>\n<td><\/td>\n<\/tr>\n<tr>\n<td>Kanalinseln<\/td>\n<td>6,99 \u20ac<\/td>\n<td>KOSTENLOS<\/td>\n<td>23 \u20ac<\/td>\n<td>3-5 Tage<\/td>\n<td><\/td>\n<\/tr>\n<tr>\n<td>Insel Mann<\/td>\n<td>6,99 \u20ac<\/td>\n<td>KOSTENLOS<\/td>\n<td>23 \u20ac<\/td>\n<td>3-5 Tage<\/td>\n<td><\/td>\n<\/tr>\n<\/tbody>\n<\/table>\n","protected":false},"excerpt":{"rendered":"<p>Wie kann ich Nutrifresh\u2122 kontaktieren? Allgemeine Informationen Nutrifresh\u2122 The Continuity Company Ltd 4th Floor, The shipping Building 252 &#8211; 254 Blyth Road Hayes UB3 1HA VAT (UK): GB577264605 Per E-Mail: nutrifresh@tccglobal.com R\u00fccksendung und Umtausch: Unsere freiwillige R\u00fcckgaberichtlinie: Neben Ihrem gesetzlichen Widerrufsrecht haben Sie das Recht, Produkte innerhalb von 30 Tagen nach Erhalt der Produkte gegen [&hellip;]<\/p>\n","protected":false},"author":1,"featured_media":0,"parent":0,"menu_order":0,"comment_status":"closed","ping_status":"closed","template":"","meta":{"inline_featured_image":false,"footnotes":""},"class_list":["post-6543","page","type-page","status-publish","hentry"],"acf":[],"yoast_head":"<!-- This site is optimized with the Yoast SEO plugin v23.2 - https:\/\/yoast.com\/wordpress\/plugins\/seo\/ -->\n<title>Versand &amp; R\u00fccksendung | nutrifresh<\/title>\n<meta name=\"description\" content=\"Sehen Sie sich unsere Liefer- und R\u00fcckgaberichtlinien an, um den Ablauf f\u00fcr Stornierungen und R\u00fcckerstattungen zu verstehen.\" \/>\n<meta name=\"robots\" content=\"index, follow, max-snippet:-1, max-image-preview:large, max-video-preview:-1\" \/>\n<link rel=\"canonical\" href=\"https:\/\/nutrifresh.com\/de\/versand-und-rucksendungen\/\" \/>\n<meta property=\"og:locale\" content=\"de_DE\" \/>\n<meta property=\"og:type\" content=\"article\" \/>\n<meta property=\"og:title\" content=\"Versand &amp; R\u00fccksendung | nutrifresh\" \/>\n<meta property=\"og:description\" content=\"Sehen Sie sich unsere Liefer- und R\u00fcckgaberichtlinien an, um den Ablauf f\u00fcr Stornierungen und R\u00fcckerstattungen zu verstehen.\" \/>\n<meta property=\"og:url\" content=\"https:\/\/nutrifresh.com\/de\/versand-und-rucksendungen\/\" \/>\n<meta property=\"og:site_name\" content=\"Nutrifresh\" \/>\n<meta property=\"article:modified_time\" content=\"2023-09-06T15:04:57+00:00\" \/>\n<meta name=\"twitter:card\" content=\"summary_large_image\" \/>\n<meta name=\"twitter:label1\" content=\"Gesch\u00e4tzte Lesezeit\" \/>\n\t<meta name=\"twitter:data1\" content=\"3\u00a0Minuten\" \/>\n<script type=\"application\/ld+json\" class=\"yoast-schema-graph\">{\"@context\":\"https:\/\/schema.org\",\"@graph\":[{\"@type\":\"WebPage\",\"@id\":\"https:\/\/nutrifresh.com\/de\/versand-und-rucksendungen\/\",\"url\":\"https:\/\/nutrifresh.com\/de\/versand-und-rucksendungen\/\",\"name\":\"Versand & R\u00fccksendung | nutrifresh\",\"isPartOf\":{\"@id\":\"https:\/\/nutrifresh.com\/de\/#website\"},\"datePublished\":\"2023-07-11T16:43:22+00:00\",\"dateModified\":\"2023-09-06T15:04:57+00:00\",\"description\":\"Sehen Sie sich unsere Liefer- und R\u00fcckgaberichtlinien an, um den Ablauf f\u00fcr Stornierungen und R\u00fcckerstattungen zu verstehen.\",\"breadcrumb\":{\"@id\":\"https:\/\/nutrifresh.com\/de\/versand-und-rucksendungen\/#breadcrumb\"},\"inLanguage\":\"de\",\"potentialAction\":[{\"@type\":\"ReadAction\",\"target\":[\"https:\/\/nutrifresh.com\/de\/versand-und-rucksendungen\/\"]}]},{\"@type\":\"BreadcrumbList\",\"@id\":\"https:\/\/nutrifresh.com\/de\/versand-und-rucksendungen\/#breadcrumb\",\"itemListElement\":[{\"@type\":\"ListItem\",\"position\":1,\"name\":\"Home\",\"item\":\"https:\/\/nutrifresh.com\/de\/startseite\/\"},{\"@type\":\"ListItem\",\"position\":2,\"name\":\"Versand und R\u00fccksendungen\"}]},{\"@type\":\"WebSite\",\"@id\":\"https:\/\/nutrifresh.com\/de\/#website\",\"url\":\"https:\/\/nutrifresh.com\/de\/\",\"name\":\"Nutrifresh\",\"description\":\"A fresh way to eat healthier\",\"potentialAction\":[{\"@type\":\"SearchAction\",\"target\":{\"@type\":\"EntryPoint\",\"urlTemplate\":\"https:\/\/nutrifresh.com\/de\/?s={search_term_string}\"},\"query-input\":\"required name=search_term_string\"}],\"inLanguage\":\"de\"}]}<\/script>\n<!-- \/ Yoast SEO plugin. -->","yoast_head_json":{"title":"Versand & R\u00fccksendung | nutrifresh","description":"Sehen Sie sich unsere Liefer- und R\u00fcckgaberichtlinien an, um den Ablauf f\u00fcr Stornierungen und R\u00fcckerstattungen zu verstehen.","robots":{"index":"index","follow":"follow","max-snippet":"max-snippet:-1","max-image-preview":"max-image-preview:large","max-video-preview":"max-video-preview:-1"},"canonical":"https:\/\/nutrifresh.com\/de\/versand-und-rucksendungen\/","og_locale":"de_DE","og_type":"article","og_title":"Versand & R\u00fccksendung | nutrifresh","og_description":"Sehen Sie sich unsere Liefer- und R\u00fcckgaberichtlinien an, um den Ablauf f\u00fcr Stornierungen und R\u00fcckerstattungen zu verstehen.","og_url":"https:\/\/nutrifresh.com\/de\/versand-und-rucksendungen\/","og_site_name":"Nutrifresh","article_modified_time":"2023-09-06T15:04:57+00:00","twitter_card":"summary_large_image","twitter_misc":{"Gesch\u00e4tzte Lesezeit":"3\u00a0Minuten"},"schema":{"@context":"https:\/\/schema.org","@graph":[{"@type":"WebPage","@id":"https:\/\/nutrifresh.com\/de\/versand-und-rucksendungen\/","url":"https:\/\/nutrifresh.com\/de\/versand-und-rucksendungen\/","name":"Versand & R\u00fccksendung | nutrifresh","isPartOf":{"@id":"https:\/\/nutrifresh.com\/de\/#website"},"datePublished":"2023-07-11T16:43:22+00:00","dateModified":"2023-09-06T15:04:57+00:00","description":"Sehen Sie sich unsere Liefer- und R\u00fcckgaberichtlinien an, um den Ablauf f\u00fcr Stornierungen und R\u00fcckerstattungen zu verstehen.","breadcrumb":{"@id":"https:\/\/nutrifresh.com\/de\/versand-und-rucksendungen\/#breadcrumb"},"inLanguage":"de","potentialAction":[{"@type":"ReadAction","target":["https:\/\/nutrifresh.com\/de\/versand-und-rucksendungen\/"]}]},{"@type":"BreadcrumbList","@id":"https:\/\/nutrifresh.com\/de\/versand-und-rucksendungen\/#breadcrumb","itemListElement":[{"@type":"ListItem","position":1,"name":"Home","item":"https:\/\/nutrifresh.com\/de\/startseite\/"},{"@type":"ListItem","position":2,"name":"Versand und R\u00fccksendungen"}]},{"@type":"WebSite","@id":"https:\/\/nutrifresh.com\/de\/#website","url":"https:\/\/nutrifresh.com\/de\/","name":"Nutrifresh","description":"A fresh way to eat healthier","potentialAction":[{"@type":"SearchAction","target":{"@type":"EntryPoint","urlTemplate":"https:\/\/nutrifresh.com\/de\/?s={search_term_string}"},"query-input":"required name=search_term_string"}],"inLanguage":"de"}]}},"_links":{"self":[{"href":"https:\/\/nutrifresh.com\/de\/wp-json\/wp\/v2\/pages\/6543","targetHints":{"allow":["GET"]}}],"collection":[{"href":"https:\/\/nutrifresh.com\/de\/wp-json\/wp\/v2\/pages"}],"about":[{"href":"https:\/\/nutrifresh.com\/de\/wp-json\/wp\/v2\/types\/page"}],"author":[{"embeddable":true,"href":"https:\/\/nutrifresh.com\/de\/wp-json\/wp\/v2\/users\/1"}],"replies":[{"embeddable":true,"href":"https:\/\/nutrifresh.com\/de\/wp-json\/wp\/v2\/comments?post=6543"}],"version-history":[{"count":0,"href":"https:\/\/nutrifresh.com\/de\/wp-json\/wp\/v2\/pages\/6543\/revisions"}],"wp:attachment":[{"href":"https:\/\/nutrifresh.com\/de\/wp-json\/wp\/v2\/media?parent=6543"}],"curies":[{"name":"wp","href":"https:\/\/api.w.org\/{rel}","templated":true}]}}