{"id":6550,"date":"2023-07-20T09:19:51","date_gmt":"2023-07-20T09:19:51","guid":{"rendered":"https:\/\/nutrifresh.com\/allgemeine-geschaftsbedingungen\/"},"modified":"2023-09-06T15:05:06","modified_gmt":"2023-09-06T15:05:06","slug":"allgemeine-geschaftsbedingungen","status":"publish","type":"page","link":"https:\/\/nutrifresh.com\/de\/allgemeine-geschaftsbedingungen\/","title":{"rendered":"Allgemeine Gesch\u00e4ftsbedingungen"},"content":{"rendered":"<h4>Allgemeines<\/h4>\n<p>Diese Website ist Eigentum und wird betrieben von <strong>The Continuity Company Ltd, 4th Floor, The Shipping Building, 252\u2013 254 Blyth Road, Hayes, UB3 1HA, England.<\/strong><\/p>\n<p>Bitte lesen Sie die nachstehenden allgemeinen Gesch\u00e4ftsbedingungen sorgf\u00e4ltig durch. Mit dem Zugriff auf diese Website und deren Nutzung erkl\u00e4ren Sie sich nicht nur mit diesen allgemeinen Gesch\u00e4ftsbedingungen einverstanden, sondern auch mit allen geltenden Gesetzen, Vorschriften und Regeln in dem Land, von dem aus Sie auf diese Website zugreifen. Stimmen Sie diesen allgemeinen Gesch\u00e4ftsbedingungen nicht zu, sollten Sie nicht auf diese Website zugreifen oder sie nutzen.<\/p>\n<p>Wir k\u00f6nnen diese allgemeinen Gesch\u00e4ftsbedingungen jederzeit \u00e4ndern. Dabei treten die \u00c4nderungen ab dem Zeitpunkt in Kraft, an dem sie online verf\u00fcgbar sind. Mit der weiteren Nutzung der Website erkl\u00e4ren Sie sich mit diesen allgemeinen Gesch\u00e4ftsbedingungen in ihrer jeweils g\u00fcltigen Fassung einverstanden.<\/p>\n<p>Die Verwendung von \u201ewir\u201c, \u201eunser\u201c oder \u201euns\u201c bezieht sich auf TCC.<\/p>\n<hr \/>\n<h4>Allgemeine Gesch\u00e4ftsbedingungen<\/h4>\n<p><strong>Es ist verboten:<\/strong><\/p>\n<ol>\n<li>den Inhalt dieser Website zu kopieren, zu vervielf\u00e4ltigen, neu zu ver\u00f6ffentlichen, herunterzuladen, zu ver\u00f6ffentlichen, zu senden, zu \u00fcbertragen, der \u00d6ffentlichkeit zug\u00e4nglich zu machen oder in anderer Weise zu nutzen, au\u00dfer f\u00fcr Ihre pers\u00f6nliche, nicht gewerbliche Verwendung.<\/li>\n<li>Werke unter Verwendung von Inhalten dieser Website zu erstellen oder zu bearbeiten, au\u00dfer f\u00fcr Ihre pers\u00f6nliche, nicht gewerbliche Verwendung.<\/li>\n<li>Software oder Ger\u00e4te zu verwenden, die den Betrieb oder das Aussehen dieser Website und ihrer Software st\u00f6ren oder st\u00f6ren k\u00f6nnen.<\/li>\n<li>Informationen auf oder \u00fcber diese Website zu ver\u00f6ffentlichen, zu \u00fcbertragen oder zu verbreiten.<\/li>\n<li>F\u00fcr jede andere Verwendung von Inhalten dieser Website ist die vorherige schriftliche Genehmigung von TCC erforderlich.<\/li>\n<li>Das Herunterladen von Informationen von dieser Website geschieht auf eigene Gefahr.<\/li>\n<\/ol>\n<hr \/>\n<h4>Haftungsausschl\u00fcsse und Haftungsbeschr\u00e4nkung<\/h4>\n<p>Wir haften unter keinen Umst\u00e4nden f\u00fcr direkte oder indirekte Verluste oder Sch\u00e4den jeglicher Art, ob vorhersehbar oder nicht, die sich aus dem Zugang zu oder der Nutzung von dieser Website oder der darin enthaltenen Informationen ergeben. Dazu geh\u00f6ren u. a. Umsatz- oder Gewinnverluste, Datenverluste, Verlust des Firmenwerts oder Rufsch\u00e4digung.<\/p>\n<p>Sie verpflichten sich, uns von jeglicher Haftung freizustellen, die im Zusammenhang mit Ihrem Versto\u00df gegen diese allgemeinen Gesch\u00e4ftsbedingungen entsteht, einschlie\u00dflich Kosten und Anwaltsgeb\u00fchren.<\/p>\n<hr \/>\n<h4>Links zu anderen Websites:<\/h4>\n<p>Unsere Website kann Links zu anderen Internetseiten enthalten. Wir sind nicht f\u00fcr den Inhalt, die Informationen, das Material, die Produkte oder die Dienstleistungen verantwortlich, die auf diesen Websites enthalten oder \u00fcber sie zug\u00e4nglich sind. Der Zugang zu diesen Websites und deren Nutzung erfolgt auf eigene Gefahr.<\/p>\n<hr \/>\n<h4>Links zu dieser Website:<\/h4>\n<p>Eine Verlinkung unsere Website ist nur mit unserer vorherigen schriftlichen Genehmigung zul\u00e4ssig. Wir behalten uns das Recht vor, diese Genehmigung jederzeit und ohne Begr\u00fcndung zu widerrufen.<\/p>\n<hr \/>\n<h4>Geistiges Eigentum<\/h4>\n<p>Alle Logos, Namen oder Bilder auf dieser Website, die TCC oder Dritte und deren Produkte oder Dienstleistungen identifizieren, unterliegen dem Urheberrecht, Design-, Patent- und Markenrechten und Sie verpflichten sich, die Gesetze und Vorschriften, denen diese Materialien unterliegen, einzuhalten. Keine der in unseren allgemeinen Gesch\u00e4ftsbedingungen enthaltenen Angaben verleihen Ihnen stillschweigend oder anderweitig das Recht, diese Materialien zu verwenden oder zu vervielf\u00e4ltigen.<\/p>\n<p>&nbsp;<\/p>\n<p><strong>Eingetragen in England, Company No. 02571394<\/strong><\/p>\n","protected":false},"excerpt":{"rendered":"<p>Allgemeines Diese Website ist Eigentum und wird betrieben von The Continuity Company Ltd, 4th Floor, The Shipping Building, 252\u2013 254 Blyth Road, Hayes, UB3 1HA, England. Bitte lesen Sie die nachstehenden allgemeinen Gesch\u00e4ftsbedingungen sorgf\u00e4ltig durch. Mit dem Zugriff auf diese Website und deren Nutzung erkl\u00e4ren Sie sich nicht nur mit diesen allgemeinen Gesch\u00e4ftsbedingungen einverstanden, sondern [&hellip;]<\/p>\n","protected":false},"author":1,"featured_media":0,"parent":0,"menu_order":0,"comment_status":"closed","ping_status":"closed","template":"","meta":{"inline_featured_image":false,"footnotes":""},"class_list":["post-6550","page","type-page","status-publish","hentry"],"acf":[],"yoast_head":"<!-- This site is optimized with the Yoast SEO plugin v23.2 - https:\/\/yoast.com\/wordpress\/plugins\/seo\/ -->\n<title>Bedingungen &amp; Konditionen | nutrifresh<\/title>\n<meta name=\"description\" content=\"Bitte lesen Sie die Allgemeinen Gesch\u00e4ftsbedingungen sorgf\u00e4ltig, da Sie durch die Nutzung dieser Website allen geltenden Gesetzen zustimmen.\" \/>\n<meta name=\"robots\" content=\"index, follow, max-snippet:-1, max-image-preview:large, max-video-preview:-1\" \/>\n<link rel=\"canonical\" href=\"https:\/\/nutrifresh.com\/de\/allgemeine-geschaftsbedingungen\/\" \/>\n<meta property=\"og:locale\" content=\"de_DE\" \/>\n<meta property=\"og:type\" content=\"article\" \/>\n<meta property=\"og:title\" content=\"Bedingungen &amp; Konditionen | nutrifresh\" \/>\n<meta property=\"og:description\" content=\"Bitte lesen Sie die Allgemeinen Gesch\u00e4ftsbedingungen sorgf\u00e4ltig, da Sie durch die Nutzung dieser Website allen geltenden Gesetzen zustimmen.\" \/>\n<meta property=\"og:url\" content=\"https:\/\/nutrifresh.com\/de\/allgemeine-geschaftsbedingungen\/\" \/>\n<meta property=\"og:site_name\" content=\"Nutrifresh\" \/>\n<meta property=\"article:modified_time\" content=\"2023-09-06T15:05:06+00:00\" \/>\n<meta name=\"twitter:card\" content=\"summary_large_image\" \/>\n<meta name=\"twitter:label1\" content=\"Gesch\u00e4tzte Lesezeit\" \/>\n\t<meta name=\"twitter:data1\" content=\"3\u00a0Minuten\" \/>\n<script type=\"application\/ld+json\" class=\"yoast-schema-graph\">{\"@context\":\"https:\/\/schema.org\",\"@graph\":[{\"@type\":\"WebPage\",\"@id\":\"https:\/\/nutrifresh.com\/de\/allgemeine-geschaftsbedingungen\/\",\"url\":\"https:\/\/nutrifresh.com\/de\/allgemeine-geschaftsbedingungen\/\",\"name\":\"Bedingungen & Konditionen | nutrifresh\",\"isPartOf\":{\"@id\":\"https:\/\/nutrifresh.com\/de\/#website\"},\"datePublished\":\"2023-07-20T09:19:51+00:00\",\"dateModified\":\"2023-09-06T15:05:06+00:00\",\"description\":\"Bitte lesen Sie die Allgemeinen Gesch\u00e4ftsbedingungen sorgf\u00e4ltig, da Sie durch die Nutzung dieser Website allen geltenden Gesetzen zustimmen.\",\"breadcrumb\":{\"@id\":\"https:\/\/nutrifresh.com\/de\/allgemeine-geschaftsbedingungen\/#breadcrumb\"},\"inLanguage\":\"de\",\"potentialAction\":[{\"@type\":\"ReadAction\",\"target\":[\"https:\/\/nutrifresh.com\/de\/allgemeine-geschaftsbedingungen\/\"]}]},{\"@type\":\"BreadcrumbList\",\"@id\":\"https:\/\/nutrifresh.com\/de\/allgemeine-geschaftsbedingungen\/#breadcrumb\",\"itemListElement\":[{\"@type\":\"ListItem\",\"position\":1,\"name\":\"Home\",\"item\":\"https:\/\/nutrifresh.com\/de\/startseite\/\"},{\"@type\":\"ListItem\",\"position\":2,\"name\":\"Allgemeine Gesch\u00e4ftsbedingungen\"}]},{\"@type\":\"WebSite\",\"@id\":\"https:\/\/nutrifresh.com\/de\/#website\",\"url\":\"https:\/\/nutrifresh.com\/de\/\",\"name\":\"Nutrifresh\",\"description\":\"A fresh way to eat healthier\",\"potentialAction\":[{\"@type\":\"SearchAction\",\"target\":{\"@type\":\"EntryPoint\",\"urlTemplate\":\"https:\/\/nutrifresh.com\/de\/?s={search_term_string}\"},\"query-input\":\"required name=search_term_string\"}],\"inLanguage\":\"de\"}]}<\/script>\n<!-- \/ Yoast SEO plugin. -->","yoast_head_json":{"title":"Bedingungen & Konditionen | nutrifresh","description":"Bitte lesen Sie die Allgemeinen Gesch\u00e4ftsbedingungen sorgf\u00e4ltig, da Sie durch die Nutzung dieser Website allen geltenden Gesetzen zustimmen.","robots":{"index":"index","follow":"follow","max-snippet":"max-snippet:-1","max-image-preview":"max-image-preview:large","max-video-preview":"max-video-preview:-1"},"canonical":"https:\/\/nutrifresh.com\/de\/allgemeine-geschaftsbedingungen\/","og_locale":"de_DE","og_type":"article","og_title":"Bedingungen & Konditionen | nutrifresh","og_description":"Bitte lesen Sie die Allgemeinen Gesch\u00e4ftsbedingungen sorgf\u00e4ltig, da Sie durch die Nutzung dieser Website allen geltenden Gesetzen zustimmen.","og_url":"https:\/\/nutrifresh.com\/de\/allgemeine-geschaftsbedingungen\/","og_site_name":"Nutrifresh","article_modified_time":"2023-09-06T15:05:06+00:00","twitter_card":"summary_large_image","twitter_misc":{"Gesch\u00e4tzte Lesezeit":"3\u00a0Minuten"},"schema":{"@context":"https:\/\/schema.org","@graph":[{"@type":"WebPage","@id":"https:\/\/nutrifresh.com\/de\/allgemeine-geschaftsbedingungen\/","url":"https:\/\/nutrifresh.com\/de\/allgemeine-geschaftsbedingungen\/","name":"Bedingungen & Konditionen | nutrifresh","isPartOf":{"@id":"https:\/\/nutrifresh.com\/de\/#website"},"datePublished":"2023-07-20T09:19:51+00:00","dateModified":"2023-09-06T15:05:06+00:00","description":"Bitte lesen Sie die Allgemeinen Gesch\u00e4ftsbedingungen sorgf\u00e4ltig, da Sie durch die Nutzung dieser Website allen geltenden Gesetzen zustimmen.","breadcrumb":{"@id":"https:\/\/nutrifresh.com\/de\/allgemeine-geschaftsbedingungen\/#breadcrumb"},"inLanguage":"de","potentialAction":[{"@type":"ReadAction","target":["https:\/\/nutrifresh.com\/de\/allgemeine-geschaftsbedingungen\/"]}]},{"@type":"BreadcrumbList","@id":"https:\/\/nutrifresh.com\/de\/allgemeine-geschaftsbedingungen\/#breadcrumb","itemListElement":[{"@type":"ListItem","position":1,"name":"Home","item":"https:\/\/nutrifresh.com\/de\/startseite\/"},{"@type":"ListItem","position":2,"name":"Allgemeine Gesch\u00e4ftsbedingungen"}]},{"@type":"WebSite","@id":"https:\/\/nutrifresh.com\/de\/#website","url":"https:\/\/nutrifresh.com\/de\/","name":"Nutrifresh","description":"A fresh way to eat healthier","potentialAction":[{"@type":"SearchAction","target":{"@type":"EntryPoint","urlTemplate":"https:\/\/nutrifresh.com\/de\/?s={search_term_string}"},"query-input":"required name=search_term_string"}],"inLanguage":"de"}]}},"_links":{"self":[{"href":"https:\/\/nutrifresh.com\/de\/wp-json\/wp\/v2\/pages\/6550","targetHints":{"allow":["GET"]}}],"collection":[{"href":"https:\/\/nutrifresh.com\/de\/wp-json\/wp\/v2\/pages"}],"about":[{"href":"https:\/\/nutrifresh.com\/de\/wp-json\/wp\/v2\/types\/page"}],"author":[{"embeddable":true,"href":"https:\/\/nutrifresh.com\/de\/wp-json\/wp\/v2\/users\/1"}],"replies":[{"embeddable":true,"href":"https:\/\/nutrifresh.com\/de\/wp-json\/wp\/v2\/comments?post=6550"}],"version-history":[{"count":0,"href":"https:\/\/nutrifresh.com\/de\/wp-json\/wp\/v2\/pages\/6550\/revisions"}],"wp:attachment":[{"href":"https:\/\/nutrifresh.com\/de\/wp-json\/wp\/v2\/media?parent=6550"}],"curies":[{"name":"wp","href":"https:\/\/api.w.org\/{rel}","templated":true}]}}