{"id":6367,"date":"2023-08-02T14:58:28","date_gmt":"2023-08-02T14:58:28","guid":{"rendered":"https:\/\/nutrifresh.com\/p\/quadratische-frischhaltedose-aus-glas-750-ml\/"},"modified":"2023-09-06T10:20:00","modified_gmt":"2023-09-06T10:20:00","slug":"quadratische-frischhaltedose-aus-glas-750-ml","status":"publish","type":"product","link":"https:\/\/nutrifresh.com\/de\/p\/quadratische-frischhaltedose-aus-glas-750-ml\/","title":{"rendered":"Quadratische Frischhaltedose aus Glas, 750 ml"},"content":{"rendered":"<p>Mahlzeiten jetzt zubereiten und sp\u00e4ter essen: Mit der quadratische Airclip-Frischhaltedose aus Borosilikatglas von nutrifresh\u2122 mit einem Fassungsverm\u00f6gen von 750 ml und einem mikrowellengeeigneten, verschlie\u00dfbaren und auslaufsicheren Deckel ist das kein Problem. Der Airclip-Deckel verf\u00fcgt \u00fcber eine Entl\u00fcftungs\u00f6ffnung, die das spritzerfreie Erhitzen in der Mikrowelle erm\u00f6glicht. Speisen einfach kochen oder backen, abk\u00fchlen lassen, im K\u00fchlschrank oder Gefrierfach aufbewahren und dann wieder aufw\u00e4rmen. Die Airclip-Frischhaltedosen bestehen aus hygienischen, BPA-freien Materialien, die schmutz- und geruchsabweisend sowie sp\u00fclmaschinenfest sind. Die perfekte L\u00f6sung, um Lebensmittel l\u00e4nger frisch zu halten, damit sich die ganze Familie gesund ern\u00e4hren kann.<\/p>\n","protected":false},"excerpt":{"rendered":"<p>Versiegelte Frische, bewahrtes Aroma<\/p>\n","protected":false},"featured_media":6368,"template":"","meta":{"inline_featured_image":false},"product_cat":[379],"product_tag":[],"class_list":{"0":"post-6367","1":"product","2":"type-product","3":"status-publish","4":"has-post-thumbnail","6":"product_cat-airclip-de","8":"first","9":"outofstock","10":"shipping-taxable","11":"purchasable","12":"product-type-simple"},"acf":[],"yoast_head":"<!-- This site is optimized with the Yoast SEO plugin v23.2 - https:\/\/yoast.com\/wordpress\/plugins\/seo\/ -->\n<title>Viereckige Airclip Frischhaltedose aus Glas, 750ml | nutrifresh<\/title>\n<meta name=\"description\" content=\"Kochen Sie jetzt und genie\u00dfen Sie sp\u00e4ter mit der quadratischen 750ml-Airclip-Nutrifresh\u2122-Glasdose, die mit einem mikrowellenfesten Deckel geliefert wird.\" \/>\n<meta name=\"robots\" content=\"index, follow, max-snippet:-1, max-image-preview:large, max-video-preview:-1\" \/>\n<link rel=\"canonical\" href=\"https:\/\/nutrifresh.com\/de\/p\/quadratische-frischhaltedose-aus-glas-750-ml\/\" \/>\n<meta property=\"og:locale\" content=\"de_DE\" \/>\n<meta property=\"og:type\" content=\"article\" \/>\n<meta property=\"og:title\" content=\"Viereckige Airclip Frischhaltedose aus Glas, 750ml | nutrifresh\" \/>\n<meta property=\"og:description\" content=\"Kochen Sie jetzt und genie\u00dfen Sie sp\u00e4ter mit der quadratischen 750ml-Airclip-Nutrifresh\u2122-Glasdose, die mit einem mikrowellenfesten Deckel geliefert wird.\" \/>\n<meta property=\"og:url\" content=\"https:\/\/nutrifresh.com\/de\/p\/quadratische-frischhaltedose-aus-glas-750-ml\/\" \/>\n<meta property=\"og:site_name\" content=\"Nutrifresh\" \/>\n<meta property=\"article:modified_time\" content=\"2023-09-06T10:20:00+00:00\" \/>\n<meta property=\"og:image\" content=\"https:\/\/nutrifresh.com\/wp-content\/uploads\/2023\/08\/P510581_0.75L_Square_Glass_Storage.jpg\" \/>\n\t<meta property=\"og:image:width\" content=\"1200\" \/>\n\t<meta property=\"og:image:height\" content=\"1200\" \/>\n\t<meta property=\"og:image:type\" content=\"image\/jpeg\" \/>\n<meta name=\"twitter:card\" content=\"summary_large_image\" \/>\n<meta name=\"twitter:label1\" content=\"Gesch\u00e4tzte Lesezeit\" \/>\n\t<meta name=\"twitter:data1\" content=\"1\u00a0Minute\" \/>\n<script type=\"application\/ld+json\" class=\"yoast-schema-graph\">{\"@context\":\"https:\/\/schema.org\",\"@graph\":[{\"@type\":\"WebPage\",\"@id\":\"https:\/\/nutrifresh.com\/de\/p\/quadratische-frischhaltedose-aus-glas-750-ml\/\",\"url\":\"https:\/\/nutrifresh.com\/de\/p\/quadratische-frischhaltedose-aus-glas-750-ml\/\",\"name\":\"Viereckige Airclip Frischhaltedose aus Glas, 750ml | nutrifresh\",\"isPartOf\":{\"@id\":\"https:\/\/nutrifresh.com\/de\/#website\"},\"primaryImageOfPage\":{\"@id\":\"https:\/\/nutrifresh.com\/de\/p\/quadratische-frischhaltedose-aus-glas-750-ml\/#primaryimage\"},\"image\":{\"@id\":\"https:\/\/nutrifresh.com\/de\/p\/quadratische-frischhaltedose-aus-glas-750-ml\/#primaryimage\"},\"thumbnailUrl\":\"https:\/\/nutrifresh.com\/wp-content\/uploads\/2023\/08\/P510581_0.75L_Square_Glass_Storage.jpg\",\"datePublished\":\"2023-08-02T14:58:28+00:00\",\"dateModified\":\"2023-09-06T10:20:00+00:00\",\"description\":\"Kochen Sie jetzt und genie\u00dfen Sie sp\u00e4ter mit der quadratischen 750ml-Airclip-Nutrifresh\u2122-Glasdose, die mit einem mikrowellenfesten Deckel geliefert wird.\",\"breadcrumb\":{\"@id\":\"https:\/\/nutrifresh.com\/de\/p\/quadratische-frischhaltedose-aus-glas-750-ml\/#breadcrumb\"},\"inLanguage\":\"de\",\"potentialAction\":[{\"@type\":\"ReadAction\",\"target\":[\"https:\/\/nutrifresh.com\/de\/p\/quadratische-frischhaltedose-aus-glas-750-ml\/\"]}]},{\"@type\":\"ImageObject\",\"inLanguage\":\"de\",\"@id\":\"https:\/\/nutrifresh.com\/de\/p\/quadratische-frischhaltedose-aus-glas-750-ml\/#primaryimage\",\"url\":\"https:\/\/nutrifresh.com\/wp-content\/uploads\/2023\/08\/P510581_0.75L_Square_Glass_Storage.jpg\",\"contentUrl\":\"https:\/\/nutrifresh.com\/wp-content\/uploads\/2023\/08\/P510581_0.75L_Square_Glass_Storage.jpg\",\"width\":1200,\"height\":1200},{\"@type\":\"BreadcrumbList\",\"@id\":\"https:\/\/nutrifresh.com\/de\/p\/quadratische-frischhaltedose-aus-glas-750-ml\/#breadcrumb\",\"itemListElement\":[{\"@type\":\"ListItem\",\"position\":1,\"name\":\"Home\",\"item\":\"https:\/\/nutrifresh.com\/de\/startseite\/\"},{\"@type\":\"ListItem\",\"position\":2,\"name\":\"Zum Shop\",\"item\":\"https:\/\/nutrifresh.com\/de\/zum-shop\/\"},{\"@type\":\"ListItem\",\"position\":3,\"name\":\"Quadratische Frischhaltedose aus Glas, 750 ml\"}]},{\"@type\":\"WebSite\",\"@id\":\"https:\/\/nutrifresh.com\/de\/#website\",\"url\":\"https:\/\/nutrifresh.com\/de\/\",\"name\":\"Nutrifresh\",\"description\":\"A fresh way to eat healthier\",\"potentialAction\":[{\"@type\":\"SearchAction\",\"target\":{\"@type\":\"EntryPoint\",\"urlTemplate\":\"https:\/\/nutrifresh.com\/de\/?s={search_term_string}\"},\"query-input\":\"required name=search_term_string\"}],\"inLanguage\":\"de\"}]}<\/script>\n<!-- \/ Yoast SEO plugin. -->","yoast_head_json":{"title":"Viereckige Airclip Frischhaltedose aus Glas, 750ml | nutrifresh","description":"Kochen Sie jetzt und genie\u00dfen Sie sp\u00e4ter mit der quadratischen 750ml-Airclip-Nutrifresh\u2122-Glasdose, die mit einem mikrowellenfesten Deckel geliefert wird.","robots":{"index":"index","follow":"follow","max-snippet":"max-snippet:-1","max-image-preview":"max-image-preview:large","max-video-preview":"max-video-preview:-1"},"canonical":"https:\/\/nutrifresh.com\/de\/p\/quadratische-frischhaltedose-aus-glas-750-ml\/","og_locale":"de_DE","og_type":"article","og_title":"Viereckige Airclip Frischhaltedose aus Glas, 750ml | nutrifresh","og_description":"Kochen Sie jetzt und genie\u00dfen Sie sp\u00e4ter mit der quadratischen 750ml-Airclip-Nutrifresh\u2122-Glasdose, die mit einem mikrowellenfesten Deckel geliefert wird.","og_url":"https:\/\/nutrifresh.com\/de\/p\/quadratische-frischhaltedose-aus-glas-750-ml\/","og_site_name":"Nutrifresh","article_modified_time":"2023-09-06T10:20:00+00:00","og_image":[{"width":1200,"height":1200,"url":"https:\/\/nutrifresh.com\/wp-content\/uploads\/2023\/08\/P510581_0.75L_Square_Glass_Storage.jpg","type":"image\/jpeg"}],"twitter_card":"summary_large_image","twitter_misc":{"Gesch\u00e4tzte Lesezeit":"1\u00a0Minute"},"schema":{"@context":"https:\/\/schema.org","@graph":[{"@type":"WebPage","@id":"https:\/\/nutrifresh.com\/de\/p\/quadratische-frischhaltedose-aus-glas-750-ml\/","url":"https:\/\/nutrifresh.com\/de\/p\/quadratische-frischhaltedose-aus-glas-750-ml\/","name":"Viereckige Airclip Frischhaltedose aus Glas, 750ml | nutrifresh","isPartOf":{"@id":"https:\/\/nutrifresh.com\/de\/#website"},"primaryImageOfPage":{"@id":"https:\/\/nutrifresh.com\/de\/p\/quadratische-frischhaltedose-aus-glas-750-ml\/#primaryimage"},"image":{"@id":"https:\/\/nutrifresh.com\/de\/p\/quadratische-frischhaltedose-aus-glas-750-ml\/#primaryimage"},"thumbnailUrl":"https:\/\/nutrifresh.com\/wp-content\/uploads\/2023\/08\/P510581_0.75L_Square_Glass_Storage.jpg","datePublished":"2023-08-02T14:58:28+00:00","dateModified":"2023-09-06T10:20:00+00:00","description":"Kochen Sie jetzt und genie\u00dfen Sie sp\u00e4ter mit der quadratischen 750ml-Airclip-Nutrifresh\u2122-Glasdose, die mit einem mikrowellenfesten Deckel geliefert wird.","breadcrumb":{"@id":"https:\/\/nutrifresh.com\/de\/p\/quadratische-frischhaltedose-aus-glas-750-ml\/#breadcrumb"},"inLanguage":"de","potentialAction":[{"@type":"ReadAction","target":["https:\/\/nutrifresh.com\/de\/p\/quadratische-frischhaltedose-aus-glas-750-ml\/"]}]},{"@type":"ImageObject","inLanguage":"de","@id":"https:\/\/nutrifresh.com\/de\/p\/quadratische-frischhaltedose-aus-glas-750-ml\/#primaryimage","url":"https:\/\/nutrifresh.com\/wp-content\/uploads\/2023\/08\/P510581_0.75L_Square_Glass_Storage.jpg","contentUrl":"https:\/\/nutrifresh.com\/wp-content\/uploads\/2023\/08\/P510581_0.75L_Square_Glass_Storage.jpg","width":1200,"height":1200},{"@type":"BreadcrumbList","@id":"https:\/\/nutrifresh.com\/de\/p\/quadratische-frischhaltedose-aus-glas-750-ml\/#breadcrumb","itemListElement":[{"@type":"ListItem","position":1,"name":"Home","item":"https:\/\/nutrifresh.com\/de\/startseite\/"},{"@type":"ListItem","position":2,"name":"Zum Shop","item":"https:\/\/nutrifresh.com\/de\/zum-shop\/"},{"@type":"ListItem","position":3,"name":"Quadratische Frischhaltedose aus Glas, 750 ml"}]},{"@type":"WebSite","@id":"https:\/\/nutrifresh.com\/de\/#website","url":"https:\/\/nutrifresh.com\/de\/","name":"Nutrifresh","description":"A fresh way to eat healthier","potentialAction":[{"@type":"SearchAction","target":{"@type":"EntryPoint","urlTemplate":"https:\/\/nutrifresh.com\/de\/?s={search_term_string}"},"query-input":"required name=search_term_string"}],"inLanguage":"de"}]}},"_links":{"self":[{"href":"https:\/\/nutrifresh.com\/de\/wp-json\/wp\/v2\/product\/6367","targetHints":{"allow":["GET"]}}],"collection":[{"href":"https:\/\/nutrifresh.com\/de\/wp-json\/wp\/v2\/product"}],"about":[{"href":"https:\/\/nutrifresh.com\/de\/wp-json\/wp\/v2\/types\/product"}],"wp:featuredmedia":[{"embeddable":true,"href":"https:\/\/nutrifresh.com\/de\/wp-json\/wp\/v2\/media\/6368"}],"wp:attachment":[{"href":"https:\/\/nutrifresh.com\/de\/wp-json\/wp\/v2\/media?parent=6367"}],"wp:term":[{"taxonomy":"product_cat","embeddable":true,"href":"https:\/\/nutrifresh.com\/de\/wp-json\/wp\/v2\/product_cat?post=6367"},{"taxonomy":"product_tag","embeddable":true,"href":"https:\/\/nutrifresh.com\/de\/wp-json\/wp\/v2\/product_tag?post=6367"}],"curies":[{"name":"wp","href":"https:\/\/api.w.org\/{rel}","templated":true}]}}