{"id":6372,"date":"2023-08-02T14:58:29","date_gmt":"2023-08-02T14:58:29","guid":{"rendered":"https:\/\/nutrifresh.com\/p\/digitale-kuchenwaage\/"},"modified":"2023-09-06T09:58:52","modified_gmt":"2023-09-06T09:58:52","slug":"digital-kitchen-scale","status":"publish","type":"product","link":"https:\/\/nutrifresh.com\/de\/p\/digital-kitchen-scale\/","title":{"rendered":"Digitale K\u00fcchenwaage"},"content":{"rendered":"<p>Perfektionieren Sie Ihre Lieblingsrezepte mit der digitalen K\u00fcchenwaage von nutrifresh\u2122. Sie verf\u00fcgt \u00fcber hochpr\u00e4zise Sensoren und ein gro\u00dfes LCD-Display, das deutlich und einfach abzulesen ist. Sie k\u00f6nnen Lebensmittel und Zutaten bis zu 5 kg genau abwiegen. Dabei k\u00f6nnen Sie ganz einfach zwischen g\/oz\/lbs wechseln. Mit der Tara-Funktion wird das Abwiegen mehrerer Zutaten in einer Sch\u00fcssel erleichtert. Das elegante Design aus geh\u00e4rtetem Glas verleiht Ihrer Arbeitsfl\u00e4che einen Hauch von Farbe. Dank der schlanken Ausf\u00fchrung l\u00e4sst sich die Waage einfach verstauen, wenn sie nicht ben\u00f6tigt wird.<\/p>\n","protected":false},"excerpt":{"rendered":"<p>Meisterhafte Pr\u00e4zision in Ihrer K\u00fcche<\/p>\n","protected":false},"featured_media":6373,"template":"","meta":{"inline_featured_image":false},"product_cat":[379],"product_tag":[],"class_list":{"0":"post-6372","1":"product","2":"type-product","3":"status-publish","4":"has-post-thumbnail","6":"product_cat-airclip-de","8":"first","9":"outofstock","10":"shipping-taxable","11":"purchasable","12":"product-type-simple"},"acf":[],"yoast_head":"<!-- This site is optimized with the Yoast SEO plugin v23.2 - https:\/\/yoast.com\/wordpress\/plugins\/seo\/ -->\n<title>Airclip Digital-K\u00fcchenwaage | nutrifresh<\/title>\n<meta name=\"description\" content=\"Perfektionieren Sie Ihre Rezepte mit der digitalen K\u00fcchenwaage nutrifresh\u2122. Wiegen Sie Ihre Zutaten in g\/oz\/lbs bis zu 5 kg genau ab.\" \/>\n<meta name=\"robots\" content=\"index, follow, max-snippet:-1, max-image-preview:large, max-video-preview:-1\" \/>\n<link rel=\"canonical\" href=\"https:\/\/nutrifresh.com\/de\/p\/digital-kitchen-scale\/\" \/>\n<meta property=\"og:locale\" content=\"de_DE\" \/>\n<meta property=\"og:type\" content=\"article\" \/>\n<meta property=\"og:title\" content=\"Airclip Digital-K\u00fcchenwaage | nutrifresh\" \/>\n<meta property=\"og:description\" content=\"Perfektionieren Sie Ihre Rezepte mit der digitalen K\u00fcchenwaage nutrifresh\u2122. Wiegen Sie Ihre Zutaten in g\/oz\/lbs bis zu 5 kg genau ab.\" \/>\n<meta property=\"og:url\" content=\"https:\/\/nutrifresh.com\/de\/p\/digital-kitchen-scale\/\" \/>\n<meta property=\"og:site_name\" content=\"Nutrifresh\" \/>\n<meta property=\"article:modified_time\" content=\"2023-09-06T09:58:52+00:00\" \/>\n<meta property=\"og:image\" content=\"https:\/\/nutrifresh.com\/wp-content\/uploads\/2023\/08\/P510586_Digital_kitchen_scale_3qtr.jpg\" \/>\n\t<meta property=\"og:image:width\" content=\"1200\" \/>\n\t<meta property=\"og:image:height\" content=\"1200\" \/>\n\t<meta property=\"og:image:type\" content=\"image\/jpeg\" \/>\n<meta name=\"twitter:card\" content=\"summary_large_image\" \/>\n<meta name=\"twitter:label1\" content=\"Gesch\u00e4tzte Lesezeit\" \/>\n\t<meta name=\"twitter:data1\" content=\"1\u00a0Minute\" \/>\n<script type=\"application\/ld+json\" class=\"yoast-schema-graph\">{\"@context\":\"https:\/\/schema.org\",\"@graph\":[{\"@type\":\"WebPage\",\"@id\":\"https:\/\/nutrifresh.com\/de\/p\/digital-kitchen-scale\/\",\"url\":\"https:\/\/nutrifresh.com\/de\/p\/digital-kitchen-scale\/\",\"name\":\"Airclip Digital-K\u00fcchenwaage | nutrifresh\",\"isPartOf\":{\"@id\":\"https:\/\/nutrifresh.com\/de\/#website\"},\"primaryImageOfPage\":{\"@id\":\"https:\/\/nutrifresh.com\/de\/p\/digital-kitchen-scale\/#primaryimage\"},\"image\":{\"@id\":\"https:\/\/nutrifresh.com\/de\/p\/digital-kitchen-scale\/#primaryimage\"},\"thumbnailUrl\":\"https:\/\/nutrifresh.com\/wp-content\/uploads\/2023\/08\/P510586_Digital_kitchen_scale_3qtr.jpg\",\"datePublished\":\"2023-08-02T14:58:29+00:00\",\"dateModified\":\"2023-09-06T09:58:52+00:00\",\"description\":\"Perfektionieren Sie Ihre Rezepte mit der digitalen K\u00fcchenwaage nutrifresh\u2122. Wiegen Sie Ihre Zutaten in g\/oz\/lbs bis zu 5 kg genau ab.\",\"breadcrumb\":{\"@id\":\"https:\/\/nutrifresh.com\/de\/p\/digital-kitchen-scale\/#breadcrumb\"},\"inLanguage\":\"de\",\"potentialAction\":[{\"@type\":\"ReadAction\",\"target\":[\"https:\/\/nutrifresh.com\/de\/p\/digital-kitchen-scale\/\"]}]},{\"@type\":\"ImageObject\",\"inLanguage\":\"de\",\"@id\":\"https:\/\/nutrifresh.com\/de\/p\/digital-kitchen-scale\/#primaryimage\",\"url\":\"https:\/\/nutrifresh.com\/wp-content\/uploads\/2023\/08\/P510586_Digital_kitchen_scale_3qtr.jpg\",\"contentUrl\":\"https:\/\/nutrifresh.com\/wp-content\/uploads\/2023\/08\/P510586_Digital_kitchen_scale_3qtr.jpg\",\"width\":1200,\"height\":1200},{\"@type\":\"BreadcrumbList\",\"@id\":\"https:\/\/nutrifresh.com\/de\/p\/digital-kitchen-scale\/#breadcrumb\",\"itemListElement\":[{\"@type\":\"ListItem\",\"position\":1,\"name\":\"Home\",\"item\":\"https:\/\/nutrifresh.com\/de\/startseite\/\"},{\"@type\":\"ListItem\",\"position\":2,\"name\":\"Zum Shop\",\"item\":\"https:\/\/nutrifresh.com\/de\/zum-shop\/\"},{\"@type\":\"ListItem\",\"position\":3,\"name\":\"Digitale K\u00fcchenwaage\"}]},{\"@type\":\"WebSite\",\"@id\":\"https:\/\/nutrifresh.com\/de\/#website\",\"url\":\"https:\/\/nutrifresh.com\/de\/\",\"name\":\"Nutrifresh\",\"description\":\"A fresh way to eat healthier\",\"potentialAction\":[{\"@type\":\"SearchAction\",\"target\":{\"@type\":\"EntryPoint\",\"urlTemplate\":\"https:\/\/nutrifresh.com\/de\/?s={search_term_string}\"},\"query-input\":\"required name=search_term_string\"}],\"inLanguage\":\"de\"}]}<\/script>\n<!-- \/ Yoast SEO plugin. -->","yoast_head_json":{"title":"Airclip Digital-K\u00fcchenwaage | nutrifresh","description":"Perfektionieren Sie Ihre Rezepte mit der digitalen K\u00fcchenwaage nutrifresh\u2122. Wiegen Sie Ihre Zutaten in g\/oz\/lbs bis zu 5 kg genau ab.","robots":{"index":"index","follow":"follow","max-snippet":"max-snippet:-1","max-image-preview":"max-image-preview:large","max-video-preview":"max-video-preview:-1"},"canonical":"https:\/\/nutrifresh.com\/de\/p\/digital-kitchen-scale\/","og_locale":"de_DE","og_type":"article","og_title":"Airclip Digital-K\u00fcchenwaage | nutrifresh","og_description":"Perfektionieren Sie Ihre Rezepte mit der digitalen K\u00fcchenwaage nutrifresh\u2122. Wiegen Sie Ihre Zutaten in g\/oz\/lbs bis zu 5 kg genau ab.","og_url":"https:\/\/nutrifresh.com\/de\/p\/digital-kitchen-scale\/","og_site_name":"Nutrifresh","article_modified_time":"2023-09-06T09:58:52+00:00","og_image":[{"width":1200,"height":1200,"url":"https:\/\/nutrifresh.com\/wp-content\/uploads\/2023\/08\/P510586_Digital_kitchen_scale_3qtr.jpg","type":"image\/jpeg"}],"twitter_card":"summary_large_image","twitter_misc":{"Gesch\u00e4tzte Lesezeit":"1\u00a0Minute"},"schema":{"@context":"https:\/\/schema.org","@graph":[{"@type":"WebPage","@id":"https:\/\/nutrifresh.com\/de\/p\/digital-kitchen-scale\/","url":"https:\/\/nutrifresh.com\/de\/p\/digital-kitchen-scale\/","name":"Airclip Digital-K\u00fcchenwaage | nutrifresh","isPartOf":{"@id":"https:\/\/nutrifresh.com\/de\/#website"},"primaryImageOfPage":{"@id":"https:\/\/nutrifresh.com\/de\/p\/digital-kitchen-scale\/#primaryimage"},"image":{"@id":"https:\/\/nutrifresh.com\/de\/p\/digital-kitchen-scale\/#primaryimage"},"thumbnailUrl":"https:\/\/nutrifresh.com\/wp-content\/uploads\/2023\/08\/P510586_Digital_kitchen_scale_3qtr.jpg","datePublished":"2023-08-02T14:58:29+00:00","dateModified":"2023-09-06T09:58:52+00:00","description":"Perfektionieren Sie Ihre Rezepte mit der digitalen K\u00fcchenwaage nutrifresh\u2122. Wiegen Sie Ihre Zutaten in g\/oz\/lbs bis zu 5 kg genau ab.","breadcrumb":{"@id":"https:\/\/nutrifresh.com\/de\/p\/digital-kitchen-scale\/#breadcrumb"},"inLanguage":"de","potentialAction":[{"@type":"ReadAction","target":["https:\/\/nutrifresh.com\/de\/p\/digital-kitchen-scale\/"]}]},{"@type":"ImageObject","inLanguage":"de","@id":"https:\/\/nutrifresh.com\/de\/p\/digital-kitchen-scale\/#primaryimage","url":"https:\/\/nutrifresh.com\/wp-content\/uploads\/2023\/08\/P510586_Digital_kitchen_scale_3qtr.jpg","contentUrl":"https:\/\/nutrifresh.com\/wp-content\/uploads\/2023\/08\/P510586_Digital_kitchen_scale_3qtr.jpg","width":1200,"height":1200},{"@type":"BreadcrumbList","@id":"https:\/\/nutrifresh.com\/de\/p\/digital-kitchen-scale\/#breadcrumb","itemListElement":[{"@type":"ListItem","position":1,"name":"Home","item":"https:\/\/nutrifresh.com\/de\/startseite\/"},{"@type":"ListItem","position":2,"name":"Zum Shop","item":"https:\/\/nutrifresh.com\/de\/zum-shop\/"},{"@type":"ListItem","position":3,"name":"Digitale K\u00fcchenwaage"}]},{"@type":"WebSite","@id":"https:\/\/nutrifresh.com\/de\/#website","url":"https:\/\/nutrifresh.com\/de\/","name":"Nutrifresh","description":"A fresh way to eat healthier","potentialAction":[{"@type":"SearchAction","target":{"@type":"EntryPoint","urlTemplate":"https:\/\/nutrifresh.com\/de\/?s={search_term_string}"},"query-input":"required name=search_term_string"}],"inLanguage":"de"}]}},"_links":{"self":[{"href":"https:\/\/nutrifresh.com\/de\/wp-json\/wp\/v2\/product\/6372","targetHints":{"allow":["GET"]}}],"collection":[{"href":"https:\/\/nutrifresh.com\/de\/wp-json\/wp\/v2\/product"}],"about":[{"href":"https:\/\/nutrifresh.com\/de\/wp-json\/wp\/v2\/types\/product"}],"wp:featuredmedia":[{"embeddable":true,"href":"https:\/\/nutrifresh.com\/de\/wp-json\/wp\/v2\/media\/6373"}],"wp:attachment":[{"href":"https:\/\/nutrifresh.com\/de\/wp-json\/wp\/v2\/media?parent=6372"}],"wp:term":[{"taxonomy":"product_cat","embeddable":true,"href":"https:\/\/nutrifresh.com\/de\/wp-json\/wp\/v2\/product_cat?post=6372"},{"taxonomy":"product_tag","embeddable":true,"href":"https:\/\/nutrifresh.com\/de\/wp-json\/wp\/v2\/product_tag?post=6372"}],"curies":[{"name":"wp","href":"https:\/\/api.w.org\/{rel}","templated":true}]}}