{"id":6378,"date":"2023-08-02T14:58:29","date_gmt":"2023-08-02T14:58:29","guid":{"rendered":"https:\/\/nutrifresh.com\/p\/schneideset-fur-obst-und-gemuse\/"},"modified":"2023-09-06T10:07:52","modified_gmt":"2023-09-06T10:07:52","slug":"fruit-veg-slicer-set","status":"publish","type":"product","link":"https:\/\/nutrifresh.com\/de\/p\/fruit-veg-slicer-set\/","title":{"rendered":"Schneideset f\u00fcr Obst und Gem\u00fcse"},"content":{"rendered":"<p>Das Schneideset von nutrifresh\u2122 verf\u00fcgt \u00fcber vier scharfe, verstellbare Klingen aus Edelstahl, die m\u00fchelos, pr\u00e4zise und gleichm\u00e4\u00dfig durch verschiedene Obst- und Gem\u00fcsesorten schneiden. Mit unserem Schneideset k\u00f6nnen Sie frisches Obst und Gem\u00fcse ganz einfach in Ihren Speiseplan integrieren. Im Handumdrehen zaubern Sie damit h\u00fcbsche Obstsalate, Gem\u00fcseplatten oder Garnierungen f\u00fcr Ihre Gerichte.<\/p>\n<p>\u00c4u\u00dferst benutzerfreundlich und praktisch.<\/p>\n","protected":false},"excerpt":{"rendered":"<p>M\u00fchelos schneiden<\/p>\n","protected":false},"featured_media":6379,"template":"","meta":{"inline_featured_image":false},"product_cat":[379],"product_tag":[],"class_list":{"0":"post-6378","1":"product","2":"type-product","3":"status-publish","4":"has-post-thumbnail","6":"product_cat-airclip-de","8":"first","9":"outofstock","10":"shipping-taxable","11":"purchasable","12":"product-type-simple"},"acf":[],"yoast_head":"<!-- This site is optimized with the Yoast SEO plugin v23.2 - https:\/\/yoast.com\/wordpress\/plugins\/seo\/ -->\n<title>Airclip Schneideset f\u00fcr Obst &amp; Gem\u00fcse | nutrifresh<\/title>\n<meta name=\"description\" content=\"Das Airclip-Schneide-Set besteht aus 4 scharfen Klingen aus rostfreiem Stahl, mit denen Sie ganz einfach pr\u00e4zise und gleichm\u00e4\u00dfige Scheiben schneiden k\u00f6nnen.\" \/>\n<meta name=\"robots\" content=\"index, follow, max-snippet:-1, max-image-preview:large, max-video-preview:-1\" \/>\n<link rel=\"canonical\" href=\"https:\/\/nutrifresh.com\/de\/p\/fruit-veg-slicer-set\/\" \/>\n<meta property=\"og:locale\" content=\"de_DE\" \/>\n<meta property=\"og:type\" content=\"article\" \/>\n<meta property=\"og:title\" content=\"Airclip Schneideset f\u00fcr Obst &amp; Gem\u00fcse | nutrifresh\" \/>\n<meta property=\"og:description\" content=\"Das Airclip-Schneide-Set besteht aus 4 scharfen Klingen aus rostfreiem Stahl, mit denen Sie ganz einfach pr\u00e4zise und gleichm\u00e4\u00dfige Scheiben schneiden k\u00f6nnen.\" \/>\n<meta property=\"og:url\" content=\"https:\/\/nutrifresh.com\/de\/p\/fruit-veg-slicer-set\/\" \/>\n<meta property=\"og:site_name\" content=\"Nutrifresh\" \/>\n<meta property=\"article:modified_time\" content=\"2023-09-06T10:07:52+00:00\" \/>\n<meta property=\"og:image\" content=\"https:\/\/nutrifresh.com\/wp-content\/uploads\/2023\/08\/p502290_frt_veg_slcr_3qrt_band.jpg\" \/>\n\t<meta property=\"og:image:width\" content=\"1200\" \/>\n\t<meta property=\"og:image:height\" content=\"1200\" \/>\n\t<meta property=\"og:image:type\" content=\"image\/jpeg\" \/>\n<meta name=\"twitter:card\" content=\"summary_large_image\" \/>\n<meta name=\"twitter:label1\" content=\"Gesch\u00e4tzte Lesezeit\" \/>\n\t<meta name=\"twitter:data1\" content=\"1\u00a0Minute\" \/>\n<script type=\"application\/ld+json\" class=\"yoast-schema-graph\">{\"@context\":\"https:\/\/schema.org\",\"@graph\":[{\"@type\":\"WebPage\",\"@id\":\"https:\/\/nutrifresh.com\/de\/p\/fruit-veg-slicer-set\/\",\"url\":\"https:\/\/nutrifresh.com\/de\/p\/fruit-veg-slicer-set\/\",\"name\":\"Airclip Schneideset f\u00fcr Obst & Gem\u00fcse | nutrifresh\",\"isPartOf\":{\"@id\":\"https:\/\/nutrifresh.com\/de\/#website\"},\"primaryImageOfPage\":{\"@id\":\"https:\/\/nutrifresh.com\/de\/p\/fruit-veg-slicer-set\/#primaryimage\"},\"image\":{\"@id\":\"https:\/\/nutrifresh.com\/de\/p\/fruit-veg-slicer-set\/#primaryimage\"},\"thumbnailUrl\":\"https:\/\/nutrifresh.com\/wp-content\/uploads\/2023\/08\/p502290_frt_veg_slcr_3qrt_band.jpg\",\"datePublished\":\"2023-08-02T14:58:29+00:00\",\"dateModified\":\"2023-09-06T10:07:52+00:00\",\"description\":\"Das Airclip-Schneide-Set besteht aus 4 scharfen Klingen aus rostfreiem Stahl, mit denen Sie ganz einfach pr\u00e4zise und gleichm\u00e4\u00dfige Scheiben schneiden k\u00f6nnen.\",\"breadcrumb\":{\"@id\":\"https:\/\/nutrifresh.com\/de\/p\/fruit-veg-slicer-set\/#breadcrumb\"},\"inLanguage\":\"de\",\"potentialAction\":[{\"@type\":\"ReadAction\",\"target\":[\"https:\/\/nutrifresh.com\/de\/p\/fruit-veg-slicer-set\/\"]}]},{\"@type\":\"ImageObject\",\"inLanguage\":\"de\",\"@id\":\"https:\/\/nutrifresh.com\/de\/p\/fruit-veg-slicer-set\/#primaryimage\",\"url\":\"https:\/\/nutrifresh.com\/wp-content\/uploads\/2023\/08\/p502290_frt_veg_slcr_3qrt_band.jpg\",\"contentUrl\":\"https:\/\/nutrifresh.com\/wp-content\/uploads\/2023\/08\/p502290_frt_veg_slcr_3qrt_band.jpg\",\"width\":1200,\"height\":1200},{\"@type\":\"BreadcrumbList\",\"@id\":\"https:\/\/nutrifresh.com\/de\/p\/fruit-veg-slicer-set\/#breadcrumb\",\"itemListElement\":[{\"@type\":\"ListItem\",\"position\":1,\"name\":\"Home\",\"item\":\"https:\/\/nutrifresh.com\/de\/startseite\/\"},{\"@type\":\"ListItem\",\"position\":2,\"name\":\"Zum Shop\",\"item\":\"https:\/\/nutrifresh.com\/de\/zum-shop\/\"},{\"@type\":\"ListItem\",\"position\":3,\"name\":\"Schneideset f\u00fcr Obst und Gem\u00fcse\"}]},{\"@type\":\"WebSite\",\"@id\":\"https:\/\/nutrifresh.com\/de\/#website\",\"url\":\"https:\/\/nutrifresh.com\/de\/\",\"name\":\"Nutrifresh\",\"description\":\"A fresh way to eat healthier\",\"potentialAction\":[{\"@type\":\"SearchAction\",\"target\":{\"@type\":\"EntryPoint\",\"urlTemplate\":\"https:\/\/nutrifresh.com\/de\/?s={search_term_string}\"},\"query-input\":\"required name=search_term_string\"}],\"inLanguage\":\"de\"}]}<\/script>\n<!-- \/ Yoast SEO plugin. -->","yoast_head_json":{"title":"Airclip Schneideset f\u00fcr Obst & Gem\u00fcse | nutrifresh","description":"Das Airclip-Schneide-Set besteht aus 4 scharfen Klingen aus rostfreiem Stahl, mit denen Sie ganz einfach pr\u00e4zise und gleichm\u00e4\u00dfige Scheiben schneiden k\u00f6nnen.","robots":{"index":"index","follow":"follow","max-snippet":"max-snippet:-1","max-image-preview":"max-image-preview:large","max-video-preview":"max-video-preview:-1"},"canonical":"https:\/\/nutrifresh.com\/de\/p\/fruit-veg-slicer-set\/","og_locale":"de_DE","og_type":"article","og_title":"Airclip Schneideset f\u00fcr Obst & Gem\u00fcse | nutrifresh","og_description":"Das Airclip-Schneide-Set besteht aus 4 scharfen Klingen aus rostfreiem Stahl, mit denen Sie ganz einfach pr\u00e4zise und gleichm\u00e4\u00dfige Scheiben schneiden k\u00f6nnen.","og_url":"https:\/\/nutrifresh.com\/de\/p\/fruit-veg-slicer-set\/","og_site_name":"Nutrifresh","article_modified_time":"2023-09-06T10:07:52+00:00","og_image":[{"width":1200,"height":1200,"url":"https:\/\/nutrifresh.com\/wp-content\/uploads\/2023\/08\/p502290_frt_veg_slcr_3qrt_band.jpg","type":"image\/jpeg"}],"twitter_card":"summary_large_image","twitter_misc":{"Gesch\u00e4tzte Lesezeit":"1\u00a0Minute"},"schema":{"@context":"https:\/\/schema.org","@graph":[{"@type":"WebPage","@id":"https:\/\/nutrifresh.com\/de\/p\/fruit-veg-slicer-set\/","url":"https:\/\/nutrifresh.com\/de\/p\/fruit-veg-slicer-set\/","name":"Airclip Schneideset f\u00fcr Obst & Gem\u00fcse | nutrifresh","isPartOf":{"@id":"https:\/\/nutrifresh.com\/de\/#website"},"primaryImageOfPage":{"@id":"https:\/\/nutrifresh.com\/de\/p\/fruit-veg-slicer-set\/#primaryimage"},"image":{"@id":"https:\/\/nutrifresh.com\/de\/p\/fruit-veg-slicer-set\/#primaryimage"},"thumbnailUrl":"https:\/\/nutrifresh.com\/wp-content\/uploads\/2023\/08\/p502290_frt_veg_slcr_3qrt_band.jpg","datePublished":"2023-08-02T14:58:29+00:00","dateModified":"2023-09-06T10:07:52+00:00","description":"Das Airclip-Schneide-Set besteht aus 4 scharfen Klingen aus rostfreiem Stahl, mit denen Sie ganz einfach pr\u00e4zise und gleichm\u00e4\u00dfige Scheiben schneiden k\u00f6nnen.","breadcrumb":{"@id":"https:\/\/nutrifresh.com\/de\/p\/fruit-veg-slicer-set\/#breadcrumb"},"inLanguage":"de","potentialAction":[{"@type":"ReadAction","target":["https:\/\/nutrifresh.com\/de\/p\/fruit-veg-slicer-set\/"]}]},{"@type":"ImageObject","inLanguage":"de","@id":"https:\/\/nutrifresh.com\/de\/p\/fruit-veg-slicer-set\/#primaryimage","url":"https:\/\/nutrifresh.com\/wp-content\/uploads\/2023\/08\/p502290_frt_veg_slcr_3qrt_band.jpg","contentUrl":"https:\/\/nutrifresh.com\/wp-content\/uploads\/2023\/08\/p502290_frt_veg_slcr_3qrt_band.jpg","width":1200,"height":1200},{"@type":"BreadcrumbList","@id":"https:\/\/nutrifresh.com\/de\/p\/fruit-veg-slicer-set\/#breadcrumb","itemListElement":[{"@type":"ListItem","position":1,"name":"Home","item":"https:\/\/nutrifresh.com\/de\/startseite\/"},{"@type":"ListItem","position":2,"name":"Zum Shop","item":"https:\/\/nutrifresh.com\/de\/zum-shop\/"},{"@type":"ListItem","position":3,"name":"Schneideset f\u00fcr Obst und Gem\u00fcse"}]},{"@type":"WebSite","@id":"https:\/\/nutrifresh.com\/de\/#website","url":"https:\/\/nutrifresh.com\/de\/","name":"Nutrifresh","description":"A fresh way to eat healthier","potentialAction":[{"@type":"SearchAction","target":{"@type":"EntryPoint","urlTemplate":"https:\/\/nutrifresh.com\/de\/?s={search_term_string}"},"query-input":"required name=search_term_string"}],"inLanguage":"de"}]}},"_links":{"self":[{"href":"https:\/\/nutrifresh.com\/de\/wp-json\/wp\/v2\/product\/6378","targetHints":{"allow":["GET"]}}],"collection":[{"href":"https:\/\/nutrifresh.com\/de\/wp-json\/wp\/v2\/product"}],"about":[{"href":"https:\/\/nutrifresh.com\/de\/wp-json\/wp\/v2\/types\/product"}],"wp:featuredmedia":[{"embeddable":true,"href":"https:\/\/nutrifresh.com\/de\/wp-json\/wp\/v2\/media\/6379"}],"wp:attachment":[{"href":"https:\/\/nutrifresh.com\/de\/wp-json\/wp\/v2\/media?parent=6378"}],"wp:term":[{"taxonomy":"product_cat","embeddable":true,"href":"https:\/\/nutrifresh.com\/de\/wp-json\/wp\/v2\/product_cat?post=6378"},{"taxonomy":"product_tag","embeddable":true,"href":"https:\/\/nutrifresh.com\/de\/wp-json\/wp\/v2\/product_tag?post=6378"}],"curies":[{"name":"wp","href":"https:\/\/api.w.org\/{rel}","templated":true}]}}