{"id":6383,"date":"2023-08-02T14:58:29","date_gmt":"2023-08-02T14:58:29","guid":{"rendered":"https:\/\/nutrifresh.com\/p\/ruhrschussel-mit-reiben\/"},"modified":"2024-12-04T06:27:52","modified_gmt":"2024-12-04T06:27:52","slug":"mixing-bowl-with-graters","status":"publish","type":"product","link":"https:\/\/nutrifresh.com\/de\/p\/mixing-bowl-with-graters\/","title":{"rendered":"R\u00fchrsch\u00fcssel mit Reiben"},"content":{"rendered":"<p>Die R\u00fchrsch\u00fcssel mit einem Fassungsverm\u00f6gen von 4,5 l und dem 3-teiligen Reibeset ist ein unverzichtbares K\u00fcchenutensil, das sich durch Funktionalit\u00e4t und Leistung auszeichnet. Mit dem dicht schlie\u00dfenden Deckelaufsatz k\u00f6nnen die verschiedensten Zutaten flexibel verarbeitet werden. Teig r\u00fchren, K\u00e4se reiben oder Gem\u00fcse raspeln: Die R\u00fchrsch\u00fcssel mit Reiben eignet sich f\u00fcr kleine und gro\u00dfe Mahlzeiten. Die Sch\u00fcssel aus Edelstahl hat einen rutschfesten Boden, sodass sie immer sicher auf Ihrer Arbeitsplatte steht.<\/p>\n","protected":false},"excerpt":{"rendered":"<p>Mischen, reiben und kreativ sein<\/p>\n","protected":false},"featured_media":6384,"template":"","meta":{"inline_featured_image":false},"product_cat":[379],"product_tag":[],"class_list":{"0":"post-6383","1":"product","2":"type-product","3":"status-publish","4":"has-post-thumbnail","6":"product_cat-airclip-de","8":"first","9":"outofstock","10":"shipping-taxable","11":"purchasable","12":"product-type-simple"},"acf":[],"yoast_head":"<!-- This site is optimized with the Yoast SEO plugin v23.2 - https:\/\/yoast.com\/wordpress\/plugins\/seo\/ -->\n<title>Airclip R\u00fchrsch\u00fcssel mit Raspeln | nutrifresh<\/title>\n<meta name=\"description\" content=\"Die unverzichtbare, rutschfeste 4,5-Liter-R\u00fchrsch\u00fcssel aus Edelstahl und das 3-teilige Reibeset von Airclip sind f\u00fcr die Zubereitung kleiner und gro\u00dfer Gerichte geeignet.\" \/>\n<meta name=\"robots\" content=\"index, follow, max-snippet:-1, max-image-preview:large, max-video-preview:-1\" \/>\n<link rel=\"canonical\" href=\"https:\/\/nutrifresh.com\/de\/p\/mixing-bowl-with-graters\/\" \/>\n<meta property=\"og:locale\" content=\"de_DE\" \/>\n<meta property=\"og:type\" content=\"article\" \/>\n<meta property=\"og:title\" content=\"Airclip R\u00fchrsch\u00fcssel mit Raspeln | nutrifresh\" \/>\n<meta property=\"og:description\" content=\"Die unverzichtbare, rutschfeste 4,5-Liter-R\u00fchrsch\u00fcssel aus Edelstahl und das 3-teilige Reibeset von Airclip sind f\u00fcr die Zubereitung kleiner und gro\u00dfer Gerichte geeignet.\" \/>\n<meta property=\"og:url\" content=\"https:\/\/nutrifresh.com\/de\/p\/mixing-bowl-with-graters\/\" \/>\n<meta property=\"og:site_name\" content=\"Nutrifresh\" \/>\n<meta property=\"article:modified_time\" content=\"2024-12-04T06:27:52+00:00\" \/>\n<meta property=\"og:image\" content=\"https:\/\/nutrifresh.com\/wp-content\/uploads\/2023\/08\/P510587_Mixing_Bowl_with_Graters_lid.jpg\" \/>\n\t<meta property=\"og:image:width\" content=\"1200\" \/>\n\t<meta property=\"og:image:height\" content=\"1200\" \/>\n\t<meta property=\"og:image:type\" content=\"image\/jpeg\" \/>\n<meta name=\"twitter:card\" content=\"summary_large_image\" \/>\n<meta name=\"twitter:label1\" content=\"Gesch\u00e4tzte Lesezeit\" \/>\n\t<meta name=\"twitter:data1\" content=\"1\u00a0Minute\" \/>\n<script type=\"application\/ld+json\" class=\"yoast-schema-graph\">{\"@context\":\"https:\/\/schema.org\",\"@graph\":[{\"@type\":\"WebPage\",\"@id\":\"https:\/\/nutrifresh.com\/de\/p\/mixing-bowl-with-graters\/\",\"url\":\"https:\/\/nutrifresh.com\/de\/p\/mixing-bowl-with-graters\/\",\"name\":\"Airclip R\u00fchrsch\u00fcssel mit Raspeln | nutrifresh\",\"isPartOf\":{\"@id\":\"https:\/\/nutrifresh.com\/de\/#website\"},\"primaryImageOfPage\":{\"@id\":\"https:\/\/nutrifresh.com\/de\/p\/mixing-bowl-with-graters\/#primaryimage\"},\"image\":{\"@id\":\"https:\/\/nutrifresh.com\/de\/p\/mixing-bowl-with-graters\/#primaryimage\"},\"thumbnailUrl\":\"https:\/\/nutrifresh.com\/wp-content\/uploads\/2023\/08\/P510587_Mixing_Bowl_with_Graters_lid.jpg\",\"datePublished\":\"2023-08-02T14:58:29+00:00\",\"dateModified\":\"2024-12-04T06:27:52+00:00\",\"description\":\"Die unverzichtbare, rutschfeste 4,5-Liter-R\u00fchrsch\u00fcssel aus Edelstahl und das 3-teilige Reibeset von Airclip sind f\u00fcr die Zubereitung kleiner und gro\u00dfer Gerichte geeignet.\",\"breadcrumb\":{\"@id\":\"https:\/\/nutrifresh.com\/de\/p\/mixing-bowl-with-graters\/#breadcrumb\"},\"inLanguage\":\"de\",\"potentialAction\":[{\"@type\":\"ReadAction\",\"target\":[\"https:\/\/nutrifresh.com\/de\/p\/mixing-bowl-with-graters\/\"]}]},{\"@type\":\"ImageObject\",\"inLanguage\":\"de\",\"@id\":\"https:\/\/nutrifresh.com\/de\/p\/mixing-bowl-with-graters\/#primaryimage\",\"url\":\"https:\/\/nutrifresh.com\/wp-content\/uploads\/2023\/08\/P510587_Mixing_Bowl_with_Graters_lid.jpg\",\"contentUrl\":\"https:\/\/nutrifresh.com\/wp-content\/uploads\/2023\/08\/P510587_Mixing_Bowl_with_Graters_lid.jpg\",\"width\":1200,\"height\":1200},{\"@type\":\"BreadcrumbList\",\"@id\":\"https:\/\/nutrifresh.com\/de\/p\/mixing-bowl-with-graters\/#breadcrumb\",\"itemListElement\":[{\"@type\":\"ListItem\",\"position\":1,\"name\":\"Home\",\"item\":\"https:\/\/nutrifresh.com\/de\/startseite\/\"},{\"@type\":\"ListItem\",\"position\":2,\"name\":\"Zum Shop\",\"item\":\"https:\/\/nutrifresh.com\/de\/zum-shop\/\"},{\"@type\":\"ListItem\",\"position\":3,\"name\":\"R\u00fchrsch\u00fcssel mit Reiben\"}]},{\"@type\":\"WebSite\",\"@id\":\"https:\/\/nutrifresh.com\/de\/#website\",\"url\":\"https:\/\/nutrifresh.com\/de\/\",\"name\":\"Nutrifresh\",\"description\":\"A fresh way to eat healthier\",\"potentialAction\":[{\"@type\":\"SearchAction\",\"target\":{\"@type\":\"EntryPoint\",\"urlTemplate\":\"https:\/\/nutrifresh.com\/de\/?s={search_term_string}\"},\"query-input\":\"required name=search_term_string\"}],\"inLanguage\":\"de\"}]}<\/script>\n<!-- \/ Yoast SEO plugin. -->","yoast_head_json":{"title":"Airclip R\u00fchrsch\u00fcssel mit Raspeln | nutrifresh","description":"Die unverzichtbare, rutschfeste 4,5-Liter-R\u00fchrsch\u00fcssel aus Edelstahl und das 3-teilige Reibeset von Airclip sind f\u00fcr die Zubereitung kleiner und gro\u00dfer Gerichte geeignet.","robots":{"index":"index","follow":"follow","max-snippet":"max-snippet:-1","max-image-preview":"max-image-preview:large","max-video-preview":"max-video-preview:-1"},"canonical":"https:\/\/nutrifresh.com\/de\/p\/mixing-bowl-with-graters\/","og_locale":"de_DE","og_type":"article","og_title":"Airclip R\u00fchrsch\u00fcssel mit Raspeln | nutrifresh","og_description":"Die unverzichtbare, rutschfeste 4,5-Liter-R\u00fchrsch\u00fcssel aus Edelstahl und das 3-teilige Reibeset von Airclip sind f\u00fcr die Zubereitung kleiner und gro\u00dfer Gerichte geeignet.","og_url":"https:\/\/nutrifresh.com\/de\/p\/mixing-bowl-with-graters\/","og_site_name":"Nutrifresh","article_modified_time":"2024-12-04T06:27:52+00:00","og_image":[{"width":1200,"height":1200,"url":"https:\/\/nutrifresh.com\/wp-content\/uploads\/2023\/08\/P510587_Mixing_Bowl_with_Graters_lid.jpg","type":"image\/jpeg"}],"twitter_card":"summary_large_image","twitter_misc":{"Gesch\u00e4tzte Lesezeit":"1\u00a0Minute"},"schema":{"@context":"https:\/\/schema.org","@graph":[{"@type":"WebPage","@id":"https:\/\/nutrifresh.com\/de\/p\/mixing-bowl-with-graters\/","url":"https:\/\/nutrifresh.com\/de\/p\/mixing-bowl-with-graters\/","name":"Airclip R\u00fchrsch\u00fcssel mit Raspeln | nutrifresh","isPartOf":{"@id":"https:\/\/nutrifresh.com\/de\/#website"},"primaryImageOfPage":{"@id":"https:\/\/nutrifresh.com\/de\/p\/mixing-bowl-with-graters\/#primaryimage"},"image":{"@id":"https:\/\/nutrifresh.com\/de\/p\/mixing-bowl-with-graters\/#primaryimage"},"thumbnailUrl":"https:\/\/nutrifresh.com\/wp-content\/uploads\/2023\/08\/P510587_Mixing_Bowl_with_Graters_lid.jpg","datePublished":"2023-08-02T14:58:29+00:00","dateModified":"2024-12-04T06:27:52+00:00","description":"Die unverzichtbare, rutschfeste 4,5-Liter-R\u00fchrsch\u00fcssel aus Edelstahl und das 3-teilige Reibeset von Airclip sind f\u00fcr die Zubereitung kleiner und gro\u00dfer Gerichte geeignet.","breadcrumb":{"@id":"https:\/\/nutrifresh.com\/de\/p\/mixing-bowl-with-graters\/#breadcrumb"},"inLanguage":"de","potentialAction":[{"@type":"ReadAction","target":["https:\/\/nutrifresh.com\/de\/p\/mixing-bowl-with-graters\/"]}]},{"@type":"ImageObject","inLanguage":"de","@id":"https:\/\/nutrifresh.com\/de\/p\/mixing-bowl-with-graters\/#primaryimage","url":"https:\/\/nutrifresh.com\/wp-content\/uploads\/2023\/08\/P510587_Mixing_Bowl_with_Graters_lid.jpg","contentUrl":"https:\/\/nutrifresh.com\/wp-content\/uploads\/2023\/08\/P510587_Mixing_Bowl_with_Graters_lid.jpg","width":1200,"height":1200},{"@type":"BreadcrumbList","@id":"https:\/\/nutrifresh.com\/de\/p\/mixing-bowl-with-graters\/#breadcrumb","itemListElement":[{"@type":"ListItem","position":1,"name":"Home","item":"https:\/\/nutrifresh.com\/de\/startseite\/"},{"@type":"ListItem","position":2,"name":"Zum Shop","item":"https:\/\/nutrifresh.com\/de\/zum-shop\/"},{"@type":"ListItem","position":3,"name":"R\u00fchrsch\u00fcssel mit Reiben"}]},{"@type":"WebSite","@id":"https:\/\/nutrifresh.com\/de\/#website","url":"https:\/\/nutrifresh.com\/de\/","name":"Nutrifresh","description":"A fresh way to eat healthier","potentialAction":[{"@type":"SearchAction","target":{"@type":"EntryPoint","urlTemplate":"https:\/\/nutrifresh.com\/de\/?s={search_term_string}"},"query-input":"required name=search_term_string"}],"inLanguage":"de"}]}},"_links":{"self":[{"href":"https:\/\/nutrifresh.com\/de\/wp-json\/wp\/v2\/product\/6383","targetHints":{"allow":["GET"]}}],"collection":[{"href":"https:\/\/nutrifresh.com\/de\/wp-json\/wp\/v2\/product"}],"about":[{"href":"https:\/\/nutrifresh.com\/de\/wp-json\/wp\/v2\/types\/product"}],"wp:featuredmedia":[{"embeddable":true,"href":"https:\/\/nutrifresh.com\/de\/wp-json\/wp\/v2\/media\/6384"}],"wp:attachment":[{"href":"https:\/\/nutrifresh.com\/de\/wp-json\/wp\/v2\/media?parent=6383"}],"wp:term":[{"taxonomy":"product_cat","embeddable":true,"href":"https:\/\/nutrifresh.com\/de\/wp-json\/wp\/v2\/product_cat?post=6383"},{"taxonomy":"product_tag","embeddable":true,"href":"https:\/\/nutrifresh.com\/de\/wp-json\/wp\/v2\/product_tag?post=6383"}],"curies":[{"name":"wp","href":"https:\/\/api.w.org\/{rel}","templated":true}]}}