{"id":6389,"date":"2023-08-02T14:58:29","date_gmt":"2023-08-02T14:58:29","guid":{"rendered":"https:\/\/nutrifresh.com\/p\/suppenbereiter\/"},"modified":"2023-09-06T10:11:25","modified_gmt":"2023-09-06T10:11:25","slug":"soup-maker","status":"publish","type":"product","link":"https:\/\/nutrifresh.com\/de\/p\/soup-maker\/","title":{"rendered":"Suppenbereiter"},"content":{"rendered":"<p>Mit diesem vielseitigen Ger\u00e4t k\u00f6nnen Sie jederzeit eine frische Suppe zubereiten. Der Suppenbereiter von nutrifresh\u2122 mit einem Fassungsverm\u00f6gen von 1,6 l erhitzt, kocht und p\u00fcriert Ihre Lieblingssuppen automatisch in nur 21 Minuten. Einfach das Gem\u00fcse klein schneiden, in den Beh\u00e4lter geben und nach Wunsch st\u00fcckig oder glatt p\u00fcrieren. So k\u00f6nnen Sie ganz einfach eine leckere und nahrhafte Suppe zubereiten. Dabei sparen Sie nicht nur wertvolle Zeit in der K\u00fcche, sondern erhalten auch eine gesunde Mahlzeit.<\/p>\n","protected":false},"excerpt":{"rendered":"<p>Frische selbstgemachte Suppe in 21 Minuten<\/p>\n","protected":false},"featured_media":6390,"template":"","meta":{"inline_featured_image":false},"product_cat":[379],"product_tag":[],"class_list":{"0":"post-6389","1":"product","2":"type-product","3":"status-publish","4":"has-post-thumbnail","6":"product_cat-airclip-de","8":"first","9":"instock","10":"shipping-taxable","11":"purchasable","12":"product-type-simple"},"acf":[],"yoast_head":"<!-- This site is optimized with the Yoast SEO plugin v23.2 - https:\/\/yoast.com\/wordpress\/plugins\/seo\/ -->\n<title>Airclip-Suppenmaschine | nutrifresh<\/title>\n<meta name=\"description\" content=\"Mit der 1,6L-Suppenmaschine von Airclip k\u00f6nnen Sie hausgemachte Suppen zubereiten, wertvolle Zeit in der K\u00fcche sparen und eine gesunde Mahlzeiten genie\u00dfen.\" \/>\n<meta name=\"robots\" content=\"index, follow, max-snippet:-1, max-image-preview:large, max-video-preview:-1\" \/>\n<link rel=\"canonical\" href=\"https:\/\/nutrifresh.com\/de\/p\/soup-maker\/\" \/>\n<meta property=\"og:locale\" content=\"de_DE\" \/>\n<meta property=\"og:type\" content=\"article\" \/>\n<meta property=\"og:title\" content=\"Airclip-Suppenmaschine | nutrifresh\" \/>\n<meta property=\"og:description\" content=\"Mit der 1,6L-Suppenmaschine von Airclip k\u00f6nnen Sie hausgemachte Suppen zubereiten, wertvolle Zeit in der K\u00fcche sparen und eine gesunde Mahlzeiten genie\u00dfen.\" \/>\n<meta property=\"og:url\" content=\"https:\/\/nutrifresh.com\/de\/p\/soup-maker\/\" \/>\n<meta property=\"og:site_name\" content=\"Nutrifresh\" \/>\n<meta property=\"article:modified_time\" content=\"2023-09-06T10:11:25+00:00\" \/>\n<meta property=\"og:image\" content=\"https:\/\/nutrifresh.com\/wp-content\/uploads\/2023\/08\/P510588_Soup_maker.jpg\" \/>\n\t<meta property=\"og:image:width\" content=\"1200\" \/>\n\t<meta property=\"og:image:height\" content=\"1200\" \/>\n\t<meta property=\"og:image:type\" content=\"image\/jpeg\" \/>\n<meta name=\"twitter:card\" content=\"summary_large_image\" \/>\n<meta name=\"twitter:label1\" content=\"Gesch\u00e4tzte Lesezeit\" \/>\n\t<meta name=\"twitter:data1\" content=\"1\u00a0Minute\" \/>\n<script type=\"application\/ld+json\" class=\"yoast-schema-graph\">{\"@context\":\"https:\/\/schema.org\",\"@graph\":[{\"@type\":\"WebPage\",\"@id\":\"https:\/\/nutrifresh.com\/de\/p\/soup-maker\/\",\"url\":\"https:\/\/nutrifresh.com\/de\/p\/soup-maker\/\",\"name\":\"Airclip-Suppenmaschine | nutrifresh\",\"isPartOf\":{\"@id\":\"https:\/\/nutrifresh.com\/de\/#website\"},\"primaryImageOfPage\":{\"@id\":\"https:\/\/nutrifresh.com\/de\/p\/soup-maker\/#primaryimage\"},\"image\":{\"@id\":\"https:\/\/nutrifresh.com\/de\/p\/soup-maker\/#primaryimage\"},\"thumbnailUrl\":\"https:\/\/nutrifresh.com\/wp-content\/uploads\/2023\/08\/P510588_Soup_maker.jpg\",\"datePublished\":\"2023-08-02T14:58:29+00:00\",\"dateModified\":\"2023-09-06T10:11:25+00:00\",\"description\":\"Mit der 1,6L-Suppenmaschine von Airclip k\u00f6nnen Sie hausgemachte Suppen zubereiten, wertvolle Zeit in der K\u00fcche sparen und eine gesunde Mahlzeiten genie\u00dfen.\",\"breadcrumb\":{\"@id\":\"https:\/\/nutrifresh.com\/de\/p\/soup-maker\/#breadcrumb\"},\"inLanguage\":\"de\",\"potentialAction\":[{\"@type\":\"ReadAction\",\"target\":[\"https:\/\/nutrifresh.com\/de\/p\/soup-maker\/\"]}]},{\"@type\":\"ImageObject\",\"inLanguage\":\"de\",\"@id\":\"https:\/\/nutrifresh.com\/de\/p\/soup-maker\/#primaryimage\",\"url\":\"https:\/\/nutrifresh.com\/wp-content\/uploads\/2023\/08\/P510588_Soup_maker.jpg\",\"contentUrl\":\"https:\/\/nutrifresh.com\/wp-content\/uploads\/2023\/08\/P510588_Soup_maker.jpg\",\"width\":1200,\"height\":1200},{\"@type\":\"BreadcrumbList\",\"@id\":\"https:\/\/nutrifresh.com\/de\/p\/soup-maker\/#breadcrumb\",\"itemListElement\":[{\"@type\":\"ListItem\",\"position\":1,\"name\":\"Home\",\"item\":\"https:\/\/nutrifresh.com\/de\/startseite\/\"},{\"@type\":\"ListItem\",\"position\":2,\"name\":\"Zum Shop\",\"item\":\"https:\/\/nutrifresh.com\/de\/zum-shop\/\"},{\"@type\":\"ListItem\",\"position\":3,\"name\":\"Suppenbereiter\"}]},{\"@type\":\"WebSite\",\"@id\":\"https:\/\/nutrifresh.com\/de\/#website\",\"url\":\"https:\/\/nutrifresh.com\/de\/\",\"name\":\"Nutrifresh\",\"description\":\"A fresh way to eat healthier\",\"potentialAction\":[{\"@type\":\"SearchAction\",\"target\":{\"@type\":\"EntryPoint\",\"urlTemplate\":\"https:\/\/nutrifresh.com\/de\/?s={search_term_string}\"},\"query-input\":\"required name=search_term_string\"}],\"inLanguage\":\"de\"}]}<\/script>\n<!-- \/ Yoast SEO plugin. -->","yoast_head_json":{"title":"Airclip-Suppenmaschine | nutrifresh","description":"Mit der 1,6L-Suppenmaschine von Airclip k\u00f6nnen Sie hausgemachte Suppen zubereiten, wertvolle Zeit in der K\u00fcche sparen und eine gesunde Mahlzeiten genie\u00dfen.","robots":{"index":"index","follow":"follow","max-snippet":"max-snippet:-1","max-image-preview":"max-image-preview:large","max-video-preview":"max-video-preview:-1"},"canonical":"https:\/\/nutrifresh.com\/de\/p\/soup-maker\/","og_locale":"de_DE","og_type":"article","og_title":"Airclip-Suppenmaschine | nutrifresh","og_description":"Mit der 1,6L-Suppenmaschine von Airclip k\u00f6nnen Sie hausgemachte Suppen zubereiten, wertvolle Zeit in der K\u00fcche sparen und eine gesunde Mahlzeiten genie\u00dfen.","og_url":"https:\/\/nutrifresh.com\/de\/p\/soup-maker\/","og_site_name":"Nutrifresh","article_modified_time":"2023-09-06T10:11:25+00:00","og_image":[{"width":1200,"height":1200,"url":"https:\/\/nutrifresh.com\/wp-content\/uploads\/2023\/08\/P510588_Soup_maker.jpg","type":"image\/jpeg"}],"twitter_card":"summary_large_image","twitter_misc":{"Gesch\u00e4tzte Lesezeit":"1\u00a0Minute"},"schema":{"@context":"https:\/\/schema.org","@graph":[{"@type":"WebPage","@id":"https:\/\/nutrifresh.com\/de\/p\/soup-maker\/","url":"https:\/\/nutrifresh.com\/de\/p\/soup-maker\/","name":"Airclip-Suppenmaschine | nutrifresh","isPartOf":{"@id":"https:\/\/nutrifresh.com\/de\/#website"},"primaryImageOfPage":{"@id":"https:\/\/nutrifresh.com\/de\/p\/soup-maker\/#primaryimage"},"image":{"@id":"https:\/\/nutrifresh.com\/de\/p\/soup-maker\/#primaryimage"},"thumbnailUrl":"https:\/\/nutrifresh.com\/wp-content\/uploads\/2023\/08\/P510588_Soup_maker.jpg","datePublished":"2023-08-02T14:58:29+00:00","dateModified":"2023-09-06T10:11:25+00:00","description":"Mit der 1,6L-Suppenmaschine von Airclip k\u00f6nnen Sie hausgemachte Suppen zubereiten, wertvolle Zeit in der K\u00fcche sparen und eine gesunde Mahlzeiten genie\u00dfen.","breadcrumb":{"@id":"https:\/\/nutrifresh.com\/de\/p\/soup-maker\/#breadcrumb"},"inLanguage":"de","potentialAction":[{"@type":"ReadAction","target":["https:\/\/nutrifresh.com\/de\/p\/soup-maker\/"]}]},{"@type":"ImageObject","inLanguage":"de","@id":"https:\/\/nutrifresh.com\/de\/p\/soup-maker\/#primaryimage","url":"https:\/\/nutrifresh.com\/wp-content\/uploads\/2023\/08\/P510588_Soup_maker.jpg","contentUrl":"https:\/\/nutrifresh.com\/wp-content\/uploads\/2023\/08\/P510588_Soup_maker.jpg","width":1200,"height":1200},{"@type":"BreadcrumbList","@id":"https:\/\/nutrifresh.com\/de\/p\/soup-maker\/#breadcrumb","itemListElement":[{"@type":"ListItem","position":1,"name":"Home","item":"https:\/\/nutrifresh.com\/de\/startseite\/"},{"@type":"ListItem","position":2,"name":"Zum Shop","item":"https:\/\/nutrifresh.com\/de\/zum-shop\/"},{"@type":"ListItem","position":3,"name":"Suppenbereiter"}]},{"@type":"WebSite","@id":"https:\/\/nutrifresh.com\/de\/#website","url":"https:\/\/nutrifresh.com\/de\/","name":"Nutrifresh","description":"A fresh way to eat healthier","potentialAction":[{"@type":"SearchAction","target":{"@type":"EntryPoint","urlTemplate":"https:\/\/nutrifresh.com\/de\/?s={search_term_string}"},"query-input":"required name=search_term_string"}],"inLanguage":"de"}]}},"_links":{"self":[{"href":"https:\/\/nutrifresh.com\/de\/wp-json\/wp\/v2\/product\/6389","targetHints":{"allow":["GET"]}}],"collection":[{"href":"https:\/\/nutrifresh.com\/de\/wp-json\/wp\/v2\/product"}],"about":[{"href":"https:\/\/nutrifresh.com\/de\/wp-json\/wp\/v2\/types\/product"}],"wp:featuredmedia":[{"embeddable":true,"href":"https:\/\/nutrifresh.com\/de\/wp-json\/wp\/v2\/media\/6390"}],"wp:attachment":[{"href":"https:\/\/nutrifresh.com\/de\/wp-json\/wp\/v2\/media?parent=6389"}],"wp:term":[{"taxonomy":"product_cat","embeddable":true,"href":"https:\/\/nutrifresh.com\/de\/wp-json\/wp\/v2\/product_cat?post=6389"},{"taxonomy":"product_tag","embeddable":true,"href":"https:\/\/nutrifresh.com\/de\/wp-json\/wp\/v2\/product_tag?post=6389"}],"curies":[{"name":"wp","href":"https:\/\/api.w.org\/{rel}","templated":true}]}}