{"id":6449,"date":"2023-08-02T15:02:06","date_gmt":"2023-08-02T15:02:06","guid":{"rendered":"https:\/\/nutrifresh.com\/p\/vakuum-frischhaltedose-aus-glas-14-l\/"},"modified":"2023-09-06T11:12:22","modified_gmt":"2023-09-06T11:12:22","slug":"1-4l-vacuum-food-storage-container","status":"publish","type":"product","link":"https:\/\/nutrifresh.com\/de\/p\/1-4l-vacuum-food-storage-container\/","title":{"rendered":"Vakuum-Frischhaltedose aus Glas, 1,4 l"},"content":{"rendered":"<p>Mit der Vakuum-Frischhaltedose aus Glas von nutrifresh\u2122 mit einem Fassungsverm\u00f6gen von 1,4 l mit luftdichtem Klickverschluss k\u00f6nnen Sie zubereitete Mahlzeiten aufbewahren, m\u00fcssen Reste nicht wegwerfen, k\u00f6nnen Portionsgr\u00f6\u00dfen abmessen und das Aufw\u00e4rmen vereinfachen. In der vakuumversiegelten Umgebung bleiben Lebensmittel 3\u20135 Mal l\u00e4nger frisch. Sie eignen sich hervorragend zum Aufbewahren von Lebensmitteln und Speisen im K\u00fchlschrank oder Gefrierfach. Die Glasdosen sind sp\u00fclmaschinen- und ofenfest sowie mikrowellengeeignet (ohne Deckel). In der Glasdose (ohne Deckel) k\u00f6nnen Speisen im Ofen zubereitet oder in der Mikrowelle (ohne Deckel) aufgew\u00e4rmt werden.<\/p>\n","protected":false},"excerpt":{"rendered":"<p>Aufbewahren und mehr<\/p>\n","protected":false},"featured_media":6450,"template":"","meta":{"inline_featured_image":false},"product_cat":[400],"product_tag":[],"class_list":{"0":"post-6449","1":"product","2":"type-product","3":"status-publish","4":"has-post-thumbnail","6":"product_cat-easy-store-de","8":"first","9":"outofstock","10":"shipping-taxable","11":"purchasable","12":"product-type-simple"},"acf":[],"yoast_head":"<!-- This site is optimized with the Yoast SEO plugin v23.2 - https:\/\/yoast.com\/wordpress\/plugins\/seo\/ -->\n<title>1.4L Glas-Vakuum-Beh\u00e4lter f\u00fcr Lebensmittel | nutrifresh<\/title>\n<meta name=\"description\" content=\"Die 1.4L nutrifresh\u2122 Vakuum-Aufbewahrungsdose mit luftdichtem Deckel erm\u00f6glicht es Ihnen, Ihre Gerichte besser aufzubewahren und vereinfacht das Aufw\u00e4rmen.\" \/>\n<meta name=\"robots\" content=\"index, follow, max-snippet:-1, max-image-preview:large, max-video-preview:-1\" \/>\n<link rel=\"canonical\" href=\"https:\/\/nutrifresh.com\/de\/p\/1-4l-vacuum-food-storage-container\/\" \/>\n<meta property=\"og:locale\" content=\"de_DE\" \/>\n<meta property=\"og:type\" content=\"article\" \/>\n<meta property=\"og:title\" content=\"1.4L Glas-Vakuum-Beh\u00e4lter f\u00fcr Lebensmittel | nutrifresh\" \/>\n<meta property=\"og:description\" content=\"Die 1.4L nutrifresh\u2122 Vakuum-Aufbewahrungsdose mit luftdichtem Deckel erm\u00f6glicht es Ihnen, Ihre Gerichte besser aufzubewahren und vereinfacht das Aufw\u00e4rmen.\" \/>\n<meta property=\"og:url\" content=\"https:\/\/nutrifresh.com\/de\/p\/1-4l-vacuum-food-storage-container\/\" \/>\n<meta property=\"og:site_name\" content=\"Nutrifresh\" \/>\n<meta property=\"article:modified_time\" content=\"2023-09-06T11:12:22+00:00\" \/>\n<meta property=\"og:image\" content=\"https:\/\/nutrifresh.com\/wp-content\/uploads\/2023\/08\/P508972_1.4L_rectangle_container_3qrt.jpg\" \/>\n\t<meta property=\"og:image:width\" content=\"1200\" \/>\n\t<meta property=\"og:image:height\" content=\"1200\" \/>\n\t<meta property=\"og:image:type\" content=\"image\/jpeg\" \/>\n<meta name=\"twitter:card\" content=\"summary_large_image\" \/>\n<meta name=\"twitter:label1\" content=\"Gesch\u00e4tzte Lesezeit\" \/>\n\t<meta name=\"twitter:data1\" content=\"1\u00a0Minute\" \/>\n<script type=\"application\/ld+json\" class=\"yoast-schema-graph\">{\"@context\":\"https:\/\/schema.org\",\"@graph\":[{\"@type\":\"WebPage\",\"@id\":\"https:\/\/nutrifresh.com\/de\/p\/1-4l-vacuum-food-storage-container\/\",\"url\":\"https:\/\/nutrifresh.com\/de\/p\/1-4l-vacuum-food-storage-container\/\",\"name\":\"1.4L Glas-Vakuum-Beh\u00e4lter f\u00fcr Lebensmittel | nutrifresh\",\"isPartOf\":{\"@id\":\"https:\/\/nutrifresh.com\/de\/#website\"},\"primaryImageOfPage\":{\"@id\":\"https:\/\/nutrifresh.com\/de\/p\/1-4l-vacuum-food-storage-container\/#primaryimage\"},\"image\":{\"@id\":\"https:\/\/nutrifresh.com\/de\/p\/1-4l-vacuum-food-storage-container\/#primaryimage\"},\"thumbnailUrl\":\"https:\/\/nutrifresh.com\/wp-content\/uploads\/2023\/08\/P508972_1.4L_rectangle_container_3qrt.jpg\",\"datePublished\":\"2023-08-02T15:02:06+00:00\",\"dateModified\":\"2023-09-06T11:12:22+00:00\",\"description\":\"Die 1.4L nutrifresh\u2122 Vakuum-Aufbewahrungsdose mit luftdichtem Deckel erm\u00f6glicht es Ihnen, Ihre Gerichte besser aufzubewahren und vereinfacht das Aufw\u00e4rmen.\",\"breadcrumb\":{\"@id\":\"https:\/\/nutrifresh.com\/de\/p\/1-4l-vacuum-food-storage-container\/#breadcrumb\"},\"inLanguage\":\"de\",\"potentialAction\":[{\"@type\":\"ReadAction\",\"target\":[\"https:\/\/nutrifresh.com\/de\/p\/1-4l-vacuum-food-storage-container\/\"]}]},{\"@type\":\"ImageObject\",\"inLanguage\":\"de\",\"@id\":\"https:\/\/nutrifresh.com\/de\/p\/1-4l-vacuum-food-storage-container\/#primaryimage\",\"url\":\"https:\/\/nutrifresh.com\/wp-content\/uploads\/2023\/08\/P508972_1.4L_rectangle_container_3qrt.jpg\",\"contentUrl\":\"https:\/\/nutrifresh.com\/wp-content\/uploads\/2023\/08\/P508972_1.4L_rectangle_container_3qrt.jpg\",\"width\":1200,\"height\":1200},{\"@type\":\"BreadcrumbList\",\"@id\":\"https:\/\/nutrifresh.com\/de\/p\/1-4l-vacuum-food-storage-container\/#breadcrumb\",\"itemListElement\":[{\"@type\":\"ListItem\",\"position\":1,\"name\":\"Home\",\"item\":\"https:\/\/nutrifresh.com\/de\/startseite\/\"},{\"@type\":\"ListItem\",\"position\":2,\"name\":\"Zum Shop\",\"item\":\"https:\/\/nutrifresh.com\/de\/zum-shop\/\"},{\"@type\":\"ListItem\",\"position\":3,\"name\":\"Vakuum-Frischhaltedose aus Glas, 1,4 l\"}]},{\"@type\":\"WebSite\",\"@id\":\"https:\/\/nutrifresh.com\/de\/#website\",\"url\":\"https:\/\/nutrifresh.com\/de\/\",\"name\":\"Nutrifresh\",\"description\":\"A fresh way to eat healthier\",\"potentialAction\":[{\"@type\":\"SearchAction\",\"target\":{\"@type\":\"EntryPoint\",\"urlTemplate\":\"https:\/\/nutrifresh.com\/de\/?s={search_term_string}\"},\"query-input\":\"required name=search_term_string\"}],\"inLanguage\":\"de\"}]}<\/script>\n<!-- \/ Yoast SEO plugin. -->","yoast_head_json":{"title":"1.4L Glas-Vakuum-Beh\u00e4lter f\u00fcr Lebensmittel | nutrifresh","description":"Die 1.4L nutrifresh\u2122 Vakuum-Aufbewahrungsdose mit luftdichtem Deckel erm\u00f6glicht es Ihnen, Ihre Gerichte besser aufzubewahren und vereinfacht das Aufw\u00e4rmen.","robots":{"index":"index","follow":"follow","max-snippet":"max-snippet:-1","max-image-preview":"max-image-preview:large","max-video-preview":"max-video-preview:-1"},"canonical":"https:\/\/nutrifresh.com\/de\/p\/1-4l-vacuum-food-storage-container\/","og_locale":"de_DE","og_type":"article","og_title":"1.4L Glas-Vakuum-Beh\u00e4lter f\u00fcr Lebensmittel | nutrifresh","og_description":"Die 1.4L nutrifresh\u2122 Vakuum-Aufbewahrungsdose mit luftdichtem Deckel erm\u00f6glicht es Ihnen, Ihre Gerichte besser aufzubewahren und vereinfacht das Aufw\u00e4rmen.","og_url":"https:\/\/nutrifresh.com\/de\/p\/1-4l-vacuum-food-storage-container\/","og_site_name":"Nutrifresh","article_modified_time":"2023-09-06T11:12:22+00:00","og_image":[{"width":1200,"height":1200,"url":"https:\/\/nutrifresh.com\/wp-content\/uploads\/2023\/08\/P508972_1.4L_rectangle_container_3qrt.jpg","type":"image\/jpeg"}],"twitter_card":"summary_large_image","twitter_misc":{"Gesch\u00e4tzte Lesezeit":"1\u00a0Minute"},"schema":{"@context":"https:\/\/schema.org","@graph":[{"@type":"WebPage","@id":"https:\/\/nutrifresh.com\/de\/p\/1-4l-vacuum-food-storage-container\/","url":"https:\/\/nutrifresh.com\/de\/p\/1-4l-vacuum-food-storage-container\/","name":"1.4L Glas-Vakuum-Beh\u00e4lter f\u00fcr Lebensmittel | nutrifresh","isPartOf":{"@id":"https:\/\/nutrifresh.com\/de\/#website"},"primaryImageOfPage":{"@id":"https:\/\/nutrifresh.com\/de\/p\/1-4l-vacuum-food-storage-container\/#primaryimage"},"image":{"@id":"https:\/\/nutrifresh.com\/de\/p\/1-4l-vacuum-food-storage-container\/#primaryimage"},"thumbnailUrl":"https:\/\/nutrifresh.com\/wp-content\/uploads\/2023\/08\/P508972_1.4L_rectangle_container_3qrt.jpg","datePublished":"2023-08-02T15:02:06+00:00","dateModified":"2023-09-06T11:12:22+00:00","description":"Die 1.4L nutrifresh\u2122 Vakuum-Aufbewahrungsdose mit luftdichtem Deckel erm\u00f6glicht es Ihnen, Ihre Gerichte besser aufzubewahren und vereinfacht das Aufw\u00e4rmen.","breadcrumb":{"@id":"https:\/\/nutrifresh.com\/de\/p\/1-4l-vacuum-food-storage-container\/#breadcrumb"},"inLanguage":"de","potentialAction":[{"@type":"ReadAction","target":["https:\/\/nutrifresh.com\/de\/p\/1-4l-vacuum-food-storage-container\/"]}]},{"@type":"ImageObject","inLanguage":"de","@id":"https:\/\/nutrifresh.com\/de\/p\/1-4l-vacuum-food-storage-container\/#primaryimage","url":"https:\/\/nutrifresh.com\/wp-content\/uploads\/2023\/08\/P508972_1.4L_rectangle_container_3qrt.jpg","contentUrl":"https:\/\/nutrifresh.com\/wp-content\/uploads\/2023\/08\/P508972_1.4L_rectangle_container_3qrt.jpg","width":1200,"height":1200},{"@type":"BreadcrumbList","@id":"https:\/\/nutrifresh.com\/de\/p\/1-4l-vacuum-food-storage-container\/#breadcrumb","itemListElement":[{"@type":"ListItem","position":1,"name":"Home","item":"https:\/\/nutrifresh.com\/de\/startseite\/"},{"@type":"ListItem","position":2,"name":"Zum Shop","item":"https:\/\/nutrifresh.com\/de\/zum-shop\/"},{"@type":"ListItem","position":3,"name":"Vakuum-Frischhaltedose aus Glas, 1,4 l"}]},{"@type":"WebSite","@id":"https:\/\/nutrifresh.com\/de\/#website","url":"https:\/\/nutrifresh.com\/de\/","name":"Nutrifresh","description":"A fresh way to eat healthier","potentialAction":[{"@type":"SearchAction","target":{"@type":"EntryPoint","urlTemplate":"https:\/\/nutrifresh.com\/de\/?s={search_term_string}"},"query-input":"required name=search_term_string"}],"inLanguage":"de"}]}},"_links":{"self":[{"href":"https:\/\/nutrifresh.com\/de\/wp-json\/wp\/v2\/product\/6449","targetHints":{"allow":["GET"]}}],"collection":[{"href":"https:\/\/nutrifresh.com\/de\/wp-json\/wp\/v2\/product"}],"about":[{"href":"https:\/\/nutrifresh.com\/de\/wp-json\/wp\/v2\/types\/product"}],"wp:featuredmedia":[{"embeddable":true,"href":"https:\/\/nutrifresh.com\/de\/wp-json\/wp\/v2\/media\/6450"}],"wp:attachment":[{"href":"https:\/\/nutrifresh.com\/de\/wp-json\/wp\/v2\/media?parent=6449"}],"wp:term":[{"taxonomy":"product_cat","embeddable":true,"href":"https:\/\/nutrifresh.com\/de\/wp-json\/wp\/v2\/product_cat?post=6449"},{"taxonomy":"product_tag","embeddable":true,"href":"https:\/\/nutrifresh.com\/de\/wp-json\/wp\/v2\/product_tag?post=6449"}],"curies":[{"name":"wp","href":"https:\/\/api.w.org\/{rel}","templated":true}]}}