{"id":6458,"date":"2023-08-02T15:02:06","date_gmt":"2023-08-02T15:02:06","guid":{"rendered":"https:\/\/nutrifresh.com\/p\/vakuum-frischhaltedose-750-ml\/"},"modified":"2023-09-06T11:14:52","modified_gmt":"2023-09-06T11:14:52","slug":"750ml-vacuum-food-storage-container","status":"publish","type":"product","link":"https:\/\/nutrifresh.com\/de\/p\/750ml-vacuum-food-storage-container\/","title":{"rendered":"Vakuum-Frischhaltedose, 750 ml"},"content":{"rendered":"<p>Die Vakuum-Frischhaltedose von nutrifresh\u2122 mit einem Fassungsverm\u00f6gen von 750 ml hat einen Clip-Deckel f\u00fcr die sichere Aufbewahrung, der sich leicht \u00f6ffnen und schlie\u00dfen l\u00e4sst. Mit der Vakuumpumpe von nutrifresh\u2122 (separat erh\u00e4ltlich) k\u00f6nnen Lebensmittel luftdicht versiegelt werden, damit sie l\u00e4nger frisch bleiben. Das Vakuum reduziert Bakterien und verhindert die Verdunstung fl\u00fcchtiger Bestandteile, sodass die Lebensmittel l\u00e4nger frisch bleiben. Dies spart Geld und verringert die Verschwendung von Lebensmitteln. Der Clip-Deckel sorgt f\u00fcr einen sicheren Verschluss, der die Lebensmittel frisch h\u00e4lt und ein Auslaufen verhindert. Perfekt f\u00fcr die Aufbewahrung von Lebensmitteln \u2013 egal, ob Reste aufbewahrt oder das Mittagessen f\u00fcr die Arbeit oder Schule eingepackt werden sollen. Die Dosen aus BPA-freiem Kunststoff sind mikrowellen- und sp\u00fclmaschinenfest und erm\u00f6glichen damit das einfache Aufw\u00e4rmen und Reinigen Ihrer Lieblingsspeisen.<\/p>\n","protected":false},"excerpt":{"rendered":"<p>L\u00e4nger frisch<\/p>\n","protected":false},"featured_media":6459,"template":"","meta":{"inline_featured_image":false},"product_cat":[400],"product_tag":[],"class_list":{"0":"post-6458","1":"product","2":"type-product","3":"status-publish","4":"has-post-thumbnail","6":"product_cat-easy-store-de","8":"first","9":"instock","10":"shipping-taxable","11":"purchasable","12":"product-type-simple"},"acf":[],"yoast_head":"<!-- This site is optimized with the Yoast SEO plugin v23.2 - https:\/\/yoast.com\/wordpress\/plugins\/seo\/ -->\n<title>750ml Vakuum-Lebensmittel-Beh\u00e4lter | nutrifresh<\/title>\n<meta name=\"description\" content=\"Die nutrifresh\u2122 Vakuum-Aufbewahrungsbox h\u00e4lt Ihre Lebensmittel l\u00e4nger frisch. Sparen Sie Geld und reduzieren Sie Ihren Abfall!\" \/>\n<meta name=\"robots\" content=\"index, follow, max-snippet:-1, max-image-preview:large, max-video-preview:-1\" \/>\n<link rel=\"canonical\" href=\"https:\/\/nutrifresh.com\/de\/p\/750ml-vacuum-food-storage-container\/\" \/>\n<meta property=\"og:locale\" content=\"de_DE\" \/>\n<meta property=\"og:type\" content=\"article\" \/>\n<meta property=\"og:title\" content=\"750ml Vakuum-Lebensmittel-Beh\u00e4lter | nutrifresh\" \/>\n<meta property=\"og:description\" content=\"Die nutrifresh\u2122 Vakuum-Aufbewahrungsbox h\u00e4lt Ihre Lebensmittel l\u00e4nger frisch. Sparen Sie Geld und reduzieren Sie Ihren Abfall!\" \/>\n<meta property=\"og:url\" content=\"https:\/\/nutrifresh.com\/de\/p\/750ml-vacuum-food-storage-container\/\" \/>\n<meta property=\"og:site_name\" content=\"Nutrifresh\" \/>\n<meta property=\"article:modified_time\" content=\"2023-09-06T11:14:52+00:00\" \/>\n<meta property=\"og:image\" content=\"https:\/\/nutrifresh.com\/wp-content\/uploads\/2023\/08\/p503390_0.75l_vacuum_strg_sd.jpg\" \/>\n\t<meta property=\"og:image:width\" content=\"1200\" \/>\n\t<meta property=\"og:image:height\" content=\"1200\" \/>\n\t<meta property=\"og:image:type\" content=\"image\/jpeg\" \/>\n<meta name=\"twitter:card\" content=\"summary_large_image\" \/>\n<meta name=\"twitter:label1\" content=\"Gesch\u00e4tzte Lesezeit\" \/>\n\t<meta name=\"twitter:data1\" content=\"1\u00a0Minute\" \/>\n<script type=\"application\/ld+json\" class=\"yoast-schema-graph\">{\"@context\":\"https:\/\/schema.org\",\"@graph\":[{\"@type\":\"WebPage\",\"@id\":\"https:\/\/nutrifresh.com\/de\/p\/750ml-vacuum-food-storage-container\/\",\"url\":\"https:\/\/nutrifresh.com\/de\/p\/750ml-vacuum-food-storage-container\/\",\"name\":\"750ml Vakuum-Lebensmittel-Beh\u00e4lter | nutrifresh\",\"isPartOf\":{\"@id\":\"https:\/\/nutrifresh.com\/de\/#website\"},\"primaryImageOfPage\":{\"@id\":\"https:\/\/nutrifresh.com\/de\/p\/750ml-vacuum-food-storage-container\/#primaryimage\"},\"image\":{\"@id\":\"https:\/\/nutrifresh.com\/de\/p\/750ml-vacuum-food-storage-container\/#primaryimage\"},\"thumbnailUrl\":\"https:\/\/nutrifresh.com\/wp-content\/uploads\/2023\/08\/p503390_0.75l_vacuum_strg_sd.jpg\",\"datePublished\":\"2023-08-02T15:02:06+00:00\",\"dateModified\":\"2023-09-06T11:14:52+00:00\",\"description\":\"Die nutrifresh\u2122 Vakuum-Aufbewahrungsbox h\u00e4lt Ihre Lebensmittel l\u00e4nger frisch. Sparen Sie Geld und reduzieren Sie Ihren Abfall!\",\"breadcrumb\":{\"@id\":\"https:\/\/nutrifresh.com\/de\/p\/750ml-vacuum-food-storage-container\/#breadcrumb\"},\"inLanguage\":\"de\",\"potentialAction\":[{\"@type\":\"ReadAction\",\"target\":[\"https:\/\/nutrifresh.com\/de\/p\/750ml-vacuum-food-storage-container\/\"]}]},{\"@type\":\"ImageObject\",\"inLanguage\":\"de\",\"@id\":\"https:\/\/nutrifresh.com\/de\/p\/750ml-vacuum-food-storage-container\/#primaryimage\",\"url\":\"https:\/\/nutrifresh.com\/wp-content\/uploads\/2023\/08\/p503390_0.75l_vacuum_strg_sd.jpg\",\"contentUrl\":\"https:\/\/nutrifresh.com\/wp-content\/uploads\/2023\/08\/p503390_0.75l_vacuum_strg_sd.jpg\",\"width\":1200,\"height\":1200},{\"@type\":\"BreadcrumbList\",\"@id\":\"https:\/\/nutrifresh.com\/de\/p\/750ml-vacuum-food-storage-container\/#breadcrumb\",\"itemListElement\":[{\"@type\":\"ListItem\",\"position\":1,\"name\":\"Home\",\"item\":\"https:\/\/nutrifresh.com\/de\/startseite\/\"},{\"@type\":\"ListItem\",\"position\":2,\"name\":\"Zum Shop\",\"item\":\"https:\/\/nutrifresh.com\/de\/zum-shop\/\"},{\"@type\":\"ListItem\",\"position\":3,\"name\":\"Vakuum-Frischhaltedose, 750 ml\"}]},{\"@type\":\"WebSite\",\"@id\":\"https:\/\/nutrifresh.com\/de\/#website\",\"url\":\"https:\/\/nutrifresh.com\/de\/\",\"name\":\"Nutrifresh\",\"description\":\"A fresh way to eat healthier\",\"potentialAction\":[{\"@type\":\"SearchAction\",\"target\":{\"@type\":\"EntryPoint\",\"urlTemplate\":\"https:\/\/nutrifresh.com\/de\/?s={search_term_string}\"},\"query-input\":\"required name=search_term_string\"}],\"inLanguage\":\"de\"}]}<\/script>\n<!-- \/ Yoast SEO plugin. -->","yoast_head_json":{"title":"750ml Vakuum-Lebensmittel-Beh\u00e4lter | nutrifresh","description":"Die nutrifresh\u2122 Vakuum-Aufbewahrungsbox h\u00e4lt Ihre Lebensmittel l\u00e4nger frisch. Sparen Sie Geld und reduzieren Sie Ihren Abfall!","robots":{"index":"index","follow":"follow","max-snippet":"max-snippet:-1","max-image-preview":"max-image-preview:large","max-video-preview":"max-video-preview:-1"},"canonical":"https:\/\/nutrifresh.com\/de\/p\/750ml-vacuum-food-storage-container\/","og_locale":"de_DE","og_type":"article","og_title":"750ml Vakuum-Lebensmittel-Beh\u00e4lter | nutrifresh","og_description":"Die nutrifresh\u2122 Vakuum-Aufbewahrungsbox h\u00e4lt Ihre Lebensmittel l\u00e4nger frisch. Sparen Sie Geld und reduzieren Sie Ihren Abfall!","og_url":"https:\/\/nutrifresh.com\/de\/p\/750ml-vacuum-food-storage-container\/","og_site_name":"Nutrifresh","article_modified_time":"2023-09-06T11:14:52+00:00","og_image":[{"width":1200,"height":1200,"url":"https:\/\/nutrifresh.com\/wp-content\/uploads\/2023\/08\/p503390_0.75l_vacuum_strg_sd.jpg","type":"image\/jpeg"}],"twitter_card":"summary_large_image","twitter_misc":{"Gesch\u00e4tzte Lesezeit":"1\u00a0Minute"},"schema":{"@context":"https:\/\/schema.org","@graph":[{"@type":"WebPage","@id":"https:\/\/nutrifresh.com\/de\/p\/750ml-vacuum-food-storage-container\/","url":"https:\/\/nutrifresh.com\/de\/p\/750ml-vacuum-food-storage-container\/","name":"750ml Vakuum-Lebensmittel-Beh\u00e4lter | nutrifresh","isPartOf":{"@id":"https:\/\/nutrifresh.com\/de\/#website"},"primaryImageOfPage":{"@id":"https:\/\/nutrifresh.com\/de\/p\/750ml-vacuum-food-storage-container\/#primaryimage"},"image":{"@id":"https:\/\/nutrifresh.com\/de\/p\/750ml-vacuum-food-storage-container\/#primaryimage"},"thumbnailUrl":"https:\/\/nutrifresh.com\/wp-content\/uploads\/2023\/08\/p503390_0.75l_vacuum_strg_sd.jpg","datePublished":"2023-08-02T15:02:06+00:00","dateModified":"2023-09-06T11:14:52+00:00","description":"Die nutrifresh\u2122 Vakuum-Aufbewahrungsbox h\u00e4lt Ihre Lebensmittel l\u00e4nger frisch. Sparen Sie Geld und reduzieren Sie Ihren Abfall!","breadcrumb":{"@id":"https:\/\/nutrifresh.com\/de\/p\/750ml-vacuum-food-storage-container\/#breadcrumb"},"inLanguage":"de","potentialAction":[{"@type":"ReadAction","target":["https:\/\/nutrifresh.com\/de\/p\/750ml-vacuum-food-storage-container\/"]}]},{"@type":"ImageObject","inLanguage":"de","@id":"https:\/\/nutrifresh.com\/de\/p\/750ml-vacuum-food-storage-container\/#primaryimage","url":"https:\/\/nutrifresh.com\/wp-content\/uploads\/2023\/08\/p503390_0.75l_vacuum_strg_sd.jpg","contentUrl":"https:\/\/nutrifresh.com\/wp-content\/uploads\/2023\/08\/p503390_0.75l_vacuum_strg_sd.jpg","width":1200,"height":1200},{"@type":"BreadcrumbList","@id":"https:\/\/nutrifresh.com\/de\/p\/750ml-vacuum-food-storage-container\/#breadcrumb","itemListElement":[{"@type":"ListItem","position":1,"name":"Home","item":"https:\/\/nutrifresh.com\/de\/startseite\/"},{"@type":"ListItem","position":2,"name":"Zum Shop","item":"https:\/\/nutrifresh.com\/de\/zum-shop\/"},{"@type":"ListItem","position":3,"name":"Vakuum-Frischhaltedose, 750 ml"}]},{"@type":"WebSite","@id":"https:\/\/nutrifresh.com\/de\/#website","url":"https:\/\/nutrifresh.com\/de\/","name":"Nutrifresh","description":"A fresh way to eat healthier","potentialAction":[{"@type":"SearchAction","target":{"@type":"EntryPoint","urlTemplate":"https:\/\/nutrifresh.com\/de\/?s={search_term_string}"},"query-input":"required name=search_term_string"}],"inLanguage":"de"}]}},"_links":{"self":[{"href":"https:\/\/nutrifresh.com\/de\/wp-json\/wp\/v2\/product\/6458","targetHints":{"allow":["GET"]}}],"collection":[{"href":"https:\/\/nutrifresh.com\/de\/wp-json\/wp\/v2\/product"}],"about":[{"href":"https:\/\/nutrifresh.com\/de\/wp-json\/wp\/v2\/types\/product"}],"wp:featuredmedia":[{"embeddable":true,"href":"https:\/\/nutrifresh.com\/de\/wp-json\/wp\/v2\/media\/6459"}],"wp:attachment":[{"href":"https:\/\/nutrifresh.com\/de\/wp-json\/wp\/v2\/media?parent=6458"}],"wp:term":[{"taxonomy":"product_cat","embeddable":true,"href":"https:\/\/nutrifresh.com\/de\/wp-json\/wp\/v2\/product_cat?post=6458"},{"taxonomy":"product_tag","embeddable":true,"href":"https:\/\/nutrifresh.com\/de\/wp-json\/wp\/v2\/product_tag?post=6458"}],"curies":[{"name":"wp","href":"https:\/\/api.w.org\/{rel}","templated":true}]}}