{"id":6466,"date":"2023-08-02T15:02:06","date_gmt":"2023-08-02T15:02:06","guid":{"rendered":"https:\/\/nutrifresh.com\/p\/manuelle-vakuumpumpe\/"},"modified":"2023-09-06T11:16:48","modified_gmt":"2023-09-06T11:16:48","slug":"manual-vacuum-pump","status":"publish","type":"product","link":"https:\/\/nutrifresh.com\/de\/p\/manual-vacuum-pump\/","title":{"rendered":"Manuelle Vakuumpumpe"},"content":{"rendered":"<p>Die Vakuumpumpe von nutrifresh\u2122 entfernt \u00fcbersch\u00fcssige Luft aus den Vakuum-Frischhaltedosen von nutrifresh\u2122 und sorgt so f\u00fcr eine luftdichte Versiegelung, um die Frische der darin enthaltenen Lebensmittel zu bewahren. Lebensmittel in den Frischhaltedosen von nutrifresh\u2122 k\u00f6nnen 3\u20135 Mal l\u00e4nger aufbewahrt werden, wenn die Vakuumpumpe verwendet wird. Durch das Vakuum werden aerobe Bakterien oder Pilze reduziert und fl\u00fcchtige Bestandteile k\u00f6nnen nicht verdunsten. Dadurch m\u00fcssen Sie weniger h\u00e4ufig Lebensmittel einkaufen, da die Lebensmittel in der Vakuumdose frisch bleiben \u2013 so sparen Sie Geld bei Ihrem Wocheneinkauf. Aus BPA-freiem Kunststoff und sp\u00fclmaschinenfest.<\/p>\n","protected":false},"excerpt":{"rendered":"<p>Frisch aufbewahren<\/p>\n","protected":false},"featured_media":6467,"template":"","meta":{"inline_featured_image":false},"product_cat":[400],"product_tag":[],"class_list":{"0":"post-6466","1":"product","2":"type-product","3":"status-publish","4":"has-post-thumbnail","6":"product_cat-easy-store-de","8":"first","9":"instock","10":"shipping-taxable","11":"product-type-simple"},"acf":[],"yoast_head":"<!-- This site is optimized with the Yoast SEO plugin v23.2 - https:\/\/yoast.com\/wordpress\/plugins\/seo\/ -->\n<title>Manuelle Vakuumpumpe | nutrifresh<\/title>\n<meta name=\"description\" content=\"Die manuelle nutrifresh\u2122 Vakuumpumpe verschlie\u00dft Dosen luftdicht und verl\u00e4ngert die Frische von Lebensmitteln um 3-5 Mal.\" \/>\n<meta name=\"robots\" content=\"index, follow, max-snippet:-1, max-image-preview:large, max-video-preview:-1\" \/>\n<link rel=\"canonical\" href=\"https:\/\/nutrifresh.com\/de\/p\/manual-vacuum-pump\/\" \/>\n<meta property=\"og:locale\" content=\"de_DE\" \/>\n<meta property=\"og:type\" content=\"article\" \/>\n<meta property=\"og:title\" content=\"Manuelle Vakuumpumpe | nutrifresh\" \/>\n<meta property=\"og:description\" content=\"Die manuelle nutrifresh\u2122 Vakuumpumpe verschlie\u00dft Dosen luftdicht und verl\u00e4ngert die Frische von Lebensmitteln um 3-5 Mal.\" \/>\n<meta property=\"og:url\" content=\"https:\/\/nutrifresh.com\/de\/p\/manual-vacuum-pump\/\" \/>\n<meta property=\"og:site_name\" content=\"Nutrifresh\" \/>\n<meta property=\"article:modified_time\" content=\"2023-09-06T11:16:48+00:00\" \/>\n<meta property=\"og:image\" content=\"https:\/\/nutrifresh.com\/wp-content\/uploads\/2023\/08\/P508976_manual_vacuum_pump.jpg\" \/>\n\t<meta property=\"og:image:width\" content=\"1200\" \/>\n\t<meta property=\"og:image:height\" content=\"1200\" \/>\n\t<meta property=\"og:image:type\" content=\"image\/jpeg\" \/>\n<meta name=\"twitter:card\" content=\"summary_large_image\" \/>\n<meta name=\"twitter:label1\" content=\"Gesch\u00e4tzte Lesezeit\" \/>\n\t<meta name=\"twitter:data1\" content=\"1\u00a0Minute\" \/>\n<script type=\"application\/ld+json\" class=\"yoast-schema-graph\">{\"@context\":\"https:\/\/schema.org\",\"@graph\":[{\"@type\":\"WebPage\",\"@id\":\"https:\/\/nutrifresh.com\/de\/p\/manual-vacuum-pump\/\",\"url\":\"https:\/\/nutrifresh.com\/de\/p\/manual-vacuum-pump\/\",\"name\":\"Manuelle Vakuumpumpe | nutrifresh\",\"isPartOf\":{\"@id\":\"https:\/\/nutrifresh.com\/de\/#website\"},\"primaryImageOfPage\":{\"@id\":\"https:\/\/nutrifresh.com\/de\/p\/manual-vacuum-pump\/#primaryimage\"},\"image\":{\"@id\":\"https:\/\/nutrifresh.com\/de\/p\/manual-vacuum-pump\/#primaryimage\"},\"thumbnailUrl\":\"https:\/\/nutrifresh.com\/wp-content\/uploads\/2023\/08\/P508976_manual_vacuum_pump.jpg\",\"datePublished\":\"2023-08-02T15:02:06+00:00\",\"dateModified\":\"2023-09-06T11:16:48+00:00\",\"description\":\"Die manuelle nutrifresh\u2122 Vakuumpumpe verschlie\u00dft Dosen luftdicht und verl\u00e4ngert die Frische von Lebensmitteln um 3-5 Mal.\",\"breadcrumb\":{\"@id\":\"https:\/\/nutrifresh.com\/de\/p\/manual-vacuum-pump\/#breadcrumb\"},\"inLanguage\":\"de\",\"potentialAction\":[{\"@type\":\"ReadAction\",\"target\":[\"https:\/\/nutrifresh.com\/de\/p\/manual-vacuum-pump\/\"]}]},{\"@type\":\"ImageObject\",\"inLanguage\":\"de\",\"@id\":\"https:\/\/nutrifresh.com\/de\/p\/manual-vacuum-pump\/#primaryimage\",\"url\":\"https:\/\/nutrifresh.com\/wp-content\/uploads\/2023\/08\/P508976_manual_vacuum_pump.jpg\",\"contentUrl\":\"https:\/\/nutrifresh.com\/wp-content\/uploads\/2023\/08\/P508976_manual_vacuum_pump.jpg\",\"width\":1200,\"height\":1200},{\"@type\":\"BreadcrumbList\",\"@id\":\"https:\/\/nutrifresh.com\/de\/p\/manual-vacuum-pump\/#breadcrumb\",\"itemListElement\":[{\"@type\":\"ListItem\",\"position\":1,\"name\":\"Home\",\"item\":\"https:\/\/nutrifresh.com\/de\/startseite\/\"},{\"@type\":\"ListItem\",\"position\":2,\"name\":\"Zum Shop\",\"item\":\"https:\/\/nutrifresh.com\/de\/zum-shop\/\"},{\"@type\":\"ListItem\",\"position\":3,\"name\":\"Manuelle Vakuumpumpe\"}]},{\"@type\":\"WebSite\",\"@id\":\"https:\/\/nutrifresh.com\/de\/#website\",\"url\":\"https:\/\/nutrifresh.com\/de\/\",\"name\":\"Nutrifresh\",\"description\":\"A fresh way to eat healthier\",\"potentialAction\":[{\"@type\":\"SearchAction\",\"target\":{\"@type\":\"EntryPoint\",\"urlTemplate\":\"https:\/\/nutrifresh.com\/de\/?s={search_term_string}\"},\"query-input\":\"required name=search_term_string\"}],\"inLanguage\":\"de\"}]}<\/script>\n<!-- \/ Yoast SEO plugin. -->","yoast_head_json":{"title":"Manuelle Vakuumpumpe | nutrifresh","description":"Die manuelle nutrifresh\u2122 Vakuumpumpe verschlie\u00dft Dosen luftdicht und verl\u00e4ngert die Frische von Lebensmitteln um 3-5 Mal.","robots":{"index":"index","follow":"follow","max-snippet":"max-snippet:-1","max-image-preview":"max-image-preview:large","max-video-preview":"max-video-preview:-1"},"canonical":"https:\/\/nutrifresh.com\/de\/p\/manual-vacuum-pump\/","og_locale":"de_DE","og_type":"article","og_title":"Manuelle Vakuumpumpe | nutrifresh","og_description":"Die manuelle nutrifresh\u2122 Vakuumpumpe verschlie\u00dft Dosen luftdicht und verl\u00e4ngert die Frische von Lebensmitteln um 3-5 Mal.","og_url":"https:\/\/nutrifresh.com\/de\/p\/manual-vacuum-pump\/","og_site_name":"Nutrifresh","article_modified_time":"2023-09-06T11:16:48+00:00","og_image":[{"width":1200,"height":1200,"url":"https:\/\/nutrifresh.com\/wp-content\/uploads\/2023\/08\/P508976_manual_vacuum_pump.jpg","type":"image\/jpeg"}],"twitter_card":"summary_large_image","twitter_misc":{"Gesch\u00e4tzte Lesezeit":"1\u00a0Minute"},"schema":{"@context":"https:\/\/schema.org","@graph":[{"@type":"WebPage","@id":"https:\/\/nutrifresh.com\/de\/p\/manual-vacuum-pump\/","url":"https:\/\/nutrifresh.com\/de\/p\/manual-vacuum-pump\/","name":"Manuelle Vakuumpumpe | nutrifresh","isPartOf":{"@id":"https:\/\/nutrifresh.com\/de\/#website"},"primaryImageOfPage":{"@id":"https:\/\/nutrifresh.com\/de\/p\/manual-vacuum-pump\/#primaryimage"},"image":{"@id":"https:\/\/nutrifresh.com\/de\/p\/manual-vacuum-pump\/#primaryimage"},"thumbnailUrl":"https:\/\/nutrifresh.com\/wp-content\/uploads\/2023\/08\/P508976_manual_vacuum_pump.jpg","datePublished":"2023-08-02T15:02:06+00:00","dateModified":"2023-09-06T11:16:48+00:00","description":"Die manuelle nutrifresh\u2122 Vakuumpumpe verschlie\u00dft Dosen luftdicht und verl\u00e4ngert die Frische von Lebensmitteln um 3-5 Mal.","breadcrumb":{"@id":"https:\/\/nutrifresh.com\/de\/p\/manual-vacuum-pump\/#breadcrumb"},"inLanguage":"de","potentialAction":[{"@type":"ReadAction","target":["https:\/\/nutrifresh.com\/de\/p\/manual-vacuum-pump\/"]}]},{"@type":"ImageObject","inLanguage":"de","@id":"https:\/\/nutrifresh.com\/de\/p\/manual-vacuum-pump\/#primaryimage","url":"https:\/\/nutrifresh.com\/wp-content\/uploads\/2023\/08\/P508976_manual_vacuum_pump.jpg","contentUrl":"https:\/\/nutrifresh.com\/wp-content\/uploads\/2023\/08\/P508976_manual_vacuum_pump.jpg","width":1200,"height":1200},{"@type":"BreadcrumbList","@id":"https:\/\/nutrifresh.com\/de\/p\/manual-vacuum-pump\/#breadcrumb","itemListElement":[{"@type":"ListItem","position":1,"name":"Home","item":"https:\/\/nutrifresh.com\/de\/startseite\/"},{"@type":"ListItem","position":2,"name":"Zum Shop","item":"https:\/\/nutrifresh.com\/de\/zum-shop\/"},{"@type":"ListItem","position":3,"name":"Manuelle Vakuumpumpe"}]},{"@type":"WebSite","@id":"https:\/\/nutrifresh.com\/de\/#website","url":"https:\/\/nutrifresh.com\/de\/","name":"Nutrifresh","description":"A fresh way to eat healthier","potentialAction":[{"@type":"SearchAction","target":{"@type":"EntryPoint","urlTemplate":"https:\/\/nutrifresh.com\/de\/?s={search_term_string}"},"query-input":"required name=search_term_string"}],"inLanguage":"de"}]}},"_links":{"self":[{"href":"https:\/\/nutrifresh.com\/de\/wp-json\/wp\/v2\/product\/6466","targetHints":{"allow":["GET"]}}],"collection":[{"href":"https:\/\/nutrifresh.com\/de\/wp-json\/wp\/v2\/product"}],"about":[{"href":"https:\/\/nutrifresh.com\/de\/wp-json\/wp\/v2\/types\/product"}],"wp:featuredmedia":[{"embeddable":true,"href":"https:\/\/nutrifresh.com\/de\/wp-json\/wp\/v2\/media\/6467"}],"wp:attachment":[{"href":"https:\/\/nutrifresh.com\/de\/wp-json\/wp\/v2\/media?parent=6466"}],"wp:term":[{"taxonomy":"product_cat","embeddable":true,"href":"https:\/\/nutrifresh.com\/de\/wp-json\/wp\/v2\/product_cat?post=6466"},{"taxonomy":"product_tag","embeddable":true,"href":"https:\/\/nutrifresh.com\/de\/wp-json\/wp\/v2\/product_tag?post=6466"}],"curies":[{"name":"wp","href":"https:\/\/api.w.org\/{rel}","templated":true}]}}