{"id":6472,"date":"2023-08-02T14:41:57","date_gmt":"2023-08-02T14:41:57","guid":{"rendered":"https:\/\/nutrifresh.com\/p\/6-in-1-multifunktionsbecher\/"},"modified":"2023-09-06T11:29:56","modified_gmt":"2023-09-06T11:29:56","slug":"6-in-1-multifunctional-cup","status":"publish","type":"product","link":"https:\/\/nutrifresh.com\/de\/p\/6-in-1-multifunctional-cup\/","title":{"rendered":"6-in-1 Multifunktionsbecher"},"content":{"rendered":"<p>Die 6-in-1 Multifunktionsbecher von nutrifresh\u2122 d\u00fcrfen in keiner K\u00fcche fehlen. Dieses kompakte Set besteht aus zwei Messbechern, einer Zitruspresse, einer feinen Reibe, einem Eiertrenner und einem Trichter. Die beiden Messbecher haben die perfekte Gr\u00f6\u00dfe und erm\u00f6glichen mit der kleinen und gro\u00dfen Option pr\u00e4zises Abmessen. Das Silikonband mit dem Markennamen sorgt daf\u00fcr, dass alles ordentlich aufbewahrt wird und nur wenig Platz einnimmt.<\/p>\n","protected":false},"excerpt":{"rendered":"<p>Alles-in-1-L\u00f6sung<\/p>\n","protected":false},"featured_media":6473,"template":"","meta":{"inline_featured_image":false},"product_cat":[399],"product_tag":[],"class_list":{"0":"post-6472","1":"product","2":"type-product","3":"status-publish","4":"has-post-thumbnail","6":"product_cat-food-prep-de","8":"first","9":"instock","10":"shipping-taxable","11":"purchasable","12":"product-type-simple"},"acf":[],"yoast_head":"<!-- This site is optimized with the Yoast SEO plugin v23.2 - https:\/\/yoast.com\/wordpress\/plugins\/seo\/ -->\n<title>6-in-1-Multifunktionsbecher | nutrifresh<\/title>\n<meta name=\"description\" content=\"Dieses kompakte 6-in-1-Set enth\u00e4lt zwei Messbecher in perfekter Gr\u00f6\u00dfe, eine Zitrusreibe, eine feine Reibe, einen Eierseparator und einen Trichter.\" \/>\n<meta name=\"robots\" content=\"index, follow, max-snippet:-1, max-image-preview:large, max-video-preview:-1\" \/>\n<link rel=\"canonical\" href=\"https:\/\/nutrifresh.com\/de\/p\/6-in-1-multifunctional-cup\/\" \/>\n<meta property=\"og:locale\" content=\"de_DE\" \/>\n<meta property=\"og:type\" content=\"article\" \/>\n<meta property=\"og:title\" content=\"6-in-1-Multifunktionsbecher | nutrifresh\" \/>\n<meta property=\"og:description\" content=\"Dieses kompakte 6-in-1-Set enth\u00e4lt zwei Messbecher in perfekter Gr\u00f6\u00dfe, eine Zitrusreibe, eine feine Reibe, einen Eierseparator und einen Trichter.\" \/>\n<meta property=\"og:url\" content=\"https:\/\/nutrifresh.com\/de\/p\/6-in-1-multifunctional-cup\/\" \/>\n<meta property=\"og:site_name\" content=\"Nutrifresh\" \/>\n<meta property=\"article:modified_time\" content=\"2023-09-06T11:29:56+00:00\" \/>\n<meta property=\"og:image\" content=\"https:\/\/nutrifresh.com\/wp-content\/uploads\/2023\/08\/P502288_6in1_multifunction_cups_side.jpg\" \/>\n\t<meta property=\"og:image:width\" content=\"1200\" \/>\n\t<meta property=\"og:image:height\" content=\"1200\" \/>\n\t<meta property=\"og:image:type\" content=\"image\/jpeg\" \/>\n<meta name=\"twitter:card\" content=\"summary_large_image\" \/>\n<meta name=\"twitter:label1\" content=\"Gesch\u00e4tzte Lesezeit\" \/>\n\t<meta name=\"twitter:data1\" content=\"1\u00a0Minute\" \/>\n<script type=\"application\/ld+json\" class=\"yoast-schema-graph\">{\"@context\":\"https:\/\/schema.org\",\"@graph\":[{\"@type\":\"WebPage\",\"@id\":\"https:\/\/nutrifresh.com\/de\/p\/6-in-1-multifunctional-cup\/\",\"url\":\"https:\/\/nutrifresh.com\/de\/p\/6-in-1-multifunctional-cup\/\",\"name\":\"6-in-1-Multifunktionsbecher | nutrifresh\",\"isPartOf\":{\"@id\":\"https:\/\/nutrifresh.com\/de\/#website\"},\"primaryImageOfPage\":{\"@id\":\"https:\/\/nutrifresh.com\/de\/p\/6-in-1-multifunctional-cup\/#primaryimage\"},\"image\":{\"@id\":\"https:\/\/nutrifresh.com\/de\/p\/6-in-1-multifunctional-cup\/#primaryimage\"},\"thumbnailUrl\":\"https:\/\/nutrifresh.com\/wp-content\/uploads\/2023\/08\/P502288_6in1_multifunction_cups_side.jpg\",\"datePublished\":\"2023-08-02T14:41:57+00:00\",\"dateModified\":\"2023-09-06T11:29:56+00:00\",\"description\":\"Dieses kompakte 6-in-1-Set enth\u00e4lt zwei Messbecher in perfekter Gr\u00f6\u00dfe, eine Zitrusreibe, eine feine Reibe, einen Eierseparator und einen Trichter.\",\"breadcrumb\":{\"@id\":\"https:\/\/nutrifresh.com\/de\/p\/6-in-1-multifunctional-cup\/#breadcrumb\"},\"inLanguage\":\"de\",\"potentialAction\":[{\"@type\":\"ReadAction\",\"target\":[\"https:\/\/nutrifresh.com\/de\/p\/6-in-1-multifunctional-cup\/\"]}]},{\"@type\":\"ImageObject\",\"inLanguage\":\"de\",\"@id\":\"https:\/\/nutrifresh.com\/de\/p\/6-in-1-multifunctional-cup\/#primaryimage\",\"url\":\"https:\/\/nutrifresh.com\/wp-content\/uploads\/2023\/08\/P502288_6in1_multifunction_cups_side.jpg\",\"contentUrl\":\"https:\/\/nutrifresh.com\/wp-content\/uploads\/2023\/08\/P502288_6in1_multifunction_cups_side.jpg\",\"width\":1200,\"height\":1200},{\"@type\":\"BreadcrumbList\",\"@id\":\"https:\/\/nutrifresh.com\/de\/p\/6-in-1-multifunctional-cup\/#breadcrumb\",\"itemListElement\":[{\"@type\":\"ListItem\",\"position\":1,\"name\":\"Home\",\"item\":\"https:\/\/nutrifresh.com\/de\/startseite\/\"},{\"@type\":\"ListItem\",\"position\":2,\"name\":\"Zum Shop\",\"item\":\"https:\/\/nutrifresh.com\/de\/zum-shop\/\"},{\"@type\":\"ListItem\",\"position\":3,\"name\":\"6-in-1 Multifunktionsbecher\"}]},{\"@type\":\"WebSite\",\"@id\":\"https:\/\/nutrifresh.com\/de\/#website\",\"url\":\"https:\/\/nutrifresh.com\/de\/\",\"name\":\"Nutrifresh\",\"description\":\"A fresh way to eat healthier\",\"potentialAction\":[{\"@type\":\"SearchAction\",\"target\":{\"@type\":\"EntryPoint\",\"urlTemplate\":\"https:\/\/nutrifresh.com\/de\/?s={search_term_string}\"},\"query-input\":\"required name=search_term_string\"}],\"inLanguage\":\"de\"}]}<\/script>\n<!-- \/ Yoast SEO plugin. -->","yoast_head_json":{"title":"6-in-1-Multifunktionsbecher | nutrifresh","description":"Dieses kompakte 6-in-1-Set enth\u00e4lt zwei Messbecher in perfekter Gr\u00f6\u00dfe, eine Zitrusreibe, eine feine Reibe, einen Eierseparator und einen Trichter.","robots":{"index":"index","follow":"follow","max-snippet":"max-snippet:-1","max-image-preview":"max-image-preview:large","max-video-preview":"max-video-preview:-1"},"canonical":"https:\/\/nutrifresh.com\/de\/p\/6-in-1-multifunctional-cup\/","og_locale":"de_DE","og_type":"article","og_title":"6-in-1-Multifunktionsbecher | nutrifresh","og_description":"Dieses kompakte 6-in-1-Set enth\u00e4lt zwei Messbecher in perfekter Gr\u00f6\u00dfe, eine Zitrusreibe, eine feine Reibe, einen Eierseparator und einen Trichter.","og_url":"https:\/\/nutrifresh.com\/de\/p\/6-in-1-multifunctional-cup\/","og_site_name":"Nutrifresh","article_modified_time":"2023-09-06T11:29:56+00:00","og_image":[{"width":1200,"height":1200,"url":"https:\/\/nutrifresh.com\/wp-content\/uploads\/2023\/08\/P502288_6in1_multifunction_cups_side.jpg","type":"image\/jpeg"}],"twitter_card":"summary_large_image","twitter_misc":{"Gesch\u00e4tzte Lesezeit":"1\u00a0Minute"},"schema":{"@context":"https:\/\/schema.org","@graph":[{"@type":"WebPage","@id":"https:\/\/nutrifresh.com\/de\/p\/6-in-1-multifunctional-cup\/","url":"https:\/\/nutrifresh.com\/de\/p\/6-in-1-multifunctional-cup\/","name":"6-in-1-Multifunktionsbecher | nutrifresh","isPartOf":{"@id":"https:\/\/nutrifresh.com\/de\/#website"},"primaryImageOfPage":{"@id":"https:\/\/nutrifresh.com\/de\/p\/6-in-1-multifunctional-cup\/#primaryimage"},"image":{"@id":"https:\/\/nutrifresh.com\/de\/p\/6-in-1-multifunctional-cup\/#primaryimage"},"thumbnailUrl":"https:\/\/nutrifresh.com\/wp-content\/uploads\/2023\/08\/P502288_6in1_multifunction_cups_side.jpg","datePublished":"2023-08-02T14:41:57+00:00","dateModified":"2023-09-06T11:29:56+00:00","description":"Dieses kompakte 6-in-1-Set enth\u00e4lt zwei Messbecher in perfekter Gr\u00f6\u00dfe, eine Zitrusreibe, eine feine Reibe, einen Eierseparator und einen Trichter.","breadcrumb":{"@id":"https:\/\/nutrifresh.com\/de\/p\/6-in-1-multifunctional-cup\/#breadcrumb"},"inLanguage":"de","potentialAction":[{"@type":"ReadAction","target":["https:\/\/nutrifresh.com\/de\/p\/6-in-1-multifunctional-cup\/"]}]},{"@type":"ImageObject","inLanguage":"de","@id":"https:\/\/nutrifresh.com\/de\/p\/6-in-1-multifunctional-cup\/#primaryimage","url":"https:\/\/nutrifresh.com\/wp-content\/uploads\/2023\/08\/P502288_6in1_multifunction_cups_side.jpg","contentUrl":"https:\/\/nutrifresh.com\/wp-content\/uploads\/2023\/08\/P502288_6in1_multifunction_cups_side.jpg","width":1200,"height":1200},{"@type":"BreadcrumbList","@id":"https:\/\/nutrifresh.com\/de\/p\/6-in-1-multifunctional-cup\/#breadcrumb","itemListElement":[{"@type":"ListItem","position":1,"name":"Home","item":"https:\/\/nutrifresh.com\/de\/startseite\/"},{"@type":"ListItem","position":2,"name":"Zum Shop","item":"https:\/\/nutrifresh.com\/de\/zum-shop\/"},{"@type":"ListItem","position":3,"name":"6-in-1 Multifunktionsbecher"}]},{"@type":"WebSite","@id":"https:\/\/nutrifresh.com\/de\/#website","url":"https:\/\/nutrifresh.com\/de\/","name":"Nutrifresh","description":"A fresh way to eat healthier","potentialAction":[{"@type":"SearchAction","target":{"@type":"EntryPoint","urlTemplate":"https:\/\/nutrifresh.com\/de\/?s={search_term_string}"},"query-input":"required name=search_term_string"}],"inLanguage":"de"}]}},"_links":{"self":[{"href":"https:\/\/nutrifresh.com\/de\/wp-json\/wp\/v2\/product\/6472","targetHints":{"allow":["GET"]}}],"collection":[{"href":"https:\/\/nutrifresh.com\/de\/wp-json\/wp\/v2\/product"}],"about":[{"href":"https:\/\/nutrifresh.com\/de\/wp-json\/wp\/v2\/types\/product"}],"wp:featuredmedia":[{"embeddable":true,"href":"https:\/\/nutrifresh.com\/de\/wp-json\/wp\/v2\/media\/6473"}],"wp:attachment":[{"href":"https:\/\/nutrifresh.com\/de\/wp-json\/wp\/v2\/media?parent=6472"}],"wp:term":[{"taxonomy":"product_cat","embeddable":true,"href":"https:\/\/nutrifresh.com\/de\/wp-json\/wp\/v2\/product_cat?post=6472"},{"taxonomy":"product_tag","embeddable":true,"href":"https:\/\/nutrifresh.com\/de\/wp-json\/wp\/v2\/product_tag?post=6472"}],"curies":[{"name":"wp","href":"https:\/\/api.w.org\/{rel}","templated":true}]}}