{"id":6481,"date":"2023-08-02T14:41:57","date_gmt":"2023-08-02T14:41:57","guid":{"rendered":"https:\/\/nutrifresh.com\/p\/kochmesser\/"},"modified":"2023-09-06T15:19:05","modified_gmt":"2023-09-06T15:19:05","slug":"cooks-knife","status":"publish","type":"product","link":"https:\/\/nutrifresh.com\/de\/p\/cooks-knife\/","title":{"rendered":"Kochmesser"},"content":{"rendered":"<p>Unser Allround-Messer mit konisch geschliffener Klinge vereint die Eigenschaften eines gro\u00dfen Santoku-Messers und eines kleinen Kochmessers. Die in die Klinge ge\u00e4tzte schraffierte Textur f\u00fchrt die Finger beim Schneiden von Lebensmitteln sehr pr\u00e4zise. Der Griff ist mit einer Vertiefung versehen, die beim Schneiden von festen Lebensmitteln f\u00fcr zus\u00e4tzliche Kraft sorgt. Durch die Messerscheide aus Polypropylen bleibt die Klinge l\u00e4nger scharf. Der strapazierf\u00e4hige ABS-Griff mit matter Oberfl\u00e4che ist ergonomisch geformt und liegt gut in der Hand.<\/p>\n","protected":false},"excerpt":{"rendered":"<p>Das ultimative K\u00fcchenutensil<\/p>\n","protected":false},"featured_media":6482,"template":"","meta":{"inline_featured_image":false},"product_cat":[399],"product_tag":[],"class_list":{"0":"post-6481","1":"product","2":"type-product","3":"status-publish","4":"has-post-thumbnail","6":"product_cat-food-prep-de","8":"first","9":"outofstock","10":"shipping-taxable","11":"purchasable","12":"product-type-simple"},"acf":[],"yoast_head":"<!-- This site is optimized with the Yoast SEO plugin v23.2 - https:\/\/yoast.com\/wordpress\/plugins\/seo\/ -->\n<title>Kochmesser | nutrifresh<\/title>\n<meta name=\"description\" content=\"Unser Chefkochmesser, mit verbesserten Griff und spitz zulaufender Klinge, vereint die Eigenschaften des Santoku-Kochmessers und des kleinen K\u00fcchenmessers.\" \/>\n<meta name=\"robots\" content=\"index, follow, max-snippet:-1, max-image-preview:large, max-video-preview:-1\" \/>\n<link rel=\"canonical\" href=\"https:\/\/nutrifresh.com\/de\/p\/cooks-knife\/\" \/>\n<meta property=\"og:locale\" content=\"de_DE\" \/>\n<meta property=\"og:type\" content=\"article\" \/>\n<meta property=\"og:title\" content=\"Kochmesser | nutrifresh\" \/>\n<meta property=\"og:description\" content=\"Unser Chefkochmesser, mit verbesserten Griff und spitz zulaufender Klinge, vereint die Eigenschaften des Santoku-Kochmessers und des kleinen K\u00fcchenmessers.\" \/>\n<meta property=\"og:url\" content=\"https:\/\/nutrifresh.com\/de\/p\/cooks-knife\/\" \/>\n<meta property=\"og:site_name\" content=\"Nutrifresh\" \/>\n<meta property=\"article:modified_time\" content=\"2023-09-06T15:19:05+00:00\" \/>\n<meta property=\"og:image\" content=\"https:\/\/nutrifresh.com\/wp-content\/uploads\/2023\/08\/p507476_cooks_knife_16.5cm_cover2.jpg\" \/>\n\t<meta property=\"og:image:width\" content=\"1200\" \/>\n\t<meta property=\"og:image:height\" content=\"1200\" \/>\n\t<meta property=\"og:image:type\" content=\"image\/jpeg\" \/>\n<meta name=\"twitter:card\" content=\"summary_large_image\" \/>\n<meta name=\"twitter:label1\" content=\"Gesch\u00e4tzte Lesezeit\" \/>\n\t<meta name=\"twitter:data1\" content=\"1\u00a0Minute\" \/>\n<script type=\"application\/ld+json\" class=\"yoast-schema-graph\">{\"@context\":\"https:\/\/schema.org\",\"@graph\":[{\"@type\":\"WebPage\",\"@id\":\"https:\/\/nutrifresh.com\/de\/p\/cooks-knife\/\",\"url\":\"https:\/\/nutrifresh.com\/de\/p\/cooks-knife\/\",\"name\":\"Kochmesser | nutrifresh\",\"isPartOf\":{\"@id\":\"https:\/\/nutrifresh.com\/de\/#website\"},\"primaryImageOfPage\":{\"@id\":\"https:\/\/nutrifresh.com\/de\/p\/cooks-knife\/#primaryimage\"},\"image\":{\"@id\":\"https:\/\/nutrifresh.com\/de\/p\/cooks-knife\/#primaryimage\"},\"thumbnailUrl\":\"https:\/\/nutrifresh.com\/wp-content\/uploads\/2023\/08\/p507476_cooks_knife_16.5cm_cover2.jpg\",\"datePublished\":\"2023-08-02T14:41:57+00:00\",\"dateModified\":\"2023-09-06T15:19:05+00:00\",\"description\":\"Unser Chefkochmesser, mit verbesserten Griff und spitz zulaufender Klinge, vereint die Eigenschaften des Santoku-Kochmessers und des kleinen K\u00fcchenmessers.\",\"breadcrumb\":{\"@id\":\"https:\/\/nutrifresh.com\/de\/p\/cooks-knife\/#breadcrumb\"},\"inLanguage\":\"de\",\"potentialAction\":[{\"@type\":\"ReadAction\",\"target\":[\"https:\/\/nutrifresh.com\/de\/p\/cooks-knife\/\"]}]},{\"@type\":\"ImageObject\",\"inLanguage\":\"de\",\"@id\":\"https:\/\/nutrifresh.com\/de\/p\/cooks-knife\/#primaryimage\",\"url\":\"https:\/\/nutrifresh.com\/wp-content\/uploads\/2023\/08\/p507476_cooks_knife_16.5cm_cover2.jpg\",\"contentUrl\":\"https:\/\/nutrifresh.com\/wp-content\/uploads\/2023\/08\/p507476_cooks_knife_16.5cm_cover2.jpg\",\"width\":1200,\"height\":1200},{\"@type\":\"BreadcrumbList\",\"@id\":\"https:\/\/nutrifresh.com\/de\/p\/cooks-knife\/#breadcrumb\",\"itemListElement\":[{\"@type\":\"ListItem\",\"position\":1,\"name\":\"Home\",\"item\":\"https:\/\/nutrifresh.com\/de\/startseite\/\"},{\"@type\":\"ListItem\",\"position\":2,\"name\":\"Zum Shop\",\"item\":\"https:\/\/nutrifresh.com\/de\/zum-shop\/\"},{\"@type\":\"ListItem\",\"position\":3,\"name\":\"Kochmesser\"}]},{\"@type\":\"WebSite\",\"@id\":\"https:\/\/nutrifresh.com\/de\/#website\",\"url\":\"https:\/\/nutrifresh.com\/de\/\",\"name\":\"Nutrifresh\",\"description\":\"A fresh way to eat healthier\",\"potentialAction\":[{\"@type\":\"SearchAction\",\"target\":{\"@type\":\"EntryPoint\",\"urlTemplate\":\"https:\/\/nutrifresh.com\/de\/?s={search_term_string}\"},\"query-input\":\"required name=search_term_string\"}],\"inLanguage\":\"de\"}]}<\/script>\n<!-- \/ Yoast SEO plugin. -->","yoast_head_json":{"title":"Kochmesser | nutrifresh","description":"Unser Chefkochmesser, mit verbesserten Griff und spitz zulaufender Klinge, vereint die Eigenschaften des Santoku-Kochmessers und des kleinen K\u00fcchenmessers.","robots":{"index":"index","follow":"follow","max-snippet":"max-snippet:-1","max-image-preview":"max-image-preview:large","max-video-preview":"max-video-preview:-1"},"canonical":"https:\/\/nutrifresh.com\/de\/p\/cooks-knife\/","og_locale":"de_DE","og_type":"article","og_title":"Kochmesser | nutrifresh","og_description":"Unser Chefkochmesser, mit verbesserten Griff und spitz zulaufender Klinge, vereint die Eigenschaften des Santoku-Kochmessers und des kleinen K\u00fcchenmessers.","og_url":"https:\/\/nutrifresh.com\/de\/p\/cooks-knife\/","og_site_name":"Nutrifresh","article_modified_time":"2023-09-06T15:19:05+00:00","og_image":[{"width":1200,"height":1200,"url":"https:\/\/nutrifresh.com\/wp-content\/uploads\/2023\/08\/p507476_cooks_knife_16.5cm_cover2.jpg","type":"image\/jpeg"}],"twitter_card":"summary_large_image","twitter_misc":{"Gesch\u00e4tzte Lesezeit":"1\u00a0Minute"},"schema":{"@context":"https:\/\/schema.org","@graph":[{"@type":"WebPage","@id":"https:\/\/nutrifresh.com\/de\/p\/cooks-knife\/","url":"https:\/\/nutrifresh.com\/de\/p\/cooks-knife\/","name":"Kochmesser | nutrifresh","isPartOf":{"@id":"https:\/\/nutrifresh.com\/de\/#website"},"primaryImageOfPage":{"@id":"https:\/\/nutrifresh.com\/de\/p\/cooks-knife\/#primaryimage"},"image":{"@id":"https:\/\/nutrifresh.com\/de\/p\/cooks-knife\/#primaryimage"},"thumbnailUrl":"https:\/\/nutrifresh.com\/wp-content\/uploads\/2023\/08\/p507476_cooks_knife_16.5cm_cover2.jpg","datePublished":"2023-08-02T14:41:57+00:00","dateModified":"2023-09-06T15:19:05+00:00","description":"Unser Chefkochmesser, mit verbesserten Griff und spitz zulaufender Klinge, vereint die Eigenschaften des Santoku-Kochmessers und des kleinen K\u00fcchenmessers.","breadcrumb":{"@id":"https:\/\/nutrifresh.com\/de\/p\/cooks-knife\/#breadcrumb"},"inLanguage":"de","potentialAction":[{"@type":"ReadAction","target":["https:\/\/nutrifresh.com\/de\/p\/cooks-knife\/"]}]},{"@type":"ImageObject","inLanguage":"de","@id":"https:\/\/nutrifresh.com\/de\/p\/cooks-knife\/#primaryimage","url":"https:\/\/nutrifresh.com\/wp-content\/uploads\/2023\/08\/p507476_cooks_knife_16.5cm_cover2.jpg","contentUrl":"https:\/\/nutrifresh.com\/wp-content\/uploads\/2023\/08\/p507476_cooks_knife_16.5cm_cover2.jpg","width":1200,"height":1200},{"@type":"BreadcrumbList","@id":"https:\/\/nutrifresh.com\/de\/p\/cooks-knife\/#breadcrumb","itemListElement":[{"@type":"ListItem","position":1,"name":"Home","item":"https:\/\/nutrifresh.com\/de\/startseite\/"},{"@type":"ListItem","position":2,"name":"Zum Shop","item":"https:\/\/nutrifresh.com\/de\/zum-shop\/"},{"@type":"ListItem","position":3,"name":"Kochmesser"}]},{"@type":"WebSite","@id":"https:\/\/nutrifresh.com\/de\/#website","url":"https:\/\/nutrifresh.com\/de\/","name":"Nutrifresh","description":"A fresh way to eat healthier","potentialAction":[{"@type":"SearchAction","target":{"@type":"EntryPoint","urlTemplate":"https:\/\/nutrifresh.com\/de\/?s={search_term_string}"},"query-input":"required name=search_term_string"}],"inLanguage":"de"}]}},"_links":{"self":[{"href":"https:\/\/nutrifresh.com\/de\/wp-json\/wp\/v2\/product\/6481","targetHints":{"allow":["GET"]}}],"collection":[{"href":"https:\/\/nutrifresh.com\/de\/wp-json\/wp\/v2\/product"}],"about":[{"href":"https:\/\/nutrifresh.com\/de\/wp-json\/wp\/v2\/types\/product"}],"wp:featuredmedia":[{"embeddable":true,"href":"https:\/\/nutrifresh.com\/de\/wp-json\/wp\/v2\/media\/6482"}],"wp:attachment":[{"href":"https:\/\/nutrifresh.com\/de\/wp-json\/wp\/v2\/media?parent=6481"}],"wp:term":[{"taxonomy":"product_cat","embeddable":true,"href":"https:\/\/nutrifresh.com\/de\/wp-json\/wp\/v2\/product_cat?post=6481"},{"taxonomy":"product_tag","embeddable":true,"href":"https:\/\/nutrifresh.com\/de\/wp-json\/wp\/v2\/product_tag?post=6481"}],"curies":[{"name":"wp","href":"https:\/\/api.w.org\/{rel}","templated":true}]}}