{"id":6484,"date":"2023-08-02T14:41:57","date_gmt":"2023-08-02T14:41:57","guid":{"rendered":"https:\/\/nutrifresh.com\/p\/purierstab\/"},"modified":"2023-09-06T11:40:23","modified_gmt":"2023-09-06T11:40:23","slug":"hand-blender","status":"publish","type":"product","link":"https:\/\/nutrifresh.com\/de\/p\/hand-blender\/","title":{"rendered":"P\u00fcrierstab"},"content":{"rendered":"<p>Mit dem leistungsstarken 600-Watt-Motor und den doppelt wirkenden Edelstahlklingen sorgt der P\u00fcrierstab von nutrifresh\u2122 in Sekundenschnelle f\u00fcr ein gleichm\u00e4\u00dfig glattes Ergebnis. Dank der einstellbaren Drehzahl, dem ergonomischen Soft-Touch-Griff und der Turbotaste ist er einfach zu bedienen und f\u00fcr jedes Rezept geeignet. Der abnehmbare Fu\u00df ist sp\u00fclmaschinenfest.<\/p>\n","protected":false},"excerpt":{"rendered":"<p>Kreativ mischen<\/p>\n","protected":false},"featured_media":6485,"template":"","meta":{"inline_featured_image":false},"product_cat":[399],"product_tag":[],"class_list":{"0":"post-6484","1":"product","2":"type-product","3":"status-publish","4":"has-post-thumbnail","6":"product_cat-food-prep-de","8":"first","9":"outofstock","10":"shipping-taxable","11":"purchasable","12":"product-type-simple"},"acf":[],"yoast_head":"<!-- This site is optimized with the Yoast SEO plugin v23.2 - https:\/\/yoast.com\/wordpress\/plugins\/seo\/ -->\n<title>P\u00fcrierstab | nutrifresh<\/title>\n<meta name=\"description\" content=\"Mit einem leistungsstarken 600-Watt-Motor und Klingen aus rostfreiem Stahl sorgt der nutrifresh\u2122 Stabmixer schnell f\u00fcr ein perfektes glattes Ergebnis.\" \/>\n<meta name=\"robots\" content=\"index, follow, max-snippet:-1, max-image-preview:large, max-video-preview:-1\" \/>\n<link rel=\"canonical\" href=\"https:\/\/nutrifresh.com\/de\/p\/hand-blender\/\" \/>\n<meta property=\"og:locale\" content=\"de_DE\" \/>\n<meta property=\"og:type\" content=\"article\" \/>\n<meta property=\"og:title\" content=\"P\u00fcrierstab | nutrifresh\" \/>\n<meta property=\"og:description\" content=\"Mit einem leistungsstarken 600-Watt-Motor und Klingen aus rostfreiem Stahl sorgt der nutrifresh\u2122 Stabmixer schnell f\u00fcr ein perfektes glattes Ergebnis.\" \/>\n<meta property=\"og:url\" content=\"https:\/\/nutrifresh.com\/de\/p\/hand-blender\/\" \/>\n<meta property=\"og:site_name\" content=\"Nutrifresh\" \/>\n<meta property=\"article:modified_time\" content=\"2023-09-06T11:40:23+00:00\" \/>\n<meta property=\"og:image\" content=\"https:\/\/nutrifresh.com\/wp-content\/uploads\/2023\/08\/p508399_4_in_1_spiralizer_hand_blender_whisk_group.jpg\" \/>\n\t<meta property=\"og:image:width\" content=\"1200\" \/>\n\t<meta property=\"og:image:height\" content=\"1200\" \/>\n\t<meta property=\"og:image:type\" content=\"image\/jpeg\" \/>\n<meta name=\"twitter:card\" content=\"summary_large_image\" \/>\n<meta name=\"twitter:label1\" content=\"Gesch\u00e4tzte Lesezeit\" \/>\n\t<meta name=\"twitter:data1\" content=\"1\u00a0Minute\" \/>\n<script type=\"application\/ld+json\" class=\"yoast-schema-graph\">{\"@context\":\"https:\/\/schema.org\",\"@graph\":[{\"@type\":\"WebPage\",\"@id\":\"https:\/\/nutrifresh.com\/de\/p\/hand-blender\/\",\"url\":\"https:\/\/nutrifresh.com\/de\/p\/hand-blender\/\",\"name\":\"P\u00fcrierstab | nutrifresh\",\"isPartOf\":{\"@id\":\"https:\/\/nutrifresh.com\/de\/#website\"},\"primaryImageOfPage\":{\"@id\":\"https:\/\/nutrifresh.com\/de\/p\/hand-blender\/#primaryimage\"},\"image\":{\"@id\":\"https:\/\/nutrifresh.com\/de\/p\/hand-blender\/#primaryimage\"},\"thumbnailUrl\":\"https:\/\/nutrifresh.com\/wp-content\/uploads\/2023\/08\/p508399_4_in_1_spiralizer_hand_blender_whisk_group.jpg\",\"datePublished\":\"2023-08-02T14:41:57+00:00\",\"dateModified\":\"2023-09-06T11:40:23+00:00\",\"description\":\"Mit einem leistungsstarken 600-Watt-Motor und Klingen aus rostfreiem Stahl sorgt der nutrifresh\u2122 Stabmixer schnell f\u00fcr ein perfektes glattes Ergebnis.\",\"breadcrumb\":{\"@id\":\"https:\/\/nutrifresh.com\/de\/p\/hand-blender\/#breadcrumb\"},\"inLanguage\":\"de\",\"potentialAction\":[{\"@type\":\"ReadAction\",\"target\":[\"https:\/\/nutrifresh.com\/de\/p\/hand-blender\/\"]}]},{\"@type\":\"ImageObject\",\"inLanguage\":\"de\",\"@id\":\"https:\/\/nutrifresh.com\/de\/p\/hand-blender\/#primaryimage\",\"url\":\"https:\/\/nutrifresh.com\/wp-content\/uploads\/2023\/08\/p508399_4_in_1_spiralizer_hand_blender_whisk_group.jpg\",\"contentUrl\":\"https:\/\/nutrifresh.com\/wp-content\/uploads\/2023\/08\/p508399_4_in_1_spiralizer_hand_blender_whisk_group.jpg\",\"width\":1200,\"height\":1200},{\"@type\":\"BreadcrumbList\",\"@id\":\"https:\/\/nutrifresh.com\/de\/p\/hand-blender\/#breadcrumb\",\"itemListElement\":[{\"@type\":\"ListItem\",\"position\":1,\"name\":\"Home\",\"item\":\"https:\/\/nutrifresh.com\/de\/startseite\/\"},{\"@type\":\"ListItem\",\"position\":2,\"name\":\"Zum Shop\",\"item\":\"https:\/\/nutrifresh.com\/de\/zum-shop\/\"},{\"@type\":\"ListItem\",\"position\":3,\"name\":\"P\u00fcrierstab\"}]},{\"@type\":\"WebSite\",\"@id\":\"https:\/\/nutrifresh.com\/de\/#website\",\"url\":\"https:\/\/nutrifresh.com\/de\/\",\"name\":\"Nutrifresh\",\"description\":\"A fresh way to eat healthier\",\"potentialAction\":[{\"@type\":\"SearchAction\",\"target\":{\"@type\":\"EntryPoint\",\"urlTemplate\":\"https:\/\/nutrifresh.com\/de\/?s={search_term_string}\"},\"query-input\":\"required name=search_term_string\"}],\"inLanguage\":\"de\"}]}<\/script>\n<!-- \/ Yoast SEO plugin. -->","yoast_head_json":{"title":"P\u00fcrierstab | nutrifresh","description":"Mit einem leistungsstarken 600-Watt-Motor und Klingen aus rostfreiem Stahl sorgt der nutrifresh\u2122 Stabmixer schnell f\u00fcr ein perfektes glattes Ergebnis.","robots":{"index":"index","follow":"follow","max-snippet":"max-snippet:-1","max-image-preview":"max-image-preview:large","max-video-preview":"max-video-preview:-1"},"canonical":"https:\/\/nutrifresh.com\/de\/p\/hand-blender\/","og_locale":"de_DE","og_type":"article","og_title":"P\u00fcrierstab | nutrifresh","og_description":"Mit einem leistungsstarken 600-Watt-Motor und Klingen aus rostfreiem Stahl sorgt der nutrifresh\u2122 Stabmixer schnell f\u00fcr ein perfektes glattes Ergebnis.","og_url":"https:\/\/nutrifresh.com\/de\/p\/hand-blender\/","og_site_name":"Nutrifresh","article_modified_time":"2023-09-06T11:40:23+00:00","og_image":[{"width":1200,"height":1200,"url":"https:\/\/nutrifresh.com\/wp-content\/uploads\/2023\/08\/p508399_4_in_1_spiralizer_hand_blender_whisk_group.jpg","type":"image\/jpeg"}],"twitter_card":"summary_large_image","twitter_misc":{"Gesch\u00e4tzte Lesezeit":"1\u00a0Minute"},"schema":{"@context":"https:\/\/schema.org","@graph":[{"@type":"WebPage","@id":"https:\/\/nutrifresh.com\/de\/p\/hand-blender\/","url":"https:\/\/nutrifresh.com\/de\/p\/hand-blender\/","name":"P\u00fcrierstab | nutrifresh","isPartOf":{"@id":"https:\/\/nutrifresh.com\/de\/#website"},"primaryImageOfPage":{"@id":"https:\/\/nutrifresh.com\/de\/p\/hand-blender\/#primaryimage"},"image":{"@id":"https:\/\/nutrifresh.com\/de\/p\/hand-blender\/#primaryimage"},"thumbnailUrl":"https:\/\/nutrifresh.com\/wp-content\/uploads\/2023\/08\/p508399_4_in_1_spiralizer_hand_blender_whisk_group.jpg","datePublished":"2023-08-02T14:41:57+00:00","dateModified":"2023-09-06T11:40:23+00:00","description":"Mit einem leistungsstarken 600-Watt-Motor und Klingen aus rostfreiem Stahl sorgt der nutrifresh\u2122 Stabmixer schnell f\u00fcr ein perfektes glattes Ergebnis.","breadcrumb":{"@id":"https:\/\/nutrifresh.com\/de\/p\/hand-blender\/#breadcrumb"},"inLanguage":"de","potentialAction":[{"@type":"ReadAction","target":["https:\/\/nutrifresh.com\/de\/p\/hand-blender\/"]}]},{"@type":"ImageObject","inLanguage":"de","@id":"https:\/\/nutrifresh.com\/de\/p\/hand-blender\/#primaryimage","url":"https:\/\/nutrifresh.com\/wp-content\/uploads\/2023\/08\/p508399_4_in_1_spiralizer_hand_blender_whisk_group.jpg","contentUrl":"https:\/\/nutrifresh.com\/wp-content\/uploads\/2023\/08\/p508399_4_in_1_spiralizer_hand_blender_whisk_group.jpg","width":1200,"height":1200},{"@type":"BreadcrumbList","@id":"https:\/\/nutrifresh.com\/de\/p\/hand-blender\/#breadcrumb","itemListElement":[{"@type":"ListItem","position":1,"name":"Home","item":"https:\/\/nutrifresh.com\/de\/startseite\/"},{"@type":"ListItem","position":2,"name":"Zum Shop","item":"https:\/\/nutrifresh.com\/de\/zum-shop\/"},{"@type":"ListItem","position":3,"name":"P\u00fcrierstab"}]},{"@type":"WebSite","@id":"https:\/\/nutrifresh.com\/de\/#website","url":"https:\/\/nutrifresh.com\/de\/","name":"Nutrifresh","description":"A fresh way to eat healthier","potentialAction":[{"@type":"SearchAction","target":{"@type":"EntryPoint","urlTemplate":"https:\/\/nutrifresh.com\/de\/?s={search_term_string}"},"query-input":"required name=search_term_string"}],"inLanguage":"de"}]}},"_links":{"self":[{"href":"https:\/\/nutrifresh.com\/de\/wp-json\/wp\/v2\/product\/6484","targetHints":{"allow":["GET"]}}],"collection":[{"href":"https:\/\/nutrifresh.com\/de\/wp-json\/wp\/v2\/product"}],"about":[{"href":"https:\/\/nutrifresh.com\/de\/wp-json\/wp\/v2\/types\/product"}],"wp:featuredmedia":[{"embeddable":true,"href":"https:\/\/nutrifresh.com\/de\/wp-json\/wp\/v2\/media\/6485"}],"wp:attachment":[{"href":"https:\/\/nutrifresh.com\/de\/wp-json\/wp\/v2\/media?parent=6484"}],"wp:term":[{"taxonomy":"product_cat","embeddable":true,"href":"https:\/\/nutrifresh.com\/de\/wp-json\/wp\/v2\/product_cat?post=6484"},{"taxonomy":"product_tag","embeddable":true,"href":"https:\/\/nutrifresh.com\/de\/wp-json\/wp\/v2\/product_tag?post=6484"}],"curies":[{"name":"wp","href":"https:\/\/api.w.org\/{rel}","templated":true}]}}