{"id":6489,"date":"2023-08-02T14:41:57","date_gmt":"2023-08-02T14:41:57","guid":{"rendered":"https:\/\/nutrifresh.com\/p\/standmixer\/"},"modified":"2023-09-06T11:42:00","modified_gmt":"2023-09-06T11:42:00","slug":"nutrition-blender","status":"publish","type":"product","link":"https:\/\/nutrifresh.com\/de\/p\/nutrition-blender\/","title":{"rendered":"Standmixer"},"content":{"rendered":"<p>Mit dem Standmixer von nutrifresh\u2122 k\u00f6nnen Sie einfach und schnell gesunde Drinks oder leckere Smoothies zubereiten. Dank der Kombination aus leistungsstarkem 600-Watt-Motor und unglaublichen 20.000 Umdrehungen pro Minute zerkleinert die 4-zackige Klinge selbst die h\u00e4rtesten Fr\u00fcchte, Gem\u00fcse, Kerne und Eisw\u00fcrfel und verarbeitet sie zu einem s\u00e4migen, nahrhaften Getr\u00e4nk. Mit den zus\u00e4tzlichen 2-zackigen Mahlmessern k\u00f6nnen Sie auch Samen, Gew\u00fcrze und K\u00f6rner zerkleinern. Der Mixer ist einfach und schnell zu bedienen und umfasst einen BPA-freien Kunststoffbeh\u00e4lter mit einem Fassungsverm\u00f6gen von 600 ml. Einfach auf Knopfdruck mixen. Tauschen Sie die Klinge des Mixers einfach gegen den Trinkdeckel aus \u2013 schon ist Ihr gesunder Drink fertig. Praktisch f\u00fcr unterwegs, zum Fr\u00fchst\u00fcck, zum Mittagessen, vor oder nach dem Sport oder einfach als Snack zwischendurch.<\/p>\n","protected":false},"excerpt":{"rendered":"<p>Gesunde Ern\u00e4hrung leicht gemacht<\/p>\n","protected":false},"featured_media":6490,"template":"","meta":{"inline_featured_image":false},"product_cat":[399],"product_tag":[],"class_list":{"0":"post-6489","1":"product","2":"type-product","3":"status-publish","4":"has-post-thumbnail","6":"product_cat-food-prep-de","8":"first","9":"outofstock","10":"shipping-taxable","11":"purchasable","12":"product-type-simple"},"acf":[],"yoast_head":"<!-- This site is optimized with the Yoast SEO plugin v23.2 - https:\/\/yoast.com\/wordpress\/plugins\/seo\/ -->\n<title>Standmixer | nutrifresh<\/title>\n<meta name=\"description\" content=\"Der nutrifresh\u2122-Mixer bereitet m\u00fchelos gesunde Getr\u00e4nke und Smoothies zu \u2013 ideal f\u00fcr unterwegs, zum Fr\u00fchst\u00fcck oder Mittagessen.\" \/>\n<meta name=\"robots\" content=\"index, follow, max-snippet:-1, max-image-preview:large, max-video-preview:-1\" \/>\n<link rel=\"canonical\" href=\"https:\/\/nutrifresh.com\/de\/p\/nutrition-blender\/\" \/>\n<meta property=\"og:locale\" content=\"de_DE\" \/>\n<meta property=\"og:type\" content=\"article\" \/>\n<meta property=\"og:title\" content=\"Standmixer | nutrifresh\" \/>\n<meta property=\"og:description\" content=\"Der nutrifresh\u2122-Mixer bereitet m\u00fchelos gesunde Getr\u00e4nke und Smoothies zu \u2013 ideal f\u00fcr unterwegs, zum Fr\u00fchst\u00fcck oder Mittagessen.\" \/>\n<meta property=\"og:url\" content=\"https:\/\/nutrifresh.com\/de\/p\/nutrition-blender\/\" \/>\n<meta property=\"og:site_name\" content=\"Nutrifresh\" \/>\n<meta property=\"article:modified_time\" content=\"2023-09-06T11:42:00+00:00\" \/>\n<meta property=\"og:image\" content=\"https:\/\/nutrifresh.com\/wp-content\/uploads\/2023\/08\/P509243_Juice_Blender_berries_3qtr_front.jpg\" \/>\n\t<meta property=\"og:image:width\" content=\"1200\" \/>\n\t<meta property=\"og:image:height\" content=\"1200\" \/>\n\t<meta property=\"og:image:type\" content=\"image\/jpeg\" \/>\n<meta name=\"twitter:card\" content=\"summary_large_image\" \/>\n<meta name=\"twitter:label1\" content=\"Gesch\u00e4tzte Lesezeit\" \/>\n\t<meta name=\"twitter:data1\" content=\"1\u00a0Minute\" \/>\n<script type=\"application\/ld+json\" class=\"yoast-schema-graph\">{\"@context\":\"https:\/\/schema.org\",\"@graph\":[{\"@type\":\"WebPage\",\"@id\":\"https:\/\/nutrifresh.com\/de\/p\/nutrition-blender\/\",\"url\":\"https:\/\/nutrifresh.com\/de\/p\/nutrition-blender\/\",\"name\":\"Standmixer | nutrifresh\",\"isPartOf\":{\"@id\":\"https:\/\/nutrifresh.com\/de\/#website\"},\"primaryImageOfPage\":{\"@id\":\"https:\/\/nutrifresh.com\/de\/p\/nutrition-blender\/#primaryimage\"},\"image\":{\"@id\":\"https:\/\/nutrifresh.com\/de\/p\/nutrition-blender\/#primaryimage\"},\"thumbnailUrl\":\"https:\/\/nutrifresh.com\/wp-content\/uploads\/2023\/08\/P509243_Juice_Blender_berries_3qtr_front.jpg\",\"datePublished\":\"2023-08-02T14:41:57+00:00\",\"dateModified\":\"2023-09-06T11:42:00+00:00\",\"description\":\"Der nutrifresh\u2122-Mixer bereitet m\u00fchelos gesunde Getr\u00e4nke und Smoothies zu \u2013 ideal f\u00fcr unterwegs, zum Fr\u00fchst\u00fcck oder Mittagessen.\",\"breadcrumb\":{\"@id\":\"https:\/\/nutrifresh.com\/de\/p\/nutrition-blender\/#breadcrumb\"},\"inLanguage\":\"de\",\"potentialAction\":[{\"@type\":\"ReadAction\",\"target\":[\"https:\/\/nutrifresh.com\/de\/p\/nutrition-blender\/\"]}]},{\"@type\":\"ImageObject\",\"inLanguage\":\"de\",\"@id\":\"https:\/\/nutrifresh.com\/de\/p\/nutrition-blender\/#primaryimage\",\"url\":\"https:\/\/nutrifresh.com\/wp-content\/uploads\/2023\/08\/P509243_Juice_Blender_berries_3qtr_front.jpg\",\"contentUrl\":\"https:\/\/nutrifresh.com\/wp-content\/uploads\/2023\/08\/P509243_Juice_Blender_berries_3qtr_front.jpg\",\"width\":1200,\"height\":1200},{\"@type\":\"BreadcrumbList\",\"@id\":\"https:\/\/nutrifresh.com\/de\/p\/nutrition-blender\/#breadcrumb\",\"itemListElement\":[{\"@type\":\"ListItem\",\"position\":1,\"name\":\"Home\",\"item\":\"https:\/\/nutrifresh.com\/de\/startseite\/\"},{\"@type\":\"ListItem\",\"position\":2,\"name\":\"Zum Shop\",\"item\":\"https:\/\/nutrifresh.com\/de\/zum-shop\/\"},{\"@type\":\"ListItem\",\"position\":3,\"name\":\"Standmixer\"}]},{\"@type\":\"WebSite\",\"@id\":\"https:\/\/nutrifresh.com\/de\/#website\",\"url\":\"https:\/\/nutrifresh.com\/de\/\",\"name\":\"Nutrifresh\",\"description\":\"A fresh way to eat healthier\",\"potentialAction\":[{\"@type\":\"SearchAction\",\"target\":{\"@type\":\"EntryPoint\",\"urlTemplate\":\"https:\/\/nutrifresh.com\/de\/?s={search_term_string}\"},\"query-input\":\"required name=search_term_string\"}],\"inLanguage\":\"de\"}]}<\/script>\n<!-- \/ Yoast SEO plugin. -->","yoast_head_json":{"title":"Standmixer | nutrifresh","description":"Der nutrifresh\u2122-Mixer bereitet m\u00fchelos gesunde Getr\u00e4nke und Smoothies zu \u2013 ideal f\u00fcr unterwegs, zum Fr\u00fchst\u00fcck oder Mittagessen.","robots":{"index":"index","follow":"follow","max-snippet":"max-snippet:-1","max-image-preview":"max-image-preview:large","max-video-preview":"max-video-preview:-1"},"canonical":"https:\/\/nutrifresh.com\/de\/p\/nutrition-blender\/","og_locale":"de_DE","og_type":"article","og_title":"Standmixer | nutrifresh","og_description":"Der nutrifresh\u2122-Mixer bereitet m\u00fchelos gesunde Getr\u00e4nke und Smoothies zu \u2013 ideal f\u00fcr unterwegs, zum Fr\u00fchst\u00fcck oder Mittagessen.","og_url":"https:\/\/nutrifresh.com\/de\/p\/nutrition-blender\/","og_site_name":"Nutrifresh","article_modified_time":"2023-09-06T11:42:00+00:00","og_image":[{"width":1200,"height":1200,"url":"https:\/\/nutrifresh.com\/wp-content\/uploads\/2023\/08\/P509243_Juice_Blender_berries_3qtr_front.jpg","type":"image\/jpeg"}],"twitter_card":"summary_large_image","twitter_misc":{"Gesch\u00e4tzte Lesezeit":"1\u00a0Minute"},"schema":{"@context":"https:\/\/schema.org","@graph":[{"@type":"WebPage","@id":"https:\/\/nutrifresh.com\/de\/p\/nutrition-blender\/","url":"https:\/\/nutrifresh.com\/de\/p\/nutrition-blender\/","name":"Standmixer | nutrifresh","isPartOf":{"@id":"https:\/\/nutrifresh.com\/de\/#website"},"primaryImageOfPage":{"@id":"https:\/\/nutrifresh.com\/de\/p\/nutrition-blender\/#primaryimage"},"image":{"@id":"https:\/\/nutrifresh.com\/de\/p\/nutrition-blender\/#primaryimage"},"thumbnailUrl":"https:\/\/nutrifresh.com\/wp-content\/uploads\/2023\/08\/P509243_Juice_Blender_berries_3qtr_front.jpg","datePublished":"2023-08-02T14:41:57+00:00","dateModified":"2023-09-06T11:42:00+00:00","description":"Der nutrifresh\u2122-Mixer bereitet m\u00fchelos gesunde Getr\u00e4nke und Smoothies zu \u2013 ideal f\u00fcr unterwegs, zum Fr\u00fchst\u00fcck oder Mittagessen.","breadcrumb":{"@id":"https:\/\/nutrifresh.com\/de\/p\/nutrition-blender\/#breadcrumb"},"inLanguage":"de","potentialAction":[{"@type":"ReadAction","target":["https:\/\/nutrifresh.com\/de\/p\/nutrition-blender\/"]}]},{"@type":"ImageObject","inLanguage":"de","@id":"https:\/\/nutrifresh.com\/de\/p\/nutrition-blender\/#primaryimage","url":"https:\/\/nutrifresh.com\/wp-content\/uploads\/2023\/08\/P509243_Juice_Blender_berries_3qtr_front.jpg","contentUrl":"https:\/\/nutrifresh.com\/wp-content\/uploads\/2023\/08\/P509243_Juice_Blender_berries_3qtr_front.jpg","width":1200,"height":1200},{"@type":"BreadcrumbList","@id":"https:\/\/nutrifresh.com\/de\/p\/nutrition-blender\/#breadcrumb","itemListElement":[{"@type":"ListItem","position":1,"name":"Home","item":"https:\/\/nutrifresh.com\/de\/startseite\/"},{"@type":"ListItem","position":2,"name":"Zum Shop","item":"https:\/\/nutrifresh.com\/de\/zum-shop\/"},{"@type":"ListItem","position":3,"name":"Standmixer"}]},{"@type":"WebSite","@id":"https:\/\/nutrifresh.com\/de\/#website","url":"https:\/\/nutrifresh.com\/de\/","name":"Nutrifresh","description":"A fresh way to eat healthier","potentialAction":[{"@type":"SearchAction","target":{"@type":"EntryPoint","urlTemplate":"https:\/\/nutrifresh.com\/de\/?s={search_term_string}"},"query-input":"required name=search_term_string"}],"inLanguage":"de"}]}},"_links":{"self":[{"href":"https:\/\/nutrifresh.com\/de\/wp-json\/wp\/v2\/product\/6489","targetHints":{"allow":["GET"]}}],"collection":[{"href":"https:\/\/nutrifresh.com\/de\/wp-json\/wp\/v2\/product"}],"about":[{"href":"https:\/\/nutrifresh.com\/de\/wp-json\/wp\/v2\/types\/product"}],"wp:featuredmedia":[{"embeddable":true,"href":"https:\/\/nutrifresh.com\/de\/wp-json\/wp\/v2\/media\/6490"}],"wp:attachment":[{"href":"https:\/\/nutrifresh.com\/de\/wp-json\/wp\/v2\/media?parent=6489"}],"wp:term":[{"taxonomy":"product_cat","embeddable":true,"href":"https:\/\/nutrifresh.com\/de\/wp-json\/wp\/v2\/product_cat?post=6489"},{"taxonomy":"product_tag","embeddable":true,"href":"https:\/\/nutrifresh.com\/de\/wp-json\/wp\/v2\/product_tag?post=6489"}],"curies":[{"name":"wp","href":"https:\/\/api.w.org\/{rel}","templated":true}]}}