{"id":6494,"date":"2023-08-02T14:41:57","date_gmt":"2023-08-02T14:41:57","guid":{"rendered":"https:\/\/nutrifresh.com\/p\/kuchenschere\/"},"modified":"2023-09-06T11:43:01","modified_gmt":"2023-09-06T11:43:01","slug":"kitchen-scissors","status":"publish","type":"product","link":"https:\/\/nutrifresh.com\/de\/p\/kitchen-scissors\/","title":{"rendered":"K\u00fcchenschere"},"content":{"rendered":"<p>Die Schere mit PRECISION\/POWER TPR-Fl\u00e4chen von nutrifresh\u2122 f\u00fchrt Ihre Hand bei der Verwendung der Schere optimal. Die scharfe vordere Klinge ist eine gro\u00dfe Hilfe bei der Ausf\u00fchrung kleiner, pr\u00e4ziser Schnitte. Die Schere verf\u00fcgt auch \u00fcber einen integrierten Flaschen\u00f6ffner.<\/p>\n","protected":false},"excerpt":{"rendered":"<p>Im Handumdrehen geschnitten<\/p>\n","protected":false},"featured_media":6495,"template":"","meta":{"inline_featured_image":false},"product_cat":[399],"product_tag":[],"class_list":{"0":"post-6494","1":"product","2":"type-product","3":"status-publish","4":"has-post-thumbnail","6":"product_cat-food-prep-de","8":"first","9":"outofstock","10":"shipping-taxable","11":"purchasable","12":"product-type-simple"},"acf":[],"yoast_head":"<!-- This site is optimized with the Yoast SEO plugin v23.2 - https:\/\/yoast.com\/wordpress\/plugins\/seo\/ -->\n<title>K\u00fcchenschere | nutrifresh<\/title>\n<meta name=\"description\" content=\"Die nutrifresh\u2122-Schere mit F\u00fchrung erm\u00f6glicht Ihnen optimale Schnitte. Ausgestattet mit einer scharfen Klinge und einem integrierten Flaschen\u00f6ffner.\" \/>\n<meta name=\"robots\" content=\"index, follow, max-snippet:-1, max-image-preview:large, max-video-preview:-1\" \/>\n<link rel=\"canonical\" href=\"https:\/\/nutrifresh.com\/de\/p\/kitchen-scissors\/\" \/>\n<meta property=\"og:locale\" content=\"de_DE\" \/>\n<meta property=\"og:type\" content=\"article\" \/>\n<meta property=\"og:title\" content=\"K\u00fcchenschere | nutrifresh\" \/>\n<meta property=\"og:description\" content=\"Die nutrifresh\u2122-Schere mit F\u00fchrung erm\u00f6glicht Ihnen optimale Schnitte. Ausgestattet mit einer scharfen Klinge und einem integrierten Flaschen\u00f6ffner.\" \/>\n<meta property=\"og:url\" content=\"https:\/\/nutrifresh.com\/de\/p\/kitchen-scissors\/\" \/>\n<meta property=\"og:site_name\" content=\"Nutrifresh\" \/>\n<meta property=\"article:modified_time\" content=\"2023-09-06T11:43:01+00:00\" \/>\n<meta property=\"og:image\" content=\"https:\/\/nutrifresh.com\/wp-content\/uploads\/2023\/08\/P507479_Kitchen_Scissors_open.jpg\" \/>\n\t<meta property=\"og:image:width\" content=\"1200\" \/>\n\t<meta property=\"og:image:height\" content=\"1200\" \/>\n\t<meta property=\"og:image:type\" content=\"image\/jpeg\" \/>\n<meta name=\"twitter:card\" content=\"summary_large_image\" \/>\n<meta name=\"twitter:label1\" content=\"Gesch\u00e4tzte Lesezeit\" \/>\n\t<meta name=\"twitter:data1\" content=\"1\u00a0Minute\" \/>\n<script type=\"application\/ld+json\" class=\"yoast-schema-graph\">{\"@context\":\"https:\/\/schema.org\",\"@graph\":[{\"@type\":\"WebPage\",\"@id\":\"https:\/\/nutrifresh.com\/de\/p\/kitchen-scissors\/\",\"url\":\"https:\/\/nutrifresh.com\/de\/p\/kitchen-scissors\/\",\"name\":\"K\u00fcchenschere | nutrifresh\",\"isPartOf\":{\"@id\":\"https:\/\/nutrifresh.com\/de\/#website\"},\"primaryImageOfPage\":{\"@id\":\"https:\/\/nutrifresh.com\/de\/p\/kitchen-scissors\/#primaryimage\"},\"image\":{\"@id\":\"https:\/\/nutrifresh.com\/de\/p\/kitchen-scissors\/#primaryimage\"},\"thumbnailUrl\":\"https:\/\/nutrifresh.com\/wp-content\/uploads\/2023\/08\/P507479_Kitchen_Scissors_open.jpg\",\"datePublished\":\"2023-08-02T14:41:57+00:00\",\"dateModified\":\"2023-09-06T11:43:01+00:00\",\"description\":\"Die nutrifresh\u2122-Schere mit F\u00fchrung erm\u00f6glicht Ihnen optimale Schnitte. Ausgestattet mit einer scharfen Klinge und einem integrierten Flaschen\u00f6ffner.\",\"breadcrumb\":{\"@id\":\"https:\/\/nutrifresh.com\/de\/p\/kitchen-scissors\/#breadcrumb\"},\"inLanguage\":\"de\",\"potentialAction\":[{\"@type\":\"ReadAction\",\"target\":[\"https:\/\/nutrifresh.com\/de\/p\/kitchen-scissors\/\"]}]},{\"@type\":\"ImageObject\",\"inLanguage\":\"de\",\"@id\":\"https:\/\/nutrifresh.com\/de\/p\/kitchen-scissors\/#primaryimage\",\"url\":\"https:\/\/nutrifresh.com\/wp-content\/uploads\/2023\/08\/P507479_Kitchen_Scissors_open.jpg\",\"contentUrl\":\"https:\/\/nutrifresh.com\/wp-content\/uploads\/2023\/08\/P507479_Kitchen_Scissors_open.jpg\",\"width\":1200,\"height\":1200},{\"@type\":\"BreadcrumbList\",\"@id\":\"https:\/\/nutrifresh.com\/de\/p\/kitchen-scissors\/#breadcrumb\",\"itemListElement\":[{\"@type\":\"ListItem\",\"position\":1,\"name\":\"Home\",\"item\":\"https:\/\/nutrifresh.com\/de\/startseite\/\"},{\"@type\":\"ListItem\",\"position\":2,\"name\":\"Zum Shop\",\"item\":\"https:\/\/nutrifresh.com\/de\/zum-shop\/\"},{\"@type\":\"ListItem\",\"position\":3,\"name\":\"K\u00fcchenschere\"}]},{\"@type\":\"WebSite\",\"@id\":\"https:\/\/nutrifresh.com\/de\/#website\",\"url\":\"https:\/\/nutrifresh.com\/de\/\",\"name\":\"Nutrifresh\",\"description\":\"A fresh way to eat healthier\",\"potentialAction\":[{\"@type\":\"SearchAction\",\"target\":{\"@type\":\"EntryPoint\",\"urlTemplate\":\"https:\/\/nutrifresh.com\/de\/?s={search_term_string}\"},\"query-input\":\"required name=search_term_string\"}],\"inLanguage\":\"de\"}]}<\/script>\n<!-- \/ Yoast SEO plugin. -->","yoast_head_json":{"title":"K\u00fcchenschere | nutrifresh","description":"Die nutrifresh\u2122-Schere mit F\u00fchrung erm\u00f6glicht Ihnen optimale Schnitte. Ausgestattet mit einer scharfen Klinge und einem integrierten Flaschen\u00f6ffner.","robots":{"index":"index","follow":"follow","max-snippet":"max-snippet:-1","max-image-preview":"max-image-preview:large","max-video-preview":"max-video-preview:-1"},"canonical":"https:\/\/nutrifresh.com\/de\/p\/kitchen-scissors\/","og_locale":"de_DE","og_type":"article","og_title":"K\u00fcchenschere | nutrifresh","og_description":"Die nutrifresh\u2122-Schere mit F\u00fchrung erm\u00f6glicht Ihnen optimale Schnitte. Ausgestattet mit einer scharfen Klinge und einem integrierten Flaschen\u00f6ffner.","og_url":"https:\/\/nutrifresh.com\/de\/p\/kitchen-scissors\/","og_site_name":"Nutrifresh","article_modified_time":"2023-09-06T11:43:01+00:00","og_image":[{"width":1200,"height":1200,"url":"https:\/\/nutrifresh.com\/wp-content\/uploads\/2023\/08\/P507479_Kitchen_Scissors_open.jpg","type":"image\/jpeg"}],"twitter_card":"summary_large_image","twitter_misc":{"Gesch\u00e4tzte Lesezeit":"1\u00a0Minute"},"schema":{"@context":"https:\/\/schema.org","@graph":[{"@type":"WebPage","@id":"https:\/\/nutrifresh.com\/de\/p\/kitchen-scissors\/","url":"https:\/\/nutrifresh.com\/de\/p\/kitchen-scissors\/","name":"K\u00fcchenschere | nutrifresh","isPartOf":{"@id":"https:\/\/nutrifresh.com\/de\/#website"},"primaryImageOfPage":{"@id":"https:\/\/nutrifresh.com\/de\/p\/kitchen-scissors\/#primaryimage"},"image":{"@id":"https:\/\/nutrifresh.com\/de\/p\/kitchen-scissors\/#primaryimage"},"thumbnailUrl":"https:\/\/nutrifresh.com\/wp-content\/uploads\/2023\/08\/P507479_Kitchen_Scissors_open.jpg","datePublished":"2023-08-02T14:41:57+00:00","dateModified":"2023-09-06T11:43:01+00:00","description":"Die nutrifresh\u2122-Schere mit F\u00fchrung erm\u00f6glicht Ihnen optimale Schnitte. Ausgestattet mit einer scharfen Klinge und einem integrierten Flaschen\u00f6ffner.","breadcrumb":{"@id":"https:\/\/nutrifresh.com\/de\/p\/kitchen-scissors\/#breadcrumb"},"inLanguage":"de","potentialAction":[{"@type":"ReadAction","target":["https:\/\/nutrifresh.com\/de\/p\/kitchen-scissors\/"]}]},{"@type":"ImageObject","inLanguage":"de","@id":"https:\/\/nutrifresh.com\/de\/p\/kitchen-scissors\/#primaryimage","url":"https:\/\/nutrifresh.com\/wp-content\/uploads\/2023\/08\/P507479_Kitchen_Scissors_open.jpg","contentUrl":"https:\/\/nutrifresh.com\/wp-content\/uploads\/2023\/08\/P507479_Kitchen_Scissors_open.jpg","width":1200,"height":1200},{"@type":"BreadcrumbList","@id":"https:\/\/nutrifresh.com\/de\/p\/kitchen-scissors\/#breadcrumb","itemListElement":[{"@type":"ListItem","position":1,"name":"Home","item":"https:\/\/nutrifresh.com\/de\/startseite\/"},{"@type":"ListItem","position":2,"name":"Zum Shop","item":"https:\/\/nutrifresh.com\/de\/zum-shop\/"},{"@type":"ListItem","position":3,"name":"K\u00fcchenschere"}]},{"@type":"WebSite","@id":"https:\/\/nutrifresh.com\/de\/#website","url":"https:\/\/nutrifresh.com\/de\/","name":"Nutrifresh","description":"A fresh way to eat healthier","potentialAction":[{"@type":"SearchAction","target":{"@type":"EntryPoint","urlTemplate":"https:\/\/nutrifresh.com\/de\/?s={search_term_string}"},"query-input":"required name=search_term_string"}],"inLanguage":"de"}]}},"_links":{"self":[{"href":"https:\/\/nutrifresh.com\/de\/wp-json\/wp\/v2\/product\/6494","targetHints":{"allow":["GET"]}}],"collection":[{"href":"https:\/\/nutrifresh.com\/de\/wp-json\/wp\/v2\/product"}],"about":[{"href":"https:\/\/nutrifresh.com\/de\/wp-json\/wp\/v2\/types\/product"}],"wp:featuredmedia":[{"embeddable":true,"href":"https:\/\/nutrifresh.com\/de\/wp-json\/wp\/v2\/media\/6495"}],"wp:attachment":[{"href":"https:\/\/nutrifresh.com\/de\/wp-json\/wp\/v2\/media?parent=6494"}],"wp:term":[{"taxonomy":"product_cat","embeddable":true,"href":"https:\/\/nutrifresh.com\/de\/wp-json\/wp\/v2\/product_cat?post=6494"},{"taxonomy":"product_tag","embeddable":true,"href":"https:\/\/nutrifresh.com\/de\/wp-json\/wp\/v2\/product_tag?post=6494"}],"curies":[{"name":"wp","href":"https:\/\/api.w.org\/{rel}","templated":true}]}}