{"id":6500,"date":"2023-08-02T14:41:57","date_gmt":"2023-08-02T14:41:57","guid":{"rendered":"https:\/\/nutrifresh.com\/p\/universalmesser-mit-wellenschliff\/"},"modified":"2023-09-06T11:45:42","modified_gmt":"2023-09-06T11:45:42","slug":"serrated-utility-knife","status":"publish","type":"product","link":"https:\/\/nutrifresh.com\/de\/p\/serrated-utility-knife\/","title":{"rendered":"Universalmesser mit Wellenschliff"},"content":{"rendered":"<p>Die Klinge mit Wellenschliff bleibt l\u00e4nger scharf und das Universalmesser eignet sich insbesondere f\u00fcr Lebensmittel mit weicher Schale. Die Form des strapazierf\u00e4higen ABS-Griffs wurde speziell entwickelt, damit das Messer bequem in der Hand liegt. Die Messerscheide aus Polypropylen sch\u00fctzt die Klinge und h\u00e4lt sie l\u00e4nger scharf.<\/p>\n","protected":false},"excerpt":{"rendered":"<p>Perfekt f\u00fcr jeden Einsatz<\/p>\n","protected":false},"featured_media":6501,"template":"","meta":{"inline_featured_image":false},"product_cat":[399],"product_tag":[],"class_list":{"0":"post-6500","1":"product","2":"type-product","3":"status-publish","4":"has-post-thumbnail","6":"product_cat-food-prep-de","8":"first","9":"outofstock","10":"shipping-taxable","11":"purchasable","12":"product-type-simple"},"acf":[],"yoast_head":"<!-- This site is optimized with the Yoast SEO plugin v23.2 - https:\/\/yoast.com\/wordpress\/plugins\/seo\/ -->\n<title>Universalmesser mit Wellenschliff | nutrifresh<\/title>\n<meta name=\"description\" content=\"Ein Mehrzweckmesser, das speziell f\u00fcr einen bequemeren Handgebrauch entwickelt wurde. Beinhaltet eine sch\u00fctzende Klingenabdeckung aus Polypropylen.\" \/>\n<meta name=\"robots\" content=\"index, follow, max-snippet:-1, max-image-preview:large, max-video-preview:-1\" \/>\n<link rel=\"canonical\" href=\"https:\/\/nutrifresh.com\/de\/p\/serrated-utility-knife\/\" \/>\n<meta property=\"og:locale\" content=\"de_DE\" \/>\n<meta property=\"og:type\" content=\"article\" \/>\n<meta property=\"og:title\" content=\"Universalmesser mit Wellenschliff | nutrifresh\" \/>\n<meta property=\"og:description\" content=\"Ein Mehrzweckmesser, das speziell f\u00fcr einen bequemeren Handgebrauch entwickelt wurde. Beinhaltet eine sch\u00fctzende Klingenabdeckung aus Polypropylen.\" \/>\n<meta property=\"og:url\" content=\"https:\/\/nutrifresh.com\/de\/p\/serrated-utility-knife\/\" \/>\n<meta property=\"og:site_name\" content=\"Nutrifresh\" \/>\n<meta property=\"article:modified_time\" content=\"2023-09-06T11:45:42+00:00\" \/>\n<meta property=\"og:image\" content=\"https:\/\/nutrifresh.com\/wp-content\/uploads\/2023\/08\/p507477_serrated_utility_knife_12.5cm_cover_2.jpg\" \/>\n\t<meta property=\"og:image:width\" content=\"1200\" \/>\n\t<meta property=\"og:image:height\" content=\"1200\" \/>\n\t<meta property=\"og:image:type\" content=\"image\/jpeg\" \/>\n<meta name=\"twitter:card\" content=\"summary_large_image\" \/>\n<meta name=\"twitter:label1\" content=\"Gesch\u00e4tzte Lesezeit\" \/>\n\t<meta name=\"twitter:data1\" content=\"1\u00a0Minute\" \/>\n<script type=\"application\/ld+json\" class=\"yoast-schema-graph\">{\"@context\":\"https:\/\/schema.org\",\"@graph\":[{\"@type\":\"WebPage\",\"@id\":\"https:\/\/nutrifresh.com\/de\/p\/serrated-utility-knife\/\",\"url\":\"https:\/\/nutrifresh.com\/de\/p\/serrated-utility-knife\/\",\"name\":\"Universalmesser mit Wellenschliff | nutrifresh\",\"isPartOf\":{\"@id\":\"https:\/\/nutrifresh.com\/de\/#website\"},\"primaryImageOfPage\":{\"@id\":\"https:\/\/nutrifresh.com\/de\/p\/serrated-utility-knife\/#primaryimage\"},\"image\":{\"@id\":\"https:\/\/nutrifresh.com\/de\/p\/serrated-utility-knife\/#primaryimage\"},\"thumbnailUrl\":\"https:\/\/nutrifresh.com\/wp-content\/uploads\/2023\/08\/p507477_serrated_utility_knife_12.5cm_cover_2.jpg\",\"datePublished\":\"2023-08-02T14:41:57+00:00\",\"dateModified\":\"2023-09-06T11:45:42+00:00\",\"description\":\"Ein Mehrzweckmesser, das speziell f\u00fcr einen bequemeren Handgebrauch entwickelt wurde. Beinhaltet eine sch\u00fctzende Klingenabdeckung aus Polypropylen.\",\"breadcrumb\":{\"@id\":\"https:\/\/nutrifresh.com\/de\/p\/serrated-utility-knife\/#breadcrumb\"},\"inLanguage\":\"de\",\"potentialAction\":[{\"@type\":\"ReadAction\",\"target\":[\"https:\/\/nutrifresh.com\/de\/p\/serrated-utility-knife\/\"]}]},{\"@type\":\"ImageObject\",\"inLanguage\":\"de\",\"@id\":\"https:\/\/nutrifresh.com\/de\/p\/serrated-utility-knife\/#primaryimage\",\"url\":\"https:\/\/nutrifresh.com\/wp-content\/uploads\/2023\/08\/p507477_serrated_utility_knife_12.5cm_cover_2.jpg\",\"contentUrl\":\"https:\/\/nutrifresh.com\/wp-content\/uploads\/2023\/08\/p507477_serrated_utility_knife_12.5cm_cover_2.jpg\",\"width\":1200,\"height\":1200},{\"@type\":\"BreadcrumbList\",\"@id\":\"https:\/\/nutrifresh.com\/de\/p\/serrated-utility-knife\/#breadcrumb\",\"itemListElement\":[{\"@type\":\"ListItem\",\"position\":1,\"name\":\"Home\",\"item\":\"https:\/\/nutrifresh.com\/de\/startseite\/\"},{\"@type\":\"ListItem\",\"position\":2,\"name\":\"Zum Shop\",\"item\":\"https:\/\/nutrifresh.com\/de\/zum-shop\/\"},{\"@type\":\"ListItem\",\"position\":3,\"name\":\"Universalmesser mit Wellenschliff\"}]},{\"@type\":\"WebSite\",\"@id\":\"https:\/\/nutrifresh.com\/de\/#website\",\"url\":\"https:\/\/nutrifresh.com\/de\/\",\"name\":\"Nutrifresh\",\"description\":\"A fresh way to eat healthier\",\"potentialAction\":[{\"@type\":\"SearchAction\",\"target\":{\"@type\":\"EntryPoint\",\"urlTemplate\":\"https:\/\/nutrifresh.com\/de\/?s={search_term_string}\"},\"query-input\":\"required name=search_term_string\"}],\"inLanguage\":\"de\"}]}<\/script>\n<!-- \/ Yoast SEO plugin. -->","yoast_head_json":{"title":"Universalmesser mit Wellenschliff | nutrifresh","description":"Ein Mehrzweckmesser, das speziell f\u00fcr einen bequemeren Handgebrauch entwickelt wurde. Beinhaltet eine sch\u00fctzende Klingenabdeckung aus Polypropylen.","robots":{"index":"index","follow":"follow","max-snippet":"max-snippet:-1","max-image-preview":"max-image-preview:large","max-video-preview":"max-video-preview:-1"},"canonical":"https:\/\/nutrifresh.com\/de\/p\/serrated-utility-knife\/","og_locale":"de_DE","og_type":"article","og_title":"Universalmesser mit Wellenschliff | nutrifresh","og_description":"Ein Mehrzweckmesser, das speziell f\u00fcr einen bequemeren Handgebrauch entwickelt wurde. Beinhaltet eine sch\u00fctzende Klingenabdeckung aus Polypropylen.","og_url":"https:\/\/nutrifresh.com\/de\/p\/serrated-utility-knife\/","og_site_name":"Nutrifresh","article_modified_time":"2023-09-06T11:45:42+00:00","og_image":[{"width":1200,"height":1200,"url":"https:\/\/nutrifresh.com\/wp-content\/uploads\/2023\/08\/p507477_serrated_utility_knife_12.5cm_cover_2.jpg","type":"image\/jpeg"}],"twitter_card":"summary_large_image","twitter_misc":{"Gesch\u00e4tzte Lesezeit":"1\u00a0Minute"},"schema":{"@context":"https:\/\/schema.org","@graph":[{"@type":"WebPage","@id":"https:\/\/nutrifresh.com\/de\/p\/serrated-utility-knife\/","url":"https:\/\/nutrifresh.com\/de\/p\/serrated-utility-knife\/","name":"Universalmesser mit Wellenschliff | nutrifresh","isPartOf":{"@id":"https:\/\/nutrifresh.com\/de\/#website"},"primaryImageOfPage":{"@id":"https:\/\/nutrifresh.com\/de\/p\/serrated-utility-knife\/#primaryimage"},"image":{"@id":"https:\/\/nutrifresh.com\/de\/p\/serrated-utility-knife\/#primaryimage"},"thumbnailUrl":"https:\/\/nutrifresh.com\/wp-content\/uploads\/2023\/08\/p507477_serrated_utility_knife_12.5cm_cover_2.jpg","datePublished":"2023-08-02T14:41:57+00:00","dateModified":"2023-09-06T11:45:42+00:00","description":"Ein Mehrzweckmesser, das speziell f\u00fcr einen bequemeren Handgebrauch entwickelt wurde. Beinhaltet eine sch\u00fctzende Klingenabdeckung aus Polypropylen.","breadcrumb":{"@id":"https:\/\/nutrifresh.com\/de\/p\/serrated-utility-knife\/#breadcrumb"},"inLanguage":"de","potentialAction":[{"@type":"ReadAction","target":["https:\/\/nutrifresh.com\/de\/p\/serrated-utility-knife\/"]}]},{"@type":"ImageObject","inLanguage":"de","@id":"https:\/\/nutrifresh.com\/de\/p\/serrated-utility-knife\/#primaryimage","url":"https:\/\/nutrifresh.com\/wp-content\/uploads\/2023\/08\/p507477_serrated_utility_knife_12.5cm_cover_2.jpg","contentUrl":"https:\/\/nutrifresh.com\/wp-content\/uploads\/2023\/08\/p507477_serrated_utility_knife_12.5cm_cover_2.jpg","width":1200,"height":1200},{"@type":"BreadcrumbList","@id":"https:\/\/nutrifresh.com\/de\/p\/serrated-utility-knife\/#breadcrumb","itemListElement":[{"@type":"ListItem","position":1,"name":"Home","item":"https:\/\/nutrifresh.com\/de\/startseite\/"},{"@type":"ListItem","position":2,"name":"Zum Shop","item":"https:\/\/nutrifresh.com\/de\/zum-shop\/"},{"@type":"ListItem","position":3,"name":"Universalmesser mit Wellenschliff"}]},{"@type":"WebSite","@id":"https:\/\/nutrifresh.com\/de\/#website","url":"https:\/\/nutrifresh.com\/de\/","name":"Nutrifresh","description":"A fresh way to eat healthier","potentialAction":[{"@type":"SearchAction","target":{"@type":"EntryPoint","urlTemplate":"https:\/\/nutrifresh.com\/de\/?s={search_term_string}"},"query-input":"required name=search_term_string"}],"inLanguage":"de"}]}},"_links":{"self":[{"href":"https:\/\/nutrifresh.com\/de\/wp-json\/wp\/v2\/product\/6500","targetHints":{"allow":["GET"]}}],"collection":[{"href":"https:\/\/nutrifresh.com\/de\/wp-json\/wp\/v2\/product"}],"about":[{"href":"https:\/\/nutrifresh.com\/de\/wp-json\/wp\/v2\/types\/product"}],"wp:featuredmedia":[{"embeddable":true,"href":"https:\/\/nutrifresh.com\/de\/wp-json\/wp\/v2\/media\/6501"}],"wp:attachment":[{"href":"https:\/\/nutrifresh.com\/de\/wp-json\/wp\/v2\/media?parent=6500"}],"wp:term":[{"taxonomy":"product_cat","embeddable":true,"href":"https:\/\/nutrifresh.com\/de\/wp-json\/wp\/v2\/product_cat?post=6500"},{"taxonomy":"product_tag","embeddable":true,"href":"https:\/\/nutrifresh.com\/de\/wp-json\/wp\/v2\/product_tag?post=6500"}],"curies":[{"name":"wp","href":"https:\/\/api.w.org\/{rel}","templated":true}]}}