{"id":6503,"date":"2023-08-03T17:24:56","date_gmt":"2023-08-03T17:24:56","guid":{"rendered":"https:\/\/nutrifresh.com\/p\/brotmesser\/"},"modified":"2023-09-06T11:21:23","modified_gmt":"2023-09-06T11:21:23","slug":"bread-knife","status":"publish","type":"product","link":"https:\/\/nutrifresh.com\/de\/p\/bread-knife\/","title":{"rendered":"Brotmesser"},"content":{"rendered":"<p>Das Brotmesser der Serie Easy Prep von nutrifresh\u2122 schneidet nicht nur Brot perfekt, sondern ist ein vielseitiger Helfer in der K\u00fcche. Die Klinge mit Wellen- und Hohlschliff sorgt f\u00fcr m\u00fcheloses Schneiden. Das Messer eignet sich ideal zum Schneiden von filigranen Torten, Geb\u00e4ck und sogar Tomaten. Das vielseitig einsetzbare Brotmesser von nutrifresh\u2122 ist mit einem hochwertigen, durchgehenden Schaft und einer Niete ausgestattet, damit jede Scheibe pr\u00e4zise und rasiermesserscharfe geschnitten werden kann \u2013 immer wieder. Der ergonomische Griff der Messer von nutrifresh\u2122 liegt gut in der Hand und sorgt f\u00fcr professionelle Schnitte.<\/p>\n","protected":false},"excerpt":{"rendered":"<p>F\u00fcr stets perfekte Scheiben.<\/p>\n","protected":false},"featured_media":6504,"template":"","meta":{"inline_featured_image":false},"product_cat":[380],"product_tag":[],"class_list":{"0":"post-6503","1":"product","2":"type-product","3":"status-publish","4":"has-post-thumbnail","6":"product_cat-easy-prep-de","8":"first","9":"outofstock","10":"shipping-taxable","11":"product-type-simple"},"acf":[],"yoast_head":"<!-- This site is optimized with the Yoast SEO plugin v23.2 - https:\/\/yoast.com\/wordpress\/plugins\/seo\/ -->\n<title>Easy Prep Brotmesser | nutrifresh<\/title>\n<meta name=\"description\" content=\"Das Easy Prep Brotmesser von nutrifresh\u2122 ist perfekt zum Schneiden von Brot, aber auch ideal zum Schneiden von Kuchen, Geb\u00e4ck und sogar Gem\u00fcse.\" \/>\n<meta name=\"robots\" content=\"index, follow, max-snippet:-1, max-image-preview:large, max-video-preview:-1\" \/>\n<link rel=\"canonical\" href=\"https:\/\/nutrifresh.com\/de\/p\/bread-knife\/\" \/>\n<meta property=\"og:locale\" content=\"de_DE\" \/>\n<meta property=\"og:type\" content=\"article\" \/>\n<meta property=\"og:title\" content=\"Easy Prep Brotmesser | nutrifresh\" \/>\n<meta property=\"og:description\" content=\"Das Easy Prep Brotmesser von nutrifresh\u2122 ist perfekt zum Schneiden von Brot, aber auch ideal zum Schneiden von Kuchen, Geb\u00e4ck und sogar Gem\u00fcse.\" \/>\n<meta property=\"og:url\" content=\"https:\/\/nutrifresh.com\/de\/p\/bread-knife\/\" \/>\n<meta property=\"og:site_name\" content=\"Nutrifresh\" \/>\n<meta property=\"article:modified_time\" content=\"2023-09-06T11:21:23+00:00\" \/>\n<meta property=\"og:image\" content=\"https:\/\/nutrifresh.com\/wp-content\/uploads\/2023\/08\/P511084_19cm_Bread_Knife_front-1.jpg\" \/>\n\t<meta property=\"og:image:width\" content=\"1200\" \/>\n\t<meta property=\"og:image:height\" content=\"1200\" \/>\n\t<meta property=\"og:image:type\" content=\"image\/jpeg\" \/>\n<meta name=\"twitter:card\" content=\"summary_large_image\" \/>\n<meta name=\"twitter:label1\" content=\"Gesch\u00e4tzte Lesezeit\" \/>\n\t<meta name=\"twitter:data1\" content=\"1\u00a0Minute\" \/>\n<script type=\"application\/ld+json\" class=\"yoast-schema-graph\">{\"@context\":\"https:\/\/schema.org\",\"@graph\":[{\"@type\":\"WebPage\",\"@id\":\"https:\/\/nutrifresh.com\/de\/p\/bread-knife\/\",\"url\":\"https:\/\/nutrifresh.com\/de\/p\/bread-knife\/\",\"name\":\"Easy Prep Brotmesser | nutrifresh\",\"isPartOf\":{\"@id\":\"https:\/\/nutrifresh.com\/de\/#website\"},\"primaryImageOfPage\":{\"@id\":\"https:\/\/nutrifresh.com\/de\/p\/bread-knife\/#primaryimage\"},\"image\":{\"@id\":\"https:\/\/nutrifresh.com\/de\/p\/bread-knife\/#primaryimage\"},\"thumbnailUrl\":\"https:\/\/nutrifresh.com\/wp-content\/uploads\/2023\/08\/P511084_19cm_Bread_Knife_front-1.jpg\",\"datePublished\":\"2023-08-03T17:24:56+00:00\",\"dateModified\":\"2023-09-06T11:21:23+00:00\",\"description\":\"Das Easy Prep Brotmesser von nutrifresh\u2122 ist perfekt zum Schneiden von Brot, aber auch ideal zum Schneiden von Kuchen, Geb\u00e4ck und sogar Gem\u00fcse.\",\"breadcrumb\":{\"@id\":\"https:\/\/nutrifresh.com\/de\/p\/bread-knife\/#breadcrumb\"},\"inLanguage\":\"de\",\"potentialAction\":[{\"@type\":\"ReadAction\",\"target\":[\"https:\/\/nutrifresh.com\/de\/p\/bread-knife\/\"]}]},{\"@type\":\"ImageObject\",\"inLanguage\":\"de\",\"@id\":\"https:\/\/nutrifresh.com\/de\/p\/bread-knife\/#primaryimage\",\"url\":\"https:\/\/nutrifresh.com\/wp-content\/uploads\/2023\/08\/P511084_19cm_Bread_Knife_front-1.jpg\",\"contentUrl\":\"https:\/\/nutrifresh.com\/wp-content\/uploads\/2023\/08\/P511084_19cm_Bread_Knife_front-1.jpg\",\"width\":1200,\"height\":1200},{\"@type\":\"BreadcrumbList\",\"@id\":\"https:\/\/nutrifresh.com\/de\/p\/bread-knife\/#breadcrumb\",\"itemListElement\":[{\"@type\":\"ListItem\",\"position\":1,\"name\":\"Home\",\"item\":\"https:\/\/nutrifresh.com\/de\/startseite\/\"},{\"@type\":\"ListItem\",\"position\":2,\"name\":\"Zum Shop\",\"item\":\"https:\/\/nutrifresh.com\/de\/zum-shop\/\"},{\"@type\":\"ListItem\",\"position\":3,\"name\":\"Brotmesser\"}]},{\"@type\":\"WebSite\",\"@id\":\"https:\/\/nutrifresh.com\/de\/#website\",\"url\":\"https:\/\/nutrifresh.com\/de\/\",\"name\":\"Nutrifresh\",\"description\":\"A fresh way to eat healthier\",\"potentialAction\":[{\"@type\":\"SearchAction\",\"target\":{\"@type\":\"EntryPoint\",\"urlTemplate\":\"https:\/\/nutrifresh.com\/de\/?s={search_term_string}\"},\"query-input\":\"required name=search_term_string\"}],\"inLanguage\":\"de\"}]}<\/script>\n<!-- \/ Yoast SEO plugin. -->","yoast_head_json":{"title":"Easy Prep Brotmesser | nutrifresh","description":"Das Easy Prep Brotmesser von nutrifresh\u2122 ist perfekt zum Schneiden von Brot, aber auch ideal zum Schneiden von Kuchen, Geb\u00e4ck und sogar Gem\u00fcse.","robots":{"index":"index","follow":"follow","max-snippet":"max-snippet:-1","max-image-preview":"max-image-preview:large","max-video-preview":"max-video-preview:-1"},"canonical":"https:\/\/nutrifresh.com\/de\/p\/bread-knife\/","og_locale":"de_DE","og_type":"article","og_title":"Easy Prep Brotmesser | nutrifresh","og_description":"Das Easy Prep Brotmesser von nutrifresh\u2122 ist perfekt zum Schneiden von Brot, aber auch ideal zum Schneiden von Kuchen, Geb\u00e4ck und sogar Gem\u00fcse.","og_url":"https:\/\/nutrifresh.com\/de\/p\/bread-knife\/","og_site_name":"Nutrifresh","article_modified_time":"2023-09-06T11:21:23+00:00","og_image":[{"width":1200,"height":1200,"url":"https:\/\/nutrifresh.com\/wp-content\/uploads\/2023\/08\/P511084_19cm_Bread_Knife_front-1.jpg","type":"image\/jpeg"}],"twitter_card":"summary_large_image","twitter_misc":{"Gesch\u00e4tzte Lesezeit":"1\u00a0Minute"},"schema":{"@context":"https:\/\/schema.org","@graph":[{"@type":"WebPage","@id":"https:\/\/nutrifresh.com\/de\/p\/bread-knife\/","url":"https:\/\/nutrifresh.com\/de\/p\/bread-knife\/","name":"Easy Prep Brotmesser | nutrifresh","isPartOf":{"@id":"https:\/\/nutrifresh.com\/de\/#website"},"primaryImageOfPage":{"@id":"https:\/\/nutrifresh.com\/de\/p\/bread-knife\/#primaryimage"},"image":{"@id":"https:\/\/nutrifresh.com\/de\/p\/bread-knife\/#primaryimage"},"thumbnailUrl":"https:\/\/nutrifresh.com\/wp-content\/uploads\/2023\/08\/P511084_19cm_Bread_Knife_front-1.jpg","datePublished":"2023-08-03T17:24:56+00:00","dateModified":"2023-09-06T11:21:23+00:00","description":"Das Easy Prep Brotmesser von nutrifresh\u2122 ist perfekt zum Schneiden von Brot, aber auch ideal zum Schneiden von Kuchen, Geb\u00e4ck und sogar Gem\u00fcse.","breadcrumb":{"@id":"https:\/\/nutrifresh.com\/de\/p\/bread-knife\/#breadcrumb"},"inLanguage":"de","potentialAction":[{"@type":"ReadAction","target":["https:\/\/nutrifresh.com\/de\/p\/bread-knife\/"]}]},{"@type":"ImageObject","inLanguage":"de","@id":"https:\/\/nutrifresh.com\/de\/p\/bread-knife\/#primaryimage","url":"https:\/\/nutrifresh.com\/wp-content\/uploads\/2023\/08\/P511084_19cm_Bread_Knife_front-1.jpg","contentUrl":"https:\/\/nutrifresh.com\/wp-content\/uploads\/2023\/08\/P511084_19cm_Bread_Knife_front-1.jpg","width":1200,"height":1200},{"@type":"BreadcrumbList","@id":"https:\/\/nutrifresh.com\/de\/p\/bread-knife\/#breadcrumb","itemListElement":[{"@type":"ListItem","position":1,"name":"Home","item":"https:\/\/nutrifresh.com\/de\/startseite\/"},{"@type":"ListItem","position":2,"name":"Zum Shop","item":"https:\/\/nutrifresh.com\/de\/zum-shop\/"},{"@type":"ListItem","position":3,"name":"Brotmesser"}]},{"@type":"WebSite","@id":"https:\/\/nutrifresh.com\/de\/#website","url":"https:\/\/nutrifresh.com\/de\/","name":"Nutrifresh","description":"A fresh way to eat healthier","potentialAction":[{"@type":"SearchAction","target":{"@type":"EntryPoint","urlTemplate":"https:\/\/nutrifresh.com\/de\/?s={search_term_string}"},"query-input":"required name=search_term_string"}],"inLanguage":"de"}]}},"_links":{"self":[{"href":"https:\/\/nutrifresh.com\/de\/wp-json\/wp\/v2\/product\/6503","targetHints":{"allow":["GET"]}}],"collection":[{"href":"https:\/\/nutrifresh.com\/de\/wp-json\/wp\/v2\/product"}],"about":[{"href":"https:\/\/nutrifresh.com\/de\/wp-json\/wp\/v2\/types\/product"}],"wp:featuredmedia":[{"embeddable":true,"href":"https:\/\/nutrifresh.com\/de\/wp-json\/wp\/v2\/media\/6504"}],"wp:attachment":[{"href":"https:\/\/nutrifresh.com\/de\/wp-json\/wp\/v2\/media?parent=6503"}],"wp:term":[{"taxonomy":"product_cat","embeddable":true,"href":"https:\/\/nutrifresh.com\/de\/wp-json\/wp\/v2\/product_cat?post=6503"},{"taxonomy":"product_tag","embeddable":true,"href":"https:\/\/nutrifresh.com\/de\/wp-json\/wp\/v2\/product_tag?post=6503"}],"curies":[{"name":"wp","href":"https:\/\/api.w.org\/{rel}","templated":true}]}}