{"id":6508,"date":"2023-08-03T17:24:56","date_gmt":"2023-08-03T17:24:56","guid":{"rendered":"https:\/\/nutrifresh.com\/p\/kochmesser\/"},"modified":"2023-09-06T11:22:16","modified_gmt":"2023-09-06T11:22:16","slug":"cooks-knife-2","status":"publish","type":"product","link":"https:\/\/nutrifresh.com\/de\/p\/cooks-knife-2\/","title":{"rendered":"Kochmesser"},"content":{"rendered":"<p>Das Kochmesser von nutrifresh\u2122 eignet sich f\u00fcr die verschiedensten Aufgaben. Mit der Klinge mit Hohlschliff k\u00f6nnen Sie m\u00fchelos schneiden, hacken, wiegen, w\u00fcrfeln und sogar gro\u00dfe Fleischst\u00fccke zerteilen. Durch dieses vielseitige Messer ben\u00f6tigen Sie keine Spezialmesser mehr \u2013 es ist damit das ideale Messer f\u00fcr alle Kochprofis. Die sorgf\u00e4ltig hergestellten Messer von nutrifresh\u2122 k\u00f6nnen lange verwendet werden und verf\u00fcgen \u00fcber einen hochwertigen, durchgehenden Schaft mit Niete. Der ergonomische Griff liegt gut in der Hand, sodass Sie in aller Ruhe Ihren inneren Koch entdecken k\u00f6nnen.<\/p>\n","protected":false},"excerpt":{"rendered":"<p>Das ultimative K\u00fcchenutensil<\/p>\n","protected":false},"featured_media":6509,"template":"","meta":{"inline_featured_image":false},"product_cat":[380],"product_tag":[],"class_list":{"0":"post-6508","1":"product","2":"type-product","3":"status-publish","4":"has-post-thumbnail","6":"product_cat-easy-prep-de","8":"first","9":"outofstock","10":"shipping-taxable","11":"product-type-simple"},"acf":[],"yoast_head":"<!-- This site is optimized with the Yoast SEO plugin v23.2 - https:\/\/yoast.com\/wordpress\/plugins\/seo\/ -->\n<title>Easy Prep Kochmesser | nutrifresh<\/title>\n<meta name=\"description\" content=\"Mit unserem Kochmesser k\u00f6nnen Sie m\u00fchelos hacken, schneiden und tranchieren. Dieses Allzweckmesser ist f\u00fcr jeden Koch unverzichtbar.\" \/>\n<meta name=\"robots\" content=\"index, follow, max-snippet:-1, max-image-preview:large, max-video-preview:-1\" \/>\n<link rel=\"canonical\" href=\"https:\/\/nutrifresh.com\/de\/p\/cooks-knife-2\/\" \/>\n<meta property=\"og:locale\" content=\"de_DE\" \/>\n<meta property=\"og:type\" content=\"article\" \/>\n<meta property=\"og:title\" content=\"Easy Prep Kochmesser | nutrifresh\" \/>\n<meta property=\"og:description\" content=\"Mit unserem Kochmesser k\u00f6nnen Sie m\u00fchelos hacken, schneiden und tranchieren. Dieses Allzweckmesser ist f\u00fcr jeden Koch unverzichtbar.\" \/>\n<meta property=\"og:url\" content=\"https:\/\/nutrifresh.com\/de\/p\/cooks-knife-2\/\" \/>\n<meta property=\"og:site_name\" content=\"Nutrifresh\" \/>\n<meta property=\"article:modified_time\" content=\"2023-09-06T11:22:16+00:00\" \/>\n<meta property=\"og:image\" content=\"https:\/\/nutrifresh.com\/wp-content\/uploads\/2023\/08\/P511083_19cm_Cooks_Knife_front-1.jpg\" \/>\n\t<meta property=\"og:image:width\" content=\"1200\" \/>\n\t<meta property=\"og:image:height\" content=\"1200\" \/>\n\t<meta property=\"og:image:type\" content=\"image\/jpeg\" \/>\n<meta name=\"twitter:card\" content=\"summary_large_image\" \/>\n<meta name=\"twitter:label1\" content=\"Gesch\u00e4tzte Lesezeit\" \/>\n\t<meta name=\"twitter:data1\" content=\"1\u00a0Minute\" \/>\n<script type=\"application\/ld+json\" class=\"yoast-schema-graph\">{\"@context\":\"https:\/\/schema.org\",\"@graph\":[{\"@type\":\"WebPage\",\"@id\":\"https:\/\/nutrifresh.com\/de\/p\/cooks-knife-2\/\",\"url\":\"https:\/\/nutrifresh.com\/de\/p\/cooks-knife-2\/\",\"name\":\"Easy Prep Kochmesser | nutrifresh\",\"isPartOf\":{\"@id\":\"https:\/\/nutrifresh.com\/de\/#website\"},\"primaryImageOfPage\":{\"@id\":\"https:\/\/nutrifresh.com\/de\/p\/cooks-knife-2\/#primaryimage\"},\"image\":{\"@id\":\"https:\/\/nutrifresh.com\/de\/p\/cooks-knife-2\/#primaryimage\"},\"thumbnailUrl\":\"https:\/\/nutrifresh.com\/wp-content\/uploads\/2023\/08\/P511083_19cm_Cooks_Knife_front-1.jpg\",\"datePublished\":\"2023-08-03T17:24:56+00:00\",\"dateModified\":\"2023-09-06T11:22:16+00:00\",\"description\":\"Mit unserem Kochmesser k\u00f6nnen Sie m\u00fchelos hacken, schneiden und tranchieren. Dieses Allzweckmesser ist f\u00fcr jeden Koch unverzichtbar.\",\"breadcrumb\":{\"@id\":\"https:\/\/nutrifresh.com\/de\/p\/cooks-knife-2\/#breadcrumb\"},\"inLanguage\":\"de\",\"potentialAction\":[{\"@type\":\"ReadAction\",\"target\":[\"https:\/\/nutrifresh.com\/de\/p\/cooks-knife-2\/\"]}]},{\"@type\":\"ImageObject\",\"inLanguage\":\"de\",\"@id\":\"https:\/\/nutrifresh.com\/de\/p\/cooks-knife-2\/#primaryimage\",\"url\":\"https:\/\/nutrifresh.com\/wp-content\/uploads\/2023\/08\/P511083_19cm_Cooks_Knife_front-1.jpg\",\"contentUrl\":\"https:\/\/nutrifresh.com\/wp-content\/uploads\/2023\/08\/P511083_19cm_Cooks_Knife_front-1.jpg\",\"width\":1200,\"height\":1200},{\"@type\":\"BreadcrumbList\",\"@id\":\"https:\/\/nutrifresh.com\/de\/p\/cooks-knife-2\/#breadcrumb\",\"itemListElement\":[{\"@type\":\"ListItem\",\"position\":1,\"name\":\"Home\",\"item\":\"https:\/\/nutrifresh.com\/de\/startseite\/\"},{\"@type\":\"ListItem\",\"position\":2,\"name\":\"Zum Shop\",\"item\":\"https:\/\/nutrifresh.com\/de\/zum-shop\/\"},{\"@type\":\"ListItem\",\"position\":3,\"name\":\"Kochmesser\"}]},{\"@type\":\"WebSite\",\"@id\":\"https:\/\/nutrifresh.com\/de\/#website\",\"url\":\"https:\/\/nutrifresh.com\/de\/\",\"name\":\"Nutrifresh\",\"description\":\"A fresh way to eat healthier\",\"potentialAction\":[{\"@type\":\"SearchAction\",\"target\":{\"@type\":\"EntryPoint\",\"urlTemplate\":\"https:\/\/nutrifresh.com\/de\/?s={search_term_string}\"},\"query-input\":\"required name=search_term_string\"}],\"inLanguage\":\"de\"}]}<\/script>\n<!-- \/ Yoast SEO plugin. -->","yoast_head_json":{"title":"Easy Prep Kochmesser | nutrifresh","description":"Mit unserem Kochmesser k\u00f6nnen Sie m\u00fchelos hacken, schneiden und tranchieren. Dieses Allzweckmesser ist f\u00fcr jeden Koch unverzichtbar.","robots":{"index":"index","follow":"follow","max-snippet":"max-snippet:-1","max-image-preview":"max-image-preview:large","max-video-preview":"max-video-preview:-1"},"canonical":"https:\/\/nutrifresh.com\/de\/p\/cooks-knife-2\/","og_locale":"de_DE","og_type":"article","og_title":"Easy Prep Kochmesser | nutrifresh","og_description":"Mit unserem Kochmesser k\u00f6nnen Sie m\u00fchelos hacken, schneiden und tranchieren. Dieses Allzweckmesser ist f\u00fcr jeden Koch unverzichtbar.","og_url":"https:\/\/nutrifresh.com\/de\/p\/cooks-knife-2\/","og_site_name":"Nutrifresh","article_modified_time":"2023-09-06T11:22:16+00:00","og_image":[{"width":1200,"height":1200,"url":"https:\/\/nutrifresh.com\/wp-content\/uploads\/2023\/08\/P511083_19cm_Cooks_Knife_front-1.jpg","type":"image\/jpeg"}],"twitter_card":"summary_large_image","twitter_misc":{"Gesch\u00e4tzte Lesezeit":"1\u00a0Minute"},"schema":{"@context":"https:\/\/schema.org","@graph":[{"@type":"WebPage","@id":"https:\/\/nutrifresh.com\/de\/p\/cooks-knife-2\/","url":"https:\/\/nutrifresh.com\/de\/p\/cooks-knife-2\/","name":"Easy Prep Kochmesser | nutrifresh","isPartOf":{"@id":"https:\/\/nutrifresh.com\/de\/#website"},"primaryImageOfPage":{"@id":"https:\/\/nutrifresh.com\/de\/p\/cooks-knife-2\/#primaryimage"},"image":{"@id":"https:\/\/nutrifresh.com\/de\/p\/cooks-knife-2\/#primaryimage"},"thumbnailUrl":"https:\/\/nutrifresh.com\/wp-content\/uploads\/2023\/08\/P511083_19cm_Cooks_Knife_front-1.jpg","datePublished":"2023-08-03T17:24:56+00:00","dateModified":"2023-09-06T11:22:16+00:00","description":"Mit unserem Kochmesser k\u00f6nnen Sie m\u00fchelos hacken, schneiden und tranchieren. Dieses Allzweckmesser ist f\u00fcr jeden Koch unverzichtbar.","breadcrumb":{"@id":"https:\/\/nutrifresh.com\/de\/p\/cooks-knife-2\/#breadcrumb"},"inLanguage":"de","potentialAction":[{"@type":"ReadAction","target":["https:\/\/nutrifresh.com\/de\/p\/cooks-knife-2\/"]}]},{"@type":"ImageObject","inLanguage":"de","@id":"https:\/\/nutrifresh.com\/de\/p\/cooks-knife-2\/#primaryimage","url":"https:\/\/nutrifresh.com\/wp-content\/uploads\/2023\/08\/P511083_19cm_Cooks_Knife_front-1.jpg","contentUrl":"https:\/\/nutrifresh.com\/wp-content\/uploads\/2023\/08\/P511083_19cm_Cooks_Knife_front-1.jpg","width":1200,"height":1200},{"@type":"BreadcrumbList","@id":"https:\/\/nutrifresh.com\/de\/p\/cooks-knife-2\/#breadcrumb","itemListElement":[{"@type":"ListItem","position":1,"name":"Home","item":"https:\/\/nutrifresh.com\/de\/startseite\/"},{"@type":"ListItem","position":2,"name":"Zum Shop","item":"https:\/\/nutrifresh.com\/de\/zum-shop\/"},{"@type":"ListItem","position":3,"name":"Kochmesser"}]},{"@type":"WebSite","@id":"https:\/\/nutrifresh.com\/de\/#website","url":"https:\/\/nutrifresh.com\/de\/","name":"Nutrifresh","description":"A fresh way to eat healthier","potentialAction":[{"@type":"SearchAction","target":{"@type":"EntryPoint","urlTemplate":"https:\/\/nutrifresh.com\/de\/?s={search_term_string}"},"query-input":"required name=search_term_string"}],"inLanguage":"de"}]}},"_links":{"self":[{"href":"https:\/\/nutrifresh.com\/de\/wp-json\/wp\/v2\/product\/6508","targetHints":{"allow":["GET"]}}],"collection":[{"href":"https:\/\/nutrifresh.com\/de\/wp-json\/wp\/v2\/product"}],"about":[{"href":"https:\/\/nutrifresh.com\/de\/wp-json\/wp\/v2\/types\/product"}],"wp:featuredmedia":[{"embeddable":true,"href":"https:\/\/nutrifresh.com\/de\/wp-json\/wp\/v2\/media\/6509"}],"wp:attachment":[{"href":"https:\/\/nutrifresh.com\/de\/wp-json\/wp\/v2\/media?parent=6508"}],"wp:term":[{"taxonomy":"product_cat","embeddable":true,"href":"https:\/\/nutrifresh.com\/de\/wp-json\/wp\/v2\/product_cat?post=6508"},{"taxonomy":"product_tag","embeddable":true,"href":"https:\/\/nutrifresh.com\/de\/wp-json\/wp\/v2\/product_tag?post=6508"}],"curies":[{"name":"wp","href":"https:\/\/api.w.org\/{rel}","templated":true}]}}