{"id":6518,"date":"2023-08-03T17:24:56","date_gmt":"2023-08-03T17:24:56","guid":{"rendered":"https:\/\/nutrifresh.com\/p\/schalmesser\/"},"modified":"2023-09-06T15:07:17","modified_gmt":"2023-09-06T15:07:17","slug":"pairing-knife","status":"publish","type":"product","link":"https:\/\/nutrifresh.com\/de\/p\/pairing-knife\/","title":{"rendered":"Sch\u00e4lmesser"},"content":{"rendered":"<p>Mit dem Sch\u00e4lmesser von nutrifresh\u2122 k\u00f6nnen Sie sorgenfrei Meisterwerke erschaffen. Der Griff ist zu Ihrer Sicherheit ergonomisch geformt, sodass Sie immer die Kontrolle behalten. Trotz seiner kompakten Gr\u00f6\u00dfe und des geringen Gewichts verf\u00fcgt unser Sch\u00e4lmesser \u00fcber eine Klinge mit Hohlschliff f\u00fcr pr\u00e4zise und scharfe Schnitte. Sch\u00e4rfen Sie mit der Pr\u00e4zision des Messers Ihre kulinarischen Fertigkeiten und schaffen Sie mit jedem Schnitt ein Kunstwerk.<\/p>\n","protected":false},"excerpt":{"rendered":"<p>Pr\u00e4zision mit Fingerspitzengef\u00fchl<\/p>\n","protected":false},"featured_media":6519,"template":"","meta":{"inline_featured_image":false},"product_cat":[380],"product_tag":[],"class_list":{"0":"post-6518","1":"product","2":"type-product","3":"status-publish","4":"has-post-thumbnail","6":"product_cat-easy-prep-de","8":"first","9":"instock","10":"shipping-taxable","11":"product-type-simple"},"acf":[],"yoast_head":"<!-- This site is optimized with the Yoast SEO plugin v23.2 - https:\/\/yoast.com\/wordpress\/plugins\/seo\/ -->\n<title>Easy Prep Sch\u00e4lmesser | nutrifresh<\/title>\n<meta name=\"description\" content=\"Nutzen Sie das nutrifresh Pairing-Messer, um selbstbewusst Meisterwerke zu schaffen. Perfektionieren Sie Ihre F\u00e4higkeiten mit Easy Prep.\" \/>\n<meta name=\"robots\" content=\"index, follow, max-snippet:-1, max-image-preview:large, max-video-preview:-1\" \/>\n<link rel=\"canonical\" href=\"https:\/\/nutrifresh.com\/de\/p\/pairing-knife\/\" \/>\n<meta property=\"og:locale\" content=\"de_DE\" \/>\n<meta property=\"og:type\" content=\"article\" \/>\n<meta property=\"og:title\" content=\"Easy Prep Sch\u00e4lmesser | nutrifresh\" \/>\n<meta property=\"og:description\" content=\"Nutzen Sie das nutrifresh Pairing-Messer, um selbstbewusst Meisterwerke zu schaffen. Perfektionieren Sie Ihre F\u00e4higkeiten mit Easy Prep.\" \/>\n<meta property=\"og:url\" content=\"https:\/\/nutrifresh.com\/de\/p\/pairing-knife\/\" \/>\n<meta property=\"og:site_name\" content=\"Nutrifresh\" \/>\n<meta property=\"article:modified_time\" content=\"2023-09-06T15:07:17+00:00\" \/>\n<meta property=\"og:image\" content=\"https:\/\/nutrifresh.com\/wp-content\/uploads\/2023\/08\/P511079_9.5cm_Paring_Knife_front.jpg\" \/>\n\t<meta property=\"og:image:width\" content=\"1200\" \/>\n\t<meta property=\"og:image:height\" content=\"1200\" \/>\n\t<meta property=\"og:image:type\" content=\"image\/jpeg\" \/>\n<meta name=\"twitter:card\" content=\"summary_large_image\" \/>\n<meta name=\"twitter:label1\" content=\"Gesch\u00e4tzte Lesezeit\" \/>\n\t<meta name=\"twitter:data1\" content=\"1\u00a0Minute\" \/>\n<script type=\"application\/ld+json\" class=\"yoast-schema-graph\">{\"@context\":\"https:\/\/schema.org\",\"@graph\":[{\"@type\":\"WebPage\",\"@id\":\"https:\/\/nutrifresh.com\/de\/p\/pairing-knife\/\",\"url\":\"https:\/\/nutrifresh.com\/de\/p\/pairing-knife\/\",\"name\":\"Easy Prep Sch\u00e4lmesser | nutrifresh\",\"isPartOf\":{\"@id\":\"https:\/\/nutrifresh.com\/de\/#website\"},\"primaryImageOfPage\":{\"@id\":\"https:\/\/nutrifresh.com\/de\/p\/pairing-knife\/#primaryimage\"},\"image\":{\"@id\":\"https:\/\/nutrifresh.com\/de\/p\/pairing-knife\/#primaryimage\"},\"thumbnailUrl\":\"https:\/\/nutrifresh.com\/wp-content\/uploads\/2023\/08\/P511079_9.5cm_Paring_Knife_front.jpg\",\"datePublished\":\"2023-08-03T17:24:56+00:00\",\"dateModified\":\"2023-09-06T15:07:17+00:00\",\"description\":\"Nutzen Sie das nutrifresh Pairing-Messer, um selbstbewusst Meisterwerke zu schaffen. Perfektionieren Sie Ihre F\u00e4higkeiten mit Easy Prep.\",\"breadcrumb\":{\"@id\":\"https:\/\/nutrifresh.com\/de\/p\/pairing-knife\/#breadcrumb\"},\"inLanguage\":\"de\",\"potentialAction\":[{\"@type\":\"ReadAction\",\"target\":[\"https:\/\/nutrifresh.com\/de\/p\/pairing-knife\/\"]}]},{\"@type\":\"ImageObject\",\"inLanguage\":\"de\",\"@id\":\"https:\/\/nutrifresh.com\/de\/p\/pairing-knife\/#primaryimage\",\"url\":\"https:\/\/nutrifresh.com\/wp-content\/uploads\/2023\/08\/P511079_9.5cm_Paring_Knife_front.jpg\",\"contentUrl\":\"https:\/\/nutrifresh.com\/wp-content\/uploads\/2023\/08\/P511079_9.5cm_Paring_Knife_front.jpg\",\"width\":1200,\"height\":1200},{\"@type\":\"BreadcrumbList\",\"@id\":\"https:\/\/nutrifresh.com\/de\/p\/pairing-knife\/#breadcrumb\",\"itemListElement\":[{\"@type\":\"ListItem\",\"position\":1,\"name\":\"Home\",\"item\":\"https:\/\/nutrifresh.com\/de\/startseite\/\"},{\"@type\":\"ListItem\",\"position\":2,\"name\":\"Zum Shop\",\"item\":\"https:\/\/nutrifresh.com\/de\/zum-shop\/\"},{\"@type\":\"ListItem\",\"position\":3,\"name\":\"Sch\u00e4lmesser\"}]},{\"@type\":\"WebSite\",\"@id\":\"https:\/\/nutrifresh.com\/de\/#website\",\"url\":\"https:\/\/nutrifresh.com\/de\/\",\"name\":\"Nutrifresh\",\"description\":\"A fresh way to eat healthier\",\"potentialAction\":[{\"@type\":\"SearchAction\",\"target\":{\"@type\":\"EntryPoint\",\"urlTemplate\":\"https:\/\/nutrifresh.com\/de\/?s={search_term_string}\"},\"query-input\":\"required name=search_term_string\"}],\"inLanguage\":\"de\"}]}<\/script>\n<!-- \/ Yoast SEO plugin. -->","yoast_head_json":{"title":"Easy Prep Sch\u00e4lmesser | nutrifresh","description":"Nutzen Sie das nutrifresh Pairing-Messer, um selbstbewusst Meisterwerke zu schaffen. Perfektionieren Sie Ihre F\u00e4higkeiten mit Easy Prep.","robots":{"index":"index","follow":"follow","max-snippet":"max-snippet:-1","max-image-preview":"max-image-preview:large","max-video-preview":"max-video-preview:-1"},"canonical":"https:\/\/nutrifresh.com\/de\/p\/pairing-knife\/","og_locale":"de_DE","og_type":"article","og_title":"Easy Prep Sch\u00e4lmesser | nutrifresh","og_description":"Nutzen Sie das nutrifresh Pairing-Messer, um selbstbewusst Meisterwerke zu schaffen. Perfektionieren Sie Ihre F\u00e4higkeiten mit Easy Prep.","og_url":"https:\/\/nutrifresh.com\/de\/p\/pairing-knife\/","og_site_name":"Nutrifresh","article_modified_time":"2023-09-06T15:07:17+00:00","og_image":[{"width":1200,"height":1200,"url":"https:\/\/nutrifresh.com\/wp-content\/uploads\/2023\/08\/P511079_9.5cm_Paring_Knife_front.jpg","type":"image\/jpeg"}],"twitter_card":"summary_large_image","twitter_misc":{"Gesch\u00e4tzte Lesezeit":"1\u00a0Minute"},"schema":{"@context":"https:\/\/schema.org","@graph":[{"@type":"WebPage","@id":"https:\/\/nutrifresh.com\/de\/p\/pairing-knife\/","url":"https:\/\/nutrifresh.com\/de\/p\/pairing-knife\/","name":"Easy Prep Sch\u00e4lmesser | nutrifresh","isPartOf":{"@id":"https:\/\/nutrifresh.com\/de\/#website"},"primaryImageOfPage":{"@id":"https:\/\/nutrifresh.com\/de\/p\/pairing-knife\/#primaryimage"},"image":{"@id":"https:\/\/nutrifresh.com\/de\/p\/pairing-knife\/#primaryimage"},"thumbnailUrl":"https:\/\/nutrifresh.com\/wp-content\/uploads\/2023\/08\/P511079_9.5cm_Paring_Knife_front.jpg","datePublished":"2023-08-03T17:24:56+00:00","dateModified":"2023-09-06T15:07:17+00:00","description":"Nutzen Sie das nutrifresh Pairing-Messer, um selbstbewusst Meisterwerke zu schaffen. Perfektionieren Sie Ihre F\u00e4higkeiten mit Easy Prep.","breadcrumb":{"@id":"https:\/\/nutrifresh.com\/de\/p\/pairing-knife\/#breadcrumb"},"inLanguage":"de","potentialAction":[{"@type":"ReadAction","target":["https:\/\/nutrifresh.com\/de\/p\/pairing-knife\/"]}]},{"@type":"ImageObject","inLanguage":"de","@id":"https:\/\/nutrifresh.com\/de\/p\/pairing-knife\/#primaryimage","url":"https:\/\/nutrifresh.com\/wp-content\/uploads\/2023\/08\/P511079_9.5cm_Paring_Knife_front.jpg","contentUrl":"https:\/\/nutrifresh.com\/wp-content\/uploads\/2023\/08\/P511079_9.5cm_Paring_Knife_front.jpg","width":1200,"height":1200},{"@type":"BreadcrumbList","@id":"https:\/\/nutrifresh.com\/de\/p\/pairing-knife\/#breadcrumb","itemListElement":[{"@type":"ListItem","position":1,"name":"Home","item":"https:\/\/nutrifresh.com\/de\/startseite\/"},{"@type":"ListItem","position":2,"name":"Zum Shop","item":"https:\/\/nutrifresh.com\/de\/zum-shop\/"},{"@type":"ListItem","position":3,"name":"Sch\u00e4lmesser"}]},{"@type":"WebSite","@id":"https:\/\/nutrifresh.com\/de\/#website","url":"https:\/\/nutrifresh.com\/de\/","name":"Nutrifresh","description":"A fresh way to eat healthier","potentialAction":[{"@type":"SearchAction","target":{"@type":"EntryPoint","urlTemplate":"https:\/\/nutrifresh.com\/de\/?s={search_term_string}"},"query-input":"required name=search_term_string"}],"inLanguage":"de"}]}},"_links":{"self":[{"href":"https:\/\/nutrifresh.com\/de\/wp-json\/wp\/v2\/product\/6518","targetHints":{"allow":["GET"]}}],"collection":[{"href":"https:\/\/nutrifresh.com\/de\/wp-json\/wp\/v2\/product"}],"about":[{"href":"https:\/\/nutrifresh.com\/de\/wp-json\/wp\/v2\/types\/product"}],"wp:featuredmedia":[{"embeddable":true,"href":"https:\/\/nutrifresh.com\/de\/wp-json\/wp\/v2\/media\/6519"}],"wp:attachment":[{"href":"https:\/\/nutrifresh.com\/de\/wp-json\/wp\/v2\/media?parent=6518"}],"wp:term":[{"taxonomy":"product_cat","embeddable":true,"href":"https:\/\/nutrifresh.com\/de\/wp-json\/wp\/v2\/product_cat?post=6518"},{"taxonomy":"product_tag","embeddable":true,"href":"https:\/\/nutrifresh.com\/de\/wp-json\/wp\/v2\/product_tag?post=6518"}],"curies":[{"name":"wp","href":"https:\/\/api.w.org\/{rel}","templated":true}]}}