{"id":6520,"date":"2023-08-03T17:24:56","date_gmt":"2023-08-03T17:24:56","guid":{"rendered":"https:\/\/nutrifresh.com\/p\/kleines-santoku-messer\/"},"modified":"2023-09-06T11:26:53","modified_gmt":"2023-09-06T11:26:53","slug":"small-santoku-knife","status":"publish","type":"product","link":"https:\/\/nutrifresh.com\/de\/p\/small-santoku-knife\/","title":{"rendered":"Kleines Santoku-Messer"},"content":{"rendered":"<p>Das Santoku-Messer von nutrifresh\u2122 verf\u00fcgt \u00fcber eine scharfe Klinge mit Hohlschliff, die mit professioneller Pr\u00e4zision schneidet. Verlassen Sie sich bei all Ihren kulinarischen Abenteuern auf dieses leichte und strapazierf\u00e4hige Messer mit hochwertigem Vollschaft mit Niete von nutrifresh\u2122. Das schlichte und moderne Design verleiht Ihrer K\u00fcche Eleganz und f\u00fcgt sich m\u00fchelos in moderne Umgebungen ein.<\/p>\n","protected":false},"excerpt":{"rendered":"<p>Verbessern Sie Ihre Technik<\/p>\n","protected":false},"featured_media":6521,"template":"","meta":{"inline_featured_image":false},"product_cat":[380],"product_tag":[],"class_list":{"0":"post-6520","1":"product","2":"type-product","3":"status-publish","4":"has-post-thumbnail","6":"product_cat-easy-prep-de","8":"first","9":"instock","10":"shipping-taxable","11":"product-type-simple"},"acf":[],"yoast_head":"<!-- This site is optimized with the Yoast SEO plugin v23.2 - https:\/\/yoast.com\/wordpress\/plugins\/seo\/ -->\n<title>Kleines Easy Prep Santoku-Messer | nutrifresh<\/title>\n<meta name=\"description\" content=\"Leicht, langlebig und von h\u00f6chster Qualit\u00e4t - auf nutrifresh\u2122 k\u00f6nnen Sie sich verlassen, wenn es um eine elegante \u00c4sthetik geht, die in jeden Bereich passt.\" \/>\n<meta name=\"robots\" content=\"index, follow, max-snippet:-1, max-image-preview:large, max-video-preview:-1\" \/>\n<link rel=\"canonical\" href=\"https:\/\/nutrifresh.com\/de\/p\/small-santoku-knife\/\" \/>\n<meta property=\"og:locale\" content=\"de_DE\" \/>\n<meta property=\"og:type\" content=\"article\" \/>\n<meta property=\"og:title\" content=\"Kleines Easy Prep Santoku-Messer | nutrifresh\" \/>\n<meta property=\"og:description\" content=\"Leicht, langlebig und von h\u00f6chster Qualit\u00e4t - auf nutrifresh\u2122 k\u00f6nnen Sie sich verlassen, wenn es um eine elegante \u00c4sthetik geht, die in jeden Bereich passt.\" \/>\n<meta property=\"og:url\" content=\"https:\/\/nutrifresh.com\/de\/p\/small-santoku-knife\/\" \/>\n<meta property=\"og:site_name\" content=\"Nutrifresh\" \/>\n<meta property=\"article:modified_time\" content=\"2023-09-06T11:26:53+00:00\" \/>\n<meta property=\"og:image\" content=\"https:\/\/nutrifresh.com\/wp-content\/uploads\/2023\/08\/P511081_12.5cm_Santoku_Knife_front-1.jpg\" \/>\n\t<meta property=\"og:image:width\" content=\"1200\" \/>\n\t<meta property=\"og:image:height\" content=\"1200\" \/>\n\t<meta property=\"og:image:type\" content=\"image\/jpeg\" \/>\n<meta name=\"twitter:card\" content=\"summary_large_image\" \/>\n<meta name=\"twitter:label1\" content=\"Gesch\u00e4tzte Lesezeit\" \/>\n\t<meta name=\"twitter:data1\" content=\"1\u00a0Minute\" \/>\n<script type=\"application\/ld+json\" class=\"yoast-schema-graph\">{\"@context\":\"https:\/\/schema.org\",\"@graph\":[{\"@type\":\"WebPage\",\"@id\":\"https:\/\/nutrifresh.com\/de\/p\/small-santoku-knife\/\",\"url\":\"https:\/\/nutrifresh.com\/de\/p\/small-santoku-knife\/\",\"name\":\"Kleines Easy Prep Santoku-Messer | nutrifresh\",\"isPartOf\":{\"@id\":\"https:\/\/nutrifresh.com\/de\/#website\"},\"primaryImageOfPage\":{\"@id\":\"https:\/\/nutrifresh.com\/de\/p\/small-santoku-knife\/#primaryimage\"},\"image\":{\"@id\":\"https:\/\/nutrifresh.com\/de\/p\/small-santoku-knife\/#primaryimage\"},\"thumbnailUrl\":\"https:\/\/nutrifresh.com\/wp-content\/uploads\/2023\/08\/P511081_12.5cm_Santoku_Knife_front-1.jpg\",\"datePublished\":\"2023-08-03T17:24:56+00:00\",\"dateModified\":\"2023-09-06T11:26:53+00:00\",\"description\":\"Leicht, langlebig und von h\u00f6chster Qualit\u00e4t - auf nutrifresh\u2122 k\u00f6nnen Sie sich verlassen, wenn es um eine elegante \u00c4sthetik geht, die in jeden Bereich passt.\",\"breadcrumb\":{\"@id\":\"https:\/\/nutrifresh.com\/de\/p\/small-santoku-knife\/#breadcrumb\"},\"inLanguage\":\"de\",\"potentialAction\":[{\"@type\":\"ReadAction\",\"target\":[\"https:\/\/nutrifresh.com\/de\/p\/small-santoku-knife\/\"]}]},{\"@type\":\"ImageObject\",\"inLanguage\":\"de\",\"@id\":\"https:\/\/nutrifresh.com\/de\/p\/small-santoku-knife\/#primaryimage\",\"url\":\"https:\/\/nutrifresh.com\/wp-content\/uploads\/2023\/08\/P511081_12.5cm_Santoku_Knife_front-1.jpg\",\"contentUrl\":\"https:\/\/nutrifresh.com\/wp-content\/uploads\/2023\/08\/P511081_12.5cm_Santoku_Knife_front-1.jpg\",\"width\":1200,\"height\":1200},{\"@type\":\"BreadcrumbList\",\"@id\":\"https:\/\/nutrifresh.com\/de\/p\/small-santoku-knife\/#breadcrumb\",\"itemListElement\":[{\"@type\":\"ListItem\",\"position\":1,\"name\":\"Home\",\"item\":\"https:\/\/nutrifresh.com\/de\/startseite\/\"},{\"@type\":\"ListItem\",\"position\":2,\"name\":\"Zum Shop\",\"item\":\"https:\/\/nutrifresh.com\/de\/zum-shop\/\"},{\"@type\":\"ListItem\",\"position\":3,\"name\":\"Kleines Santoku-Messer\"}]},{\"@type\":\"WebSite\",\"@id\":\"https:\/\/nutrifresh.com\/de\/#website\",\"url\":\"https:\/\/nutrifresh.com\/de\/\",\"name\":\"Nutrifresh\",\"description\":\"A fresh way to eat healthier\",\"potentialAction\":[{\"@type\":\"SearchAction\",\"target\":{\"@type\":\"EntryPoint\",\"urlTemplate\":\"https:\/\/nutrifresh.com\/de\/?s={search_term_string}\"},\"query-input\":\"required name=search_term_string\"}],\"inLanguage\":\"de\"}]}<\/script>\n<!-- \/ Yoast SEO plugin. -->","yoast_head_json":{"title":"Kleines Easy Prep Santoku-Messer | nutrifresh","description":"Leicht, langlebig und von h\u00f6chster Qualit\u00e4t - auf nutrifresh\u2122 k\u00f6nnen Sie sich verlassen, wenn es um eine elegante \u00c4sthetik geht, die in jeden Bereich passt.","robots":{"index":"index","follow":"follow","max-snippet":"max-snippet:-1","max-image-preview":"max-image-preview:large","max-video-preview":"max-video-preview:-1"},"canonical":"https:\/\/nutrifresh.com\/de\/p\/small-santoku-knife\/","og_locale":"de_DE","og_type":"article","og_title":"Kleines Easy Prep Santoku-Messer | nutrifresh","og_description":"Leicht, langlebig und von h\u00f6chster Qualit\u00e4t - auf nutrifresh\u2122 k\u00f6nnen Sie sich verlassen, wenn es um eine elegante \u00c4sthetik geht, die in jeden Bereich passt.","og_url":"https:\/\/nutrifresh.com\/de\/p\/small-santoku-knife\/","og_site_name":"Nutrifresh","article_modified_time":"2023-09-06T11:26:53+00:00","og_image":[{"width":1200,"height":1200,"url":"https:\/\/nutrifresh.com\/wp-content\/uploads\/2023\/08\/P511081_12.5cm_Santoku_Knife_front-1.jpg","type":"image\/jpeg"}],"twitter_card":"summary_large_image","twitter_misc":{"Gesch\u00e4tzte Lesezeit":"1\u00a0Minute"},"schema":{"@context":"https:\/\/schema.org","@graph":[{"@type":"WebPage","@id":"https:\/\/nutrifresh.com\/de\/p\/small-santoku-knife\/","url":"https:\/\/nutrifresh.com\/de\/p\/small-santoku-knife\/","name":"Kleines Easy Prep Santoku-Messer | nutrifresh","isPartOf":{"@id":"https:\/\/nutrifresh.com\/de\/#website"},"primaryImageOfPage":{"@id":"https:\/\/nutrifresh.com\/de\/p\/small-santoku-knife\/#primaryimage"},"image":{"@id":"https:\/\/nutrifresh.com\/de\/p\/small-santoku-knife\/#primaryimage"},"thumbnailUrl":"https:\/\/nutrifresh.com\/wp-content\/uploads\/2023\/08\/P511081_12.5cm_Santoku_Knife_front-1.jpg","datePublished":"2023-08-03T17:24:56+00:00","dateModified":"2023-09-06T11:26:53+00:00","description":"Leicht, langlebig und von h\u00f6chster Qualit\u00e4t - auf nutrifresh\u2122 k\u00f6nnen Sie sich verlassen, wenn es um eine elegante \u00c4sthetik geht, die in jeden Bereich passt.","breadcrumb":{"@id":"https:\/\/nutrifresh.com\/de\/p\/small-santoku-knife\/#breadcrumb"},"inLanguage":"de","potentialAction":[{"@type":"ReadAction","target":["https:\/\/nutrifresh.com\/de\/p\/small-santoku-knife\/"]}]},{"@type":"ImageObject","inLanguage":"de","@id":"https:\/\/nutrifresh.com\/de\/p\/small-santoku-knife\/#primaryimage","url":"https:\/\/nutrifresh.com\/wp-content\/uploads\/2023\/08\/P511081_12.5cm_Santoku_Knife_front-1.jpg","contentUrl":"https:\/\/nutrifresh.com\/wp-content\/uploads\/2023\/08\/P511081_12.5cm_Santoku_Knife_front-1.jpg","width":1200,"height":1200},{"@type":"BreadcrumbList","@id":"https:\/\/nutrifresh.com\/de\/p\/small-santoku-knife\/#breadcrumb","itemListElement":[{"@type":"ListItem","position":1,"name":"Home","item":"https:\/\/nutrifresh.com\/de\/startseite\/"},{"@type":"ListItem","position":2,"name":"Zum Shop","item":"https:\/\/nutrifresh.com\/de\/zum-shop\/"},{"@type":"ListItem","position":3,"name":"Kleines Santoku-Messer"}]},{"@type":"WebSite","@id":"https:\/\/nutrifresh.com\/de\/#website","url":"https:\/\/nutrifresh.com\/de\/","name":"Nutrifresh","description":"A fresh way to eat healthier","potentialAction":[{"@type":"SearchAction","target":{"@type":"EntryPoint","urlTemplate":"https:\/\/nutrifresh.com\/de\/?s={search_term_string}"},"query-input":"required name=search_term_string"}],"inLanguage":"de"}]}},"_links":{"self":[{"href":"https:\/\/nutrifresh.com\/de\/wp-json\/wp\/v2\/product\/6520","targetHints":{"allow":["GET"]}}],"collection":[{"href":"https:\/\/nutrifresh.com\/de\/wp-json\/wp\/v2\/product"}],"about":[{"href":"https:\/\/nutrifresh.com\/de\/wp-json\/wp\/v2\/types\/product"}],"wp:featuredmedia":[{"embeddable":true,"href":"https:\/\/nutrifresh.com\/de\/wp-json\/wp\/v2\/media\/6521"}],"wp:attachment":[{"href":"https:\/\/nutrifresh.com\/de\/wp-json\/wp\/v2\/media?parent=6520"}],"wp:term":[{"taxonomy":"product_cat","embeddable":true,"href":"https:\/\/nutrifresh.com\/de\/wp-json\/wp\/v2\/product_cat?post=6520"},{"taxonomy":"product_tag","embeddable":true,"href":"https:\/\/nutrifresh.com\/de\/wp-json\/wp\/v2\/product_tag?post=6520"}],"curies":[{"name":"wp","href":"https:\/\/api.w.org\/{rel}","templated":true}]}}