{"id":6524,"date":"2023-08-03T17:24:56","date_gmt":"2023-08-03T17:24:56","guid":{"rendered":"https:\/\/nutrifresh.com\/p\/universalmesser\/"},"modified":"2023-09-06T11:28:01","modified_gmt":"2023-09-06T11:28:01","slug":"utility-knife","status":"publish","type":"product","link":"https:\/\/nutrifresh.com\/de\/p\/utility-knife\/","title":{"rendered":"Universalmesser"},"content":{"rendered":"<p>Mit dem Universalmesser von nutrifresh\u2122 k\u00f6nnen Sie m\u00fchelos Scheiben, Streifen, W\u00fcrfel usw. schneiden. Das erstklassige Design der Messerkollektion von nutrifresh\u2122 kombiniert einen hochwertigen Vollschaft mit Niete mit einer Klinge mit Hohlschliff, um jedes Mal professionelle Schnitte zu gew\u00e4hrleisten. Von Pr\u00e4zisionsschnitten bis hin zu ganz normalen K\u00fcchenarbeiten \u2013 dieses Messer liegt gut in der Hand und passt sich Ihren Anforderungen an. Damit ist es die erste Wahl f\u00fcr Profi- und Hobbyk\u00f6che gleicherma\u00dfen.<\/p>\n","protected":false},"excerpt":{"rendered":"<p>Vielseitigkeit und Pr\u00e4zision<\/p>\n","protected":false},"featured_media":6525,"template":"","meta":{"inline_featured_image":false},"product_cat":[380],"product_tag":[],"class_list":{"0":"post-6524","1":"product","2":"type-product","3":"status-publish","4":"has-post-thumbnail","6":"product_cat-easy-prep-de","8":"first","9":"instock","10":"shipping-taxable","11":"product-type-simple"},"acf":[],"yoast_head":"<!-- This site is optimized with the Yoast SEO plugin v23.2 - https:\/\/yoast.com\/wordpress\/plugins\/seo\/ -->\n<title>Easy Prep Universalmesser | nutrifresh<\/title>\n<meta name=\"description\" content=\"Ob pr\u00e4zise Schnitte oder allt\u00e4gliche Bed\u00fcrfnisse, dieses Messer passt sich Ihren Anforderungen an. Die erste Wahl f\u00fcr Profik\u00f6che und Hobbyk\u00f6che.\" \/>\n<meta name=\"robots\" content=\"index, follow, max-snippet:-1, max-image-preview:large, max-video-preview:-1\" \/>\n<link rel=\"canonical\" href=\"https:\/\/nutrifresh.com\/de\/p\/utility-knife\/\" \/>\n<meta property=\"og:locale\" content=\"de_DE\" \/>\n<meta property=\"og:type\" content=\"article\" \/>\n<meta property=\"og:title\" content=\"Easy Prep Universalmesser | nutrifresh\" \/>\n<meta property=\"og:description\" content=\"Ob pr\u00e4zise Schnitte oder allt\u00e4gliche Bed\u00fcrfnisse, dieses Messer passt sich Ihren Anforderungen an. Die erste Wahl f\u00fcr Profik\u00f6che und Hobbyk\u00f6che.\" \/>\n<meta property=\"og:url\" content=\"https:\/\/nutrifresh.com\/de\/p\/utility-knife\/\" \/>\n<meta property=\"og:site_name\" content=\"Nutrifresh\" \/>\n<meta property=\"article:modified_time\" content=\"2023-09-06T11:28:01+00:00\" \/>\n<meta property=\"og:image\" content=\"https:\/\/nutrifresh.com\/wp-content\/uploads\/2023\/08\/P511080_12.5cm_Utility_Knife_front-1.jpg\" \/>\n\t<meta property=\"og:image:width\" content=\"1200\" \/>\n\t<meta property=\"og:image:height\" content=\"1200\" \/>\n\t<meta property=\"og:image:type\" content=\"image\/jpeg\" \/>\n<meta name=\"twitter:card\" content=\"summary_large_image\" \/>\n<meta name=\"twitter:label1\" content=\"Gesch\u00e4tzte Lesezeit\" \/>\n\t<meta name=\"twitter:data1\" content=\"1\u00a0Minute\" \/>\n<script type=\"application\/ld+json\" class=\"yoast-schema-graph\">{\"@context\":\"https:\/\/schema.org\",\"@graph\":[{\"@type\":\"WebPage\",\"@id\":\"https:\/\/nutrifresh.com\/de\/p\/utility-knife\/\",\"url\":\"https:\/\/nutrifresh.com\/de\/p\/utility-knife\/\",\"name\":\"Easy Prep Universalmesser | nutrifresh\",\"isPartOf\":{\"@id\":\"https:\/\/nutrifresh.com\/de\/#website\"},\"primaryImageOfPage\":{\"@id\":\"https:\/\/nutrifresh.com\/de\/p\/utility-knife\/#primaryimage\"},\"image\":{\"@id\":\"https:\/\/nutrifresh.com\/de\/p\/utility-knife\/#primaryimage\"},\"thumbnailUrl\":\"https:\/\/nutrifresh.com\/wp-content\/uploads\/2023\/08\/P511080_12.5cm_Utility_Knife_front-1.jpg\",\"datePublished\":\"2023-08-03T17:24:56+00:00\",\"dateModified\":\"2023-09-06T11:28:01+00:00\",\"description\":\"Ob pr\u00e4zise Schnitte oder allt\u00e4gliche Bed\u00fcrfnisse, dieses Messer passt sich Ihren Anforderungen an. Die erste Wahl f\u00fcr Profik\u00f6che und Hobbyk\u00f6che.\",\"breadcrumb\":{\"@id\":\"https:\/\/nutrifresh.com\/de\/p\/utility-knife\/#breadcrumb\"},\"inLanguage\":\"de\",\"potentialAction\":[{\"@type\":\"ReadAction\",\"target\":[\"https:\/\/nutrifresh.com\/de\/p\/utility-knife\/\"]}]},{\"@type\":\"ImageObject\",\"inLanguage\":\"de\",\"@id\":\"https:\/\/nutrifresh.com\/de\/p\/utility-knife\/#primaryimage\",\"url\":\"https:\/\/nutrifresh.com\/wp-content\/uploads\/2023\/08\/P511080_12.5cm_Utility_Knife_front-1.jpg\",\"contentUrl\":\"https:\/\/nutrifresh.com\/wp-content\/uploads\/2023\/08\/P511080_12.5cm_Utility_Knife_front-1.jpg\",\"width\":1200,\"height\":1200},{\"@type\":\"BreadcrumbList\",\"@id\":\"https:\/\/nutrifresh.com\/de\/p\/utility-knife\/#breadcrumb\",\"itemListElement\":[{\"@type\":\"ListItem\",\"position\":1,\"name\":\"Home\",\"item\":\"https:\/\/nutrifresh.com\/de\/startseite\/\"},{\"@type\":\"ListItem\",\"position\":2,\"name\":\"Zum Shop\",\"item\":\"https:\/\/nutrifresh.com\/de\/zum-shop\/\"},{\"@type\":\"ListItem\",\"position\":3,\"name\":\"Universalmesser\"}]},{\"@type\":\"WebSite\",\"@id\":\"https:\/\/nutrifresh.com\/de\/#website\",\"url\":\"https:\/\/nutrifresh.com\/de\/\",\"name\":\"Nutrifresh\",\"description\":\"A fresh way to eat healthier\",\"potentialAction\":[{\"@type\":\"SearchAction\",\"target\":{\"@type\":\"EntryPoint\",\"urlTemplate\":\"https:\/\/nutrifresh.com\/de\/?s={search_term_string}\"},\"query-input\":\"required name=search_term_string\"}],\"inLanguage\":\"de\"}]}<\/script>\n<!-- \/ Yoast SEO plugin. -->","yoast_head_json":{"title":"Easy Prep Universalmesser | nutrifresh","description":"Ob pr\u00e4zise Schnitte oder allt\u00e4gliche Bed\u00fcrfnisse, dieses Messer passt sich Ihren Anforderungen an. Die erste Wahl f\u00fcr Profik\u00f6che und Hobbyk\u00f6che.","robots":{"index":"index","follow":"follow","max-snippet":"max-snippet:-1","max-image-preview":"max-image-preview:large","max-video-preview":"max-video-preview:-1"},"canonical":"https:\/\/nutrifresh.com\/de\/p\/utility-knife\/","og_locale":"de_DE","og_type":"article","og_title":"Easy Prep Universalmesser | nutrifresh","og_description":"Ob pr\u00e4zise Schnitte oder allt\u00e4gliche Bed\u00fcrfnisse, dieses Messer passt sich Ihren Anforderungen an. Die erste Wahl f\u00fcr Profik\u00f6che und Hobbyk\u00f6che.","og_url":"https:\/\/nutrifresh.com\/de\/p\/utility-knife\/","og_site_name":"Nutrifresh","article_modified_time":"2023-09-06T11:28:01+00:00","og_image":[{"width":1200,"height":1200,"url":"https:\/\/nutrifresh.com\/wp-content\/uploads\/2023\/08\/P511080_12.5cm_Utility_Knife_front-1.jpg","type":"image\/jpeg"}],"twitter_card":"summary_large_image","twitter_misc":{"Gesch\u00e4tzte Lesezeit":"1\u00a0Minute"},"schema":{"@context":"https:\/\/schema.org","@graph":[{"@type":"WebPage","@id":"https:\/\/nutrifresh.com\/de\/p\/utility-knife\/","url":"https:\/\/nutrifresh.com\/de\/p\/utility-knife\/","name":"Easy Prep Universalmesser | nutrifresh","isPartOf":{"@id":"https:\/\/nutrifresh.com\/de\/#website"},"primaryImageOfPage":{"@id":"https:\/\/nutrifresh.com\/de\/p\/utility-knife\/#primaryimage"},"image":{"@id":"https:\/\/nutrifresh.com\/de\/p\/utility-knife\/#primaryimage"},"thumbnailUrl":"https:\/\/nutrifresh.com\/wp-content\/uploads\/2023\/08\/P511080_12.5cm_Utility_Knife_front-1.jpg","datePublished":"2023-08-03T17:24:56+00:00","dateModified":"2023-09-06T11:28:01+00:00","description":"Ob pr\u00e4zise Schnitte oder allt\u00e4gliche Bed\u00fcrfnisse, dieses Messer passt sich Ihren Anforderungen an. Die erste Wahl f\u00fcr Profik\u00f6che und Hobbyk\u00f6che.","breadcrumb":{"@id":"https:\/\/nutrifresh.com\/de\/p\/utility-knife\/#breadcrumb"},"inLanguage":"de","potentialAction":[{"@type":"ReadAction","target":["https:\/\/nutrifresh.com\/de\/p\/utility-knife\/"]}]},{"@type":"ImageObject","inLanguage":"de","@id":"https:\/\/nutrifresh.com\/de\/p\/utility-knife\/#primaryimage","url":"https:\/\/nutrifresh.com\/wp-content\/uploads\/2023\/08\/P511080_12.5cm_Utility_Knife_front-1.jpg","contentUrl":"https:\/\/nutrifresh.com\/wp-content\/uploads\/2023\/08\/P511080_12.5cm_Utility_Knife_front-1.jpg","width":1200,"height":1200},{"@type":"BreadcrumbList","@id":"https:\/\/nutrifresh.com\/de\/p\/utility-knife\/#breadcrumb","itemListElement":[{"@type":"ListItem","position":1,"name":"Home","item":"https:\/\/nutrifresh.com\/de\/startseite\/"},{"@type":"ListItem","position":2,"name":"Zum Shop","item":"https:\/\/nutrifresh.com\/de\/zum-shop\/"},{"@type":"ListItem","position":3,"name":"Universalmesser"}]},{"@type":"WebSite","@id":"https:\/\/nutrifresh.com\/de\/#website","url":"https:\/\/nutrifresh.com\/de\/","name":"Nutrifresh","description":"A fresh way to eat healthier","potentialAction":[{"@type":"SearchAction","target":{"@type":"EntryPoint","urlTemplate":"https:\/\/nutrifresh.com\/de\/?s={search_term_string}"},"query-input":"required name=search_term_string"}],"inLanguage":"de"}]}},"_links":{"self":[{"href":"https:\/\/nutrifresh.com\/de\/wp-json\/wp\/v2\/product\/6524","targetHints":{"allow":["GET"]}}],"collection":[{"href":"https:\/\/nutrifresh.com\/de\/wp-json\/wp\/v2\/product"}],"about":[{"href":"https:\/\/nutrifresh.com\/de\/wp-json\/wp\/v2\/types\/product"}],"wp:featuredmedia":[{"embeddable":true,"href":"https:\/\/nutrifresh.com\/de\/wp-json\/wp\/v2\/media\/6525"}],"wp:attachment":[{"href":"https:\/\/nutrifresh.com\/de\/wp-json\/wp\/v2\/media?parent=6524"}],"wp:term":[{"taxonomy":"product_cat","embeddable":true,"href":"https:\/\/nutrifresh.com\/de\/wp-json\/wp\/v2\/product_cat?post=6524"},{"taxonomy":"product_tag","embeddable":true,"href":"https:\/\/nutrifresh.com\/de\/wp-json\/wp\/v2\/product_tag?post=6524"}],"curies":[{"name":"wp","href":"https:\/\/api.w.org\/{rel}","templated":true}]}}