{"id":5628,"date":"2023-07-20T09:15:38","date_gmt":"2023-07-20T09:15:38","guid":{"rendered":"https:\/\/production.nutrifresh.com\/homepage\/"},"modified":"2025-02-27T10:05:21","modified_gmt":"2025-02-27T10:05:21","slug":"homepage","status":"publish","type":"page","link":"https:\/\/nutrifresh.com\/fr\/","title":{"rendered":"Homepage"},"content":{"rendered":"","protected":false},"excerpt":{"rendered":"","protected":false},"author":1,"featured_media":0,"parent":0,"menu_order":0,"comment_status":"closed","ping_status":"closed","template":"","meta":{"inline_featured_image":false,"footnotes":""},"class_list":["post-5628","page","type-page","status-publish","hentry"],"acf":[],"yoast_head":"<!-- This site is optimized with the Yoast SEO plugin v23.2 - https:\/\/yoast.com\/wordpress\/plugins\/seo\/ -->\n<title>Page d&#039;accueil | nutrifresh<\/title>\n<meta name=\"description\" content=\"Bienvenue sur le site officiel de nutrifresh o\u00f9 vous trouverez des accessoires de conservation et de pr\u00e9paration de cuisine en verre de qualit\u00e9 sup\u00e9rieure.\" \/>\n<meta name=\"robots\" content=\"index, follow, max-snippet:-1, max-image-preview:large, max-video-preview:-1\" \/>\n<link rel=\"canonical\" href=\"https:\/\/nutrifresh.com\/fr\/\" \/>\n<meta property=\"og:locale\" content=\"fr_FR\" \/>\n<meta property=\"og:type\" content=\"article\" \/>\n<meta property=\"og:title\" content=\"Page d&#039;accueil | nutrifresh\" \/>\n<meta property=\"og:description\" content=\"Bienvenue sur le site officiel de nutrifresh o\u00f9 vous trouverez des accessoires de conservation et de pr\u00e9paration de cuisine en verre de qualit\u00e9 sup\u00e9rieure.\" \/>\n<meta property=\"og:url\" content=\"https:\/\/nutrifresh.com\/fr\/\" \/>\n<meta property=\"og:site_name\" content=\"Nutrifresh\" \/>\n<meta property=\"article:modified_time\" content=\"2025-02-27T10:05:21+00:00\" \/>\n<meta name=\"twitter:card\" content=\"summary_large_image\" \/>\n<script type=\"application\/ld+json\" class=\"yoast-schema-graph\">{\"@context\":\"https:\/\/schema.org\",\"@graph\":[{\"@type\":\"WebPage\",\"@id\":\"https:\/\/nutrifresh.com\/fr\/\",\"url\":\"https:\/\/nutrifresh.com\/fr\/\",\"name\":\"Page d'accueil | nutrifresh\",\"isPartOf\":{\"@id\":\"https:\/\/nutrifresh.com\/fr\/#website\"},\"datePublished\":\"2023-07-20T09:15:38+00:00\",\"dateModified\":\"2025-02-27T10:05:21+00:00\",\"description\":\"Bienvenue sur le site officiel de nutrifresh o\u00f9 vous trouverez des accessoires de conservation et de pr\u00e9paration de cuisine en verre de qualit\u00e9 sup\u00e9rieure.\",\"breadcrumb\":{\"@id\":\"https:\/\/nutrifresh.com\/fr\/#breadcrumb\"},\"inLanguage\":\"fr-FR\",\"potentialAction\":[{\"@type\":\"ReadAction\",\"target\":[\"https:\/\/nutrifresh.com\/fr\/\"]}]},{\"@type\":\"BreadcrumbList\",\"@id\":\"https:\/\/nutrifresh.com\/fr\/#breadcrumb\",\"itemListElement\":[{\"@type\":\"ListItem\",\"position\":1,\"name\":\"Home\",\"item\":\"https:\/\/nutrifresh.com\/fr\/homepage\/\"},{\"@type\":\"ListItem\",\"position\":2,\"name\":\"Homepage\"}]},{\"@type\":\"WebSite\",\"@id\":\"https:\/\/nutrifresh.com\/fr\/#website\",\"url\":\"https:\/\/nutrifresh.com\/fr\/\",\"name\":\"Nutrifresh\",\"description\":\"A fresh way to eat healthier\",\"potentialAction\":[{\"@type\":\"SearchAction\",\"target\":{\"@type\":\"EntryPoint\",\"urlTemplate\":\"https:\/\/nutrifresh.com\/fr\/?s={search_term_string}\"},\"query-input\":\"required name=search_term_string\"}],\"inLanguage\":\"fr-FR\"}]}<\/script>\n<!-- \/ Yoast SEO plugin. -->","yoast_head_json":{"title":"Page d'accueil | nutrifresh","description":"Bienvenue sur le site officiel de nutrifresh o\u00f9 vous trouverez des accessoires de conservation et de pr\u00e9paration de cuisine en verre de qualit\u00e9 sup\u00e9rieure.","robots":{"index":"index","follow":"follow","max-snippet":"max-snippet:-1","max-image-preview":"max-image-preview:large","max-video-preview":"max-video-preview:-1"},"canonical":"https:\/\/nutrifresh.com\/fr\/","og_locale":"fr_FR","og_type":"article","og_title":"Page d'accueil | nutrifresh","og_description":"Bienvenue sur le site officiel de nutrifresh o\u00f9 vous trouverez des accessoires de conservation et de pr\u00e9paration de cuisine en verre de qualit\u00e9 sup\u00e9rieure.","og_url":"https:\/\/nutrifresh.com\/fr\/","og_site_name":"Nutrifresh","article_modified_time":"2025-02-27T10:05:21+00:00","twitter_card":"summary_large_image","schema":{"@context":"https:\/\/schema.org","@graph":[{"@type":"WebPage","@id":"https:\/\/nutrifresh.com\/fr\/","url":"https:\/\/nutrifresh.com\/fr\/","name":"Page d'accueil | nutrifresh","isPartOf":{"@id":"https:\/\/nutrifresh.com\/fr\/#website"},"datePublished":"2023-07-20T09:15:38+00:00","dateModified":"2025-02-27T10:05:21+00:00","description":"Bienvenue sur le site officiel de nutrifresh o\u00f9 vous trouverez des accessoires de conservation et de pr\u00e9paration de cuisine en verre de qualit\u00e9 sup\u00e9rieure.","breadcrumb":{"@id":"https:\/\/nutrifresh.com\/fr\/#breadcrumb"},"inLanguage":"fr-FR","potentialAction":[{"@type":"ReadAction","target":["https:\/\/nutrifresh.com\/fr\/"]}]},{"@type":"BreadcrumbList","@id":"https:\/\/nutrifresh.com\/fr\/#breadcrumb","itemListElement":[{"@type":"ListItem","position":1,"name":"Home","item":"https:\/\/nutrifresh.com\/fr\/homepage\/"},{"@type":"ListItem","position":2,"name":"Homepage"}]},{"@type":"WebSite","@id":"https:\/\/nutrifresh.com\/fr\/#website","url":"https:\/\/nutrifresh.com\/fr\/","name":"Nutrifresh","description":"A fresh way to eat healthier","potentialAction":[{"@type":"SearchAction","target":{"@type":"EntryPoint","urlTemplate":"https:\/\/nutrifresh.com\/fr\/?s={search_term_string}"},"query-input":"required name=search_term_string"}],"inLanguage":"fr-FR"}]}},"_links":{"self":[{"href":"https:\/\/nutrifresh.com\/fr\/wp-json\/wp\/v2\/pages\/5628","targetHints":{"allow":["GET"]}}],"collection":[{"href":"https:\/\/nutrifresh.com\/fr\/wp-json\/wp\/v2\/pages"}],"about":[{"href":"https:\/\/nutrifresh.com\/fr\/wp-json\/wp\/v2\/types\/page"}],"author":[{"embeddable":true,"href":"https:\/\/nutrifresh.com\/fr\/wp-json\/wp\/v2\/users\/1"}],"replies":[{"embeddable":true,"href":"https:\/\/nutrifresh.com\/fr\/wp-json\/wp\/v2\/comments?post=5628"}],"version-history":[{"count":0,"href":"https:\/\/nutrifresh.com\/fr\/wp-json\/wp\/v2\/pages\/5628\/revisions"}],"wp:attachment":[{"href":"https:\/\/nutrifresh.com\/fr\/wp-json\/wp\/v2\/media?parent=5628"}],"curies":[{"name":"wp","href":"https:\/\/api.w.org\/{rel}","templated":true}]}}