{"id":5631,"date":"2023-07-21T16:10:54","date_gmt":"2023-07-21T16:10:54","guid":{"rendered":"https:\/\/production.nutrifresh.com\/a-propos\/"},"modified":"2023-09-04T15:58:15","modified_gmt":"2023-09-04T15:58:15","slug":"qui-sommes-nouse","status":"publish","type":"page","link":"https:\/\/nutrifresh.com\/fr\/qui-sommes-nouse\/","title":{"rendered":"Qui Sommes-Nous?"},"content":{"rendered":"","protected":false},"excerpt":{"rendered":"","protected":false},"author":1,"featured_media":5632,"parent":0,"menu_order":0,"comment_status":"closed","ping_status":"closed","template":"page-about.php","meta":{"inline_featured_image":false,"footnotes":""},"class_list":["post-5631","page","type-page","status-publish","has-post-thumbnail","hentry"],"acf":[],"yoast_head":"<!-- This site is optimized with the Yoast SEO plugin v23.2 - https:\/\/yoast.com\/wordpress\/plugins\/seo\/ -->\n<title>Qui sommes-nous ? | nutrifresh<\/title>\n<meta name=\"description\" content=\"Chez nutrifresh\u2122, nous avons une conviction : \u00e7a devrait \u00eatre plus simple a preparer, cusiner et manger plus sain. Nous cr\u00e9ons des solutions qui r\u00e9duisent le gaspillage alimentaire et soutiennent dans votre hygi\u00e8ne de vie.\" \/>\n<meta name=\"robots\" content=\"index, follow, max-snippet:-1, max-image-preview:large, max-video-preview:-1\" \/>\n<link rel=\"canonical\" href=\"https:\/\/nutrifresh.com\/fr\/qui-sommes-nouse\/\" \/>\n<meta property=\"og:locale\" content=\"fr_FR\" \/>\n<meta property=\"og:type\" content=\"article\" \/>\n<meta property=\"og:title\" content=\"Qui sommes-nous ? | nutrifresh\" \/>\n<meta property=\"og:description\" content=\"Chez nutrifresh\u2122, nous avons une conviction : \u00e7a devrait \u00eatre plus simple a preparer, cusiner et manger plus sain. Nous cr\u00e9ons des solutions qui r\u00e9duisent le gaspillage alimentaire et soutiennent dans votre hygi\u00e8ne de vie.\" \/>\n<meta property=\"og:url\" content=\"https:\/\/nutrifresh.com\/fr\/qui-sommes-nouse\/\" \/>\n<meta property=\"og:site_name\" content=\"Nutrifresh\" \/>\n<meta property=\"article:modified_time\" content=\"2023-09-04T15:58:15+00:00\" \/>\n<meta property=\"og:image\" content=\"https:\/\/nutrifresh.com\/wp-content\/uploads\/2023\/08\/Header_13b_test-copy-scaled.jpg\" \/>\n\t<meta property=\"og:image:width\" content=\"2560\" \/>\n\t<meta property=\"og:image:height\" content=\"1644\" \/>\n\t<meta property=\"og:image:type\" content=\"image\/jpeg\" \/>\n<meta name=\"twitter:card\" content=\"summary_large_image\" \/>\n<script type=\"application\/ld+json\" class=\"yoast-schema-graph\">{\"@context\":\"https:\/\/schema.org\",\"@graph\":[{\"@type\":\"WebPage\",\"@id\":\"https:\/\/nutrifresh.com\/fr\/qui-sommes-nouse\/\",\"url\":\"https:\/\/nutrifresh.com\/fr\/qui-sommes-nouse\/\",\"name\":\"Qui sommes-nous ? | nutrifresh\",\"isPartOf\":{\"@id\":\"https:\/\/nutrifresh.com\/fr\/#website\"},\"primaryImageOfPage\":{\"@id\":\"https:\/\/nutrifresh.com\/fr\/qui-sommes-nouse\/#primaryimage\"},\"image\":{\"@id\":\"https:\/\/nutrifresh.com\/fr\/qui-sommes-nouse\/#primaryimage\"},\"thumbnailUrl\":\"https:\/\/nutrifresh.com\/wp-content\/uploads\/2023\/08\/Header_13b_test-copy-scaled.jpg\",\"datePublished\":\"2023-07-21T16:10:54+00:00\",\"dateModified\":\"2023-09-04T15:58:15+00:00\",\"description\":\"Chez nutrifresh\u2122, nous avons une conviction : \u00e7a devrait \u00eatre plus simple a preparer, cusiner et manger plus sain. Nous cr\u00e9ons des solutions qui r\u00e9duisent le gaspillage alimentaire et soutiennent dans votre hygi\u00e8ne de vie.\",\"breadcrumb\":{\"@id\":\"https:\/\/nutrifresh.com\/fr\/qui-sommes-nouse\/#breadcrumb\"},\"inLanguage\":\"fr-FR\",\"potentialAction\":[{\"@type\":\"ReadAction\",\"target\":[\"https:\/\/nutrifresh.com\/fr\/qui-sommes-nouse\/\"]}]},{\"@type\":\"ImageObject\",\"inLanguage\":\"fr-FR\",\"@id\":\"https:\/\/nutrifresh.com\/fr\/qui-sommes-nouse\/#primaryimage\",\"url\":\"https:\/\/nutrifresh.com\/wp-content\/uploads\/2023\/08\/Header_13b_test-copy-scaled.jpg\",\"contentUrl\":\"https:\/\/nutrifresh.com\/wp-content\/uploads\/2023\/08\/Header_13b_test-copy-scaled.jpg\",\"width\":2560,\"height\":1644},{\"@type\":\"BreadcrumbList\",\"@id\":\"https:\/\/nutrifresh.com\/fr\/qui-sommes-nouse\/#breadcrumb\",\"itemListElement\":[{\"@type\":\"ListItem\",\"position\":1,\"name\":\"Home\",\"item\":\"https:\/\/nutrifresh.com\/fr\/homepage\/\"},{\"@type\":\"ListItem\",\"position\":2,\"name\":\"Qui Sommes-Nous?\"}]},{\"@type\":\"WebSite\",\"@id\":\"https:\/\/nutrifresh.com\/fr\/#website\",\"url\":\"https:\/\/nutrifresh.com\/fr\/\",\"name\":\"Nutrifresh\",\"description\":\"A fresh way to eat healthier\",\"potentialAction\":[{\"@type\":\"SearchAction\",\"target\":{\"@type\":\"EntryPoint\",\"urlTemplate\":\"https:\/\/nutrifresh.com\/fr\/?s={search_term_string}\"},\"query-input\":\"required name=search_term_string\"}],\"inLanguage\":\"fr-FR\"}]}<\/script>\n<!-- \/ Yoast SEO plugin. -->","yoast_head_json":{"title":"Qui sommes-nous ? | nutrifresh","description":"Chez nutrifresh\u2122, nous avons une conviction : \u00e7a devrait \u00eatre plus simple a preparer, cusiner et manger plus sain. Nous cr\u00e9ons des solutions qui r\u00e9duisent le gaspillage alimentaire et soutiennent dans votre hygi\u00e8ne de vie.","robots":{"index":"index","follow":"follow","max-snippet":"max-snippet:-1","max-image-preview":"max-image-preview:large","max-video-preview":"max-video-preview:-1"},"canonical":"https:\/\/nutrifresh.com\/fr\/qui-sommes-nouse\/","og_locale":"fr_FR","og_type":"article","og_title":"Qui sommes-nous ? | nutrifresh","og_description":"Chez nutrifresh\u2122, nous avons une conviction : \u00e7a devrait \u00eatre plus simple a preparer, cusiner et manger plus sain. Nous cr\u00e9ons des solutions qui r\u00e9duisent le gaspillage alimentaire et soutiennent dans votre hygi\u00e8ne de vie.","og_url":"https:\/\/nutrifresh.com\/fr\/qui-sommes-nouse\/","og_site_name":"Nutrifresh","article_modified_time":"2023-09-04T15:58:15+00:00","og_image":[{"width":2560,"height":1644,"url":"https:\/\/nutrifresh.com\/wp-content\/uploads\/2023\/08\/Header_13b_test-copy-scaled.jpg","type":"image\/jpeg"}],"twitter_card":"summary_large_image","schema":{"@context":"https:\/\/schema.org","@graph":[{"@type":"WebPage","@id":"https:\/\/nutrifresh.com\/fr\/qui-sommes-nouse\/","url":"https:\/\/nutrifresh.com\/fr\/qui-sommes-nouse\/","name":"Qui sommes-nous ? | nutrifresh","isPartOf":{"@id":"https:\/\/nutrifresh.com\/fr\/#website"},"primaryImageOfPage":{"@id":"https:\/\/nutrifresh.com\/fr\/qui-sommes-nouse\/#primaryimage"},"image":{"@id":"https:\/\/nutrifresh.com\/fr\/qui-sommes-nouse\/#primaryimage"},"thumbnailUrl":"https:\/\/nutrifresh.com\/wp-content\/uploads\/2023\/08\/Header_13b_test-copy-scaled.jpg","datePublished":"2023-07-21T16:10:54+00:00","dateModified":"2023-09-04T15:58:15+00:00","description":"Chez nutrifresh\u2122, nous avons une conviction : \u00e7a devrait \u00eatre plus simple a preparer, cusiner et manger plus sain. Nous cr\u00e9ons des solutions qui r\u00e9duisent le gaspillage alimentaire et soutiennent dans votre hygi\u00e8ne de vie.","breadcrumb":{"@id":"https:\/\/nutrifresh.com\/fr\/qui-sommes-nouse\/#breadcrumb"},"inLanguage":"fr-FR","potentialAction":[{"@type":"ReadAction","target":["https:\/\/nutrifresh.com\/fr\/qui-sommes-nouse\/"]}]},{"@type":"ImageObject","inLanguage":"fr-FR","@id":"https:\/\/nutrifresh.com\/fr\/qui-sommes-nouse\/#primaryimage","url":"https:\/\/nutrifresh.com\/wp-content\/uploads\/2023\/08\/Header_13b_test-copy-scaled.jpg","contentUrl":"https:\/\/nutrifresh.com\/wp-content\/uploads\/2023\/08\/Header_13b_test-copy-scaled.jpg","width":2560,"height":1644},{"@type":"BreadcrumbList","@id":"https:\/\/nutrifresh.com\/fr\/qui-sommes-nouse\/#breadcrumb","itemListElement":[{"@type":"ListItem","position":1,"name":"Home","item":"https:\/\/nutrifresh.com\/fr\/homepage\/"},{"@type":"ListItem","position":2,"name":"Qui Sommes-Nous?"}]},{"@type":"WebSite","@id":"https:\/\/nutrifresh.com\/fr\/#website","url":"https:\/\/nutrifresh.com\/fr\/","name":"Nutrifresh","description":"A fresh way to eat healthier","potentialAction":[{"@type":"SearchAction","target":{"@type":"EntryPoint","urlTemplate":"https:\/\/nutrifresh.com\/fr\/?s={search_term_string}"},"query-input":"required name=search_term_string"}],"inLanguage":"fr-FR"}]}},"_links":{"self":[{"href":"https:\/\/nutrifresh.com\/fr\/wp-json\/wp\/v2\/pages\/5631","targetHints":{"allow":["GET"]}}],"collection":[{"href":"https:\/\/nutrifresh.com\/fr\/wp-json\/wp\/v2\/pages"}],"about":[{"href":"https:\/\/nutrifresh.com\/fr\/wp-json\/wp\/v2\/types\/page"}],"author":[{"embeddable":true,"href":"https:\/\/nutrifresh.com\/fr\/wp-json\/wp\/v2\/users\/1"}],"replies":[{"embeddable":true,"href":"https:\/\/nutrifresh.com\/fr\/wp-json\/wp\/v2\/comments?post=5631"}],"version-history":[{"count":0,"href":"https:\/\/nutrifresh.com\/fr\/wp-json\/wp\/v2\/pages\/5631\/revisions"}],"wp:featuredmedia":[{"embeddable":true,"href":"https:\/\/nutrifresh.com\/fr\/wp-json\/wp\/v2\/media\/5632"}],"wp:attachment":[{"href":"https:\/\/nutrifresh.com\/fr\/wp-json\/wp\/v2\/media?parent=5631"}],"curies":[{"name":"wp","href":"https:\/\/api.w.org\/{rel}","templated":true}]}}