{"id":5940,"date":"2023-07-11T16:43:22","date_gmt":"2023-07-11T16:43:22","guid":{"rendered":"https:\/\/nutrifresh.com\/livraison-retours\/"},"modified":"2023-09-04T09:47:31","modified_gmt":"2023-09-04T09:47:31","slug":"livraison-retours","status":"publish","type":"page","link":"https:\/\/nutrifresh.com\/fr\/livraison-retours\/","title":{"rendered":"Livraisons &amp; Retours"},"content":{"rendered":"<h4>Comment contacter nutrifresh\u2122 ?<\/h4>\n<p><strong>Informations g\u00e9n\u00e9rales<\/strong><\/p>\n<p>Nutrifresh\u2122<br \/>\nThe Continuity Company Ltd<br \/>\n4th Floor, The shipping Building<br \/>\n252 &#8211; 254 Blyth Road<br \/>\nHayes<br \/>\nUB3 1HA<br \/>\nVAT (UK): GB577264605<\/p>\n<p>Par email : nutrifresh@tccglobal.com<\/p>\n<hr \/>\n<h4>Retours &amp; \u00c9changes<\/h4>\n<p><strong>Notre politique de retour :<\/strong><\/p>\n<p>Conform\u00e9ment aux droits d&rsquo;annulation pr\u00e9vus par la loi, si vous n&rsquo;\u00eates pas satisfait \u00e0 100 % d&rsquo;un produit nutrifresh\u2122, vous pouvez le\/les renvoyer pour remboursement dans les 30 jours suivant la r\u00e9ception des produits, \u00e0 condition que les produits n&rsquo;aient pas \u00e9t\u00e9 utilis\u00e9s et ne soient pas endommag\u00e9s. Pour retourner un article, veuillez contacter notre service client\u00e8le \u00e0 l&rsquo;adresse suivante : nutrifresh@tccglobal.com<\/p>\n<p>Veuillez noter que cette politique de retour n&rsquo;affecte pas vos droits statutaires et n&rsquo;affecte donc pas votre droit d&rsquo;annulation tel que d\u00e9crit ci-dessus.<\/p>\n<p>Veuillez noter que vous devez retourner chaque article dans le m\u00eame \u00e9tat que celui dans lequel vous l&rsquo;avez re\u00e7u. Cela signifie que les articles neufs doivent \u00eatre retourn\u00e9s sans avoir \u00e9t\u00e9 utilis\u00e9s et sans avoir \u00e9t\u00e9 endommag\u00e9s. Les articles usag\u00e9s ne doivent pas pr\u00e9senter de signes d&rsquo;utilisation ou de dommages. Veuillez noter que nous ne proc\u00e9derons \u00e0 votre remboursement qu&rsquo;une fois l&rsquo;article retourn\u00e9 et v\u00e9rifi\u00e9 par l&rsquo;un de nos sp\u00e9cialistes, ce qui peut prendre jusqu&rsquo;\u00e0 14 jours.<\/p>\n<p>Les retours peuvent \u00eatre envoy\u00e9s \u00e0 l&rsquo;adresse suivante:<\/p>\n<p>Nutrifresh Customer Service<\/p>\n<p>The Continuity Company Ltd<\/p>\n<p>4th Floor, The Shipping Building<\/p>\n<p>252 &#8211; 254 Blyth Road<\/p>\n<p>Hayes<\/p>\n<p>UB3 1HA<\/p>\n<p><strong>Effectuer un \u00e9change :<\/strong><\/p>\n<p>Pour \u00e9changer un article, veuillez contacter notre service client\u00e8le \u00e0 l&rsquo;adresse <a href=\"mailto:nutrifresh@tccglobal.com\">nutrifresh@tccglobal.com<\/a> en indiquant les d\u00e9tails du produit que vous souhaitez en remplacement.<\/p>\n<p><strong>Retourner un produit d\u00e9fectueux :<\/strong><\/p>\n<p>Pour les articles d\u00e9fectueux, veuillez contacter notre service client\u00e8le \u00e0 l&rsquo;adresse nutrifresh@tccglobal.com. Si votre produit \u00e9lectrique pr\u00e9sente un d\u00e9faut dans les 14 jours suivant l&rsquo;achat, nous l&rsquo;\u00e9changerons ou le rembourserons int\u00e9gralement.<\/p>\n<p>Apr\u00e8s 14 jours, nous r\u00e9parons les produits \u00e9lectriques, \u00e0 condition que cela soit conforme aux conditions de notre garantie. Une preuve d&rsquo;achat devra \u00eatre fournie pour tous les retours de produits. Si vous exp\u00e9diez un article d&rsquo;une valeur sup\u00e9rieure \u00e0 50 euros, nous vous conseillons de choisir un envoi suivi ou de souscrire \u00e0 une assurance pour la livraison. Nous ne garantissons pas la r\u00e9ception des articles retourn\u00e9s.<\/p>\n<p>&nbsp;<\/p>\n<h4>Informations concernant la livraison :<\/h4>\n<p>Livraison standard GRATUITE \u00e0 partir de 50 \u20ac d&rsquo;achats.<\/p>\n<p>6,99 \u20ac de frais de port pour les commandes de moins de 50 \u20ac.<\/p>\n<p>Les commandes sont exp\u00e9di\u00e9es dans un d\u00e9lai d&rsquo;un jour ouvrable et sont g\u00e9n\u00e9ralement livr\u00e9es dans un d\u00e9lai de 5 jours ouvrables. Certains transporteurs peuvent livrer un peu plus t\u00f4t ou un peu plus tard.<\/p>\n<p>Les livraisons standard sont effectu\u00e9es par DPD et Amazon.<\/p>\n<h4>Nos tarifs de livraison sont indiqu\u00e9s dans le tableau ci-dessous :<\/h4>\n<p>&nbsp;<\/p>\n<table class=\"table\">\n<thead>\n<tr>\n<th>Co\u00fbt d&rsquo;exp\u00e9dition du pays<\/th>\n<th>Co\u00fbt d&rsquo;exp\u00e9dition du pays Moins de 50 \u20ac<\/th>\n<th>Co\u00fbt de la livraison Plus de 50 \u20ac<\/th>\n<th>Suppl\u00e9ment pour les \u00eeles<\/th>\n<th>D\u00e9lais de livraison<\/th>\n<th><\/th>\n<\/tr>\n<\/thead>\n<tbody>\n<tr>\n<td>France<\/td>\n<td>\u20ac6.99<\/td>\n<td>GRATUIT<\/td>\n<td>NC<\/td>\n<td>2-4 Jours<\/td>\n<td><\/td>\n<\/tr>\n<tr>\n<td>Allemagne<\/td>\n<td>\u20ac6.99<\/td>\n<td>GRATUIT<\/td>\n<td>NC<\/td>\n<td>2-6 Jours<\/td>\n<td><\/td>\n<\/tr>\n<tr>\n<td>Italie<\/td>\n<td>\u20ac6.99<\/td>\n<td>GRATUIT<\/td>\n<td>\u20ac23<\/td>\n<td>2-6 Jours<\/td>\n<td><\/td>\n<\/tr>\n<tr>\n<td>Espagne<\/td>\n<td>\u20ac6.99<\/td>\n<td>GRATUIT<\/td>\n<td>\u20ac23<\/td>\n<td>2-6 Jours<\/td>\n<td><\/td>\n<\/tr>\n<tr>\n<td>Portugal<\/td>\n<td>\u20ac6.99<\/td>\n<td>GRATUIT<\/td>\n<td>\u20ac23<\/td>\n<td>2-6 Jours<\/td>\n<td><\/td>\n<\/tr>\n<tr>\n<td>Pays-Bas<\/td>\n<td>\u20ac6.99<\/td>\n<td>GRATUIT<\/td>\n<td>NC<\/td>\n<td>2-4 Jours<\/td>\n<td><\/td>\n<\/tr>\n<tr>\n<td>Royaume-Uni<\/td>\n<td>\u20ac6.99<\/td>\n<td>GRATUIT<\/td>\n<td>NC<\/td>\n<td>3-5 Jours<\/td>\n<td><\/td>\n<\/tr>\n<tr>\n<td>\u00celes Anglo-Normandes<\/td>\n<td>\u20ac6.99<\/td>\n<td>GRATUIT<\/td>\n<td>\u20ac23<\/td>\n<td>3-5 Jours<\/td>\n<td><\/td>\n<\/tr>\n<tr>\n<td>\u00cele de Man<\/td>\n<td>\u20ac6.99<\/td>\n<td>GRATUIT<\/td>\n<td>\u20ac23<\/td>\n<td>3-5 Jours<\/td>\n<td><\/td>\n<\/tr>\n<\/tbody>\n<\/table>\n","protected":false},"excerpt":{"rendered":"<p>Comment contacter nutrifresh\u2122 ? Informations g\u00e9n\u00e9rales Nutrifresh\u2122 The Continuity Company Ltd 4th Floor, The shipping Building 252 &#8211; 254 Blyth Road Hayes UB3 1HA VAT (UK): GB577264605 Par email : nutrifresh@tccglobal.com Retours &amp; \u00c9changes Notre politique de retour : Conform\u00e9ment aux droits d&rsquo;annulation pr\u00e9vus par la loi, si vous n&rsquo;\u00eates pas satisfait \u00e0 100 % [&hellip;]<\/p>\n","protected":false},"author":1,"featured_media":0,"parent":0,"menu_order":0,"comment_status":"closed","ping_status":"closed","template":"","meta":{"inline_featured_image":false,"footnotes":""},"class_list":["post-5940","page","type-page","status-publish","hentry"],"acf":[],"yoast_head":"<!-- This site is optimized with the Yoast SEO plugin v23.2 - https:\/\/yoast.com\/wordpress\/plugins\/seo\/ -->\n<title>Livraisons &amp; Retours | nutrifresh<\/title>\n<meta name=\"description\" content=\"Consultez nos r\u00e8gles sur les livraisons et les retours. Vous avez la possibilit\u00e9 d&#039;annuler votre commande et de demander un remboursement.\" \/>\n<meta name=\"robots\" content=\"index, follow, max-snippet:-1, max-image-preview:large, max-video-preview:-1\" \/>\n<link rel=\"canonical\" href=\"https:\/\/nutrifresh.com\/fr\/livraison-retours\/\" \/>\n<meta property=\"og:locale\" content=\"fr_FR\" \/>\n<meta property=\"og:type\" content=\"article\" \/>\n<meta property=\"og:title\" content=\"Livraisons &amp; Retours | nutrifresh\" \/>\n<meta property=\"og:description\" content=\"Consultez nos r\u00e8gles sur les livraisons et les retours. Vous avez la possibilit\u00e9 d&#039;annuler votre commande et de demander un remboursement.\" \/>\n<meta property=\"og:url\" content=\"https:\/\/nutrifresh.com\/fr\/livraison-retours\/\" \/>\n<meta property=\"og:site_name\" content=\"Nutrifresh\" \/>\n<meta property=\"article:modified_time\" content=\"2023-09-04T09:47:31+00:00\" \/>\n<meta name=\"twitter:card\" content=\"summary_large_image\" \/>\n<meta name=\"twitter:label1\" content=\"Dur\u00e9e de lecture estim\u00e9e\" \/>\n\t<meta name=\"twitter:data1\" content=\"3 minutes\" \/>\n<script type=\"application\/ld+json\" class=\"yoast-schema-graph\">{\"@context\":\"https:\/\/schema.org\",\"@graph\":[{\"@type\":\"WebPage\",\"@id\":\"https:\/\/nutrifresh.com\/fr\/livraison-retours\/\",\"url\":\"https:\/\/nutrifresh.com\/fr\/livraison-retours\/\",\"name\":\"Livraisons & Retours | nutrifresh\",\"isPartOf\":{\"@id\":\"https:\/\/nutrifresh.com\/fr\/#website\"},\"datePublished\":\"2023-07-11T16:43:22+00:00\",\"dateModified\":\"2023-09-04T09:47:31+00:00\",\"description\":\"Consultez nos r\u00e8gles sur les livraisons et les retours. Vous avez la possibilit\u00e9 d'annuler votre commande et de demander un remboursement.\",\"breadcrumb\":{\"@id\":\"https:\/\/nutrifresh.com\/fr\/livraison-retours\/#breadcrumb\"},\"inLanguage\":\"fr-FR\",\"potentialAction\":[{\"@type\":\"ReadAction\",\"target\":[\"https:\/\/nutrifresh.com\/fr\/livraison-retours\/\"]}]},{\"@type\":\"BreadcrumbList\",\"@id\":\"https:\/\/nutrifresh.com\/fr\/livraison-retours\/#breadcrumb\",\"itemListElement\":[{\"@type\":\"ListItem\",\"position\":1,\"name\":\"Home\",\"item\":\"https:\/\/nutrifresh.com\/fr\/homepage\/\"},{\"@type\":\"ListItem\",\"position\":2,\"name\":\"Livraisons &amp; Retours\"}]},{\"@type\":\"WebSite\",\"@id\":\"https:\/\/nutrifresh.com\/fr\/#website\",\"url\":\"https:\/\/nutrifresh.com\/fr\/\",\"name\":\"Nutrifresh\",\"description\":\"A fresh way to eat healthier\",\"potentialAction\":[{\"@type\":\"SearchAction\",\"target\":{\"@type\":\"EntryPoint\",\"urlTemplate\":\"https:\/\/nutrifresh.com\/fr\/?s={search_term_string}\"},\"query-input\":\"required name=search_term_string\"}],\"inLanguage\":\"fr-FR\"}]}<\/script>\n<!-- \/ Yoast SEO plugin. -->","yoast_head_json":{"title":"Livraisons & Retours | nutrifresh","description":"Consultez nos r\u00e8gles sur les livraisons et les retours. Vous avez la possibilit\u00e9 d'annuler votre commande et de demander un remboursement.","robots":{"index":"index","follow":"follow","max-snippet":"max-snippet:-1","max-image-preview":"max-image-preview:large","max-video-preview":"max-video-preview:-1"},"canonical":"https:\/\/nutrifresh.com\/fr\/livraison-retours\/","og_locale":"fr_FR","og_type":"article","og_title":"Livraisons & Retours | nutrifresh","og_description":"Consultez nos r\u00e8gles sur les livraisons et les retours. Vous avez la possibilit\u00e9 d'annuler votre commande et de demander un remboursement.","og_url":"https:\/\/nutrifresh.com\/fr\/livraison-retours\/","og_site_name":"Nutrifresh","article_modified_time":"2023-09-04T09:47:31+00:00","twitter_card":"summary_large_image","twitter_misc":{"Dur\u00e9e de lecture estim\u00e9e":"3 minutes"},"schema":{"@context":"https:\/\/schema.org","@graph":[{"@type":"WebPage","@id":"https:\/\/nutrifresh.com\/fr\/livraison-retours\/","url":"https:\/\/nutrifresh.com\/fr\/livraison-retours\/","name":"Livraisons & Retours | nutrifresh","isPartOf":{"@id":"https:\/\/nutrifresh.com\/fr\/#website"},"datePublished":"2023-07-11T16:43:22+00:00","dateModified":"2023-09-04T09:47:31+00:00","description":"Consultez nos r\u00e8gles sur les livraisons et les retours. Vous avez la possibilit\u00e9 d'annuler votre commande et de demander un remboursement.","breadcrumb":{"@id":"https:\/\/nutrifresh.com\/fr\/livraison-retours\/#breadcrumb"},"inLanguage":"fr-FR","potentialAction":[{"@type":"ReadAction","target":["https:\/\/nutrifresh.com\/fr\/livraison-retours\/"]}]},{"@type":"BreadcrumbList","@id":"https:\/\/nutrifresh.com\/fr\/livraison-retours\/#breadcrumb","itemListElement":[{"@type":"ListItem","position":1,"name":"Home","item":"https:\/\/nutrifresh.com\/fr\/homepage\/"},{"@type":"ListItem","position":2,"name":"Livraisons &amp; Retours"}]},{"@type":"WebSite","@id":"https:\/\/nutrifresh.com\/fr\/#website","url":"https:\/\/nutrifresh.com\/fr\/","name":"Nutrifresh","description":"A fresh way to eat healthier","potentialAction":[{"@type":"SearchAction","target":{"@type":"EntryPoint","urlTemplate":"https:\/\/nutrifresh.com\/fr\/?s={search_term_string}"},"query-input":"required name=search_term_string"}],"inLanguage":"fr-FR"}]}},"_links":{"self":[{"href":"https:\/\/nutrifresh.com\/fr\/wp-json\/wp\/v2\/pages\/5940","targetHints":{"allow":["GET"]}}],"collection":[{"href":"https:\/\/nutrifresh.com\/fr\/wp-json\/wp\/v2\/pages"}],"about":[{"href":"https:\/\/nutrifresh.com\/fr\/wp-json\/wp\/v2\/types\/page"}],"author":[{"embeddable":true,"href":"https:\/\/nutrifresh.com\/fr\/wp-json\/wp\/v2\/users\/1"}],"replies":[{"embeddable":true,"href":"https:\/\/nutrifresh.com\/fr\/wp-json\/wp\/v2\/comments?post=5940"}],"version-history":[{"count":0,"href":"https:\/\/nutrifresh.com\/fr\/wp-json\/wp\/v2\/pages\/5940\/revisions"}],"wp:attachment":[{"href":"https:\/\/nutrifresh.com\/fr\/wp-json\/wp\/v2\/media?parent=5940"}],"curies":[{"name":"wp","href":"https:\/\/api.w.org\/{rel}","templated":true}]}}