{"id":6248,"date":"2023-07-20T09:19:51","date_gmt":"2023-07-20T09:19:51","guid":{"rendered":"https:\/\/nutrifresh.com\/termes-conditions\/"},"modified":"2023-09-04T10:02:41","modified_gmt":"2023-09-04T10:02:41","slug":"termes-conditions","status":"publish","type":"page","link":"https:\/\/nutrifresh.com\/fr\/termes-conditions\/","title":{"rendered":"Termes &amp; Conditions"},"content":{"rendered":"<h4>G\u00e9n\u00e9ral<\/h4>\n<p>Ce site web est d\u00e9tenu et exploit\u00e9 par <strong>The Continuity Company Ltd, 4th Floor, The Shipping Building, 252\u2013 254 Blyth Road, Hayes, UB3 1HA, Angleterre.<\/strong><\/p>\n<p>Veuillez lire attentivement les termes et conditions ci-dessous, car votre acc\u00e8s et votre utilisation de ce site web indiquent que vous acceptez d&rsquo;\u00eatre li\u00e9, non seulement par ces termes et conditions, mais \u00e9galement par toutes les lois, r\u00e9glementations et codes de pratique applicables dans la juridiction \u00e0 partir de laquelle vous acc\u00e9dez \u00e0 ce site web. Veuillez ne pas acc\u00e9der ou utiliser ce site si vous n&rsquo;acceptez pas d&rsquo;\u00eatre li\u00e9 par ces termes et conditions.<\/p>\n<p>Nous pouvons modifier ces conditions g\u00e9n\u00e9rales \u00e0 tout moment, les modifications prenant effet \u00e0 compter de leur mise en ligne. Votre utilisation continue du site indique que vous acceptez d&rsquo;\u00eatre li\u00e9 par ces conditions telles que modifi\u00e9es..<\/p>\n<p>L&rsquo;utilisation de \u00ab nous \u00bb, \u00ab notre \u00bb ou \u00ab notre \u00bb fait r\u00e9f\u00e9rence \u00e0 tcc.<\/p>\n<hr \/>\n<h4>Termes &amp; Conditions<\/h4>\n<p><strong>Vous vous engagez \u00e0 ne pas :<\/strong><\/p>\n<ol>\n<li>Copier, reproduire, republier, t\u00e9l\u00e9charger, publier, diffuser, transmettre, mettre \u00e0 la disposition du public ou utiliser le contenu de ce site de quelque mani\u00e8re que ce soit, sauf pour votre usage personnel et non commercial.<\/li>\n<li>Cr\u00e9er ou adapter une oeuvre en utilisant le contenu de ce site, sauf pour votre usage personnel et non commercial.<\/li>\n<li>Utiliser tout logiciel ou appareil pour interf\u00e9rer ou tenter d&rsquo;interf\u00e9rer avec le fonctionnement ou l&rsquo;apparence de ce site web et de son logiciel.<\/li>\n<li>Afficher, transmettre ou diffuser toute information sur ou via ce site web.<\/li>\n<li>Une autorisation \u00e9crite pr\u00e9alable de tcc est requise pour toute autre utilisation du contenu de ce site Web.<\/li>\n<li>Toute information t\u00e9l\u00e9charg\u00e9e \u00e0 partir de ce site web se fait \u00e0 vos risques et p\u00e9rils.<\/li>\n<\/ol>\n<hr \/>\n<h4>Avis de non-responsabilit\u00e9 et limitation de responsabilit\u00e9<\/h4>\n<p>En aucun cas, nous ne serons responsables des pertes ou dommages directs ou indirects de toute nature, pr\u00e9vus ou non, r\u00e9sultant de l&rsquo;acc\u00e8s ou de l&rsquo;utilisation de ce site web ou de toute information qu&rsquo;il contient. Cela inclut, mais sans s&rsquo;y limiter, la perte de revenus ou de b\u00e9n\u00e9fices, la perte de donn\u00e9es, la perte de client\u00e8le ou l&rsquo;atteinte \u00e0 la r\u00e9putation.<\/p>\n<p>Vous acceptez de nous d\u00e9gager de toute responsabilit\u00e9, y compris des d\u00e9penses et des frais juridiques, li\u00e9s \u00e0 votre violation des pr\u00e9sents termes et conditions.<\/p>\n<hr \/>\n<h4>Liens vers d&rsquo;autres sites web :<\/h4>\n<p>Notre site web peut inclure des liens vers d&rsquo;autres sites internet. Nous ne sommes pas responsables du contenu, des informations, du mat\u00e9riel, des produits ou des services contenus sur ou accessibles via ces sites web. Votre acc\u00e8s et votre utilisation de ces sites web se font \u00e0 vos risques et p\u00e9rils.<\/p>\n<hr \/>\n<h4>Liens vers ce site :<\/h4>\n<p>Vous ne pouvez cr\u00e9er un lien vers notre site web qu&rsquo;avec notre autorisation \u00e9crite pr\u00e9alable. Nous nous r\u00e9servons le droit de retirer cette autorisation \u00e0 tout moment et sans explication.<\/p>\n<hr \/>\n<h4>Propri\u00e9t\u00e9 intellectuelle<\/h4>\n<p>Tous les logos, noms ou images sur ce site web qui identifient tcc ou des tiers et leurs produits ou services sont soumis au droit d&rsquo;auteur, aux droits de conception, aux brevets et aux marques d\u00e9pos\u00e9es et vous acceptez de respecter les lois et r\u00e8glements r\u00e9gissant l&rsquo;utilisation de ces \u00e9l\u00e9ments. Rien de ce qui est contenu dans nos conditions g\u00e9n\u00e9rales ne conf\u00e8re implicitement ou autrement le droit d&rsquo;utiliser ou de reproduire l&rsquo;un de ces \u00e9l\u00e9ments.<\/p>\n<p>&nbsp;<\/p>\n<p><strong>Enregistr\u00e9 en Angleterre, num\u00e9ro d&rsquo;entreprise 02571394<\/strong><\/p>\n","protected":false},"excerpt":{"rendered":"<p>G\u00e9n\u00e9ral Ce site web est d\u00e9tenu et exploit\u00e9 par The Continuity Company Ltd, 4th Floor, The Shipping Building, 252\u2013 254 Blyth Road, Hayes, UB3 1HA, Angleterre. Veuillez lire attentivement les termes et conditions ci-dessous, car votre acc\u00e8s et votre utilisation de ce site web indiquent que vous acceptez d&rsquo;\u00eatre li\u00e9, non seulement par ces termes [&hellip;]<\/p>\n","protected":false},"author":1,"featured_media":0,"parent":0,"menu_order":0,"comment_status":"closed","ping_status":"closed","template":"","meta":{"inline_featured_image":false,"footnotes":""},"class_list":["post-6248","page","type-page","status-publish","hentry"],"acf":[],"yoast_head":"<!-- This site is optimized with the Yoast SEO plugin v23.2 - https:\/\/yoast.com\/wordpress\/plugins\/seo\/ -->\n<title>Termes &amp; Conditions | nutrifresh<\/title>\n<meta name=\"description\" content=\"Veuillez lire les conditions g\u00e9n\u00e9rales, de ce site web. En l&#039;utilisant, vous acceptez de vous conformer \u00e0 toutes les lois applicables.\" \/>\n<meta name=\"robots\" content=\"index, follow, max-snippet:-1, max-image-preview:large, max-video-preview:-1\" \/>\n<link rel=\"canonical\" href=\"https:\/\/nutrifresh.com\/fr\/termes-conditions\/\" \/>\n<meta property=\"og:locale\" content=\"fr_FR\" \/>\n<meta property=\"og:type\" content=\"article\" \/>\n<meta property=\"og:title\" content=\"Termes &amp; Conditions | nutrifresh\" \/>\n<meta property=\"og:description\" content=\"Veuillez lire les conditions g\u00e9n\u00e9rales, de ce site web. En l&#039;utilisant, vous acceptez de vous conformer \u00e0 toutes les lois applicables.\" \/>\n<meta property=\"og:url\" content=\"https:\/\/nutrifresh.com\/fr\/termes-conditions\/\" \/>\n<meta property=\"og:site_name\" content=\"Nutrifresh\" \/>\n<meta property=\"article:modified_time\" content=\"2023-09-04T10:02:41+00:00\" \/>\n<meta name=\"twitter:card\" content=\"summary_large_image\" \/>\n<meta name=\"twitter:label1\" content=\"Dur\u00e9e de lecture estim\u00e9e\" \/>\n\t<meta name=\"twitter:data1\" content=\"3 minutes\" \/>\n<script type=\"application\/ld+json\" class=\"yoast-schema-graph\">{\"@context\":\"https:\/\/schema.org\",\"@graph\":[{\"@type\":\"WebPage\",\"@id\":\"https:\/\/nutrifresh.com\/fr\/termes-conditions\/\",\"url\":\"https:\/\/nutrifresh.com\/fr\/termes-conditions\/\",\"name\":\"Termes & Conditions | nutrifresh\",\"isPartOf\":{\"@id\":\"https:\/\/nutrifresh.com\/fr\/#website\"},\"datePublished\":\"2023-07-20T09:19:51+00:00\",\"dateModified\":\"2023-09-04T10:02:41+00:00\",\"description\":\"Veuillez lire les conditions g\u00e9n\u00e9rales, de ce site web. En l'utilisant, vous acceptez de vous conformer \u00e0 toutes les lois applicables.\",\"breadcrumb\":{\"@id\":\"https:\/\/nutrifresh.com\/fr\/termes-conditions\/#breadcrumb\"},\"inLanguage\":\"fr-FR\",\"potentialAction\":[{\"@type\":\"ReadAction\",\"target\":[\"https:\/\/nutrifresh.com\/fr\/termes-conditions\/\"]}]},{\"@type\":\"BreadcrumbList\",\"@id\":\"https:\/\/nutrifresh.com\/fr\/termes-conditions\/#breadcrumb\",\"itemListElement\":[{\"@type\":\"ListItem\",\"position\":1,\"name\":\"Home\",\"item\":\"https:\/\/nutrifresh.com\/fr\/homepage\/\"},{\"@type\":\"ListItem\",\"position\":2,\"name\":\"Termes &amp; Conditions\"}]},{\"@type\":\"WebSite\",\"@id\":\"https:\/\/nutrifresh.com\/fr\/#website\",\"url\":\"https:\/\/nutrifresh.com\/fr\/\",\"name\":\"Nutrifresh\",\"description\":\"A fresh way to eat healthier\",\"potentialAction\":[{\"@type\":\"SearchAction\",\"target\":{\"@type\":\"EntryPoint\",\"urlTemplate\":\"https:\/\/nutrifresh.com\/fr\/?s={search_term_string}\"},\"query-input\":\"required name=search_term_string\"}],\"inLanguage\":\"fr-FR\"}]}<\/script>\n<!-- \/ Yoast SEO plugin. -->","yoast_head_json":{"title":"Termes & Conditions | nutrifresh","description":"Veuillez lire les conditions g\u00e9n\u00e9rales, de ce site web. En l'utilisant, vous acceptez de vous conformer \u00e0 toutes les lois applicables.","robots":{"index":"index","follow":"follow","max-snippet":"max-snippet:-1","max-image-preview":"max-image-preview:large","max-video-preview":"max-video-preview:-1"},"canonical":"https:\/\/nutrifresh.com\/fr\/termes-conditions\/","og_locale":"fr_FR","og_type":"article","og_title":"Termes & Conditions | nutrifresh","og_description":"Veuillez lire les conditions g\u00e9n\u00e9rales, de ce site web. En l'utilisant, vous acceptez de vous conformer \u00e0 toutes les lois applicables.","og_url":"https:\/\/nutrifresh.com\/fr\/termes-conditions\/","og_site_name":"Nutrifresh","article_modified_time":"2023-09-04T10:02:41+00:00","twitter_card":"summary_large_image","twitter_misc":{"Dur\u00e9e de lecture estim\u00e9e":"3 minutes"},"schema":{"@context":"https:\/\/schema.org","@graph":[{"@type":"WebPage","@id":"https:\/\/nutrifresh.com\/fr\/termes-conditions\/","url":"https:\/\/nutrifresh.com\/fr\/termes-conditions\/","name":"Termes & Conditions | nutrifresh","isPartOf":{"@id":"https:\/\/nutrifresh.com\/fr\/#website"},"datePublished":"2023-07-20T09:19:51+00:00","dateModified":"2023-09-04T10:02:41+00:00","description":"Veuillez lire les conditions g\u00e9n\u00e9rales, de ce site web. En l'utilisant, vous acceptez de vous conformer \u00e0 toutes les lois applicables.","breadcrumb":{"@id":"https:\/\/nutrifresh.com\/fr\/termes-conditions\/#breadcrumb"},"inLanguage":"fr-FR","potentialAction":[{"@type":"ReadAction","target":["https:\/\/nutrifresh.com\/fr\/termes-conditions\/"]}]},{"@type":"BreadcrumbList","@id":"https:\/\/nutrifresh.com\/fr\/termes-conditions\/#breadcrumb","itemListElement":[{"@type":"ListItem","position":1,"name":"Home","item":"https:\/\/nutrifresh.com\/fr\/homepage\/"},{"@type":"ListItem","position":2,"name":"Termes &amp; Conditions"}]},{"@type":"WebSite","@id":"https:\/\/nutrifresh.com\/fr\/#website","url":"https:\/\/nutrifresh.com\/fr\/","name":"Nutrifresh","description":"A fresh way to eat healthier","potentialAction":[{"@type":"SearchAction","target":{"@type":"EntryPoint","urlTemplate":"https:\/\/nutrifresh.com\/fr\/?s={search_term_string}"},"query-input":"required name=search_term_string"}],"inLanguage":"fr-FR"}]}},"_links":{"self":[{"href":"https:\/\/nutrifresh.com\/fr\/wp-json\/wp\/v2\/pages\/6248","targetHints":{"allow":["GET"]}}],"collection":[{"href":"https:\/\/nutrifresh.com\/fr\/wp-json\/wp\/v2\/pages"}],"about":[{"href":"https:\/\/nutrifresh.com\/fr\/wp-json\/wp\/v2\/types\/page"}],"author":[{"embeddable":true,"href":"https:\/\/nutrifresh.com\/fr\/wp-json\/wp\/v2\/users\/1"}],"replies":[{"embeddable":true,"href":"https:\/\/nutrifresh.com\/fr\/wp-json\/wp\/v2\/comments?post=6248"}],"version-history":[{"count":0,"href":"https:\/\/nutrifresh.com\/fr\/wp-json\/wp\/v2\/pages\/6248\/revisions"}],"wp:attachment":[{"href":"https:\/\/nutrifresh.com\/fr\/wp-json\/wp\/v2\/media?parent=6248"}],"curies":[{"name":"wp","href":"https:\/\/api.w.org\/{rel}","templated":true}]}}