{"id":6447,"date":"2023-07-11T16:43:22","date_gmt":"2023-07-11T16:43:22","guid":{"rendered":"https:\/\/nutrifresh.com\/panier\/"},"modified":"2024-12-05T05:56:51","modified_gmt":"2024-12-05T05:56:51","slug":"panier","status":"publish","type":"page","link":"https:\/\/nutrifresh.com\/fr\/panier\/","title":{"rendered":"Panier"},"content":{"rendered":"\n","protected":false},"excerpt":{"rendered":"","protected":false},"author":1,"featured_media":0,"parent":0,"menu_order":0,"comment_status":"closed","ping_status":"closed","template":"page-cart.php","meta":{"inline_featured_image":false,"footnotes":""},"class_list":["post-6447","page","type-page","status-publish","hentry"],"acf":[],"yoast_head":"<!-- This site is optimized with the Yoast SEO plugin v23.2 - https:\/\/yoast.com\/wordpress\/plugins\/seo\/ -->\n<title>Termes &amp; Conditions | nutrifresh<\/title>\n<meta name=\"description\" content=\"Voyez ce que vous avez dans votre panier et passez \u00e0 la caisse avec vos nouveaux produits nutrifresh, pr\u00eats \u00e0 \u00eatre livr\u00e9s \u00e0 domicile !\" \/>\n<meta name=\"robots\" content=\"index, follow, max-snippet:-1, max-image-preview:large, max-video-preview:-1\" \/>\n<link rel=\"canonical\" href=\"https:\/\/nutrifresh.com\/fr\/panier\/\" \/>\n<meta property=\"og:locale\" content=\"fr_FR\" \/>\n<meta property=\"og:type\" content=\"article\" \/>\n<meta property=\"og:title\" content=\"Termes &amp; Conditions | nutrifresh\" \/>\n<meta property=\"og:description\" content=\"Voyez ce que vous avez dans votre panier et passez \u00e0 la caisse avec vos nouveaux produits nutrifresh, pr\u00eats \u00e0 \u00eatre livr\u00e9s \u00e0 domicile !\" \/>\n<meta property=\"og:url\" content=\"https:\/\/nutrifresh.com\/fr\/panier\/\" \/>\n<meta property=\"og:site_name\" content=\"Nutrifresh\" \/>\n<meta property=\"article:modified_time\" content=\"2024-12-05T05:56:51+00:00\" \/>\n<meta name=\"twitter:card\" content=\"summary_large_image\" \/>\n<meta name=\"twitter:label1\" content=\"Dur\u00e9e de lecture estim\u00e9e\" \/>\n\t<meta name=\"twitter:data1\" content=\"1 minute\" \/>\n<script type=\"application\/ld+json\" class=\"yoast-schema-graph\">{\"@context\":\"https:\/\/schema.org\",\"@graph\":[{\"@type\":\"WebPage\",\"@id\":\"https:\/\/nutrifresh.com\/fr\/panier\/\",\"url\":\"https:\/\/nutrifresh.com\/fr\/panier\/\",\"name\":\"Termes & Conditions | nutrifresh\",\"isPartOf\":{\"@id\":\"https:\/\/nutrifresh.com\/fr\/#website\"},\"datePublished\":\"2023-07-11T16:43:22+00:00\",\"dateModified\":\"2024-12-05T05:56:51+00:00\",\"description\":\"Voyez ce que vous avez dans votre panier et passez \u00e0 la caisse avec vos nouveaux produits nutrifresh, pr\u00eats \u00e0 \u00eatre livr\u00e9s \u00e0 domicile !\",\"breadcrumb\":{\"@id\":\"https:\/\/nutrifresh.com\/fr\/panier\/#breadcrumb\"},\"inLanguage\":\"fr-FR\",\"potentialAction\":[{\"@type\":\"ReadAction\",\"target\":[\"https:\/\/nutrifresh.com\/fr\/panier\/\"]}]},{\"@type\":\"BreadcrumbList\",\"@id\":\"https:\/\/nutrifresh.com\/fr\/panier\/#breadcrumb\",\"itemListElement\":[{\"@type\":\"ListItem\",\"position\":1,\"name\":\"Home\",\"item\":\"https:\/\/nutrifresh.com\/fr\/homepage\/\"},{\"@type\":\"ListItem\",\"position\":2,\"name\":\"Panier\"}]},{\"@type\":\"WebSite\",\"@id\":\"https:\/\/nutrifresh.com\/fr\/#website\",\"url\":\"https:\/\/nutrifresh.com\/fr\/\",\"name\":\"Nutrifresh\",\"description\":\"A fresh way to eat healthier\",\"potentialAction\":[{\"@type\":\"SearchAction\",\"target\":{\"@type\":\"EntryPoint\",\"urlTemplate\":\"https:\/\/nutrifresh.com\/fr\/?s={search_term_string}\"},\"query-input\":\"required name=search_term_string\"}],\"inLanguage\":\"fr-FR\"}]}<\/script>\n<!-- \/ Yoast SEO plugin. -->","yoast_head_json":{"title":"Termes & Conditions | nutrifresh","description":"Voyez ce que vous avez dans votre panier et passez \u00e0 la caisse avec vos nouveaux produits nutrifresh, pr\u00eats \u00e0 \u00eatre livr\u00e9s \u00e0 domicile !","robots":{"index":"index","follow":"follow","max-snippet":"max-snippet:-1","max-image-preview":"max-image-preview:large","max-video-preview":"max-video-preview:-1"},"canonical":"https:\/\/nutrifresh.com\/fr\/panier\/","og_locale":"fr_FR","og_type":"article","og_title":"Termes & Conditions | nutrifresh","og_description":"Voyez ce que vous avez dans votre panier et passez \u00e0 la caisse avec vos nouveaux produits nutrifresh, pr\u00eats \u00e0 \u00eatre livr\u00e9s \u00e0 domicile !","og_url":"https:\/\/nutrifresh.com\/fr\/panier\/","og_site_name":"Nutrifresh","article_modified_time":"2024-12-05T05:56:51+00:00","twitter_card":"summary_large_image","twitter_misc":{"Dur\u00e9e de lecture estim\u00e9e":"1 minute"},"schema":{"@context":"https:\/\/schema.org","@graph":[{"@type":"WebPage","@id":"https:\/\/nutrifresh.com\/fr\/panier\/","url":"https:\/\/nutrifresh.com\/fr\/panier\/","name":"Termes & Conditions | nutrifresh","isPartOf":{"@id":"https:\/\/nutrifresh.com\/fr\/#website"},"datePublished":"2023-07-11T16:43:22+00:00","dateModified":"2024-12-05T05:56:51+00:00","description":"Voyez ce que vous avez dans votre panier et passez \u00e0 la caisse avec vos nouveaux produits nutrifresh, pr\u00eats \u00e0 \u00eatre livr\u00e9s \u00e0 domicile !","breadcrumb":{"@id":"https:\/\/nutrifresh.com\/fr\/panier\/#breadcrumb"},"inLanguage":"fr-FR","potentialAction":[{"@type":"ReadAction","target":["https:\/\/nutrifresh.com\/fr\/panier\/"]}]},{"@type":"BreadcrumbList","@id":"https:\/\/nutrifresh.com\/fr\/panier\/#breadcrumb","itemListElement":[{"@type":"ListItem","position":1,"name":"Home","item":"https:\/\/nutrifresh.com\/fr\/homepage\/"},{"@type":"ListItem","position":2,"name":"Panier"}]},{"@type":"WebSite","@id":"https:\/\/nutrifresh.com\/fr\/#website","url":"https:\/\/nutrifresh.com\/fr\/","name":"Nutrifresh","description":"A fresh way to eat healthier","potentialAction":[{"@type":"SearchAction","target":{"@type":"EntryPoint","urlTemplate":"https:\/\/nutrifresh.com\/fr\/?s={search_term_string}"},"query-input":"required name=search_term_string"}],"inLanguage":"fr-FR"}]}},"_links":{"self":[{"href":"https:\/\/nutrifresh.com\/fr\/wp-json\/wp\/v2\/pages\/6447","targetHints":{"allow":["GET"]}}],"collection":[{"href":"https:\/\/nutrifresh.com\/fr\/wp-json\/wp\/v2\/pages"}],"about":[{"href":"https:\/\/nutrifresh.com\/fr\/wp-json\/wp\/v2\/types\/page"}],"author":[{"embeddable":true,"href":"https:\/\/nutrifresh.com\/fr\/wp-json\/wp\/v2\/users\/1"}],"replies":[{"embeddable":true,"href":"https:\/\/nutrifresh.com\/fr\/wp-json\/wp\/v2\/comments?post=6447"}],"version-history":[{"count":0,"href":"https:\/\/nutrifresh.com\/fr\/wp-json\/wp\/v2\/pages\/6447\/revisions"}],"wp:attachment":[{"href":"https:\/\/nutrifresh.com\/fr\/wp-json\/wp\/v2\/media?parent=6447"}],"curies":[{"name":"wp","href":"https:\/\/api.w.org\/{rel}","templated":true}]}}