{"id":5928,"date":"2023-08-02T14:58:29","date_gmt":"2023-08-02T14:58:29","guid":{"rendered":"https:\/\/nutrifresh.com\/p\/machine-a-soupe\/"},"modified":"2023-09-04T11:11:33","modified_gmt":"2023-09-04T11:11:33","slug":"soup-maker","status":"publish","type":"product","link":"https:\/\/nutrifresh.com\/fr\/p\/soup-maker\/","title":{"rendered":"Machine \u00e0 soupe"},"content":{"rendered":"<p>Pr\u00e9parez des soupes fra\u00eeches quand vous en avez envie gr\u00e2ce \u00e0 cet appareil polyvalent. La machine \u00e0 soupe nutrifresh\u2122 1,6L chauffe, cuit et mixe automatiquement vos soupes pr\u00e9f\u00e9r\u00e9es en seulement 21 minutes. Il vous suffit de couper vos l\u00e9gumes en morceaux, de les mettre dans l&rsquo;appareil et de les mixer de fa\u00e7on parfaite en choisissant les options avec morceaux ou onctueuse. C&rsquo;est le moyen le plus simple de pr\u00e9parer des soupes maison d\u00e9licieuses et nutritives. Vous gagnez un temps pr\u00e9cieux en cuisine et vous cela vous donne le choix de faire un repas sain.<\/p>\n<p>&nbsp;<\/p>\n","protected":false},"excerpt":{"rendered":"<p>Une soupe fra\u00eeche et maison en 21 minutes<\/p>\n","protected":false},"featured_media":5929,"template":"","meta":{"inline_featured_image":false},"product_cat":[108],"product_tag":[],"class_list":{"0":"post-5928","1":"product","2":"type-product","3":"status-publish","4":"has-post-thumbnail","6":"product_cat-airclip-fr-2","8":"first","9":"instock","10":"shipping-taxable","11":"purchasable","12":"product-type-simple"},"acf":[],"yoast_head":"<!-- This site is optimized with the Yoast SEO plugin v23.2 - https:\/\/yoast.com\/wordpress\/plugins\/seo\/ -->\n<title>Machine \u00e0 soupe Airclip | nutrifresh<\/title>\n<meta name=\"description\" content=\"La machine \u00e0 soupe 1,6L d&#039;Airclip permet de pr\u00e9parer des soupes maison. Gagnez un temps pr\u00e9cieux en cuisine et offrez-vous des repas sains.\" \/>\n<meta name=\"robots\" content=\"index, follow, max-snippet:-1, max-image-preview:large, max-video-preview:-1\" \/>\n<link rel=\"canonical\" href=\"https:\/\/nutrifresh.com\/fr\/p\/soup-maker\/\" \/>\n<meta property=\"og:locale\" content=\"fr_FR\" \/>\n<meta property=\"og:type\" content=\"article\" \/>\n<meta property=\"og:title\" content=\"Machine \u00e0 soupe Airclip | nutrifresh\" \/>\n<meta property=\"og:description\" content=\"La machine \u00e0 soupe 1,6L d&#039;Airclip permet de pr\u00e9parer des soupes maison. Gagnez un temps pr\u00e9cieux en cuisine et offrez-vous des repas sains.\" \/>\n<meta property=\"og:url\" content=\"https:\/\/nutrifresh.com\/fr\/p\/soup-maker\/\" \/>\n<meta property=\"og:site_name\" content=\"Nutrifresh\" \/>\n<meta property=\"article:modified_time\" content=\"2023-09-04T11:11:33+00:00\" \/>\n<meta property=\"og:image\" content=\"https:\/\/nutrifresh.com\/wp-content\/uploads\/2023\/08\/P510588_Soup_maker.jpg\" \/>\n\t<meta property=\"og:image:width\" content=\"1200\" \/>\n\t<meta property=\"og:image:height\" content=\"1200\" \/>\n\t<meta property=\"og:image:type\" content=\"image\/jpeg\" \/>\n<meta name=\"twitter:card\" content=\"summary_large_image\" \/>\n<meta name=\"twitter:label1\" content=\"Dur\u00e9e de lecture estim\u00e9e\" \/>\n\t<meta name=\"twitter:data1\" content=\"1 minute\" \/>\n<script type=\"application\/ld+json\" class=\"yoast-schema-graph\">{\"@context\":\"https:\/\/schema.org\",\"@graph\":[{\"@type\":\"WebPage\",\"@id\":\"https:\/\/nutrifresh.com\/fr\/p\/soup-maker\/\",\"url\":\"https:\/\/nutrifresh.com\/fr\/p\/soup-maker\/\",\"name\":\"Machine \u00e0 soupe Airclip | nutrifresh\",\"isPartOf\":{\"@id\":\"https:\/\/nutrifresh.com\/fr\/#website\"},\"primaryImageOfPage\":{\"@id\":\"https:\/\/nutrifresh.com\/fr\/p\/soup-maker\/#primaryimage\"},\"image\":{\"@id\":\"https:\/\/nutrifresh.com\/fr\/p\/soup-maker\/#primaryimage\"},\"thumbnailUrl\":\"https:\/\/nutrifresh.com\/wp-content\/uploads\/2023\/08\/P510588_Soup_maker.jpg\",\"datePublished\":\"2023-08-02T14:58:29+00:00\",\"dateModified\":\"2023-09-04T11:11:33+00:00\",\"description\":\"La machine \u00e0 soupe 1,6L d'Airclip permet de pr\u00e9parer des soupes maison. Gagnez un temps pr\u00e9cieux en cuisine et offrez-vous des repas sains.\",\"breadcrumb\":{\"@id\":\"https:\/\/nutrifresh.com\/fr\/p\/soup-maker\/#breadcrumb\"},\"inLanguage\":\"fr-FR\",\"potentialAction\":[{\"@type\":\"ReadAction\",\"target\":[\"https:\/\/nutrifresh.com\/fr\/p\/soup-maker\/\"]}]},{\"@type\":\"ImageObject\",\"inLanguage\":\"fr-FR\",\"@id\":\"https:\/\/nutrifresh.com\/fr\/p\/soup-maker\/#primaryimage\",\"url\":\"https:\/\/nutrifresh.com\/wp-content\/uploads\/2023\/08\/P510588_Soup_maker.jpg\",\"contentUrl\":\"https:\/\/nutrifresh.com\/wp-content\/uploads\/2023\/08\/P510588_Soup_maker.jpg\",\"width\":1200,\"height\":1200},{\"@type\":\"BreadcrumbList\",\"@id\":\"https:\/\/nutrifresh.com\/fr\/p\/soup-maker\/#breadcrumb\",\"itemListElement\":[{\"@type\":\"ListItem\",\"position\":1,\"name\":\"Home\",\"item\":\"https:\/\/nutrifresh.com\/fr\/homepage\/\"},{\"@type\":\"ListItem\",\"position\":2,\"name\":\"Acheter\",\"item\":\"https:\/\/nutrifresh.com\/fr\/acheter\/\"},{\"@type\":\"ListItem\",\"position\":3,\"name\":\"Machine \u00e0 soupe\"}]},{\"@type\":\"WebSite\",\"@id\":\"https:\/\/nutrifresh.com\/fr\/#website\",\"url\":\"https:\/\/nutrifresh.com\/fr\/\",\"name\":\"Nutrifresh\",\"description\":\"A fresh way to eat healthier\",\"potentialAction\":[{\"@type\":\"SearchAction\",\"target\":{\"@type\":\"EntryPoint\",\"urlTemplate\":\"https:\/\/nutrifresh.com\/fr\/?s={search_term_string}\"},\"query-input\":\"required name=search_term_string\"}],\"inLanguage\":\"fr-FR\"}]}<\/script>\n<!-- \/ Yoast SEO plugin. -->","yoast_head_json":{"title":"Machine \u00e0 soupe Airclip | nutrifresh","description":"La machine \u00e0 soupe 1,6L d'Airclip permet de pr\u00e9parer des soupes maison. Gagnez un temps pr\u00e9cieux en cuisine et offrez-vous des repas sains.","robots":{"index":"index","follow":"follow","max-snippet":"max-snippet:-1","max-image-preview":"max-image-preview:large","max-video-preview":"max-video-preview:-1"},"canonical":"https:\/\/nutrifresh.com\/fr\/p\/soup-maker\/","og_locale":"fr_FR","og_type":"article","og_title":"Machine \u00e0 soupe Airclip | nutrifresh","og_description":"La machine \u00e0 soupe 1,6L d'Airclip permet de pr\u00e9parer des soupes maison. Gagnez un temps pr\u00e9cieux en cuisine et offrez-vous des repas sains.","og_url":"https:\/\/nutrifresh.com\/fr\/p\/soup-maker\/","og_site_name":"Nutrifresh","article_modified_time":"2023-09-04T11:11:33+00:00","og_image":[{"width":1200,"height":1200,"url":"https:\/\/nutrifresh.com\/wp-content\/uploads\/2023\/08\/P510588_Soup_maker.jpg","type":"image\/jpeg"}],"twitter_card":"summary_large_image","twitter_misc":{"Dur\u00e9e de lecture estim\u00e9e":"1 minute"},"schema":{"@context":"https:\/\/schema.org","@graph":[{"@type":"WebPage","@id":"https:\/\/nutrifresh.com\/fr\/p\/soup-maker\/","url":"https:\/\/nutrifresh.com\/fr\/p\/soup-maker\/","name":"Machine \u00e0 soupe Airclip | nutrifresh","isPartOf":{"@id":"https:\/\/nutrifresh.com\/fr\/#website"},"primaryImageOfPage":{"@id":"https:\/\/nutrifresh.com\/fr\/p\/soup-maker\/#primaryimage"},"image":{"@id":"https:\/\/nutrifresh.com\/fr\/p\/soup-maker\/#primaryimage"},"thumbnailUrl":"https:\/\/nutrifresh.com\/wp-content\/uploads\/2023\/08\/P510588_Soup_maker.jpg","datePublished":"2023-08-02T14:58:29+00:00","dateModified":"2023-09-04T11:11:33+00:00","description":"La machine \u00e0 soupe 1,6L d'Airclip permet de pr\u00e9parer des soupes maison. Gagnez un temps pr\u00e9cieux en cuisine et offrez-vous des repas sains.","breadcrumb":{"@id":"https:\/\/nutrifresh.com\/fr\/p\/soup-maker\/#breadcrumb"},"inLanguage":"fr-FR","potentialAction":[{"@type":"ReadAction","target":["https:\/\/nutrifresh.com\/fr\/p\/soup-maker\/"]}]},{"@type":"ImageObject","inLanguage":"fr-FR","@id":"https:\/\/nutrifresh.com\/fr\/p\/soup-maker\/#primaryimage","url":"https:\/\/nutrifresh.com\/wp-content\/uploads\/2023\/08\/P510588_Soup_maker.jpg","contentUrl":"https:\/\/nutrifresh.com\/wp-content\/uploads\/2023\/08\/P510588_Soup_maker.jpg","width":1200,"height":1200},{"@type":"BreadcrumbList","@id":"https:\/\/nutrifresh.com\/fr\/p\/soup-maker\/#breadcrumb","itemListElement":[{"@type":"ListItem","position":1,"name":"Home","item":"https:\/\/nutrifresh.com\/fr\/homepage\/"},{"@type":"ListItem","position":2,"name":"Acheter","item":"https:\/\/nutrifresh.com\/fr\/acheter\/"},{"@type":"ListItem","position":3,"name":"Machine \u00e0 soupe"}]},{"@type":"WebSite","@id":"https:\/\/nutrifresh.com\/fr\/#website","url":"https:\/\/nutrifresh.com\/fr\/","name":"Nutrifresh","description":"A fresh way to eat healthier","potentialAction":[{"@type":"SearchAction","target":{"@type":"EntryPoint","urlTemplate":"https:\/\/nutrifresh.com\/fr\/?s={search_term_string}"},"query-input":"required name=search_term_string"}],"inLanguage":"fr-FR"}]}},"_links":{"self":[{"href":"https:\/\/nutrifresh.com\/fr\/wp-json\/wp\/v2\/product\/5928","targetHints":{"allow":["GET"]}}],"collection":[{"href":"https:\/\/nutrifresh.com\/fr\/wp-json\/wp\/v2\/product"}],"about":[{"href":"https:\/\/nutrifresh.com\/fr\/wp-json\/wp\/v2\/types\/product"}],"wp:featuredmedia":[{"embeddable":true,"href":"https:\/\/nutrifresh.com\/fr\/wp-json\/wp\/v2\/media\/5929"}],"wp:attachment":[{"href":"https:\/\/nutrifresh.com\/fr\/wp-json\/wp\/v2\/media?parent=5928"}],"wp:term":[{"taxonomy":"product_cat","embeddable":true,"href":"https:\/\/nutrifresh.com\/fr\/wp-json\/wp\/v2\/product_cat?post=5928"},{"taxonomy":"product_tag","embeddable":true,"href":"https:\/\/nutrifresh.com\/fr\/wp-json\/wp\/v2\/product_tag?post=5928"}],"curies":[{"name":"wp","href":"https:\/\/api.w.org\/{rel}","templated":true}]}}