{"id":5947,"date":"2023-08-02T14:58:28","date_gmt":"2023-08-02T14:58:28","guid":{"rendered":"https:\/\/nutrifresh.com\/p\/boite-de-conservation-carree-en-verre-de-750ml\/"},"modified":"2023-09-04T11:23:51","modified_gmt":"2023-09-04T11:23:51","slug":"750ml-square-glass-food-storage","status":"publish","type":"product","link":"https:\/\/nutrifresh.com\/fr\/p\/750ml-square-glass-food-storage\/","title":{"rendered":"Bo\u00eete de conservation carr\u00e9e en verre de 750ml"},"content":{"rendered":"<p>Cuisinez maintenant et d\u00e9gustez plus tard gr\u00e2ce \u00e0 la boite carr\u00e9e nutrifresh\u2122 Airclip de 750ml en verre borosilicate. Livr\u00e9e avec un couvercle verrouillable et r\u00e9sistant au micro-ondes. Le couvercle Airclip est dot\u00e9 d&rsquo;une valve fra\u00eecheur parfaite pour un chauffage sans \u00e9claboussure au micro-ondes. Cuisinez, faites cuire, puis apr\u00e8s avoir laiss\u00e9 refroidir, conservez vos aliments au r\u00e9frig\u00e9rateur ou au cong\u00e9lateur. Il ne vous restera plus qu&rsquo;\u00e0 les r\u00e9chauffer. Les bo\u00eetes Airclip sont fabriqu\u00e9es \u00e0 partir de mat\u00e9riaux sans BPA qui r\u00e9sistent aux t\u00e2ches et aux odeurs et elles peuvent aussi \u00eatre lav\u00e9s au lave-vaisselle. C&rsquo;est la solution id\u00e9ale pour conserver la fra\u00eecheur des aliments plus longtemps, et cela permet \u00e0 toute la famille de manger plus sainement.<\/p>\n","protected":false},"excerpt":{"rendered":"<div><span lang=\"FR\">Cuisiner, conserver et r\u00e9chauffer<\/span><\/div>\n","protected":false},"featured_media":5948,"template":"","meta":{"inline_featured_image":false},"product_cat":[108],"product_tag":[],"class_list":{"0":"post-5947","1":"product","2":"type-product","3":"status-publish","4":"has-post-thumbnail","6":"product_cat-airclip-fr-2","8":"first","9":"outofstock","10":"shipping-taxable","11":"purchasable","12":"product-type-simple"},"acf":[],"yoast_head":"<!-- This site is optimized with the Yoast SEO plugin v23.2 - https:\/\/yoast.com\/wordpress\/plugins\/seo\/ -->\n<title>Bo\u00eete de conservation Airclip carr\u00e9e en verre 750ml | nutrifresh<\/title>\n<meta name=\"description\" content=\"Cuisinez maintenant et d\u00e9gustez plus tard avec la bo\u00eete carr\u00e9e en verre nutrifresh\u2122 Airclip de 750ml, livr\u00e9e avec un couvercle r\u00e9sistant aux micro-ondes.\" \/>\n<meta name=\"robots\" content=\"index, follow, max-snippet:-1, max-image-preview:large, max-video-preview:-1\" \/>\n<link rel=\"canonical\" href=\"https:\/\/nutrifresh.com\/fr\/p\/750ml-square-glass-food-storage\/\" \/>\n<meta property=\"og:locale\" content=\"fr_FR\" \/>\n<meta property=\"og:type\" content=\"article\" \/>\n<meta property=\"og:title\" content=\"Bo\u00eete de conservation Airclip carr\u00e9e en verre 750ml | nutrifresh\" \/>\n<meta property=\"og:description\" content=\"Cuisinez maintenant et d\u00e9gustez plus tard avec la bo\u00eete carr\u00e9e en verre nutrifresh\u2122 Airclip de 750ml, livr\u00e9e avec un couvercle r\u00e9sistant aux micro-ondes.\" \/>\n<meta property=\"og:url\" content=\"https:\/\/nutrifresh.com\/fr\/p\/750ml-square-glass-food-storage\/\" \/>\n<meta property=\"og:site_name\" content=\"Nutrifresh\" \/>\n<meta property=\"article:modified_time\" content=\"2023-09-04T11:23:51+00:00\" \/>\n<meta property=\"og:image\" content=\"https:\/\/nutrifresh.com\/wp-content\/uploads\/2023\/08\/P510581_0.75L_Square_Glass_Storage.jpg\" \/>\n\t<meta property=\"og:image:width\" content=\"1200\" \/>\n\t<meta property=\"og:image:height\" content=\"1200\" \/>\n\t<meta property=\"og:image:type\" content=\"image\/jpeg\" \/>\n<meta name=\"twitter:card\" content=\"summary_large_image\" \/>\n<meta name=\"twitter:label1\" content=\"Dur\u00e9e de lecture estim\u00e9e\" \/>\n\t<meta name=\"twitter:data1\" content=\"1 minute\" \/>\n<script type=\"application\/ld+json\" class=\"yoast-schema-graph\">{\"@context\":\"https:\/\/schema.org\",\"@graph\":[{\"@type\":\"WebPage\",\"@id\":\"https:\/\/nutrifresh.com\/fr\/p\/750ml-square-glass-food-storage\/\",\"url\":\"https:\/\/nutrifresh.com\/fr\/p\/750ml-square-glass-food-storage\/\",\"name\":\"Bo\u00eete de conservation Airclip carr\u00e9e en verre 750ml | nutrifresh\",\"isPartOf\":{\"@id\":\"https:\/\/nutrifresh.com\/fr\/#website\"},\"primaryImageOfPage\":{\"@id\":\"https:\/\/nutrifresh.com\/fr\/p\/750ml-square-glass-food-storage\/#primaryimage\"},\"image\":{\"@id\":\"https:\/\/nutrifresh.com\/fr\/p\/750ml-square-glass-food-storage\/#primaryimage\"},\"thumbnailUrl\":\"https:\/\/nutrifresh.com\/wp-content\/uploads\/2023\/08\/P510581_0.75L_Square_Glass_Storage.jpg\",\"datePublished\":\"2023-08-02T14:58:28+00:00\",\"dateModified\":\"2023-09-04T11:23:51+00:00\",\"description\":\"Cuisinez maintenant et d\u00e9gustez plus tard avec la bo\u00eete carr\u00e9e en verre nutrifresh\u2122 Airclip de 750ml, livr\u00e9e avec un couvercle r\u00e9sistant aux micro-ondes.\",\"breadcrumb\":{\"@id\":\"https:\/\/nutrifresh.com\/fr\/p\/750ml-square-glass-food-storage\/#breadcrumb\"},\"inLanguage\":\"fr-FR\",\"potentialAction\":[{\"@type\":\"ReadAction\",\"target\":[\"https:\/\/nutrifresh.com\/fr\/p\/750ml-square-glass-food-storage\/\"]}]},{\"@type\":\"ImageObject\",\"inLanguage\":\"fr-FR\",\"@id\":\"https:\/\/nutrifresh.com\/fr\/p\/750ml-square-glass-food-storage\/#primaryimage\",\"url\":\"https:\/\/nutrifresh.com\/wp-content\/uploads\/2023\/08\/P510581_0.75L_Square_Glass_Storage.jpg\",\"contentUrl\":\"https:\/\/nutrifresh.com\/wp-content\/uploads\/2023\/08\/P510581_0.75L_Square_Glass_Storage.jpg\",\"width\":1200,\"height\":1200},{\"@type\":\"BreadcrumbList\",\"@id\":\"https:\/\/nutrifresh.com\/fr\/p\/750ml-square-glass-food-storage\/#breadcrumb\",\"itemListElement\":[{\"@type\":\"ListItem\",\"position\":1,\"name\":\"Home\",\"item\":\"https:\/\/nutrifresh.com\/fr\/homepage\/\"},{\"@type\":\"ListItem\",\"position\":2,\"name\":\"Acheter\",\"item\":\"https:\/\/nutrifresh.com\/fr\/acheter\/\"},{\"@type\":\"ListItem\",\"position\":3,\"name\":\"Bo\u00eete de conservation carr\u00e9e en verre de 750ml\"}]},{\"@type\":\"WebSite\",\"@id\":\"https:\/\/nutrifresh.com\/fr\/#website\",\"url\":\"https:\/\/nutrifresh.com\/fr\/\",\"name\":\"Nutrifresh\",\"description\":\"A fresh way to eat healthier\",\"potentialAction\":[{\"@type\":\"SearchAction\",\"target\":{\"@type\":\"EntryPoint\",\"urlTemplate\":\"https:\/\/nutrifresh.com\/fr\/?s={search_term_string}\"},\"query-input\":\"required name=search_term_string\"}],\"inLanguage\":\"fr-FR\"}]}<\/script>\n<!-- \/ Yoast SEO plugin. -->","yoast_head_json":{"title":"Bo\u00eete de conservation Airclip carr\u00e9e en verre 750ml | nutrifresh","description":"Cuisinez maintenant et d\u00e9gustez plus tard avec la bo\u00eete carr\u00e9e en verre nutrifresh\u2122 Airclip de 750ml, livr\u00e9e avec un couvercle r\u00e9sistant aux micro-ondes.","robots":{"index":"index","follow":"follow","max-snippet":"max-snippet:-1","max-image-preview":"max-image-preview:large","max-video-preview":"max-video-preview:-1"},"canonical":"https:\/\/nutrifresh.com\/fr\/p\/750ml-square-glass-food-storage\/","og_locale":"fr_FR","og_type":"article","og_title":"Bo\u00eete de conservation Airclip carr\u00e9e en verre 750ml | nutrifresh","og_description":"Cuisinez maintenant et d\u00e9gustez plus tard avec la bo\u00eete carr\u00e9e en verre nutrifresh\u2122 Airclip de 750ml, livr\u00e9e avec un couvercle r\u00e9sistant aux micro-ondes.","og_url":"https:\/\/nutrifresh.com\/fr\/p\/750ml-square-glass-food-storage\/","og_site_name":"Nutrifresh","article_modified_time":"2023-09-04T11:23:51+00:00","og_image":[{"width":1200,"height":1200,"url":"https:\/\/nutrifresh.com\/wp-content\/uploads\/2023\/08\/P510581_0.75L_Square_Glass_Storage.jpg","type":"image\/jpeg"}],"twitter_card":"summary_large_image","twitter_misc":{"Dur\u00e9e de lecture estim\u00e9e":"1 minute"},"schema":{"@context":"https:\/\/schema.org","@graph":[{"@type":"WebPage","@id":"https:\/\/nutrifresh.com\/fr\/p\/750ml-square-glass-food-storage\/","url":"https:\/\/nutrifresh.com\/fr\/p\/750ml-square-glass-food-storage\/","name":"Bo\u00eete de conservation Airclip carr\u00e9e en verre 750ml | nutrifresh","isPartOf":{"@id":"https:\/\/nutrifresh.com\/fr\/#website"},"primaryImageOfPage":{"@id":"https:\/\/nutrifresh.com\/fr\/p\/750ml-square-glass-food-storage\/#primaryimage"},"image":{"@id":"https:\/\/nutrifresh.com\/fr\/p\/750ml-square-glass-food-storage\/#primaryimage"},"thumbnailUrl":"https:\/\/nutrifresh.com\/wp-content\/uploads\/2023\/08\/P510581_0.75L_Square_Glass_Storage.jpg","datePublished":"2023-08-02T14:58:28+00:00","dateModified":"2023-09-04T11:23:51+00:00","description":"Cuisinez maintenant et d\u00e9gustez plus tard avec la bo\u00eete carr\u00e9e en verre nutrifresh\u2122 Airclip de 750ml, livr\u00e9e avec un couvercle r\u00e9sistant aux micro-ondes.","breadcrumb":{"@id":"https:\/\/nutrifresh.com\/fr\/p\/750ml-square-glass-food-storage\/#breadcrumb"},"inLanguage":"fr-FR","potentialAction":[{"@type":"ReadAction","target":["https:\/\/nutrifresh.com\/fr\/p\/750ml-square-glass-food-storage\/"]}]},{"@type":"ImageObject","inLanguage":"fr-FR","@id":"https:\/\/nutrifresh.com\/fr\/p\/750ml-square-glass-food-storage\/#primaryimage","url":"https:\/\/nutrifresh.com\/wp-content\/uploads\/2023\/08\/P510581_0.75L_Square_Glass_Storage.jpg","contentUrl":"https:\/\/nutrifresh.com\/wp-content\/uploads\/2023\/08\/P510581_0.75L_Square_Glass_Storage.jpg","width":1200,"height":1200},{"@type":"BreadcrumbList","@id":"https:\/\/nutrifresh.com\/fr\/p\/750ml-square-glass-food-storage\/#breadcrumb","itemListElement":[{"@type":"ListItem","position":1,"name":"Home","item":"https:\/\/nutrifresh.com\/fr\/homepage\/"},{"@type":"ListItem","position":2,"name":"Acheter","item":"https:\/\/nutrifresh.com\/fr\/acheter\/"},{"@type":"ListItem","position":3,"name":"Bo\u00eete de conservation carr\u00e9e en verre de 750ml"}]},{"@type":"WebSite","@id":"https:\/\/nutrifresh.com\/fr\/#website","url":"https:\/\/nutrifresh.com\/fr\/","name":"Nutrifresh","description":"A fresh way to eat healthier","potentialAction":[{"@type":"SearchAction","target":{"@type":"EntryPoint","urlTemplate":"https:\/\/nutrifresh.com\/fr\/?s={search_term_string}"},"query-input":"required name=search_term_string"}],"inLanguage":"fr-FR"}]}},"_links":{"self":[{"href":"https:\/\/nutrifresh.com\/fr\/wp-json\/wp\/v2\/product\/5947","targetHints":{"allow":["GET"]}}],"collection":[{"href":"https:\/\/nutrifresh.com\/fr\/wp-json\/wp\/v2\/product"}],"about":[{"href":"https:\/\/nutrifresh.com\/fr\/wp-json\/wp\/v2\/types\/product"}],"wp:featuredmedia":[{"embeddable":true,"href":"https:\/\/nutrifresh.com\/fr\/wp-json\/wp\/v2\/media\/5948"}],"wp:attachment":[{"href":"https:\/\/nutrifresh.com\/fr\/wp-json\/wp\/v2\/media?parent=5947"}],"wp:term":[{"taxonomy":"product_cat","embeddable":true,"href":"https:\/\/nutrifresh.com\/fr\/wp-json\/wp\/v2\/product_cat?post=5947"},{"taxonomy":"product_tag","embeddable":true,"href":"https:\/\/nutrifresh.com\/fr\/wp-json\/wp\/v2\/product_tag?post=5947"}],"curies":[{"name":"wp","href":"https:\/\/api.w.org\/{rel}","templated":true}]}}