{"id":5964,"date":"2023-08-03T17:24:56","date_gmt":"2023-08-03T17:24:56","guid":{"rendered":"https:\/\/nutrifresh.com\/p\/couteau-a-pain\/"},"modified":"2023-09-04T14:47:53","modified_gmt":"2023-09-04T14:47:53","slug":"couteau-a-pain","status":"publish","type":"product","link":"https:\/\/nutrifresh.com\/fr\/p\/couteau-a-pain\/","title":{"rendered":"Couteau \u00e0 pain"},"content":{"rendered":"<p><span class=\"TextRun Highlight SCXW169218216 BCX8\" lang=\"FR-FR\" xml:lang=\"FR-FR\" data-contrast=\"none\"><span class=\"NormalTextRun SCXW169218216 BCX8\" data-ccp-parastyle=\"heading 2\">Le couteau \u00e0 pain <\/span><span class=\"NormalTextRun SCXW169218216 BCX8\" data-ccp-parastyle=\"heading 2\">nutrifresh<\/span><span class=\"NormalTextRun SCXW169218216 BCX8\" data-ccp-parastyle=\"heading 2\">\u2122 <\/span><span class=\"NormalTextRun SpellingErrorV2Themed SCXW169218216 BCX8\" data-ccp-parastyle=\"heading 2\">Easy<\/span> <span class=\"NormalTextRun SpellingErrorV2Themed SCXW169218216 BCX8\" data-ccp-parastyle=\"heading 2\">Prep<\/span><span class=\"NormalTextRun SCXW169218216 BCX8\" data-ccp-parastyle=\"heading 2\"> est parfait pour trancher le pain, mais c&rsquo;est aussi un outil polyvalent pour cuisiner<\/span><span class=\"NormalTextRun SCXW169218216 BCX8\" data-ccp-parastyle=\"heading 2\"> : il est<\/span><span class=\"NormalTextRun SCXW169218216 BCX8\" data-ccp-parastyle=\"heading 2\"> id\u00e9al pour d\u00e9couper de d\u00e9licats g\u00e2teaux<\/span> <span class=\"NormalTextRun SCXW169218216 BCX8\" data-ccp-parastyle=\"heading 2\">et m\u00eame des tomates, sans effort. Con\u00e7u pour durer, le couteau \u00e0 pain <\/span><span class=\"NormalTextRun SCXW169218216 BCX8\" data-ccp-parastyle=\"heading 2\">nutrifresh<\/span><span class=\"NormalTextRun SCXW169218216 BCX8\" data-ccp-parastyle=\"heading 2\">\u2122 est dot\u00e9 d&rsquo;un rivet de qualit\u00e9 sup\u00e9rieure<\/span><span class=\"NormalTextRun SCXW169218216 BCX8\" data-ccp-parastyle=\"heading 2\">.<\/span><span class=\"NormalTextRun SCXW169218216 BCX8\" data-ccp-parastyle=\"heading 2\"> S<\/span><span class=\"NormalTextRun SCXW169218216 BCX8\" data-ccp-parastyle=\"heading 2\">a<\/span><span class=\"NormalTextRun SCXW169218216 BCX8\" data-ccp-parastyle=\"heading 2\"> poign\u00e9e ergonomique tien<\/span><span class=\"NormalTextRun SCXW169218216 BCX8\" data-ccp-parastyle=\"heading 2\">t<\/span><span class=\"NormalTextRun SCXW169218216 BCX8\" data-ccp-parastyle=\"heading 2\"> confortablement dans votre main. Votre performance de coupe est professionnelle<\/span><\/span><span class=\"TextRun Highlight SCXW169218216 BCX8\" lang=\"FR-FR\" xml:lang=\"FR-FR\" data-contrast=\"auto\"><span class=\"NormalTextRun SCXW169218216 BCX8\" data-ccp-parastyle=\"heading 2\">.<\/span><\/span><span class=\"EOP SCXW169218216 BCX8\" data-ccp-props=\"{&quot;134245418&quot;:true,&quot;134245529&quot;:true,&quot;201341983&quot;:0,&quot;335559738&quot;:40,&quot;335559739&quot;:0,&quot;335559740&quot;:259}\">\u00a0<\/span><\/p>\n","protected":false},"excerpt":{"rendered":"<p>Chaque <span class=\"TextRun Highlight SCXW99002531 BCX8\" lang=\"FR-FR\" xml:lang=\"FR-FR\" data-contrast=\"auto\"><span class=\"NormalTextRun SCXW99002531 BCX8\">d\u00e9coupe <\/span><\/span>est synonyme de perfection<\/p>\n","protected":false},"featured_media":5497,"template":"","meta":{"inline_featured_image":false},"product_cat":[113],"product_tag":[],"class_list":{"0":"post-5964","1":"product","2":"type-product","3":"status-publish","4":"has-post-thumbnail","6":"product_cat-easy-prep-fr","8":"first","9":"outofstock","10":"shipping-taxable","11":"product-type-simple"},"acf":[],"yoast_head":"<!-- This site is optimized with the Yoast SEO plugin v23.2 - https:\/\/yoast.com\/wordpress\/plugins\/seo\/ -->\n<title>Couteau \u00e0 pain Easy Prep | nutrifresh<\/title>\n<meta name=\"description\" content=\"Le couteau \u00e0 pain Easy Prep de nutrifresh\u2122 est parfait pour trancher le pain, mais aussi id\u00e9al pour couper les g\u00e2teaux, les p\u00e2tisseries et m\u00eame les l\u00e9gumes.\" \/>\n<meta name=\"robots\" content=\"index, follow, max-snippet:-1, max-image-preview:large, max-video-preview:-1\" \/>\n<link rel=\"canonical\" href=\"https:\/\/nutrifresh.com\/fr\/p\/couteau-a-pain\/\" \/>\n<meta property=\"og:locale\" content=\"fr_FR\" \/>\n<meta property=\"og:type\" content=\"article\" \/>\n<meta property=\"og:title\" content=\"Couteau \u00e0 pain Easy Prep | nutrifresh\" \/>\n<meta property=\"og:description\" content=\"Le couteau \u00e0 pain Easy Prep de nutrifresh\u2122 est parfait pour trancher le pain, mais aussi id\u00e9al pour couper les g\u00e2teaux, les p\u00e2tisseries et m\u00eame les l\u00e9gumes.\" \/>\n<meta property=\"og:url\" content=\"https:\/\/nutrifresh.com\/fr\/p\/couteau-a-pain\/\" \/>\n<meta property=\"og:site_name\" content=\"Nutrifresh\" \/>\n<meta property=\"article:modified_time\" content=\"2023-09-04T14:47:53+00:00\" \/>\n<meta property=\"og:image\" content=\"https:\/\/nutrifresh.com\/wp-content\/uploads\/2023\/08\/P511084_19cm_Bread_Knife_front-1.jpg\" \/>\n\t<meta property=\"og:image:width\" content=\"1200\" \/>\n\t<meta property=\"og:image:height\" content=\"1200\" \/>\n\t<meta property=\"og:image:type\" content=\"image\/jpeg\" \/>\n<meta name=\"twitter:card\" content=\"summary_large_image\" \/>\n<meta name=\"twitter:label1\" content=\"Dur\u00e9e de lecture estim\u00e9e\" \/>\n\t<meta name=\"twitter:data1\" content=\"1 minute\" \/>\n<script type=\"application\/ld+json\" class=\"yoast-schema-graph\">{\"@context\":\"https:\/\/schema.org\",\"@graph\":[{\"@type\":\"WebPage\",\"@id\":\"https:\/\/nutrifresh.com\/fr\/p\/couteau-a-pain\/\",\"url\":\"https:\/\/nutrifresh.com\/fr\/p\/couteau-a-pain\/\",\"name\":\"Couteau \u00e0 pain Easy Prep | nutrifresh\",\"isPartOf\":{\"@id\":\"https:\/\/nutrifresh.com\/fr\/#website\"},\"primaryImageOfPage\":{\"@id\":\"https:\/\/nutrifresh.com\/fr\/p\/couteau-a-pain\/#primaryimage\"},\"image\":{\"@id\":\"https:\/\/nutrifresh.com\/fr\/p\/couteau-a-pain\/#primaryimage\"},\"thumbnailUrl\":\"https:\/\/nutrifresh.com\/wp-content\/uploads\/2023\/08\/P511084_19cm_Bread_Knife_front-1.jpg\",\"datePublished\":\"2023-08-03T17:24:56+00:00\",\"dateModified\":\"2023-09-04T14:47:53+00:00\",\"description\":\"Le couteau \u00e0 pain Easy Prep de nutrifresh\u2122 est parfait pour trancher le pain, mais aussi id\u00e9al pour couper les g\u00e2teaux, les p\u00e2tisseries et m\u00eame les l\u00e9gumes.\",\"breadcrumb\":{\"@id\":\"https:\/\/nutrifresh.com\/fr\/p\/couteau-a-pain\/#breadcrumb\"},\"inLanguage\":\"fr-FR\",\"potentialAction\":[{\"@type\":\"ReadAction\",\"target\":[\"https:\/\/nutrifresh.com\/fr\/p\/couteau-a-pain\/\"]}]},{\"@type\":\"ImageObject\",\"inLanguage\":\"fr-FR\",\"@id\":\"https:\/\/nutrifresh.com\/fr\/p\/couteau-a-pain\/#primaryimage\",\"url\":\"https:\/\/nutrifresh.com\/wp-content\/uploads\/2023\/08\/P511084_19cm_Bread_Knife_front-1.jpg\",\"contentUrl\":\"https:\/\/nutrifresh.com\/wp-content\/uploads\/2023\/08\/P511084_19cm_Bread_Knife_front-1.jpg\",\"width\":1200,\"height\":1200},{\"@type\":\"BreadcrumbList\",\"@id\":\"https:\/\/nutrifresh.com\/fr\/p\/couteau-a-pain\/#breadcrumb\",\"itemListElement\":[{\"@type\":\"ListItem\",\"position\":1,\"name\":\"Home\",\"item\":\"https:\/\/nutrifresh.com\/fr\/homepage\/\"},{\"@type\":\"ListItem\",\"position\":2,\"name\":\"Acheter\",\"item\":\"https:\/\/nutrifresh.com\/fr\/acheter\/\"},{\"@type\":\"ListItem\",\"position\":3,\"name\":\"Couteau \u00e0 pain\"}]},{\"@type\":\"WebSite\",\"@id\":\"https:\/\/nutrifresh.com\/fr\/#website\",\"url\":\"https:\/\/nutrifresh.com\/fr\/\",\"name\":\"Nutrifresh\",\"description\":\"A fresh way to eat healthier\",\"potentialAction\":[{\"@type\":\"SearchAction\",\"target\":{\"@type\":\"EntryPoint\",\"urlTemplate\":\"https:\/\/nutrifresh.com\/fr\/?s={search_term_string}\"},\"query-input\":\"required name=search_term_string\"}],\"inLanguage\":\"fr-FR\"}]}<\/script>\n<!-- \/ Yoast SEO plugin. -->","yoast_head_json":{"title":"Couteau \u00e0 pain Easy Prep | nutrifresh","description":"Le couteau \u00e0 pain Easy Prep de nutrifresh\u2122 est parfait pour trancher le pain, mais aussi id\u00e9al pour couper les g\u00e2teaux, les p\u00e2tisseries et m\u00eame les l\u00e9gumes.","robots":{"index":"index","follow":"follow","max-snippet":"max-snippet:-1","max-image-preview":"max-image-preview:large","max-video-preview":"max-video-preview:-1"},"canonical":"https:\/\/nutrifresh.com\/fr\/p\/couteau-a-pain\/","og_locale":"fr_FR","og_type":"article","og_title":"Couteau \u00e0 pain Easy Prep | nutrifresh","og_description":"Le couteau \u00e0 pain Easy Prep de nutrifresh\u2122 est parfait pour trancher le pain, mais aussi id\u00e9al pour couper les g\u00e2teaux, les p\u00e2tisseries et m\u00eame les l\u00e9gumes.","og_url":"https:\/\/nutrifresh.com\/fr\/p\/couteau-a-pain\/","og_site_name":"Nutrifresh","article_modified_time":"2023-09-04T14:47:53+00:00","og_image":[{"width":1200,"height":1200,"url":"https:\/\/nutrifresh.com\/wp-content\/uploads\/2023\/08\/P511084_19cm_Bread_Knife_front-1.jpg","type":"image\/jpeg"}],"twitter_card":"summary_large_image","twitter_misc":{"Dur\u00e9e de lecture estim\u00e9e":"1 minute"},"schema":{"@context":"https:\/\/schema.org","@graph":[{"@type":"WebPage","@id":"https:\/\/nutrifresh.com\/fr\/p\/couteau-a-pain\/","url":"https:\/\/nutrifresh.com\/fr\/p\/couteau-a-pain\/","name":"Couteau \u00e0 pain Easy Prep | nutrifresh","isPartOf":{"@id":"https:\/\/nutrifresh.com\/fr\/#website"},"primaryImageOfPage":{"@id":"https:\/\/nutrifresh.com\/fr\/p\/couteau-a-pain\/#primaryimage"},"image":{"@id":"https:\/\/nutrifresh.com\/fr\/p\/couteau-a-pain\/#primaryimage"},"thumbnailUrl":"https:\/\/nutrifresh.com\/wp-content\/uploads\/2023\/08\/P511084_19cm_Bread_Knife_front-1.jpg","datePublished":"2023-08-03T17:24:56+00:00","dateModified":"2023-09-04T14:47:53+00:00","description":"Le couteau \u00e0 pain Easy Prep de nutrifresh\u2122 est parfait pour trancher le pain, mais aussi id\u00e9al pour couper les g\u00e2teaux, les p\u00e2tisseries et m\u00eame les l\u00e9gumes.","breadcrumb":{"@id":"https:\/\/nutrifresh.com\/fr\/p\/couteau-a-pain\/#breadcrumb"},"inLanguage":"fr-FR","potentialAction":[{"@type":"ReadAction","target":["https:\/\/nutrifresh.com\/fr\/p\/couteau-a-pain\/"]}]},{"@type":"ImageObject","inLanguage":"fr-FR","@id":"https:\/\/nutrifresh.com\/fr\/p\/couteau-a-pain\/#primaryimage","url":"https:\/\/nutrifresh.com\/wp-content\/uploads\/2023\/08\/P511084_19cm_Bread_Knife_front-1.jpg","contentUrl":"https:\/\/nutrifresh.com\/wp-content\/uploads\/2023\/08\/P511084_19cm_Bread_Knife_front-1.jpg","width":1200,"height":1200},{"@type":"BreadcrumbList","@id":"https:\/\/nutrifresh.com\/fr\/p\/couteau-a-pain\/#breadcrumb","itemListElement":[{"@type":"ListItem","position":1,"name":"Home","item":"https:\/\/nutrifresh.com\/fr\/homepage\/"},{"@type":"ListItem","position":2,"name":"Acheter","item":"https:\/\/nutrifresh.com\/fr\/acheter\/"},{"@type":"ListItem","position":3,"name":"Couteau \u00e0 pain"}]},{"@type":"WebSite","@id":"https:\/\/nutrifresh.com\/fr\/#website","url":"https:\/\/nutrifresh.com\/fr\/","name":"Nutrifresh","description":"A fresh way to eat healthier","potentialAction":[{"@type":"SearchAction","target":{"@type":"EntryPoint","urlTemplate":"https:\/\/nutrifresh.com\/fr\/?s={search_term_string}"},"query-input":"required name=search_term_string"}],"inLanguage":"fr-FR"}]}},"_links":{"self":[{"href":"https:\/\/nutrifresh.com\/fr\/wp-json\/wp\/v2\/product\/5964","targetHints":{"allow":["GET"]}}],"collection":[{"href":"https:\/\/nutrifresh.com\/fr\/wp-json\/wp\/v2\/product"}],"about":[{"href":"https:\/\/nutrifresh.com\/fr\/wp-json\/wp\/v2\/types\/product"}],"wp:featuredmedia":[{"embeddable":true,"href":"https:\/\/nutrifresh.com\/fr\/wp-json\/wp\/v2\/media\/5497"}],"wp:attachment":[{"href":"https:\/\/nutrifresh.com\/fr\/wp-json\/wp\/v2\/media?parent=5964"}],"wp:term":[{"taxonomy":"product_cat","embeddable":true,"href":"https:\/\/nutrifresh.com\/fr\/wp-json\/wp\/v2\/product_cat?post=5964"},{"taxonomy":"product_tag","embeddable":true,"href":"https:\/\/nutrifresh.com\/fr\/wp-json\/wp\/v2\/product_tag?post=5964"}],"curies":[{"name":"wp","href":"https:\/\/api.w.org\/{rel}","templated":true}]}}