{"id":5987,"date":"2023-08-02T14:58:29","date_gmt":"2023-08-02T14:58:29","guid":{"rendered":"https:\/\/nutrifresh.com\/p\/bol-avec-rapes\/"},"modified":"2024-12-04T06:27:36","modified_gmt":"2024-12-04T06:27:36","slug":"mixing-bowl-with-graters","status":"publish","type":"product","link":"https:\/\/nutrifresh.com\/fr\/p\/mixing-bowl-with-graters\/","title":{"rendered":"Bol avec r\u00e2pes"},"content":{"rendered":"<p>V\u00e9ritable indispensable de la cuisine, l&rsquo;ensemble bol \u00e0 m\u00e9langer 4,5 litres et r\u00e2pe 3 pi\u00e8ces est con\u00e7u dans un souci de fonctionnalit\u00e9 et de performance. Dot\u00e9 d&rsquo;un couvercle \u00e9tanche, il vous permet de travailler avec une grande vari\u00e9t\u00e9 d&rsquo;ingr\u00e9dients. Vous pourrez par exemple m\u00e9langer des p\u00e2tes, ou r\u00e2per du fromage ou des l\u00e9gumes. Le bol \u00e0 m\u00e9langer et les r\u00e2pes conviennent aux petites ou aux grandes pr\u00e9parations. Fabriqu\u00e9 en acier inoxydable et dot\u00e9 d&rsquo;une base antid\u00e9rapante, le bol restera stable sur votre plan de travail.<\/p>\n","protected":false},"excerpt":{"rendered":"<p>Pour m\u00e9langer, r\u00e2per et cr\u00e9er<\/p>\n","protected":false},"featured_media":5988,"template":"","meta":{"inline_featured_image":false},"product_cat":[108],"product_tag":[],"class_list":{"0":"post-5987","1":"product","2":"type-product","3":"status-publish","4":"has-post-thumbnail","6":"product_cat-airclip-fr-2","8":"first","9":"outofstock","10":"shipping-taxable","11":"purchasable","12":"product-type-simple"},"acf":[],"yoast_head":"<!-- This site is optimized with the Yoast SEO plugin v23.2 - https:\/\/yoast.com\/wordpress\/plugins\/seo\/ -->\n<title>Bol \u00e0 m\u00e9langer Airclip avec r\u00e2pes | nutrifresh<\/title>\n<meta name=\"description\" content=\"Le bol \u00e0 m\u00e9langer en acier inoxydable antid\u00e9rapant de 4,5 litres et l&#039;ensemble de r\u00e2pes 3 pi\u00e8ces d&#039;Airclip sont con\u00e7us pour convenir aux pr\u00e9parations \u00e0 petite et grande \u00e9chelle.\" \/>\n<meta name=\"robots\" content=\"index, follow, max-snippet:-1, max-image-preview:large, max-video-preview:-1\" \/>\n<link rel=\"canonical\" href=\"https:\/\/nutrifresh.com\/fr\/p\/mixing-bowl-with-graters\/\" \/>\n<meta property=\"og:locale\" content=\"fr_FR\" \/>\n<meta property=\"og:type\" content=\"article\" \/>\n<meta property=\"og:title\" content=\"Bol \u00e0 m\u00e9langer Airclip avec r\u00e2pes | nutrifresh\" \/>\n<meta property=\"og:description\" content=\"Le bol \u00e0 m\u00e9langer en acier inoxydable antid\u00e9rapant de 4,5 litres et l&#039;ensemble de r\u00e2pes 3 pi\u00e8ces d&#039;Airclip sont con\u00e7us pour convenir aux pr\u00e9parations \u00e0 petite et grande \u00e9chelle.\" \/>\n<meta property=\"og:url\" content=\"https:\/\/nutrifresh.com\/fr\/p\/mixing-bowl-with-graters\/\" \/>\n<meta property=\"og:site_name\" content=\"Nutrifresh\" \/>\n<meta property=\"article:modified_time\" content=\"2024-12-04T06:27:36+00:00\" \/>\n<meta property=\"og:image\" content=\"https:\/\/nutrifresh.com\/wp-content\/uploads\/2023\/08\/P510587_Mixing_Bowl_with_Graters_lid.jpg\" \/>\n\t<meta property=\"og:image:width\" content=\"1200\" \/>\n\t<meta property=\"og:image:height\" content=\"1200\" \/>\n\t<meta property=\"og:image:type\" content=\"image\/jpeg\" \/>\n<meta name=\"twitter:card\" content=\"summary_large_image\" \/>\n<meta name=\"twitter:label1\" content=\"Dur\u00e9e de lecture estim\u00e9e\" \/>\n\t<meta name=\"twitter:data1\" content=\"1 minute\" \/>\n<script type=\"application\/ld+json\" class=\"yoast-schema-graph\">{\"@context\":\"https:\/\/schema.org\",\"@graph\":[{\"@type\":\"WebPage\",\"@id\":\"https:\/\/nutrifresh.com\/fr\/p\/mixing-bowl-with-graters\/\",\"url\":\"https:\/\/nutrifresh.com\/fr\/p\/mixing-bowl-with-graters\/\",\"name\":\"Bol \u00e0 m\u00e9langer Airclip avec r\u00e2pes | nutrifresh\",\"isPartOf\":{\"@id\":\"https:\/\/nutrifresh.com\/fr\/#website\"},\"primaryImageOfPage\":{\"@id\":\"https:\/\/nutrifresh.com\/fr\/p\/mixing-bowl-with-graters\/#primaryimage\"},\"image\":{\"@id\":\"https:\/\/nutrifresh.com\/fr\/p\/mixing-bowl-with-graters\/#primaryimage\"},\"thumbnailUrl\":\"https:\/\/nutrifresh.com\/wp-content\/uploads\/2023\/08\/P510587_Mixing_Bowl_with_Graters_lid.jpg\",\"datePublished\":\"2023-08-02T14:58:29+00:00\",\"dateModified\":\"2024-12-04T06:27:36+00:00\",\"description\":\"Le bol \u00e0 m\u00e9langer en acier inoxydable antid\u00e9rapant de 4,5 litres et l'ensemble de r\u00e2pes 3 pi\u00e8ces d'Airclip sont con\u00e7us pour convenir aux pr\u00e9parations \u00e0 petite et grande \u00e9chelle.\",\"breadcrumb\":{\"@id\":\"https:\/\/nutrifresh.com\/fr\/p\/mixing-bowl-with-graters\/#breadcrumb\"},\"inLanguage\":\"fr-FR\",\"potentialAction\":[{\"@type\":\"ReadAction\",\"target\":[\"https:\/\/nutrifresh.com\/fr\/p\/mixing-bowl-with-graters\/\"]}]},{\"@type\":\"ImageObject\",\"inLanguage\":\"fr-FR\",\"@id\":\"https:\/\/nutrifresh.com\/fr\/p\/mixing-bowl-with-graters\/#primaryimage\",\"url\":\"https:\/\/nutrifresh.com\/wp-content\/uploads\/2023\/08\/P510587_Mixing_Bowl_with_Graters_lid.jpg\",\"contentUrl\":\"https:\/\/nutrifresh.com\/wp-content\/uploads\/2023\/08\/P510587_Mixing_Bowl_with_Graters_lid.jpg\",\"width\":1200,\"height\":1200},{\"@type\":\"BreadcrumbList\",\"@id\":\"https:\/\/nutrifresh.com\/fr\/p\/mixing-bowl-with-graters\/#breadcrumb\",\"itemListElement\":[{\"@type\":\"ListItem\",\"position\":1,\"name\":\"Home\",\"item\":\"https:\/\/nutrifresh.com\/fr\/homepage\/\"},{\"@type\":\"ListItem\",\"position\":2,\"name\":\"Acheter\",\"item\":\"https:\/\/nutrifresh.com\/fr\/acheter\/\"},{\"@type\":\"ListItem\",\"position\":3,\"name\":\"Bol avec r\u00e2pes\"}]},{\"@type\":\"WebSite\",\"@id\":\"https:\/\/nutrifresh.com\/fr\/#website\",\"url\":\"https:\/\/nutrifresh.com\/fr\/\",\"name\":\"Nutrifresh\",\"description\":\"A fresh way to eat healthier\",\"potentialAction\":[{\"@type\":\"SearchAction\",\"target\":{\"@type\":\"EntryPoint\",\"urlTemplate\":\"https:\/\/nutrifresh.com\/fr\/?s={search_term_string}\"},\"query-input\":\"required name=search_term_string\"}],\"inLanguage\":\"fr-FR\"}]}<\/script>\n<!-- \/ Yoast SEO plugin. -->","yoast_head_json":{"title":"Bol \u00e0 m\u00e9langer Airclip avec r\u00e2pes | nutrifresh","description":"Le bol \u00e0 m\u00e9langer en acier inoxydable antid\u00e9rapant de 4,5 litres et l'ensemble de r\u00e2pes 3 pi\u00e8ces d'Airclip sont con\u00e7us pour convenir aux pr\u00e9parations \u00e0 petite et grande \u00e9chelle.","robots":{"index":"index","follow":"follow","max-snippet":"max-snippet:-1","max-image-preview":"max-image-preview:large","max-video-preview":"max-video-preview:-1"},"canonical":"https:\/\/nutrifresh.com\/fr\/p\/mixing-bowl-with-graters\/","og_locale":"fr_FR","og_type":"article","og_title":"Bol \u00e0 m\u00e9langer Airclip avec r\u00e2pes | nutrifresh","og_description":"Le bol \u00e0 m\u00e9langer en acier inoxydable antid\u00e9rapant de 4,5 litres et l'ensemble de r\u00e2pes 3 pi\u00e8ces d'Airclip sont con\u00e7us pour convenir aux pr\u00e9parations \u00e0 petite et grande \u00e9chelle.","og_url":"https:\/\/nutrifresh.com\/fr\/p\/mixing-bowl-with-graters\/","og_site_name":"Nutrifresh","article_modified_time":"2024-12-04T06:27:36+00:00","og_image":[{"width":1200,"height":1200,"url":"https:\/\/nutrifresh.com\/wp-content\/uploads\/2023\/08\/P510587_Mixing_Bowl_with_Graters_lid.jpg","type":"image\/jpeg"}],"twitter_card":"summary_large_image","twitter_misc":{"Dur\u00e9e de lecture estim\u00e9e":"1 minute"},"schema":{"@context":"https:\/\/schema.org","@graph":[{"@type":"WebPage","@id":"https:\/\/nutrifresh.com\/fr\/p\/mixing-bowl-with-graters\/","url":"https:\/\/nutrifresh.com\/fr\/p\/mixing-bowl-with-graters\/","name":"Bol \u00e0 m\u00e9langer Airclip avec r\u00e2pes | nutrifresh","isPartOf":{"@id":"https:\/\/nutrifresh.com\/fr\/#website"},"primaryImageOfPage":{"@id":"https:\/\/nutrifresh.com\/fr\/p\/mixing-bowl-with-graters\/#primaryimage"},"image":{"@id":"https:\/\/nutrifresh.com\/fr\/p\/mixing-bowl-with-graters\/#primaryimage"},"thumbnailUrl":"https:\/\/nutrifresh.com\/wp-content\/uploads\/2023\/08\/P510587_Mixing_Bowl_with_Graters_lid.jpg","datePublished":"2023-08-02T14:58:29+00:00","dateModified":"2024-12-04T06:27:36+00:00","description":"Le bol \u00e0 m\u00e9langer en acier inoxydable antid\u00e9rapant de 4,5 litres et l'ensemble de r\u00e2pes 3 pi\u00e8ces d'Airclip sont con\u00e7us pour convenir aux pr\u00e9parations \u00e0 petite et grande \u00e9chelle.","breadcrumb":{"@id":"https:\/\/nutrifresh.com\/fr\/p\/mixing-bowl-with-graters\/#breadcrumb"},"inLanguage":"fr-FR","potentialAction":[{"@type":"ReadAction","target":["https:\/\/nutrifresh.com\/fr\/p\/mixing-bowl-with-graters\/"]}]},{"@type":"ImageObject","inLanguage":"fr-FR","@id":"https:\/\/nutrifresh.com\/fr\/p\/mixing-bowl-with-graters\/#primaryimage","url":"https:\/\/nutrifresh.com\/wp-content\/uploads\/2023\/08\/P510587_Mixing_Bowl_with_Graters_lid.jpg","contentUrl":"https:\/\/nutrifresh.com\/wp-content\/uploads\/2023\/08\/P510587_Mixing_Bowl_with_Graters_lid.jpg","width":1200,"height":1200},{"@type":"BreadcrumbList","@id":"https:\/\/nutrifresh.com\/fr\/p\/mixing-bowl-with-graters\/#breadcrumb","itemListElement":[{"@type":"ListItem","position":1,"name":"Home","item":"https:\/\/nutrifresh.com\/fr\/homepage\/"},{"@type":"ListItem","position":2,"name":"Acheter","item":"https:\/\/nutrifresh.com\/fr\/acheter\/"},{"@type":"ListItem","position":3,"name":"Bol avec r\u00e2pes"}]},{"@type":"WebSite","@id":"https:\/\/nutrifresh.com\/fr\/#website","url":"https:\/\/nutrifresh.com\/fr\/","name":"Nutrifresh","description":"A fresh way to eat healthier","potentialAction":[{"@type":"SearchAction","target":{"@type":"EntryPoint","urlTemplate":"https:\/\/nutrifresh.com\/fr\/?s={search_term_string}"},"query-input":"required name=search_term_string"}],"inLanguage":"fr-FR"}]}},"_links":{"self":[{"href":"https:\/\/nutrifresh.com\/fr\/wp-json\/wp\/v2\/product\/5987","targetHints":{"allow":["GET"]}}],"collection":[{"href":"https:\/\/nutrifresh.com\/fr\/wp-json\/wp\/v2\/product"}],"about":[{"href":"https:\/\/nutrifresh.com\/fr\/wp-json\/wp\/v2\/types\/product"}],"wp:featuredmedia":[{"embeddable":true,"href":"https:\/\/nutrifresh.com\/fr\/wp-json\/wp\/v2\/media\/5988"}],"wp:attachment":[{"href":"https:\/\/nutrifresh.com\/fr\/wp-json\/wp\/v2\/media?parent=5987"}],"wp:term":[{"taxonomy":"product_cat","embeddable":true,"href":"https:\/\/nutrifresh.com\/fr\/wp-json\/wp\/v2\/product_cat?post=5987"},{"taxonomy":"product_tag","embeddable":true,"href":"https:\/\/nutrifresh.com\/fr\/wp-json\/wp\/v2\/product_tag?post=5987"}],"curies":[{"name":"wp","href":"https:\/\/api.w.org\/{rel}","templated":true}]}}