{"id":6008,"date":"2023-08-02T14:58:29","date_gmt":"2023-08-02T14:58:29","guid":{"rendered":"https:\/\/nutrifresh.com\/p\/balance-de-cuisine-numerique\/"},"modified":"2023-09-04T11:18:37","modified_gmt":"2023-09-04T11:18:37","slug":"digital-kitchen-scale","status":"publish","type":"product","link":"https:\/\/nutrifresh.com\/fr\/p\/digital-kitchen-scale\/","title":{"rendered":"Balance de cuisine num\u00e9rique"},"content":{"rendered":"<p>Vos recettes pr\u00e9f\u00e9r\u00e9es seront parfaitement \u00e9labor\u00e9es gr\u00e2ce \u00e0 la balance de cuisine num\u00e9rique nutrifresh\u2122. Munie de capteurs de haute pr\u00e9cision et d&rsquo;un grand \u00e9cran LCD clair et facile \u00e0 lire. Vous pouvez peser vos aliments et ingr\u00e9dients tr\u00e8s pr\u00e9cis\u00e9ment, jusqu&rsquo;\u00e0 une capacit\u00e9 \u00e9lev\u00e9e de 5 kg. Passez facilement d&rsquo;une unit\u00e9 de mesure \u00e0 l&rsquo;autre : g\/ oz\/lbs. La balance inclut une fonction de tare qui permet de peser facilement plusieurs ingr\u00e9dients dans un m\u00eame r\u00e9cipient. Le design \u00e9l\u00e9gant en verre tremp\u00e9 ajoute une touche de couleur \u00e0 votre plan de travail.<\/p>\n","protected":false},"excerpt":{"rendered":"<p>Devenez un ma\u00eetre de la pr\u00e9cision<\/p>\n","protected":false},"featured_media":6009,"template":"","meta":{"inline_featured_image":false},"product_cat":[108],"product_tag":[],"class_list":{"0":"post-6008","1":"product","2":"type-product","3":"status-publish","4":"has-post-thumbnail","6":"product_cat-airclip-fr-2","8":"first","9":"outofstock","10":"shipping-taxable","11":"purchasable","12":"product-type-simple"},"acf":[],"yoast_head":"<!-- This site is optimized with the Yoast SEO plugin v23.2 - https:\/\/yoast.com\/wordpress\/plugins\/seo\/ -->\n<title>Balance de cuisine num\u00e9rique Airclip | nutrifresh<\/title>\n<meta name=\"description\" content=\"Perfectionnez vos recettes avec la balance de cuisine num\u00e9rique nutrifresh\u2122. Pesez avec pr\u00e9cision vos ingr\u00e9dients en g\/oz\/lbs jusqu&#039;\u00e0 5 kg.\" \/>\n<meta name=\"robots\" content=\"index, follow, max-snippet:-1, max-image-preview:large, max-video-preview:-1\" \/>\n<link rel=\"canonical\" href=\"https:\/\/nutrifresh.com\/fr\/p\/digital-kitchen-scale\/\" \/>\n<meta property=\"og:locale\" content=\"fr_FR\" \/>\n<meta property=\"og:type\" content=\"article\" \/>\n<meta property=\"og:title\" content=\"Balance de cuisine num\u00e9rique Airclip | nutrifresh\" \/>\n<meta property=\"og:description\" content=\"Perfectionnez vos recettes avec la balance de cuisine num\u00e9rique nutrifresh\u2122. Pesez avec pr\u00e9cision vos ingr\u00e9dients en g\/oz\/lbs jusqu&#039;\u00e0 5 kg.\" \/>\n<meta property=\"og:url\" content=\"https:\/\/nutrifresh.com\/fr\/p\/digital-kitchen-scale\/\" \/>\n<meta property=\"og:site_name\" content=\"Nutrifresh\" \/>\n<meta property=\"article:modified_time\" content=\"2023-09-04T11:18:37+00:00\" \/>\n<meta property=\"og:image\" content=\"https:\/\/nutrifresh.com\/wp-content\/uploads\/2023\/08\/P510586_Digital_kitchen_scale_3qtr.jpg\" \/>\n\t<meta property=\"og:image:width\" content=\"1200\" \/>\n\t<meta property=\"og:image:height\" content=\"1200\" \/>\n\t<meta property=\"og:image:type\" content=\"image\/jpeg\" \/>\n<meta name=\"twitter:card\" content=\"summary_large_image\" \/>\n<meta name=\"twitter:label1\" content=\"Dur\u00e9e de lecture estim\u00e9e\" \/>\n\t<meta name=\"twitter:data1\" content=\"1 minute\" \/>\n<script type=\"application\/ld+json\" class=\"yoast-schema-graph\">{\"@context\":\"https:\/\/schema.org\",\"@graph\":[{\"@type\":\"WebPage\",\"@id\":\"https:\/\/nutrifresh.com\/fr\/p\/digital-kitchen-scale\/\",\"url\":\"https:\/\/nutrifresh.com\/fr\/p\/digital-kitchen-scale\/\",\"name\":\"Balance de cuisine num\u00e9rique Airclip | nutrifresh\",\"isPartOf\":{\"@id\":\"https:\/\/nutrifresh.com\/fr\/#website\"},\"primaryImageOfPage\":{\"@id\":\"https:\/\/nutrifresh.com\/fr\/p\/digital-kitchen-scale\/#primaryimage\"},\"image\":{\"@id\":\"https:\/\/nutrifresh.com\/fr\/p\/digital-kitchen-scale\/#primaryimage\"},\"thumbnailUrl\":\"https:\/\/nutrifresh.com\/wp-content\/uploads\/2023\/08\/P510586_Digital_kitchen_scale_3qtr.jpg\",\"datePublished\":\"2023-08-02T14:58:29+00:00\",\"dateModified\":\"2023-09-04T11:18:37+00:00\",\"description\":\"Perfectionnez vos recettes avec la balance de cuisine num\u00e9rique nutrifresh\u2122. Pesez avec pr\u00e9cision vos ingr\u00e9dients en g\/oz\/lbs jusqu'\u00e0 5 kg.\",\"breadcrumb\":{\"@id\":\"https:\/\/nutrifresh.com\/fr\/p\/digital-kitchen-scale\/#breadcrumb\"},\"inLanguage\":\"fr-FR\",\"potentialAction\":[{\"@type\":\"ReadAction\",\"target\":[\"https:\/\/nutrifresh.com\/fr\/p\/digital-kitchen-scale\/\"]}]},{\"@type\":\"ImageObject\",\"inLanguage\":\"fr-FR\",\"@id\":\"https:\/\/nutrifresh.com\/fr\/p\/digital-kitchen-scale\/#primaryimage\",\"url\":\"https:\/\/nutrifresh.com\/wp-content\/uploads\/2023\/08\/P510586_Digital_kitchen_scale_3qtr.jpg\",\"contentUrl\":\"https:\/\/nutrifresh.com\/wp-content\/uploads\/2023\/08\/P510586_Digital_kitchen_scale_3qtr.jpg\",\"width\":1200,\"height\":1200},{\"@type\":\"BreadcrumbList\",\"@id\":\"https:\/\/nutrifresh.com\/fr\/p\/digital-kitchen-scale\/#breadcrumb\",\"itemListElement\":[{\"@type\":\"ListItem\",\"position\":1,\"name\":\"Home\",\"item\":\"https:\/\/nutrifresh.com\/fr\/homepage\/\"},{\"@type\":\"ListItem\",\"position\":2,\"name\":\"Acheter\",\"item\":\"https:\/\/nutrifresh.com\/fr\/acheter\/\"},{\"@type\":\"ListItem\",\"position\":3,\"name\":\"Balance de cuisine num\u00e9rique\"}]},{\"@type\":\"WebSite\",\"@id\":\"https:\/\/nutrifresh.com\/fr\/#website\",\"url\":\"https:\/\/nutrifresh.com\/fr\/\",\"name\":\"Nutrifresh\",\"description\":\"A fresh way to eat healthier\",\"potentialAction\":[{\"@type\":\"SearchAction\",\"target\":{\"@type\":\"EntryPoint\",\"urlTemplate\":\"https:\/\/nutrifresh.com\/fr\/?s={search_term_string}\"},\"query-input\":\"required name=search_term_string\"}],\"inLanguage\":\"fr-FR\"}]}<\/script>\n<!-- \/ Yoast SEO plugin. -->","yoast_head_json":{"title":"Balance de cuisine num\u00e9rique Airclip | nutrifresh","description":"Perfectionnez vos recettes avec la balance de cuisine num\u00e9rique nutrifresh\u2122. Pesez avec pr\u00e9cision vos ingr\u00e9dients en g\/oz\/lbs jusqu'\u00e0 5 kg.","robots":{"index":"index","follow":"follow","max-snippet":"max-snippet:-1","max-image-preview":"max-image-preview:large","max-video-preview":"max-video-preview:-1"},"canonical":"https:\/\/nutrifresh.com\/fr\/p\/digital-kitchen-scale\/","og_locale":"fr_FR","og_type":"article","og_title":"Balance de cuisine num\u00e9rique Airclip | nutrifresh","og_description":"Perfectionnez vos recettes avec la balance de cuisine num\u00e9rique nutrifresh\u2122. Pesez avec pr\u00e9cision vos ingr\u00e9dients en g\/oz\/lbs jusqu'\u00e0 5 kg.","og_url":"https:\/\/nutrifresh.com\/fr\/p\/digital-kitchen-scale\/","og_site_name":"Nutrifresh","article_modified_time":"2023-09-04T11:18:37+00:00","og_image":[{"width":1200,"height":1200,"url":"https:\/\/nutrifresh.com\/wp-content\/uploads\/2023\/08\/P510586_Digital_kitchen_scale_3qtr.jpg","type":"image\/jpeg"}],"twitter_card":"summary_large_image","twitter_misc":{"Dur\u00e9e de lecture estim\u00e9e":"1 minute"},"schema":{"@context":"https:\/\/schema.org","@graph":[{"@type":"WebPage","@id":"https:\/\/nutrifresh.com\/fr\/p\/digital-kitchen-scale\/","url":"https:\/\/nutrifresh.com\/fr\/p\/digital-kitchen-scale\/","name":"Balance de cuisine num\u00e9rique Airclip | nutrifresh","isPartOf":{"@id":"https:\/\/nutrifresh.com\/fr\/#website"},"primaryImageOfPage":{"@id":"https:\/\/nutrifresh.com\/fr\/p\/digital-kitchen-scale\/#primaryimage"},"image":{"@id":"https:\/\/nutrifresh.com\/fr\/p\/digital-kitchen-scale\/#primaryimage"},"thumbnailUrl":"https:\/\/nutrifresh.com\/wp-content\/uploads\/2023\/08\/P510586_Digital_kitchen_scale_3qtr.jpg","datePublished":"2023-08-02T14:58:29+00:00","dateModified":"2023-09-04T11:18:37+00:00","description":"Perfectionnez vos recettes avec la balance de cuisine num\u00e9rique nutrifresh\u2122. Pesez avec pr\u00e9cision vos ingr\u00e9dients en g\/oz\/lbs jusqu'\u00e0 5 kg.","breadcrumb":{"@id":"https:\/\/nutrifresh.com\/fr\/p\/digital-kitchen-scale\/#breadcrumb"},"inLanguage":"fr-FR","potentialAction":[{"@type":"ReadAction","target":["https:\/\/nutrifresh.com\/fr\/p\/digital-kitchen-scale\/"]}]},{"@type":"ImageObject","inLanguage":"fr-FR","@id":"https:\/\/nutrifresh.com\/fr\/p\/digital-kitchen-scale\/#primaryimage","url":"https:\/\/nutrifresh.com\/wp-content\/uploads\/2023\/08\/P510586_Digital_kitchen_scale_3qtr.jpg","contentUrl":"https:\/\/nutrifresh.com\/wp-content\/uploads\/2023\/08\/P510586_Digital_kitchen_scale_3qtr.jpg","width":1200,"height":1200},{"@type":"BreadcrumbList","@id":"https:\/\/nutrifresh.com\/fr\/p\/digital-kitchen-scale\/#breadcrumb","itemListElement":[{"@type":"ListItem","position":1,"name":"Home","item":"https:\/\/nutrifresh.com\/fr\/homepage\/"},{"@type":"ListItem","position":2,"name":"Acheter","item":"https:\/\/nutrifresh.com\/fr\/acheter\/"},{"@type":"ListItem","position":3,"name":"Balance de cuisine num\u00e9rique"}]},{"@type":"WebSite","@id":"https:\/\/nutrifresh.com\/fr\/#website","url":"https:\/\/nutrifresh.com\/fr\/","name":"Nutrifresh","description":"A fresh way to eat healthier","potentialAction":[{"@type":"SearchAction","target":{"@type":"EntryPoint","urlTemplate":"https:\/\/nutrifresh.com\/fr\/?s={search_term_string}"},"query-input":"required name=search_term_string"}],"inLanguage":"fr-FR"}]}},"_links":{"self":[{"href":"https:\/\/nutrifresh.com\/fr\/wp-json\/wp\/v2\/product\/6008","targetHints":{"allow":["GET"]}}],"collection":[{"href":"https:\/\/nutrifresh.com\/fr\/wp-json\/wp\/v2\/product"}],"about":[{"href":"https:\/\/nutrifresh.com\/fr\/wp-json\/wp\/v2\/types\/product"}],"wp:featuredmedia":[{"embeddable":true,"href":"https:\/\/nutrifresh.com\/fr\/wp-json\/wp\/v2\/media\/6009"}],"wp:attachment":[{"href":"https:\/\/nutrifresh.com\/fr\/wp-json\/wp\/v2\/media?parent=6008"}],"wp:term":[{"taxonomy":"product_cat","embeddable":true,"href":"https:\/\/nutrifresh.com\/fr\/wp-json\/wp\/v2\/product_cat?post=6008"},{"taxonomy":"product_tag","embeddable":true,"href":"https:\/\/nutrifresh.com\/fr\/wp-json\/wp\/v2\/product_tag?post=6008"}],"curies":[{"name":"wp","href":"https:\/\/api.w.org\/{rel}","templated":true}]}}