{"id":6030,"date":"2023-08-02T14:58:29","date_gmt":"2023-08-02T14:58:29","guid":{"rendered":"https:\/\/nutrifresh.com\/p\/fruit-veg-slicer-set\/"},"modified":"2023-09-04T11:19:43","modified_gmt":"2023-09-04T11:19:43","slug":"fruit-veg-slicer-set","status":"publish","type":"product","link":"https:\/\/nutrifresh.com\/fr\/p\/fruit-veg-slicer-set\/","title":{"rendered":"D\u00e9coupe Fruits et L\u00e9gumes 4 en 1"},"content":{"rendered":"<p>Le d\u00e9coupe fruits et l\u00e9gumes 4 en 1 nutrifresh\u2122 est dot\u00e9 de quatre lames r\u00e9glables tranchantes en acier inoxydable qui glissent sans effort et coupent fruits et l\u00e9gumes. Les tranches sont pr\u00e9cises et r\u00e9guli\u00e8res, en toute simplicit\u00e9. Avec cet ensemble de d\u00e9coupe, introduire des fruits et l\u00e9gumes frais dans votre alimentation se fait sans effort. Vous pouvez cr\u00e9er de belles salades de fruits, des plateaux de l\u00e9gumes ou des garnitures pour vos plats en un rien de temps.<\/p>\n<p>Extr\u00eamement facile \u00e0 utiliser.<\/p>\n","protected":false},"excerpt":{"rendered":"<p>Trancher sans effort<\/p>\n","protected":false},"featured_media":6031,"template":"","meta":{"inline_featured_image":false},"product_cat":[108],"product_tag":[],"class_list":{"0":"post-6030","1":"product","2":"type-product","3":"status-publish","4":"has-post-thumbnail","6":"product_cat-airclip-fr-2","8":"first","9":"outofstock","10":"shipping-taxable","11":"purchasable","12":"product-type-simple"},"acf":[],"yoast_head":"<!-- This site is optimized with the Yoast SEO plugin v23.2 - https:\/\/yoast.com\/wordpress\/plugins\/seo\/ -->\n<title>D\u00e9coupe Fruits &amp; L\u00e9gumes 4 en 1 Airclip | nutrifresh<\/title>\n<meta name=\"description\" content=\"L&#039;ensemble de tranchoirs Airclip comprend 4 lames tranchantes en acier inoxydable pour des tranches pr\u00e9cises et r\u00e9guli\u00e8res en toute simplicit\u00e9.\" \/>\n<meta name=\"robots\" content=\"index, follow, max-snippet:-1, max-image-preview:large, max-video-preview:-1\" \/>\n<link rel=\"canonical\" href=\"https:\/\/nutrifresh.com\/fr\/p\/fruit-veg-slicer-set\/\" \/>\n<meta property=\"og:locale\" content=\"fr_FR\" \/>\n<meta property=\"og:type\" content=\"article\" \/>\n<meta property=\"og:title\" content=\"D\u00e9coupe Fruits &amp; L\u00e9gumes 4 en 1 Airclip | nutrifresh\" \/>\n<meta property=\"og:description\" content=\"L&#039;ensemble de tranchoirs Airclip comprend 4 lames tranchantes en acier inoxydable pour des tranches pr\u00e9cises et r\u00e9guli\u00e8res en toute simplicit\u00e9.\" \/>\n<meta property=\"og:url\" content=\"https:\/\/nutrifresh.com\/fr\/p\/fruit-veg-slicer-set\/\" \/>\n<meta property=\"og:site_name\" content=\"Nutrifresh\" \/>\n<meta property=\"article:modified_time\" content=\"2023-09-04T11:19:43+00:00\" \/>\n<meta property=\"og:image\" content=\"https:\/\/nutrifresh.com\/wp-content\/uploads\/2023\/08\/p502290_frt_veg_slcr_3qrt_band.jpg\" \/>\n\t<meta property=\"og:image:width\" content=\"1200\" \/>\n\t<meta property=\"og:image:height\" content=\"1200\" \/>\n\t<meta property=\"og:image:type\" content=\"image\/jpeg\" \/>\n<meta name=\"twitter:card\" content=\"summary_large_image\" \/>\n<meta name=\"twitter:label1\" content=\"Dur\u00e9e de lecture estim\u00e9e\" \/>\n\t<meta name=\"twitter:data1\" content=\"1 minute\" \/>\n<script type=\"application\/ld+json\" class=\"yoast-schema-graph\">{\"@context\":\"https:\/\/schema.org\",\"@graph\":[{\"@type\":\"WebPage\",\"@id\":\"https:\/\/nutrifresh.com\/fr\/p\/fruit-veg-slicer-set\/\",\"url\":\"https:\/\/nutrifresh.com\/fr\/p\/fruit-veg-slicer-set\/\",\"name\":\"D\u00e9coupe Fruits & L\u00e9gumes 4 en 1 Airclip | nutrifresh\",\"isPartOf\":{\"@id\":\"https:\/\/nutrifresh.com\/fr\/#website\"},\"primaryImageOfPage\":{\"@id\":\"https:\/\/nutrifresh.com\/fr\/p\/fruit-veg-slicer-set\/#primaryimage\"},\"image\":{\"@id\":\"https:\/\/nutrifresh.com\/fr\/p\/fruit-veg-slicer-set\/#primaryimage\"},\"thumbnailUrl\":\"https:\/\/nutrifresh.com\/wp-content\/uploads\/2023\/08\/p502290_frt_veg_slcr_3qrt_band.jpg\",\"datePublished\":\"2023-08-02T14:58:29+00:00\",\"dateModified\":\"2023-09-04T11:19:43+00:00\",\"description\":\"L'ensemble de tranchoirs Airclip comprend 4 lames tranchantes en acier inoxydable pour des tranches pr\u00e9cises et r\u00e9guli\u00e8res en toute simplicit\u00e9.\",\"breadcrumb\":{\"@id\":\"https:\/\/nutrifresh.com\/fr\/p\/fruit-veg-slicer-set\/#breadcrumb\"},\"inLanguage\":\"fr-FR\",\"potentialAction\":[{\"@type\":\"ReadAction\",\"target\":[\"https:\/\/nutrifresh.com\/fr\/p\/fruit-veg-slicer-set\/\"]}]},{\"@type\":\"ImageObject\",\"inLanguage\":\"fr-FR\",\"@id\":\"https:\/\/nutrifresh.com\/fr\/p\/fruit-veg-slicer-set\/#primaryimage\",\"url\":\"https:\/\/nutrifresh.com\/wp-content\/uploads\/2023\/08\/p502290_frt_veg_slcr_3qrt_band.jpg\",\"contentUrl\":\"https:\/\/nutrifresh.com\/wp-content\/uploads\/2023\/08\/p502290_frt_veg_slcr_3qrt_band.jpg\",\"width\":1200,\"height\":1200},{\"@type\":\"BreadcrumbList\",\"@id\":\"https:\/\/nutrifresh.com\/fr\/p\/fruit-veg-slicer-set\/#breadcrumb\",\"itemListElement\":[{\"@type\":\"ListItem\",\"position\":1,\"name\":\"Home\",\"item\":\"https:\/\/nutrifresh.com\/fr\/homepage\/\"},{\"@type\":\"ListItem\",\"position\":2,\"name\":\"Acheter\",\"item\":\"https:\/\/nutrifresh.com\/fr\/acheter\/\"},{\"@type\":\"ListItem\",\"position\":3,\"name\":\"D\u00e9coupe Fruits et L\u00e9gumes 4 en 1\"}]},{\"@type\":\"WebSite\",\"@id\":\"https:\/\/nutrifresh.com\/fr\/#website\",\"url\":\"https:\/\/nutrifresh.com\/fr\/\",\"name\":\"Nutrifresh\",\"description\":\"A fresh way to eat healthier\",\"potentialAction\":[{\"@type\":\"SearchAction\",\"target\":{\"@type\":\"EntryPoint\",\"urlTemplate\":\"https:\/\/nutrifresh.com\/fr\/?s={search_term_string}\"},\"query-input\":\"required name=search_term_string\"}],\"inLanguage\":\"fr-FR\"}]}<\/script>\n<!-- \/ Yoast SEO plugin. -->","yoast_head_json":{"title":"D\u00e9coupe Fruits & L\u00e9gumes 4 en 1 Airclip | nutrifresh","description":"L'ensemble de tranchoirs Airclip comprend 4 lames tranchantes en acier inoxydable pour des tranches pr\u00e9cises et r\u00e9guli\u00e8res en toute simplicit\u00e9.","robots":{"index":"index","follow":"follow","max-snippet":"max-snippet:-1","max-image-preview":"max-image-preview:large","max-video-preview":"max-video-preview:-1"},"canonical":"https:\/\/nutrifresh.com\/fr\/p\/fruit-veg-slicer-set\/","og_locale":"fr_FR","og_type":"article","og_title":"D\u00e9coupe Fruits & L\u00e9gumes 4 en 1 Airclip | nutrifresh","og_description":"L'ensemble de tranchoirs Airclip comprend 4 lames tranchantes en acier inoxydable pour des tranches pr\u00e9cises et r\u00e9guli\u00e8res en toute simplicit\u00e9.","og_url":"https:\/\/nutrifresh.com\/fr\/p\/fruit-veg-slicer-set\/","og_site_name":"Nutrifresh","article_modified_time":"2023-09-04T11:19:43+00:00","og_image":[{"width":1200,"height":1200,"url":"https:\/\/nutrifresh.com\/wp-content\/uploads\/2023\/08\/p502290_frt_veg_slcr_3qrt_band.jpg","type":"image\/jpeg"}],"twitter_card":"summary_large_image","twitter_misc":{"Dur\u00e9e de lecture estim\u00e9e":"1 minute"},"schema":{"@context":"https:\/\/schema.org","@graph":[{"@type":"WebPage","@id":"https:\/\/nutrifresh.com\/fr\/p\/fruit-veg-slicer-set\/","url":"https:\/\/nutrifresh.com\/fr\/p\/fruit-veg-slicer-set\/","name":"D\u00e9coupe Fruits & L\u00e9gumes 4 en 1 Airclip | nutrifresh","isPartOf":{"@id":"https:\/\/nutrifresh.com\/fr\/#website"},"primaryImageOfPage":{"@id":"https:\/\/nutrifresh.com\/fr\/p\/fruit-veg-slicer-set\/#primaryimage"},"image":{"@id":"https:\/\/nutrifresh.com\/fr\/p\/fruit-veg-slicer-set\/#primaryimage"},"thumbnailUrl":"https:\/\/nutrifresh.com\/wp-content\/uploads\/2023\/08\/p502290_frt_veg_slcr_3qrt_band.jpg","datePublished":"2023-08-02T14:58:29+00:00","dateModified":"2023-09-04T11:19:43+00:00","description":"L'ensemble de tranchoirs Airclip comprend 4 lames tranchantes en acier inoxydable pour des tranches pr\u00e9cises et r\u00e9guli\u00e8res en toute simplicit\u00e9.","breadcrumb":{"@id":"https:\/\/nutrifresh.com\/fr\/p\/fruit-veg-slicer-set\/#breadcrumb"},"inLanguage":"fr-FR","potentialAction":[{"@type":"ReadAction","target":["https:\/\/nutrifresh.com\/fr\/p\/fruit-veg-slicer-set\/"]}]},{"@type":"ImageObject","inLanguage":"fr-FR","@id":"https:\/\/nutrifresh.com\/fr\/p\/fruit-veg-slicer-set\/#primaryimage","url":"https:\/\/nutrifresh.com\/wp-content\/uploads\/2023\/08\/p502290_frt_veg_slcr_3qrt_band.jpg","contentUrl":"https:\/\/nutrifresh.com\/wp-content\/uploads\/2023\/08\/p502290_frt_veg_slcr_3qrt_band.jpg","width":1200,"height":1200},{"@type":"BreadcrumbList","@id":"https:\/\/nutrifresh.com\/fr\/p\/fruit-veg-slicer-set\/#breadcrumb","itemListElement":[{"@type":"ListItem","position":1,"name":"Home","item":"https:\/\/nutrifresh.com\/fr\/homepage\/"},{"@type":"ListItem","position":2,"name":"Acheter","item":"https:\/\/nutrifresh.com\/fr\/acheter\/"},{"@type":"ListItem","position":3,"name":"D\u00e9coupe Fruits et L\u00e9gumes 4 en 1"}]},{"@type":"WebSite","@id":"https:\/\/nutrifresh.com\/fr\/#website","url":"https:\/\/nutrifresh.com\/fr\/","name":"Nutrifresh","description":"A fresh way to eat healthier","potentialAction":[{"@type":"SearchAction","target":{"@type":"EntryPoint","urlTemplate":"https:\/\/nutrifresh.com\/fr\/?s={search_term_string}"},"query-input":"required name=search_term_string"}],"inLanguage":"fr-FR"}]}},"_links":{"self":[{"href":"https:\/\/nutrifresh.com\/fr\/wp-json\/wp\/v2\/product\/6030","targetHints":{"allow":["GET"]}}],"collection":[{"href":"https:\/\/nutrifresh.com\/fr\/wp-json\/wp\/v2\/product"}],"about":[{"href":"https:\/\/nutrifresh.com\/fr\/wp-json\/wp\/v2\/types\/product"}],"wp:featuredmedia":[{"embeddable":true,"href":"https:\/\/nutrifresh.com\/fr\/wp-json\/wp\/v2\/media\/6031"}],"wp:attachment":[{"href":"https:\/\/nutrifresh.com\/fr\/wp-json\/wp\/v2\/media?parent=6030"}],"wp:term":[{"taxonomy":"product_cat","embeddable":true,"href":"https:\/\/nutrifresh.com\/fr\/wp-json\/wp\/v2\/product_cat?post=6030"},{"taxonomy":"product_tag","embeddable":true,"href":"https:\/\/nutrifresh.com\/fr\/wp-json\/wp\/v2\/product_tag?post=6030"}],"curies":[{"name":"wp","href":"https:\/\/api.w.org\/{rel}","templated":true}]}}