{"id":6037,"date":"2023-08-03T17:24:56","date_gmt":"2023-08-03T17:24:56","guid":{"rendered":"https:\/\/nutrifresh.com\/p\/couteau-de-chef\/"},"modified":"2023-09-04T14:48:45","modified_gmt":"2023-09-04T14:48:45","slug":"couteau-de-chef-2","status":"publish","type":"product","link":"https:\/\/nutrifresh.com\/fr\/p\/couteau-de-chef-2\/","title":{"rendered":"Couteau de Chef"},"content":{"rendered":"<p>Le couteau de Chef nutrifresh\u2122 <span class=\"TextRun Highlight SCXW215817787 BCX4\" lang=\"FR-FR\" xml:lang=\"FR-FR\" data-contrast=\"none\"><span class=\"NormalTextRun SCXW215817787 BCX4\">est <\/span><span class=\"NormalTextRun SCXW215817787 BCX4\">multit\u00e2che<\/span><\/span><span class=\"TextRun Highlight SCXW215817787 BCX4\" lang=\"FR-FR\" xml:lang=\"FR-FR\" data-contrast=\"none\"><span class=\"NormalTextRun SCXW215817787 BCX4\">s<\/span><span class=\"NormalTextRun SCXW215817787 BCX4\"> : il hache, \u00e9mince, tranche, coupe en d\u00e9s&#8230; sans effort gr\u00e2ce \u00e0 sa lame creuse. <\/span><\/span>Ce couteau tout-en-un vous \u00e9vite d&rsquo;avoir besoin de plusieurs couteaux sp\u00e9cifiques, ce qui en fait l&rsquo;outil incontournable pour la cuisine \u00e0 tous niveaux. Soigneusement con\u00e7u pour une utilisation \u00e0 long terme, chaque couteau nutrifresh\u2122 est dot\u00e9 d&rsquo;un rivet de qualit\u00e9 sup\u00e9rieure. Gr\u00e2ce \u00e0 sa poign\u00e9e ergonomique qui tient confortablement dans votre main, prenez le temps qu&rsquo;il vous faut pour r\u00e9v\u00e9ler le chef qui est en vous.<\/p>\n","protected":false},"excerpt":{"rendered":"<p>L&rsquo;accessoire de cuisine par excellence<\/p>\n","protected":false},"featured_media":6038,"template":"","meta":{"inline_featured_image":false},"product_cat":[113],"product_tag":[],"class_list":{"0":"post-6037","1":"product","2":"type-product","3":"status-publish","4":"has-post-thumbnail","6":"product_cat-easy-prep-fr","8":"first","9":"outofstock","10":"shipping-taxable","11":"product-type-simple"},"acf":[],"yoast_head":"<!-- This site is optimized with the Yoast SEO plugin v23.2 - https:\/\/yoast.com\/wordpress\/plugins\/seo\/ -->\n<title>Couteau de Chef Easy Prep | nutrifresh<\/title>\n<meta name=\"description\" content=\"Notre couteau de Chef vous permet de hacher, de trancher et de d\u00e9couper sans effort. Ce couteau tout-en-un est indispensable \u00e0 tous les cuisiniers.\" \/>\n<meta name=\"robots\" content=\"index, follow, max-snippet:-1, max-image-preview:large, max-video-preview:-1\" \/>\n<link rel=\"canonical\" href=\"https:\/\/nutrifresh.com\/fr\/p\/couteau-de-chef-2\/\" \/>\n<meta property=\"og:locale\" content=\"fr_FR\" \/>\n<meta property=\"og:type\" content=\"article\" \/>\n<meta property=\"og:title\" content=\"Couteau de Chef Easy Prep | nutrifresh\" \/>\n<meta property=\"og:description\" content=\"Notre couteau de Chef vous permet de hacher, de trancher et de d\u00e9couper sans effort. Ce couteau tout-en-un est indispensable \u00e0 tous les cuisiniers.\" \/>\n<meta property=\"og:url\" content=\"https:\/\/nutrifresh.com\/fr\/p\/couteau-de-chef-2\/\" \/>\n<meta property=\"og:site_name\" content=\"Nutrifresh\" \/>\n<meta property=\"article:modified_time\" content=\"2023-09-04T14:48:45+00:00\" \/>\n<meta property=\"og:image\" content=\"https:\/\/nutrifresh.com\/wp-content\/uploads\/2023\/08\/P511083_19cm_Cooks_Knife_front-1.jpg\" \/>\n\t<meta property=\"og:image:width\" content=\"1200\" \/>\n\t<meta property=\"og:image:height\" content=\"1200\" \/>\n\t<meta property=\"og:image:type\" content=\"image\/jpeg\" \/>\n<meta name=\"twitter:card\" content=\"summary_large_image\" \/>\n<meta name=\"twitter:label1\" content=\"Dur\u00e9e de lecture estim\u00e9e\" \/>\n\t<meta name=\"twitter:data1\" content=\"1 minute\" \/>\n<script type=\"application\/ld+json\" class=\"yoast-schema-graph\">{\"@context\":\"https:\/\/schema.org\",\"@graph\":[{\"@type\":\"WebPage\",\"@id\":\"https:\/\/nutrifresh.com\/fr\/p\/couteau-de-chef-2\/\",\"url\":\"https:\/\/nutrifresh.com\/fr\/p\/couteau-de-chef-2\/\",\"name\":\"Couteau de Chef Easy Prep | nutrifresh\",\"isPartOf\":{\"@id\":\"https:\/\/nutrifresh.com\/fr\/#website\"},\"primaryImageOfPage\":{\"@id\":\"https:\/\/nutrifresh.com\/fr\/p\/couteau-de-chef-2\/#primaryimage\"},\"image\":{\"@id\":\"https:\/\/nutrifresh.com\/fr\/p\/couteau-de-chef-2\/#primaryimage\"},\"thumbnailUrl\":\"https:\/\/nutrifresh.com\/wp-content\/uploads\/2023\/08\/P511083_19cm_Cooks_Knife_front-1.jpg\",\"datePublished\":\"2023-08-03T17:24:56+00:00\",\"dateModified\":\"2023-09-04T14:48:45+00:00\",\"description\":\"Notre couteau de Chef vous permet de hacher, de trancher et de d\u00e9couper sans effort. Ce couteau tout-en-un est indispensable \u00e0 tous les cuisiniers.\",\"breadcrumb\":{\"@id\":\"https:\/\/nutrifresh.com\/fr\/p\/couteau-de-chef-2\/#breadcrumb\"},\"inLanguage\":\"fr-FR\",\"potentialAction\":[{\"@type\":\"ReadAction\",\"target\":[\"https:\/\/nutrifresh.com\/fr\/p\/couteau-de-chef-2\/\"]}]},{\"@type\":\"ImageObject\",\"inLanguage\":\"fr-FR\",\"@id\":\"https:\/\/nutrifresh.com\/fr\/p\/couteau-de-chef-2\/#primaryimage\",\"url\":\"https:\/\/nutrifresh.com\/wp-content\/uploads\/2023\/08\/P511083_19cm_Cooks_Knife_front-1.jpg\",\"contentUrl\":\"https:\/\/nutrifresh.com\/wp-content\/uploads\/2023\/08\/P511083_19cm_Cooks_Knife_front-1.jpg\",\"width\":1200,\"height\":1200},{\"@type\":\"BreadcrumbList\",\"@id\":\"https:\/\/nutrifresh.com\/fr\/p\/couteau-de-chef-2\/#breadcrumb\",\"itemListElement\":[{\"@type\":\"ListItem\",\"position\":1,\"name\":\"Home\",\"item\":\"https:\/\/nutrifresh.com\/fr\/homepage\/\"},{\"@type\":\"ListItem\",\"position\":2,\"name\":\"Acheter\",\"item\":\"https:\/\/nutrifresh.com\/fr\/acheter\/\"},{\"@type\":\"ListItem\",\"position\":3,\"name\":\"Couteau de Chef\"}]},{\"@type\":\"WebSite\",\"@id\":\"https:\/\/nutrifresh.com\/fr\/#website\",\"url\":\"https:\/\/nutrifresh.com\/fr\/\",\"name\":\"Nutrifresh\",\"description\":\"A fresh way to eat healthier\",\"potentialAction\":[{\"@type\":\"SearchAction\",\"target\":{\"@type\":\"EntryPoint\",\"urlTemplate\":\"https:\/\/nutrifresh.com\/fr\/?s={search_term_string}\"},\"query-input\":\"required name=search_term_string\"}],\"inLanguage\":\"fr-FR\"}]}<\/script>\n<!-- \/ Yoast SEO plugin. -->","yoast_head_json":{"title":"Couteau de Chef Easy Prep | nutrifresh","description":"Notre couteau de Chef vous permet de hacher, de trancher et de d\u00e9couper sans effort. Ce couteau tout-en-un est indispensable \u00e0 tous les cuisiniers.","robots":{"index":"index","follow":"follow","max-snippet":"max-snippet:-1","max-image-preview":"max-image-preview:large","max-video-preview":"max-video-preview:-1"},"canonical":"https:\/\/nutrifresh.com\/fr\/p\/couteau-de-chef-2\/","og_locale":"fr_FR","og_type":"article","og_title":"Couteau de Chef Easy Prep | nutrifresh","og_description":"Notre couteau de Chef vous permet de hacher, de trancher et de d\u00e9couper sans effort. Ce couteau tout-en-un est indispensable \u00e0 tous les cuisiniers.","og_url":"https:\/\/nutrifresh.com\/fr\/p\/couteau-de-chef-2\/","og_site_name":"Nutrifresh","article_modified_time":"2023-09-04T14:48:45+00:00","og_image":[{"width":1200,"height":1200,"url":"https:\/\/nutrifresh.com\/wp-content\/uploads\/2023\/08\/P511083_19cm_Cooks_Knife_front-1.jpg","type":"image\/jpeg"}],"twitter_card":"summary_large_image","twitter_misc":{"Dur\u00e9e de lecture estim\u00e9e":"1 minute"},"schema":{"@context":"https:\/\/schema.org","@graph":[{"@type":"WebPage","@id":"https:\/\/nutrifresh.com\/fr\/p\/couteau-de-chef-2\/","url":"https:\/\/nutrifresh.com\/fr\/p\/couteau-de-chef-2\/","name":"Couteau de Chef Easy Prep | nutrifresh","isPartOf":{"@id":"https:\/\/nutrifresh.com\/fr\/#website"},"primaryImageOfPage":{"@id":"https:\/\/nutrifresh.com\/fr\/p\/couteau-de-chef-2\/#primaryimage"},"image":{"@id":"https:\/\/nutrifresh.com\/fr\/p\/couteau-de-chef-2\/#primaryimage"},"thumbnailUrl":"https:\/\/nutrifresh.com\/wp-content\/uploads\/2023\/08\/P511083_19cm_Cooks_Knife_front-1.jpg","datePublished":"2023-08-03T17:24:56+00:00","dateModified":"2023-09-04T14:48:45+00:00","description":"Notre couteau de Chef vous permet de hacher, de trancher et de d\u00e9couper sans effort. Ce couteau tout-en-un est indispensable \u00e0 tous les cuisiniers.","breadcrumb":{"@id":"https:\/\/nutrifresh.com\/fr\/p\/couteau-de-chef-2\/#breadcrumb"},"inLanguage":"fr-FR","potentialAction":[{"@type":"ReadAction","target":["https:\/\/nutrifresh.com\/fr\/p\/couteau-de-chef-2\/"]}]},{"@type":"ImageObject","inLanguage":"fr-FR","@id":"https:\/\/nutrifresh.com\/fr\/p\/couteau-de-chef-2\/#primaryimage","url":"https:\/\/nutrifresh.com\/wp-content\/uploads\/2023\/08\/P511083_19cm_Cooks_Knife_front-1.jpg","contentUrl":"https:\/\/nutrifresh.com\/wp-content\/uploads\/2023\/08\/P511083_19cm_Cooks_Knife_front-1.jpg","width":1200,"height":1200},{"@type":"BreadcrumbList","@id":"https:\/\/nutrifresh.com\/fr\/p\/couteau-de-chef-2\/#breadcrumb","itemListElement":[{"@type":"ListItem","position":1,"name":"Home","item":"https:\/\/nutrifresh.com\/fr\/homepage\/"},{"@type":"ListItem","position":2,"name":"Acheter","item":"https:\/\/nutrifresh.com\/fr\/acheter\/"},{"@type":"ListItem","position":3,"name":"Couteau de Chef"}]},{"@type":"WebSite","@id":"https:\/\/nutrifresh.com\/fr\/#website","url":"https:\/\/nutrifresh.com\/fr\/","name":"Nutrifresh","description":"A fresh way to eat healthier","potentialAction":[{"@type":"SearchAction","target":{"@type":"EntryPoint","urlTemplate":"https:\/\/nutrifresh.com\/fr\/?s={search_term_string}"},"query-input":"required name=search_term_string"}],"inLanguage":"fr-FR"}]}},"_links":{"self":[{"href":"https:\/\/nutrifresh.com\/fr\/wp-json\/wp\/v2\/product\/6037","targetHints":{"allow":["GET"]}}],"collection":[{"href":"https:\/\/nutrifresh.com\/fr\/wp-json\/wp\/v2\/product"}],"about":[{"href":"https:\/\/nutrifresh.com\/fr\/wp-json\/wp\/v2\/types\/product"}],"wp:featuredmedia":[{"embeddable":true,"href":"https:\/\/nutrifresh.com\/fr\/wp-json\/wp\/v2\/media\/6038"}],"wp:attachment":[{"href":"https:\/\/nutrifresh.com\/fr\/wp-json\/wp\/v2\/media?parent=6037"}],"wp:term":[{"taxonomy":"product_cat","embeddable":true,"href":"https:\/\/nutrifresh.com\/fr\/wp-json\/wp\/v2\/product_cat?post=6037"},{"taxonomy":"product_tag","embeddable":true,"href":"https:\/\/nutrifresh.com\/fr\/wp-json\/wp\/v2\/product_tag?post=6037"}],"curies":[{"name":"wp","href":"https:\/\/api.w.org\/{rel}","templated":true}]}}