{"id":6039,"date":"2023-08-03T17:24:56","date_gmt":"2023-08-03T17:24:56","guid":{"rendered":"https:\/\/nutrifresh.com\/p\/grand-couteau-santoku\/"},"modified":"2023-09-04T14:49:45","modified_gmt":"2023-09-04T14:49:45","slug":"grand-couteau-santoku","status":"publish","type":"product","link":"https:\/\/nutrifresh.com\/fr\/p\/grand-couteau-santoku\/","title":{"rendered":"Grand Couteau Santoku"},"content":{"rendered":"<p>Le grand couteau Santoku nutrifresh\u2122 permet de d\u00e9couper facilement une grande vari\u00e9t\u00e9 d&rsquo;ingr\u00e9dients, avec un minimum d&rsquo;effort et beaucoup de confort. Que vous vous attaquiez \u00e0 de la viande, du poisson ou des l\u00e9gumes, chaque tranche est nette et pr\u00e9cise gr\u00e2ce \u00e0 sa lame creuse et tranchante comme un rasoir. La soie pleine et le rivet de qualit\u00e9 sup\u00e9rieure augmentent sa durabilit\u00e9. L&rsquo;acier inoxydable de haute qualit\u00e9 int\u00e9gr\u00e9 dans la lame creuse du grand couteau Santoku vous offre une pr\u00e9cision de qualit\u00e9 professionnelle, \u00e0 chaque coupe.<\/p>\n","protected":false},"excerpt":{"rendered":"<p>Un cran plus loin<\/p>\n","protected":false},"featured_media":5502,"template":"","meta":{"inline_featured_image":false},"product_cat":[113],"product_tag":[],"class_list":{"0":"post-6039","1":"product","2":"type-product","3":"status-publish","4":"has-post-thumbnail","6":"product_cat-easy-prep-fr","8":"first","9":"instock","10":"shipping-taxable","11":"product-type-simple"},"acf":[],"yoast_head":"<!-- This site is optimized with the Yoast SEO plugin v23.2 - https:\/\/yoast.com\/wordpress\/plugins\/seo\/ -->\n<title>Grand couteau Santoku Easy Prep | nutrifresh<\/title>\n<meta name=\"description\" content=\"Notre couteau Santoku vous permet de trancher avec un minimum d&#039;effort. Chaque coupe est pr\u00e9cise gr\u00e2ce \u00e0 sa lame en acier aiguis\u00e9e comme un rasoir.\" \/>\n<meta name=\"robots\" content=\"index, follow, max-snippet:-1, max-image-preview:large, max-video-preview:-1\" \/>\n<link rel=\"canonical\" href=\"https:\/\/nutrifresh.com\/fr\/p\/grand-couteau-santoku\/\" \/>\n<meta property=\"og:locale\" content=\"fr_FR\" \/>\n<meta property=\"og:type\" content=\"article\" \/>\n<meta property=\"og:title\" content=\"Grand couteau Santoku Easy Prep | nutrifresh\" \/>\n<meta property=\"og:description\" content=\"Notre couteau Santoku vous permet de trancher avec un minimum d&#039;effort. Chaque coupe est pr\u00e9cise gr\u00e2ce \u00e0 sa lame en acier aiguis\u00e9e comme un rasoir.\" \/>\n<meta property=\"og:url\" content=\"https:\/\/nutrifresh.com\/fr\/p\/grand-couteau-santoku\/\" \/>\n<meta property=\"og:site_name\" content=\"Nutrifresh\" \/>\n<meta property=\"article:modified_time\" content=\"2023-09-04T14:49:45+00:00\" \/>\n<meta property=\"og:image\" content=\"https:\/\/nutrifresh.com\/wp-content\/uploads\/2023\/08\/P511082_16.5cm_Santoku_Knife_front-1.jpg\" \/>\n\t<meta property=\"og:image:width\" content=\"1200\" \/>\n\t<meta property=\"og:image:height\" content=\"1200\" \/>\n\t<meta property=\"og:image:type\" content=\"image\/jpeg\" \/>\n<meta name=\"twitter:card\" content=\"summary_large_image\" \/>\n<meta name=\"twitter:label1\" content=\"Dur\u00e9e de lecture estim\u00e9e\" \/>\n\t<meta name=\"twitter:data1\" content=\"1 minute\" \/>\n<script type=\"application\/ld+json\" class=\"yoast-schema-graph\">{\"@context\":\"https:\/\/schema.org\",\"@graph\":[{\"@type\":\"WebPage\",\"@id\":\"https:\/\/nutrifresh.com\/fr\/p\/grand-couteau-santoku\/\",\"url\":\"https:\/\/nutrifresh.com\/fr\/p\/grand-couteau-santoku\/\",\"name\":\"Grand couteau Santoku Easy Prep | nutrifresh\",\"isPartOf\":{\"@id\":\"https:\/\/nutrifresh.com\/fr\/#website\"},\"primaryImageOfPage\":{\"@id\":\"https:\/\/nutrifresh.com\/fr\/p\/grand-couteau-santoku\/#primaryimage\"},\"image\":{\"@id\":\"https:\/\/nutrifresh.com\/fr\/p\/grand-couteau-santoku\/#primaryimage\"},\"thumbnailUrl\":\"https:\/\/nutrifresh.com\/wp-content\/uploads\/2023\/08\/P511082_16.5cm_Santoku_Knife_front-1.jpg\",\"datePublished\":\"2023-08-03T17:24:56+00:00\",\"dateModified\":\"2023-09-04T14:49:45+00:00\",\"description\":\"Notre couteau Santoku vous permet de trancher avec un minimum d'effort. Chaque coupe est pr\u00e9cise gr\u00e2ce \u00e0 sa lame en acier aiguis\u00e9e comme un rasoir.\",\"breadcrumb\":{\"@id\":\"https:\/\/nutrifresh.com\/fr\/p\/grand-couteau-santoku\/#breadcrumb\"},\"inLanguage\":\"fr-FR\",\"potentialAction\":[{\"@type\":\"ReadAction\",\"target\":[\"https:\/\/nutrifresh.com\/fr\/p\/grand-couteau-santoku\/\"]}]},{\"@type\":\"ImageObject\",\"inLanguage\":\"fr-FR\",\"@id\":\"https:\/\/nutrifresh.com\/fr\/p\/grand-couteau-santoku\/#primaryimage\",\"url\":\"https:\/\/nutrifresh.com\/wp-content\/uploads\/2023\/08\/P511082_16.5cm_Santoku_Knife_front-1.jpg\",\"contentUrl\":\"https:\/\/nutrifresh.com\/wp-content\/uploads\/2023\/08\/P511082_16.5cm_Santoku_Knife_front-1.jpg\",\"width\":1200,\"height\":1200},{\"@type\":\"BreadcrumbList\",\"@id\":\"https:\/\/nutrifresh.com\/fr\/p\/grand-couteau-santoku\/#breadcrumb\",\"itemListElement\":[{\"@type\":\"ListItem\",\"position\":1,\"name\":\"Home\",\"item\":\"https:\/\/nutrifresh.com\/fr\/homepage\/\"},{\"@type\":\"ListItem\",\"position\":2,\"name\":\"Acheter\",\"item\":\"https:\/\/nutrifresh.com\/fr\/acheter\/\"},{\"@type\":\"ListItem\",\"position\":3,\"name\":\"Grand Couteau Santoku\"}]},{\"@type\":\"WebSite\",\"@id\":\"https:\/\/nutrifresh.com\/fr\/#website\",\"url\":\"https:\/\/nutrifresh.com\/fr\/\",\"name\":\"Nutrifresh\",\"description\":\"A fresh way to eat healthier\",\"potentialAction\":[{\"@type\":\"SearchAction\",\"target\":{\"@type\":\"EntryPoint\",\"urlTemplate\":\"https:\/\/nutrifresh.com\/fr\/?s={search_term_string}\"},\"query-input\":\"required name=search_term_string\"}],\"inLanguage\":\"fr-FR\"}]}<\/script>\n<!-- \/ Yoast SEO plugin. -->","yoast_head_json":{"title":"Grand couteau Santoku Easy Prep | nutrifresh","description":"Notre couteau Santoku vous permet de trancher avec un minimum d'effort. Chaque coupe est pr\u00e9cise gr\u00e2ce \u00e0 sa lame en acier aiguis\u00e9e comme un rasoir.","robots":{"index":"index","follow":"follow","max-snippet":"max-snippet:-1","max-image-preview":"max-image-preview:large","max-video-preview":"max-video-preview:-1"},"canonical":"https:\/\/nutrifresh.com\/fr\/p\/grand-couteau-santoku\/","og_locale":"fr_FR","og_type":"article","og_title":"Grand couteau Santoku Easy Prep | nutrifresh","og_description":"Notre couteau Santoku vous permet de trancher avec un minimum d'effort. Chaque coupe est pr\u00e9cise gr\u00e2ce \u00e0 sa lame en acier aiguis\u00e9e comme un rasoir.","og_url":"https:\/\/nutrifresh.com\/fr\/p\/grand-couteau-santoku\/","og_site_name":"Nutrifresh","article_modified_time":"2023-09-04T14:49:45+00:00","og_image":[{"width":1200,"height":1200,"url":"https:\/\/nutrifresh.com\/wp-content\/uploads\/2023\/08\/P511082_16.5cm_Santoku_Knife_front-1.jpg","type":"image\/jpeg"}],"twitter_card":"summary_large_image","twitter_misc":{"Dur\u00e9e de lecture estim\u00e9e":"1 minute"},"schema":{"@context":"https:\/\/schema.org","@graph":[{"@type":"WebPage","@id":"https:\/\/nutrifresh.com\/fr\/p\/grand-couteau-santoku\/","url":"https:\/\/nutrifresh.com\/fr\/p\/grand-couteau-santoku\/","name":"Grand couteau Santoku Easy Prep | nutrifresh","isPartOf":{"@id":"https:\/\/nutrifresh.com\/fr\/#website"},"primaryImageOfPage":{"@id":"https:\/\/nutrifresh.com\/fr\/p\/grand-couteau-santoku\/#primaryimage"},"image":{"@id":"https:\/\/nutrifresh.com\/fr\/p\/grand-couteau-santoku\/#primaryimage"},"thumbnailUrl":"https:\/\/nutrifresh.com\/wp-content\/uploads\/2023\/08\/P511082_16.5cm_Santoku_Knife_front-1.jpg","datePublished":"2023-08-03T17:24:56+00:00","dateModified":"2023-09-04T14:49:45+00:00","description":"Notre couteau Santoku vous permet de trancher avec un minimum d'effort. Chaque coupe est pr\u00e9cise gr\u00e2ce \u00e0 sa lame en acier aiguis\u00e9e comme un rasoir.","breadcrumb":{"@id":"https:\/\/nutrifresh.com\/fr\/p\/grand-couteau-santoku\/#breadcrumb"},"inLanguage":"fr-FR","potentialAction":[{"@type":"ReadAction","target":["https:\/\/nutrifresh.com\/fr\/p\/grand-couteau-santoku\/"]}]},{"@type":"ImageObject","inLanguage":"fr-FR","@id":"https:\/\/nutrifresh.com\/fr\/p\/grand-couteau-santoku\/#primaryimage","url":"https:\/\/nutrifresh.com\/wp-content\/uploads\/2023\/08\/P511082_16.5cm_Santoku_Knife_front-1.jpg","contentUrl":"https:\/\/nutrifresh.com\/wp-content\/uploads\/2023\/08\/P511082_16.5cm_Santoku_Knife_front-1.jpg","width":1200,"height":1200},{"@type":"BreadcrumbList","@id":"https:\/\/nutrifresh.com\/fr\/p\/grand-couteau-santoku\/#breadcrumb","itemListElement":[{"@type":"ListItem","position":1,"name":"Home","item":"https:\/\/nutrifresh.com\/fr\/homepage\/"},{"@type":"ListItem","position":2,"name":"Acheter","item":"https:\/\/nutrifresh.com\/fr\/acheter\/"},{"@type":"ListItem","position":3,"name":"Grand Couteau Santoku"}]},{"@type":"WebSite","@id":"https:\/\/nutrifresh.com\/fr\/#website","url":"https:\/\/nutrifresh.com\/fr\/","name":"Nutrifresh","description":"A fresh way to eat healthier","potentialAction":[{"@type":"SearchAction","target":{"@type":"EntryPoint","urlTemplate":"https:\/\/nutrifresh.com\/fr\/?s={search_term_string}"},"query-input":"required name=search_term_string"}],"inLanguage":"fr-FR"}]}},"_links":{"self":[{"href":"https:\/\/nutrifresh.com\/fr\/wp-json\/wp\/v2\/product\/6039","targetHints":{"allow":["GET"]}}],"collection":[{"href":"https:\/\/nutrifresh.com\/fr\/wp-json\/wp\/v2\/product"}],"about":[{"href":"https:\/\/nutrifresh.com\/fr\/wp-json\/wp\/v2\/types\/product"}],"wp:featuredmedia":[{"embeddable":true,"href":"https:\/\/nutrifresh.com\/fr\/wp-json\/wp\/v2\/media\/5502"}],"wp:attachment":[{"href":"https:\/\/nutrifresh.com\/fr\/wp-json\/wp\/v2\/media?parent=6039"}],"wp:term":[{"taxonomy":"product_cat","embeddable":true,"href":"https:\/\/nutrifresh.com\/fr\/wp-json\/wp\/v2\/product_cat?post=6039"},{"taxonomy":"product_tag","embeddable":true,"href":"https:\/\/nutrifresh.com\/fr\/wp-json\/wp\/v2\/product_tag?post=6039"}],"curies":[{"name":"wp","href":"https:\/\/api.w.org\/{rel}","templated":true}]}}