{"id":6040,"date":"2023-08-03T17:24:56","date_gmt":"2023-08-03T17:24:56","guid":{"rendered":"https:\/\/nutrifresh.com\/p\/couteau-doffice\/"},"modified":"2023-09-04T14:57:24","modified_gmt":"2023-09-04T14:57:24","slug":"couteau-doffice","status":"publish","type":"product","link":"https:\/\/nutrifresh.com\/fr\/p\/couteau-doffice\/","title":{"rendered":"Couteau d&rsquo;office"},"content":{"rendered":"<p>Le couteau d&rsquo;office nutrifresh\u2122 vous permet de cr\u00e9er des chefs-d&rsquo;\u0153uvre culinaire, en toute confiance. Le design ergonomique du manche a \u00e9t\u00e9 imagin\u00e9 pour que vous vous sentiez plus \u00e0 l&rsquo;aise et en position de contr\u00f4le. M\u00eame si sa taille est compacte et sa conception l\u00e9g\u00e8re, ce couteau d&rsquo;office dispose d&rsquo;une lame creuse pour les coupes pr\u00e9cises et nettes. Aiguisez vos comp\u00e9tences culinaires avec une pr\u00e9cision \u00e0 port\u00e9e de mains et faites de chaque d\u00e9coupe une v\u00e9ritable \u0153uvre d&rsquo;art.<\/p>\n","protected":false},"excerpt":{"rendered":"<p>La pr\u00e9cision au bout des doigts<\/p>\n","protected":false},"featured_media":5503,"template":"","meta":{"inline_featured_image":false},"product_cat":[113],"product_tag":[],"class_list":{"0":"post-6040","1":"product","2":"type-product","3":"status-publish","4":"has-post-thumbnail","6":"product_cat-easy-prep-fr","8":"first","9":"instock","10":"shipping-taxable","11":"product-type-simple"},"acf":[],"yoast_head":"<!-- This site is optimized with the Yoast SEO plugin v23.2 - https:\/\/yoast.com\/wordpress\/plugins\/seo\/ -->\n<title>Couteau d&#039;office Easy Prep | nutrifresh<\/title>\n<meta name=\"description\" content=\"Cr\u00e9ez des chefs-d&#039;\u0153uvre en toute confiance avec le couteau d\u2019office nutrifresh\u2122. Avec une design ergonomique, vous vous sentiez en position de contr\u00f4le.\" \/>\n<meta name=\"robots\" content=\"index, follow, max-snippet:-1, max-image-preview:large, max-video-preview:-1\" \/>\n<link rel=\"canonical\" href=\"https:\/\/nutrifresh.com\/fr\/p\/couteau-doffice\/\" \/>\n<meta property=\"og:locale\" content=\"fr_FR\" \/>\n<meta property=\"og:type\" content=\"article\" \/>\n<meta property=\"og:title\" content=\"Couteau d&#039;office Easy Prep | nutrifresh\" \/>\n<meta property=\"og:description\" content=\"Cr\u00e9ez des chefs-d&#039;\u0153uvre en toute confiance avec le couteau d\u2019office nutrifresh\u2122. Avec une design ergonomique, vous vous sentiez en position de contr\u00f4le.\" \/>\n<meta property=\"og:url\" content=\"https:\/\/nutrifresh.com\/fr\/p\/couteau-doffice\/\" \/>\n<meta property=\"og:site_name\" content=\"Nutrifresh\" \/>\n<meta property=\"article:modified_time\" content=\"2023-09-04T14:57:24+00:00\" \/>\n<meta property=\"og:image\" content=\"https:\/\/nutrifresh.com\/wp-content\/uploads\/2023\/08\/P511079_9.5cm_Paring_Knife_front.jpg\" \/>\n\t<meta property=\"og:image:width\" content=\"1200\" \/>\n\t<meta property=\"og:image:height\" content=\"1200\" \/>\n\t<meta property=\"og:image:type\" content=\"image\/jpeg\" \/>\n<meta name=\"twitter:card\" content=\"summary_large_image\" \/>\n<meta name=\"twitter:label1\" content=\"Dur\u00e9e de lecture estim\u00e9e\" \/>\n\t<meta name=\"twitter:data1\" content=\"1 minute\" \/>\n<script type=\"application\/ld+json\" class=\"yoast-schema-graph\">{\"@context\":\"https:\/\/schema.org\",\"@graph\":[{\"@type\":\"WebPage\",\"@id\":\"https:\/\/nutrifresh.com\/fr\/p\/couteau-doffice\/\",\"url\":\"https:\/\/nutrifresh.com\/fr\/p\/couteau-doffice\/\",\"name\":\"Couteau d'office Easy Prep | nutrifresh\",\"isPartOf\":{\"@id\":\"https:\/\/nutrifresh.com\/fr\/#website\"},\"primaryImageOfPage\":{\"@id\":\"https:\/\/nutrifresh.com\/fr\/p\/couteau-doffice\/#primaryimage\"},\"image\":{\"@id\":\"https:\/\/nutrifresh.com\/fr\/p\/couteau-doffice\/#primaryimage\"},\"thumbnailUrl\":\"https:\/\/nutrifresh.com\/wp-content\/uploads\/2023\/08\/P511079_9.5cm_Paring_Knife_front.jpg\",\"datePublished\":\"2023-08-03T17:24:56+00:00\",\"dateModified\":\"2023-09-04T14:57:24+00:00\",\"description\":\"Cr\u00e9ez des chefs-d'\u0153uvre en toute confiance avec le couteau d\u2019office nutrifresh\u2122. Avec une design ergonomique, vous vous sentiez en position de contr\u00f4le.\",\"breadcrumb\":{\"@id\":\"https:\/\/nutrifresh.com\/fr\/p\/couteau-doffice\/#breadcrumb\"},\"inLanguage\":\"fr-FR\",\"potentialAction\":[{\"@type\":\"ReadAction\",\"target\":[\"https:\/\/nutrifresh.com\/fr\/p\/couteau-doffice\/\"]}]},{\"@type\":\"ImageObject\",\"inLanguage\":\"fr-FR\",\"@id\":\"https:\/\/nutrifresh.com\/fr\/p\/couteau-doffice\/#primaryimage\",\"url\":\"https:\/\/nutrifresh.com\/wp-content\/uploads\/2023\/08\/P511079_9.5cm_Paring_Knife_front.jpg\",\"contentUrl\":\"https:\/\/nutrifresh.com\/wp-content\/uploads\/2023\/08\/P511079_9.5cm_Paring_Knife_front.jpg\",\"width\":1200,\"height\":1200},{\"@type\":\"BreadcrumbList\",\"@id\":\"https:\/\/nutrifresh.com\/fr\/p\/couteau-doffice\/#breadcrumb\",\"itemListElement\":[{\"@type\":\"ListItem\",\"position\":1,\"name\":\"Home\",\"item\":\"https:\/\/nutrifresh.com\/fr\/homepage\/\"},{\"@type\":\"ListItem\",\"position\":2,\"name\":\"Acheter\",\"item\":\"https:\/\/nutrifresh.com\/fr\/acheter\/\"},{\"@type\":\"ListItem\",\"position\":3,\"name\":\"Couteau d&#8217;office\"}]},{\"@type\":\"WebSite\",\"@id\":\"https:\/\/nutrifresh.com\/fr\/#website\",\"url\":\"https:\/\/nutrifresh.com\/fr\/\",\"name\":\"Nutrifresh\",\"description\":\"A fresh way to eat healthier\",\"potentialAction\":[{\"@type\":\"SearchAction\",\"target\":{\"@type\":\"EntryPoint\",\"urlTemplate\":\"https:\/\/nutrifresh.com\/fr\/?s={search_term_string}\"},\"query-input\":\"required name=search_term_string\"}],\"inLanguage\":\"fr-FR\"}]}<\/script>\n<!-- \/ Yoast SEO plugin. -->","yoast_head_json":{"title":"Couteau d'office Easy Prep | nutrifresh","description":"Cr\u00e9ez des chefs-d'\u0153uvre en toute confiance avec le couteau d\u2019office nutrifresh\u2122. Avec une design ergonomique, vous vous sentiez en position de contr\u00f4le.","robots":{"index":"index","follow":"follow","max-snippet":"max-snippet:-1","max-image-preview":"max-image-preview:large","max-video-preview":"max-video-preview:-1"},"canonical":"https:\/\/nutrifresh.com\/fr\/p\/couteau-doffice\/","og_locale":"fr_FR","og_type":"article","og_title":"Couteau d'office Easy Prep | nutrifresh","og_description":"Cr\u00e9ez des chefs-d'\u0153uvre en toute confiance avec le couteau d\u2019office nutrifresh\u2122. Avec une design ergonomique, vous vous sentiez en position de contr\u00f4le.","og_url":"https:\/\/nutrifresh.com\/fr\/p\/couteau-doffice\/","og_site_name":"Nutrifresh","article_modified_time":"2023-09-04T14:57:24+00:00","og_image":[{"width":1200,"height":1200,"url":"https:\/\/nutrifresh.com\/wp-content\/uploads\/2023\/08\/P511079_9.5cm_Paring_Knife_front.jpg","type":"image\/jpeg"}],"twitter_card":"summary_large_image","twitter_misc":{"Dur\u00e9e de lecture estim\u00e9e":"1 minute"},"schema":{"@context":"https:\/\/schema.org","@graph":[{"@type":"WebPage","@id":"https:\/\/nutrifresh.com\/fr\/p\/couteau-doffice\/","url":"https:\/\/nutrifresh.com\/fr\/p\/couteau-doffice\/","name":"Couteau d'office Easy Prep | nutrifresh","isPartOf":{"@id":"https:\/\/nutrifresh.com\/fr\/#website"},"primaryImageOfPage":{"@id":"https:\/\/nutrifresh.com\/fr\/p\/couteau-doffice\/#primaryimage"},"image":{"@id":"https:\/\/nutrifresh.com\/fr\/p\/couteau-doffice\/#primaryimage"},"thumbnailUrl":"https:\/\/nutrifresh.com\/wp-content\/uploads\/2023\/08\/P511079_9.5cm_Paring_Knife_front.jpg","datePublished":"2023-08-03T17:24:56+00:00","dateModified":"2023-09-04T14:57:24+00:00","description":"Cr\u00e9ez des chefs-d'\u0153uvre en toute confiance avec le couteau d\u2019office nutrifresh\u2122. Avec une design ergonomique, vous vous sentiez en position de contr\u00f4le.","breadcrumb":{"@id":"https:\/\/nutrifresh.com\/fr\/p\/couteau-doffice\/#breadcrumb"},"inLanguage":"fr-FR","potentialAction":[{"@type":"ReadAction","target":["https:\/\/nutrifresh.com\/fr\/p\/couteau-doffice\/"]}]},{"@type":"ImageObject","inLanguage":"fr-FR","@id":"https:\/\/nutrifresh.com\/fr\/p\/couteau-doffice\/#primaryimage","url":"https:\/\/nutrifresh.com\/wp-content\/uploads\/2023\/08\/P511079_9.5cm_Paring_Knife_front.jpg","contentUrl":"https:\/\/nutrifresh.com\/wp-content\/uploads\/2023\/08\/P511079_9.5cm_Paring_Knife_front.jpg","width":1200,"height":1200},{"@type":"BreadcrumbList","@id":"https:\/\/nutrifresh.com\/fr\/p\/couteau-doffice\/#breadcrumb","itemListElement":[{"@type":"ListItem","position":1,"name":"Home","item":"https:\/\/nutrifresh.com\/fr\/homepage\/"},{"@type":"ListItem","position":2,"name":"Acheter","item":"https:\/\/nutrifresh.com\/fr\/acheter\/"},{"@type":"ListItem","position":3,"name":"Couteau d&#8217;office"}]},{"@type":"WebSite","@id":"https:\/\/nutrifresh.com\/fr\/#website","url":"https:\/\/nutrifresh.com\/fr\/","name":"Nutrifresh","description":"A fresh way to eat healthier","potentialAction":[{"@type":"SearchAction","target":{"@type":"EntryPoint","urlTemplate":"https:\/\/nutrifresh.com\/fr\/?s={search_term_string}"},"query-input":"required name=search_term_string"}],"inLanguage":"fr-FR"}]}},"_links":{"self":[{"href":"https:\/\/nutrifresh.com\/fr\/wp-json\/wp\/v2\/product\/6040","targetHints":{"allow":["GET"]}}],"collection":[{"href":"https:\/\/nutrifresh.com\/fr\/wp-json\/wp\/v2\/product"}],"about":[{"href":"https:\/\/nutrifresh.com\/fr\/wp-json\/wp\/v2\/types\/product"}],"wp:featuredmedia":[{"embeddable":true,"href":"https:\/\/nutrifresh.com\/fr\/wp-json\/wp\/v2\/media\/5503"}],"wp:attachment":[{"href":"https:\/\/nutrifresh.com\/fr\/wp-json\/wp\/v2\/media?parent=6040"}],"wp:term":[{"taxonomy":"product_cat","embeddable":true,"href":"https:\/\/nutrifresh.com\/fr\/wp-json\/wp\/v2\/product_cat?post=6040"},{"taxonomy":"product_tag","embeddable":true,"href":"https:\/\/nutrifresh.com\/fr\/wp-json\/wp\/v2\/product_tag?post=6040"}],"curies":[{"name":"wp","href":"https:\/\/api.w.org\/{rel}","templated":true}]}}