{"id":6041,"date":"2023-08-03T17:24:56","date_gmt":"2023-08-03T17:24:56","guid":{"rendered":"https:\/\/nutrifresh.com\/p\/petit-couteau-santoku\/"},"modified":"2023-09-04T14:51:05","modified_gmt":"2023-09-04T14:51:05","slug":"petit-couteau-santoku","status":"publish","type":"product","link":"https:\/\/nutrifresh.com\/fr\/p\/petit-couteau-santoku\/","title":{"rendered":"Petit Couteau Santoku"},"content":{"rendered":"<p>Comptez sur nous pour tous vos besoins culinaires. Le petit couteau Santoku con\u00e7u par nutrifresh\u2122 est dot\u00e9 d&rsquo;une lame tranchante et creuse parfaite et qui vous procure une pr\u00e9cision de qualit\u00e9 professionnelle. L\u00e9ger mais durable, con\u00e7u avec une soie pleine et un rivet de premi\u00e8re qualit\u00e9, il est exquis. Son esth\u00e9tique \u00e9l\u00e9gante et moderne ajoute de l&rsquo;\u00e9l\u00e9gance \u00e0 votre cuisine, il s&rsquo;int\u00e8gre tout naturellement dans n&rsquo;importe quel espace contemporain.<\/p>\n","protected":false},"excerpt":{"rendered":"<p>Pour progresser techniquement<\/p>\n","protected":false},"featured_media":5504,"template":"","meta":{"inline_featured_image":false},"product_cat":[113],"product_tag":[],"class_list":{"0":"post-6041","1":"product","2":"type-product","3":"status-publish","4":"has-post-thumbnail","6":"product_cat-easy-prep-fr","8":"first","9":"instock","10":"shipping-taxable","11":"product-type-simple"},"acf":[],"yoast_head":"<!-- This site is optimized with the Yoast SEO plugin v23.2 - https:\/\/yoast.com\/wordpress\/plugins\/seo\/ -->\n<title>Petit couteau Santoku Easy Prep | nutrifresh<\/title>\n<meta name=\"description\" content=\"L\u00e9ger, durable et de premi\u00e8re qualit\u00e9, vous pouvez compter sur nutrifresh\u2122 pour une esth\u00e9tique \u00e9l\u00e9gante qui s&#039;int\u00e8gre dans n&#039;importe quel espace.\" \/>\n<meta name=\"robots\" content=\"index, follow, max-snippet:-1, max-image-preview:large, max-video-preview:-1\" \/>\n<link rel=\"canonical\" href=\"https:\/\/nutrifresh.com\/fr\/p\/petit-couteau-santoku\/\" \/>\n<meta property=\"og:locale\" content=\"fr_FR\" \/>\n<meta property=\"og:type\" content=\"article\" \/>\n<meta property=\"og:title\" content=\"Petit couteau Santoku Easy Prep | nutrifresh\" \/>\n<meta property=\"og:description\" content=\"L\u00e9ger, durable et de premi\u00e8re qualit\u00e9, vous pouvez compter sur nutrifresh\u2122 pour une esth\u00e9tique \u00e9l\u00e9gante qui s&#039;int\u00e8gre dans n&#039;importe quel espace.\" \/>\n<meta property=\"og:url\" content=\"https:\/\/nutrifresh.com\/fr\/p\/petit-couteau-santoku\/\" \/>\n<meta property=\"og:site_name\" content=\"Nutrifresh\" \/>\n<meta property=\"article:modified_time\" content=\"2023-09-04T14:51:05+00:00\" \/>\n<meta property=\"og:image\" content=\"https:\/\/nutrifresh.com\/wp-content\/uploads\/2023\/08\/P511081_12.5cm_Santoku_Knife_front-1.jpg\" \/>\n\t<meta property=\"og:image:width\" content=\"1200\" \/>\n\t<meta property=\"og:image:height\" content=\"1200\" \/>\n\t<meta property=\"og:image:type\" content=\"image\/jpeg\" \/>\n<meta name=\"twitter:card\" content=\"summary_large_image\" \/>\n<meta name=\"twitter:label1\" content=\"Dur\u00e9e de lecture estim\u00e9e\" \/>\n\t<meta name=\"twitter:data1\" content=\"1 minute\" \/>\n<script type=\"application\/ld+json\" class=\"yoast-schema-graph\">{\"@context\":\"https:\/\/schema.org\",\"@graph\":[{\"@type\":\"WebPage\",\"@id\":\"https:\/\/nutrifresh.com\/fr\/p\/petit-couteau-santoku\/\",\"url\":\"https:\/\/nutrifresh.com\/fr\/p\/petit-couteau-santoku\/\",\"name\":\"Petit couteau Santoku Easy Prep | nutrifresh\",\"isPartOf\":{\"@id\":\"https:\/\/nutrifresh.com\/fr\/#website\"},\"primaryImageOfPage\":{\"@id\":\"https:\/\/nutrifresh.com\/fr\/p\/petit-couteau-santoku\/#primaryimage\"},\"image\":{\"@id\":\"https:\/\/nutrifresh.com\/fr\/p\/petit-couteau-santoku\/#primaryimage\"},\"thumbnailUrl\":\"https:\/\/nutrifresh.com\/wp-content\/uploads\/2023\/08\/P511081_12.5cm_Santoku_Knife_front-1.jpg\",\"datePublished\":\"2023-08-03T17:24:56+00:00\",\"dateModified\":\"2023-09-04T14:51:05+00:00\",\"description\":\"L\u00e9ger, durable et de premi\u00e8re qualit\u00e9, vous pouvez compter sur nutrifresh\u2122 pour une esth\u00e9tique \u00e9l\u00e9gante qui s'int\u00e8gre dans n'importe quel espace.\",\"breadcrumb\":{\"@id\":\"https:\/\/nutrifresh.com\/fr\/p\/petit-couteau-santoku\/#breadcrumb\"},\"inLanguage\":\"fr-FR\",\"potentialAction\":[{\"@type\":\"ReadAction\",\"target\":[\"https:\/\/nutrifresh.com\/fr\/p\/petit-couteau-santoku\/\"]}]},{\"@type\":\"ImageObject\",\"inLanguage\":\"fr-FR\",\"@id\":\"https:\/\/nutrifresh.com\/fr\/p\/petit-couteau-santoku\/#primaryimage\",\"url\":\"https:\/\/nutrifresh.com\/wp-content\/uploads\/2023\/08\/P511081_12.5cm_Santoku_Knife_front-1.jpg\",\"contentUrl\":\"https:\/\/nutrifresh.com\/wp-content\/uploads\/2023\/08\/P511081_12.5cm_Santoku_Knife_front-1.jpg\",\"width\":1200,\"height\":1200},{\"@type\":\"BreadcrumbList\",\"@id\":\"https:\/\/nutrifresh.com\/fr\/p\/petit-couteau-santoku\/#breadcrumb\",\"itemListElement\":[{\"@type\":\"ListItem\",\"position\":1,\"name\":\"Home\",\"item\":\"https:\/\/nutrifresh.com\/fr\/homepage\/\"},{\"@type\":\"ListItem\",\"position\":2,\"name\":\"Acheter\",\"item\":\"https:\/\/nutrifresh.com\/fr\/acheter\/\"},{\"@type\":\"ListItem\",\"position\":3,\"name\":\"Petit Couteau Santoku\"}]},{\"@type\":\"WebSite\",\"@id\":\"https:\/\/nutrifresh.com\/fr\/#website\",\"url\":\"https:\/\/nutrifresh.com\/fr\/\",\"name\":\"Nutrifresh\",\"description\":\"A fresh way to eat healthier\",\"potentialAction\":[{\"@type\":\"SearchAction\",\"target\":{\"@type\":\"EntryPoint\",\"urlTemplate\":\"https:\/\/nutrifresh.com\/fr\/?s={search_term_string}\"},\"query-input\":\"required name=search_term_string\"}],\"inLanguage\":\"fr-FR\"}]}<\/script>\n<!-- \/ Yoast SEO plugin. -->","yoast_head_json":{"title":"Petit couteau Santoku Easy Prep | nutrifresh","description":"L\u00e9ger, durable et de premi\u00e8re qualit\u00e9, vous pouvez compter sur nutrifresh\u2122 pour une esth\u00e9tique \u00e9l\u00e9gante qui s'int\u00e8gre dans n'importe quel espace.","robots":{"index":"index","follow":"follow","max-snippet":"max-snippet:-1","max-image-preview":"max-image-preview:large","max-video-preview":"max-video-preview:-1"},"canonical":"https:\/\/nutrifresh.com\/fr\/p\/petit-couteau-santoku\/","og_locale":"fr_FR","og_type":"article","og_title":"Petit couteau Santoku Easy Prep | nutrifresh","og_description":"L\u00e9ger, durable et de premi\u00e8re qualit\u00e9, vous pouvez compter sur nutrifresh\u2122 pour une esth\u00e9tique \u00e9l\u00e9gante qui s'int\u00e8gre dans n'importe quel espace.","og_url":"https:\/\/nutrifresh.com\/fr\/p\/petit-couteau-santoku\/","og_site_name":"Nutrifresh","article_modified_time":"2023-09-04T14:51:05+00:00","og_image":[{"width":1200,"height":1200,"url":"https:\/\/nutrifresh.com\/wp-content\/uploads\/2023\/08\/P511081_12.5cm_Santoku_Knife_front-1.jpg","type":"image\/jpeg"}],"twitter_card":"summary_large_image","twitter_misc":{"Dur\u00e9e de lecture estim\u00e9e":"1 minute"},"schema":{"@context":"https:\/\/schema.org","@graph":[{"@type":"WebPage","@id":"https:\/\/nutrifresh.com\/fr\/p\/petit-couteau-santoku\/","url":"https:\/\/nutrifresh.com\/fr\/p\/petit-couteau-santoku\/","name":"Petit couteau Santoku Easy Prep | nutrifresh","isPartOf":{"@id":"https:\/\/nutrifresh.com\/fr\/#website"},"primaryImageOfPage":{"@id":"https:\/\/nutrifresh.com\/fr\/p\/petit-couteau-santoku\/#primaryimage"},"image":{"@id":"https:\/\/nutrifresh.com\/fr\/p\/petit-couteau-santoku\/#primaryimage"},"thumbnailUrl":"https:\/\/nutrifresh.com\/wp-content\/uploads\/2023\/08\/P511081_12.5cm_Santoku_Knife_front-1.jpg","datePublished":"2023-08-03T17:24:56+00:00","dateModified":"2023-09-04T14:51:05+00:00","description":"L\u00e9ger, durable et de premi\u00e8re qualit\u00e9, vous pouvez compter sur nutrifresh\u2122 pour une esth\u00e9tique \u00e9l\u00e9gante qui s'int\u00e8gre dans n'importe quel espace.","breadcrumb":{"@id":"https:\/\/nutrifresh.com\/fr\/p\/petit-couteau-santoku\/#breadcrumb"},"inLanguage":"fr-FR","potentialAction":[{"@type":"ReadAction","target":["https:\/\/nutrifresh.com\/fr\/p\/petit-couteau-santoku\/"]}]},{"@type":"ImageObject","inLanguage":"fr-FR","@id":"https:\/\/nutrifresh.com\/fr\/p\/petit-couteau-santoku\/#primaryimage","url":"https:\/\/nutrifresh.com\/wp-content\/uploads\/2023\/08\/P511081_12.5cm_Santoku_Knife_front-1.jpg","contentUrl":"https:\/\/nutrifresh.com\/wp-content\/uploads\/2023\/08\/P511081_12.5cm_Santoku_Knife_front-1.jpg","width":1200,"height":1200},{"@type":"BreadcrumbList","@id":"https:\/\/nutrifresh.com\/fr\/p\/petit-couteau-santoku\/#breadcrumb","itemListElement":[{"@type":"ListItem","position":1,"name":"Home","item":"https:\/\/nutrifresh.com\/fr\/homepage\/"},{"@type":"ListItem","position":2,"name":"Acheter","item":"https:\/\/nutrifresh.com\/fr\/acheter\/"},{"@type":"ListItem","position":3,"name":"Petit Couteau Santoku"}]},{"@type":"WebSite","@id":"https:\/\/nutrifresh.com\/fr\/#website","url":"https:\/\/nutrifresh.com\/fr\/","name":"Nutrifresh","description":"A fresh way to eat healthier","potentialAction":[{"@type":"SearchAction","target":{"@type":"EntryPoint","urlTemplate":"https:\/\/nutrifresh.com\/fr\/?s={search_term_string}"},"query-input":"required name=search_term_string"}],"inLanguage":"fr-FR"}]}},"_links":{"self":[{"href":"https:\/\/nutrifresh.com\/fr\/wp-json\/wp\/v2\/product\/6041","targetHints":{"allow":["GET"]}}],"collection":[{"href":"https:\/\/nutrifresh.com\/fr\/wp-json\/wp\/v2\/product"}],"about":[{"href":"https:\/\/nutrifresh.com\/fr\/wp-json\/wp\/v2\/types\/product"}],"wp:featuredmedia":[{"embeddable":true,"href":"https:\/\/nutrifresh.com\/fr\/wp-json\/wp\/v2\/media\/5504"}],"wp:attachment":[{"href":"https:\/\/nutrifresh.com\/fr\/wp-json\/wp\/v2\/media?parent=6041"}],"wp:term":[{"taxonomy":"product_cat","embeddable":true,"href":"https:\/\/nutrifresh.com\/fr\/wp-json\/wp\/v2\/product_cat?post=6041"},{"taxonomy":"product_tag","embeddable":true,"href":"https:\/\/nutrifresh.com\/fr\/wp-json\/wp\/v2\/product_tag?post=6041"}],"curies":[{"name":"wp","href":"https:\/\/api.w.org\/{rel}","templated":true}]}}