{"id":6042,"date":"2023-08-03T17:24:56","date_gmt":"2023-08-03T17:24:56","guid":{"rendered":"https:\/\/nutrifresh.com\/p\/couteau-utilitaire\/"},"modified":"2023-09-04T15:02:13","modified_gmt":"2023-09-04T15:02:13","slug":"couteau-utilitaire","status":"publish","type":"product","link":"https:\/\/nutrifresh.com\/fr\/p\/couteau-utilitaire\/","title":{"rendered":"Couteau utilitaire"},"content":{"rendered":"<p>Le couteau utilitaire nutrifresh\u2122 vous permet une large gamme de t\u00e2ches de coupe, et de tranchage, sans effort. La collection de couteaux nutrifresh\u2122 combine soie et rivet de qualit\u00e9s sup\u00e9rieures. La lame creuse garantit le rendu professionnel de chaque tranche. Pour vos coupes de pr\u00e9cision ou vos besoins quotidiens en cuisine, ce couteau tient confortablement dans la main et s&rsquo;adapte \u00e0 vos exigences de pr\u00e9paration. Un choix incontournable pour les chefs professionnels et les cuisiniers \u00e0 domicile.<\/p>\n","protected":false},"excerpt":{"rendered":"<p>Polyvalent et pr\u00e9cis<\/p>\n","protected":false},"featured_media":5500,"template":"","meta":{"inline_featured_image":false},"product_cat":[113],"product_tag":[],"class_list":{"0":"post-6042","1":"product","2":"type-product","3":"status-publish","4":"has-post-thumbnail","6":"product_cat-easy-prep-fr","8":"first","9":"instock","10":"shipping-taxable","11":"product-type-simple"},"acf":[],"yoast_head":"<!-- This site is optimized with the Yoast SEO plugin v23.2 - https:\/\/yoast.com\/wordpress\/plugins\/seo\/ -->\n<title>Couteau d&#039;office Easy Prep | nutrifresh<\/title>\n<meta name=\"description\" content=\"Cr\u00e9ez des chefs-d&#039;\u0153uvre en toute confiance avec le couteau d\u2019office nutrifresh\u2122. Parfait pour les chefs professionnels et les cuisiniers \u00e0 domicile.\" \/>\n<meta name=\"robots\" content=\"index, follow, max-snippet:-1, max-image-preview:large, max-video-preview:-1\" \/>\n<link rel=\"canonical\" href=\"https:\/\/nutrifresh.com\/fr\/p\/couteau-utilitaire\/\" \/>\n<meta property=\"og:locale\" content=\"fr_FR\" \/>\n<meta property=\"og:type\" content=\"article\" \/>\n<meta property=\"og:title\" content=\"Couteau d&#039;office Easy Prep | nutrifresh\" \/>\n<meta property=\"og:description\" content=\"Cr\u00e9ez des chefs-d&#039;\u0153uvre en toute confiance avec le couteau d\u2019office nutrifresh\u2122. Parfait pour les chefs professionnels et les cuisiniers \u00e0 domicile.\" \/>\n<meta property=\"og:url\" content=\"https:\/\/nutrifresh.com\/fr\/p\/couteau-utilitaire\/\" \/>\n<meta property=\"og:site_name\" content=\"Nutrifresh\" \/>\n<meta property=\"article:modified_time\" content=\"2023-09-04T15:02:13+00:00\" \/>\n<meta property=\"og:image\" content=\"https:\/\/nutrifresh.com\/wp-content\/uploads\/2023\/08\/P511080_12.5cm_Utility_Knife_front-1.jpg\" \/>\n\t<meta property=\"og:image:width\" content=\"1200\" \/>\n\t<meta property=\"og:image:height\" content=\"1200\" \/>\n\t<meta property=\"og:image:type\" content=\"image\/jpeg\" \/>\n<meta name=\"twitter:card\" content=\"summary_large_image\" \/>\n<meta name=\"twitter:label1\" content=\"Dur\u00e9e de lecture estim\u00e9e\" \/>\n\t<meta name=\"twitter:data1\" content=\"1 minute\" \/>\n<script type=\"application\/ld+json\" class=\"yoast-schema-graph\">{\"@context\":\"https:\/\/schema.org\",\"@graph\":[{\"@type\":\"WebPage\",\"@id\":\"https:\/\/nutrifresh.com\/fr\/p\/couteau-utilitaire\/\",\"url\":\"https:\/\/nutrifresh.com\/fr\/p\/couteau-utilitaire\/\",\"name\":\"Couteau d'office Easy Prep | nutrifresh\",\"isPartOf\":{\"@id\":\"https:\/\/nutrifresh.com\/fr\/#website\"},\"primaryImageOfPage\":{\"@id\":\"https:\/\/nutrifresh.com\/fr\/p\/couteau-utilitaire\/#primaryimage\"},\"image\":{\"@id\":\"https:\/\/nutrifresh.com\/fr\/p\/couteau-utilitaire\/#primaryimage\"},\"thumbnailUrl\":\"https:\/\/nutrifresh.com\/wp-content\/uploads\/2023\/08\/P511080_12.5cm_Utility_Knife_front-1.jpg\",\"datePublished\":\"2023-08-03T17:24:56+00:00\",\"dateModified\":\"2023-09-04T15:02:13+00:00\",\"description\":\"Cr\u00e9ez des chefs-d'\u0153uvre en toute confiance avec le couteau d\u2019office nutrifresh\u2122. Parfait pour les chefs professionnels et les cuisiniers \u00e0 domicile.\",\"breadcrumb\":{\"@id\":\"https:\/\/nutrifresh.com\/fr\/p\/couteau-utilitaire\/#breadcrumb\"},\"inLanguage\":\"fr-FR\",\"potentialAction\":[{\"@type\":\"ReadAction\",\"target\":[\"https:\/\/nutrifresh.com\/fr\/p\/couteau-utilitaire\/\"]}]},{\"@type\":\"ImageObject\",\"inLanguage\":\"fr-FR\",\"@id\":\"https:\/\/nutrifresh.com\/fr\/p\/couteau-utilitaire\/#primaryimage\",\"url\":\"https:\/\/nutrifresh.com\/wp-content\/uploads\/2023\/08\/P511080_12.5cm_Utility_Knife_front-1.jpg\",\"contentUrl\":\"https:\/\/nutrifresh.com\/wp-content\/uploads\/2023\/08\/P511080_12.5cm_Utility_Knife_front-1.jpg\",\"width\":1200,\"height\":1200},{\"@type\":\"BreadcrumbList\",\"@id\":\"https:\/\/nutrifresh.com\/fr\/p\/couteau-utilitaire\/#breadcrumb\",\"itemListElement\":[{\"@type\":\"ListItem\",\"position\":1,\"name\":\"Home\",\"item\":\"https:\/\/nutrifresh.com\/fr\/homepage\/\"},{\"@type\":\"ListItem\",\"position\":2,\"name\":\"Acheter\",\"item\":\"https:\/\/nutrifresh.com\/fr\/acheter\/\"},{\"@type\":\"ListItem\",\"position\":3,\"name\":\"Couteau utilitaire\"}]},{\"@type\":\"WebSite\",\"@id\":\"https:\/\/nutrifresh.com\/fr\/#website\",\"url\":\"https:\/\/nutrifresh.com\/fr\/\",\"name\":\"Nutrifresh\",\"description\":\"A fresh way to eat healthier\",\"potentialAction\":[{\"@type\":\"SearchAction\",\"target\":{\"@type\":\"EntryPoint\",\"urlTemplate\":\"https:\/\/nutrifresh.com\/fr\/?s={search_term_string}\"},\"query-input\":\"required name=search_term_string\"}],\"inLanguage\":\"fr-FR\"}]}<\/script>\n<!-- \/ Yoast SEO plugin. -->","yoast_head_json":{"title":"Couteau d'office Easy Prep | nutrifresh","description":"Cr\u00e9ez des chefs-d'\u0153uvre en toute confiance avec le couteau d\u2019office nutrifresh\u2122. Parfait pour les chefs professionnels et les cuisiniers \u00e0 domicile.","robots":{"index":"index","follow":"follow","max-snippet":"max-snippet:-1","max-image-preview":"max-image-preview:large","max-video-preview":"max-video-preview:-1"},"canonical":"https:\/\/nutrifresh.com\/fr\/p\/couteau-utilitaire\/","og_locale":"fr_FR","og_type":"article","og_title":"Couteau d'office Easy Prep | nutrifresh","og_description":"Cr\u00e9ez des chefs-d'\u0153uvre en toute confiance avec le couteau d\u2019office nutrifresh\u2122. Parfait pour les chefs professionnels et les cuisiniers \u00e0 domicile.","og_url":"https:\/\/nutrifresh.com\/fr\/p\/couteau-utilitaire\/","og_site_name":"Nutrifresh","article_modified_time":"2023-09-04T15:02:13+00:00","og_image":[{"width":1200,"height":1200,"url":"https:\/\/nutrifresh.com\/wp-content\/uploads\/2023\/08\/P511080_12.5cm_Utility_Knife_front-1.jpg","type":"image\/jpeg"}],"twitter_card":"summary_large_image","twitter_misc":{"Dur\u00e9e de lecture estim\u00e9e":"1 minute"},"schema":{"@context":"https:\/\/schema.org","@graph":[{"@type":"WebPage","@id":"https:\/\/nutrifresh.com\/fr\/p\/couteau-utilitaire\/","url":"https:\/\/nutrifresh.com\/fr\/p\/couteau-utilitaire\/","name":"Couteau d'office Easy Prep | nutrifresh","isPartOf":{"@id":"https:\/\/nutrifresh.com\/fr\/#website"},"primaryImageOfPage":{"@id":"https:\/\/nutrifresh.com\/fr\/p\/couteau-utilitaire\/#primaryimage"},"image":{"@id":"https:\/\/nutrifresh.com\/fr\/p\/couteau-utilitaire\/#primaryimage"},"thumbnailUrl":"https:\/\/nutrifresh.com\/wp-content\/uploads\/2023\/08\/P511080_12.5cm_Utility_Knife_front-1.jpg","datePublished":"2023-08-03T17:24:56+00:00","dateModified":"2023-09-04T15:02:13+00:00","description":"Cr\u00e9ez des chefs-d'\u0153uvre en toute confiance avec le couteau d\u2019office nutrifresh\u2122. Parfait pour les chefs professionnels et les cuisiniers \u00e0 domicile.","breadcrumb":{"@id":"https:\/\/nutrifresh.com\/fr\/p\/couteau-utilitaire\/#breadcrumb"},"inLanguage":"fr-FR","potentialAction":[{"@type":"ReadAction","target":["https:\/\/nutrifresh.com\/fr\/p\/couteau-utilitaire\/"]}]},{"@type":"ImageObject","inLanguage":"fr-FR","@id":"https:\/\/nutrifresh.com\/fr\/p\/couteau-utilitaire\/#primaryimage","url":"https:\/\/nutrifresh.com\/wp-content\/uploads\/2023\/08\/P511080_12.5cm_Utility_Knife_front-1.jpg","contentUrl":"https:\/\/nutrifresh.com\/wp-content\/uploads\/2023\/08\/P511080_12.5cm_Utility_Knife_front-1.jpg","width":1200,"height":1200},{"@type":"BreadcrumbList","@id":"https:\/\/nutrifresh.com\/fr\/p\/couteau-utilitaire\/#breadcrumb","itemListElement":[{"@type":"ListItem","position":1,"name":"Home","item":"https:\/\/nutrifresh.com\/fr\/homepage\/"},{"@type":"ListItem","position":2,"name":"Acheter","item":"https:\/\/nutrifresh.com\/fr\/acheter\/"},{"@type":"ListItem","position":3,"name":"Couteau utilitaire"}]},{"@type":"WebSite","@id":"https:\/\/nutrifresh.com\/fr\/#website","url":"https:\/\/nutrifresh.com\/fr\/","name":"Nutrifresh","description":"A fresh way to eat healthier","potentialAction":[{"@type":"SearchAction","target":{"@type":"EntryPoint","urlTemplate":"https:\/\/nutrifresh.com\/fr\/?s={search_term_string}"},"query-input":"required name=search_term_string"}],"inLanguage":"fr-FR"}]}},"_links":{"self":[{"href":"https:\/\/nutrifresh.com\/fr\/wp-json\/wp\/v2\/product\/6042","targetHints":{"allow":["GET"]}}],"collection":[{"href":"https:\/\/nutrifresh.com\/fr\/wp-json\/wp\/v2\/product"}],"about":[{"href":"https:\/\/nutrifresh.com\/fr\/wp-json\/wp\/v2\/types\/product"}],"wp:featuredmedia":[{"embeddable":true,"href":"https:\/\/nutrifresh.com\/fr\/wp-json\/wp\/v2\/media\/5500"}],"wp:attachment":[{"href":"https:\/\/nutrifresh.com\/fr\/wp-json\/wp\/v2\/media?parent=6042"}],"wp:term":[{"taxonomy":"product_cat","embeddable":true,"href":"https:\/\/nutrifresh.com\/fr\/wp-json\/wp\/v2\/product_cat?post=6042"},{"taxonomy":"product_tag","embeddable":true,"href":"https:\/\/nutrifresh.com\/fr\/wp-json\/wp\/v2\/product_tag?post=6042"}],"curies":[{"name":"wp","href":"https:\/\/api.w.org\/{rel}","templated":true}]}}