{"id":6049,"date":"2023-08-02T15:02:06","date_gmt":"2023-08-02T15:02:06","guid":{"rendered":"https:\/\/nutrifresh.com\/p\/boite-de-conservation-sous-vide-de-35l\/"},"modified":"2023-09-04T11:54:48","modified_gmt":"2023-09-04T11:54:48","slug":"boite-de-conservation-sous-vide-de-3-5l","status":"publish","type":"product","link":"https:\/\/nutrifresh.com\/fr\/p\/boite-de-conservation-sous-vide-de-3-5l\/","title":{"rendered":"Bo\u00eete de conservation sous vide de 3,5L"},"content":{"rendered":"<div>\n<h2><span lang=\"FR\">La bo\u00eete de conservation sous vide nutrifresh\u2122 de 3,5L est dot\u00e9e d&rsquo;un couvercle \u00e0 clipser pour conserver vos aliments en toute s\u00e9curit\u00e9. Elle est facile \u00e0 ouvrir et \u00e0 fermer. Nous vous recommandons de l&rsquo;utiliser avec la pompe \u00e0 vide nutrifresh\u2122 (vendue s\u00e9par\u00e9ment) pour cr\u00e9er un joint herm\u00e9tique qui conserve la fra\u00eecheur des aliments. Le joint sous vide r\u00e9duit les bact\u00e9ries et emp\u00eache l&rsquo;\u00e9vaporation des composants volatils, ce qui garantit que vos aliments restent frais plus longtemps, et vous permet donc d&rsquo;\u00e9conomiser de l&rsquo;argent et de ne pas gaspiller la nourriture. Le couvercle \u00e0 verrouillage par clic assure une fermeture s\u00fbre qui conserve la fra\u00eecheur des aliments et emp\u00eache les d\u00e9versements ou les fuites. Cette bo\u00eete est parfaite pour tous vos besoins de stockage alimentaires, que vous conserviez des restes ou que vous pr\u00e9pariez des repas pour le travail ou l&rsquo;\u00e9cole. Fabriqu\u00e9 en plastique sans BPA, ce r\u00e9cipient peut \u00eatre utilis\u00e9 au micro-ondes et au lave-vaisselle, ce qui facilite le r\u00e9chauffage de vos plats pr\u00e9f\u00e9r\u00e9s et le nettoyage.<\/span><\/h2>\n<\/div>\n","protected":false},"excerpt":{"rendered":"<p>Plus frais, plus longtemps<\/p>\n","protected":false},"featured_media":6050,"template":"","meta":{"inline_featured_image":false},"product_cat":[112],"product_tag":[],"class_list":{"0":"post-6049","1":"product","2":"type-product","3":"status-publish","4":"has-post-thumbnail","6":"product_cat-easy-store-fr","8":"first","9":"instock","10":"shipping-taxable","11":"purchasable","12":"product-type-simple"},"acf":[],"yoast_head":"<!-- This site is optimized with the Yoast SEO plugin v23.2 - https:\/\/yoast.com\/wordpress\/plugins\/seo\/ -->\n<title>Bo\u00eete de conservation sous vide 3.5L | nutrifresh<\/title>\n<meta name=\"description\" content=\"La bo\u00eete de conservation sous vide de 3.5L permet de garder vos aliments plus frais, plus longtemps. Economisez de l\u2019argent et r\u00e9duisez vos d\u00e9chets !\" \/>\n<meta name=\"robots\" content=\"index, follow, max-snippet:-1, max-image-preview:large, max-video-preview:-1\" \/>\n<link rel=\"canonical\" href=\"https:\/\/nutrifresh.com\/fr\/p\/boite-de-conservation-sous-vide-de-3-5l\/\" \/>\n<meta property=\"og:locale\" content=\"fr_FR\" \/>\n<meta property=\"og:type\" content=\"article\" \/>\n<meta property=\"og:title\" content=\"Bo\u00eete de conservation sous vide 3.5L | nutrifresh\" \/>\n<meta property=\"og:description\" content=\"La bo\u00eete de conservation sous vide de 3.5L permet de garder vos aliments plus frais, plus longtemps. Economisez de l\u2019argent et r\u00e9duisez vos d\u00e9chets !\" \/>\n<meta property=\"og:url\" content=\"https:\/\/nutrifresh.com\/fr\/p\/boite-de-conservation-sous-vide-de-3-5l\/\" \/>\n<meta property=\"og:site_name\" content=\"Nutrifresh\" \/>\n<meta property=\"article:modified_time\" content=\"2023-09-04T11:54:48+00:00\" \/>\n<meta property=\"og:image\" content=\"https:\/\/nutrifresh.com\/wp-content\/uploads\/2023\/08\/p503393_3.5l_vacuum_strg_sd.jpg\" \/>\n\t<meta property=\"og:image:width\" content=\"1200\" \/>\n\t<meta property=\"og:image:height\" content=\"1200\" \/>\n\t<meta property=\"og:image:type\" content=\"image\/jpeg\" \/>\n<meta name=\"twitter:card\" content=\"summary_large_image\" \/>\n<meta name=\"twitter:label1\" content=\"Dur\u00e9e de lecture estim\u00e9e\" \/>\n\t<meta name=\"twitter:data1\" content=\"1 minute\" \/>\n<script type=\"application\/ld+json\" class=\"yoast-schema-graph\">{\"@context\":\"https:\/\/schema.org\",\"@graph\":[{\"@type\":\"WebPage\",\"@id\":\"https:\/\/nutrifresh.com\/fr\/p\/boite-de-conservation-sous-vide-de-3-5l\/\",\"url\":\"https:\/\/nutrifresh.com\/fr\/p\/boite-de-conservation-sous-vide-de-3-5l\/\",\"name\":\"Bo\u00eete de conservation sous vide 3.5L | nutrifresh\",\"isPartOf\":{\"@id\":\"https:\/\/nutrifresh.com\/fr\/#website\"},\"primaryImageOfPage\":{\"@id\":\"https:\/\/nutrifresh.com\/fr\/p\/boite-de-conservation-sous-vide-de-3-5l\/#primaryimage\"},\"image\":{\"@id\":\"https:\/\/nutrifresh.com\/fr\/p\/boite-de-conservation-sous-vide-de-3-5l\/#primaryimage\"},\"thumbnailUrl\":\"https:\/\/nutrifresh.com\/wp-content\/uploads\/2023\/08\/p503393_3.5l_vacuum_strg_sd.jpg\",\"datePublished\":\"2023-08-02T15:02:06+00:00\",\"dateModified\":\"2023-09-04T11:54:48+00:00\",\"description\":\"La bo\u00eete de conservation sous vide de 3.5L permet de garder vos aliments plus frais, plus longtemps. Economisez de l\u2019argent et r\u00e9duisez vos d\u00e9chets !\",\"breadcrumb\":{\"@id\":\"https:\/\/nutrifresh.com\/fr\/p\/boite-de-conservation-sous-vide-de-3-5l\/#breadcrumb\"},\"inLanguage\":\"fr-FR\",\"potentialAction\":[{\"@type\":\"ReadAction\",\"target\":[\"https:\/\/nutrifresh.com\/fr\/p\/boite-de-conservation-sous-vide-de-3-5l\/\"]}]},{\"@type\":\"ImageObject\",\"inLanguage\":\"fr-FR\",\"@id\":\"https:\/\/nutrifresh.com\/fr\/p\/boite-de-conservation-sous-vide-de-3-5l\/#primaryimage\",\"url\":\"https:\/\/nutrifresh.com\/wp-content\/uploads\/2023\/08\/p503393_3.5l_vacuum_strg_sd.jpg\",\"contentUrl\":\"https:\/\/nutrifresh.com\/wp-content\/uploads\/2023\/08\/p503393_3.5l_vacuum_strg_sd.jpg\",\"width\":1200,\"height\":1200},{\"@type\":\"BreadcrumbList\",\"@id\":\"https:\/\/nutrifresh.com\/fr\/p\/boite-de-conservation-sous-vide-de-3-5l\/#breadcrumb\",\"itemListElement\":[{\"@type\":\"ListItem\",\"position\":1,\"name\":\"Home\",\"item\":\"https:\/\/nutrifresh.com\/fr\/homepage\/\"},{\"@type\":\"ListItem\",\"position\":2,\"name\":\"Acheter\",\"item\":\"https:\/\/nutrifresh.com\/fr\/acheter\/\"},{\"@type\":\"ListItem\",\"position\":3,\"name\":\"Bo\u00eete de conservation sous vide de 3,5L\"}]},{\"@type\":\"WebSite\",\"@id\":\"https:\/\/nutrifresh.com\/fr\/#website\",\"url\":\"https:\/\/nutrifresh.com\/fr\/\",\"name\":\"Nutrifresh\",\"description\":\"A fresh way to eat healthier\",\"potentialAction\":[{\"@type\":\"SearchAction\",\"target\":{\"@type\":\"EntryPoint\",\"urlTemplate\":\"https:\/\/nutrifresh.com\/fr\/?s={search_term_string}\"},\"query-input\":\"required name=search_term_string\"}],\"inLanguage\":\"fr-FR\"}]}<\/script>\n<!-- \/ Yoast SEO plugin. -->","yoast_head_json":{"title":"Bo\u00eete de conservation sous vide 3.5L | nutrifresh","description":"La bo\u00eete de conservation sous vide de 3.5L permet de garder vos aliments plus frais, plus longtemps. Economisez de l\u2019argent et r\u00e9duisez vos d\u00e9chets !","robots":{"index":"index","follow":"follow","max-snippet":"max-snippet:-1","max-image-preview":"max-image-preview:large","max-video-preview":"max-video-preview:-1"},"canonical":"https:\/\/nutrifresh.com\/fr\/p\/boite-de-conservation-sous-vide-de-3-5l\/","og_locale":"fr_FR","og_type":"article","og_title":"Bo\u00eete de conservation sous vide 3.5L | nutrifresh","og_description":"La bo\u00eete de conservation sous vide de 3.5L permet de garder vos aliments plus frais, plus longtemps. Economisez de l\u2019argent et r\u00e9duisez vos d\u00e9chets !","og_url":"https:\/\/nutrifresh.com\/fr\/p\/boite-de-conservation-sous-vide-de-3-5l\/","og_site_name":"Nutrifresh","article_modified_time":"2023-09-04T11:54:48+00:00","og_image":[{"width":1200,"height":1200,"url":"https:\/\/nutrifresh.com\/wp-content\/uploads\/2023\/08\/p503393_3.5l_vacuum_strg_sd.jpg","type":"image\/jpeg"}],"twitter_card":"summary_large_image","twitter_misc":{"Dur\u00e9e de lecture estim\u00e9e":"1 minute"},"schema":{"@context":"https:\/\/schema.org","@graph":[{"@type":"WebPage","@id":"https:\/\/nutrifresh.com\/fr\/p\/boite-de-conservation-sous-vide-de-3-5l\/","url":"https:\/\/nutrifresh.com\/fr\/p\/boite-de-conservation-sous-vide-de-3-5l\/","name":"Bo\u00eete de conservation sous vide 3.5L | nutrifresh","isPartOf":{"@id":"https:\/\/nutrifresh.com\/fr\/#website"},"primaryImageOfPage":{"@id":"https:\/\/nutrifresh.com\/fr\/p\/boite-de-conservation-sous-vide-de-3-5l\/#primaryimage"},"image":{"@id":"https:\/\/nutrifresh.com\/fr\/p\/boite-de-conservation-sous-vide-de-3-5l\/#primaryimage"},"thumbnailUrl":"https:\/\/nutrifresh.com\/wp-content\/uploads\/2023\/08\/p503393_3.5l_vacuum_strg_sd.jpg","datePublished":"2023-08-02T15:02:06+00:00","dateModified":"2023-09-04T11:54:48+00:00","description":"La bo\u00eete de conservation sous vide de 3.5L permet de garder vos aliments plus frais, plus longtemps. Economisez de l\u2019argent et r\u00e9duisez vos d\u00e9chets !","breadcrumb":{"@id":"https:\/\/nutrifresh.com\/fr\/p\/boite-de-conservation-sous-vide-de-3-5l\/#breadcrumb"},"inLanguage":"fr-FR","potentialAction":[{"@type":"ReadAction","target":["https:\/\/nutrifresh.com\/fr\/p\/boite-de-conservation-sous-vide-de-3-5l\/"]}]},{"@type":"ImageObject","inLanguage":"fr-FR","@id":"https:\/\/nutrifresh.com\/fr\/p\/boite-de-conservation-sous-vide-de-3-5l\/#primaryimage","url":"https:\/\/nutrifresh.com\/wp-content\/uploads\/2023\/08\/p503393_3.5l_vacuum_strg_sd.jpg","contentUrl":"https:\/\/nutrifresh.com\/wp-content\/uploads\/2023\/08\/p503393_3.5l_vacuum_strg_sd.jpg","width":1200,"height":1200},{"@type":"BreadcrumbList","@id":"https:\/\/nutrifresh.com\/fr\/p\/boite-de-conservation-sous-vide-de-3-5l\/#breadcrumb","itemListElement":[{"@type":"ListItem","position":1,"name":"Home","item":"https:\/\/nutrifresh.com\/fr\/homepage\/"},{"@type":"ListItem","position":2,"name":"Acheter","item":"https:\/\/nutrifresh.com\/fr\/acheter\/"},{"@type":"ListItem","position":3,"name":"Bo\u00eete de conservation sous vide de 3,5L"}]},{"@type":"WebSite","@id":"https:\/\/nutrifresh.com\/fr\/#website","url":"https:\/\/nutrifresh.com\/fr\/","name":"Nutrifresh","description":"A fresh way to eat healthier","potentialAction":[{"@type":"SearchAction","target":{"@type":"EntryPoint","urlTemplate":"https:\/\/nutrifresh.com\/fr\/?s={search_term_string}"},"query-input":"required name=search_term_string"}],"inLanguage":"fr-FR"}]}},"_links":{"self":[{"href":"https:\/\/nutrifresh.com\/fr\/wp-json\/wp\/v2\/product\/6049","targetHints":{"allow":["GET"]}}],"collection":[{"href":"https:\/\/nutrifresh.com\/fr\/wp-json\/wp\/v2\/product"}],"about":[{"href":"https:\/\/nutrifresh.com\/fr\/wp-json\/wp\/v2\/types\/product"}],"wp:featuredmedia":[{"embeddable":true,"href":"https:\/\/nutrifresh.com\/fr\/wp-json\/wp\/v2\/media\/6050"}],"wp:attachment":[{"href":"https:\/\/nutrifresh.com\/fr\/wp-json\/wp\/v2\/media?parent=6049"}],"wp:term":[{"taxonomy":"product_cat","embeddable":true,"href":"https:\/\/nutrifresh.com\/fr\/wp-json\/wp\/v2\/product_cat?post=6049"},{"taxonomy":"product_tag","embeddable":true,"href":"https:\/\/nutrifresh.com\/fr\/wp-json\/wp\/v2\/product_tag?post=6049"}],"curies":[{"name":"wp","href":"https:\/\/api.w.org\/{rel}","templated":true}]}}