{"id":6052,"date":"2023-08-02T15:02:06","date_gmt":"2023-08-02T15:02:06","guid":{"rendered":"https:\/\/nutrifresh.com\/p\/boite-de-conservation-sous-vide-en-verre-de-470ml\/"},"modified":"2023-09-04T11:55:54","modified_gmt":"2023-09-04T11:55:54","slug":"boite-de-conservation-sous-vide-en-verre-de-470ml","status":"publish","type":"product","link":"https:\/\/nutrifresh.com\/fr\/p\/boite-de-conservation-sous-vide-en-verre-de-470ml\/","title":{"rendered":"Bo\u00eete de conservation sous vide en verre de 470ml"},"content":{"rendered":"<div>\n<h2><span lang=\"FR\">La bo\u00eete de conservation des aliments sous vide en verre nutrifresh\u2122 de 470ml avec couvercle herm\u00e9tique \u00e0 clic vous permet de conserver vos repas d\u00e9j\u00e0 pr\u00e9par\u00e9s, de conserver vos restes, de contr\u00f4ler la taille de vos portions et de simplifier le r\u00e9chauffage des aliments, ce qui est tr\u00e8s pratique. L&rsquo;environnement sous vide permet de conserver les aliments jusqu&rsquo;\u00e0 3 \u00e0 5 fois plus longtemps. Ce r\u00e9cipient est parfait pour conserver des aliments ou autres denr\u00e9es au r\u00e9frig\u00e9rateur ou au cong\u00e9lateur. Ce r\u00e9cipient en verre passe au lave-vaisselle. Utilisez-le pour cuisiner des repas au four (sans couvercle) ou pour r\u00e9chauffer vos restes au micro-ondes (sans couvercle).<\/span><\/h2>\n<\/div>\n","protected":false},"excerpt":{"rendered":"<p>Pour conserver, et plus encore<\/p>\n","protected":false},"featured_media":6053,"template":"","meta":{"inline_featured_image":false},"product_cat":[112],"product_tag":[],"class_list":{"0":"post-6052","1":"product","2":"type-product","3":"status-publish","4":"has-post-thumbnail","6":"product_cat-easy-store-fr","8":"first","9":"outofstock","10":"shipping-taxable","11":"purchasable","12":"product-type-simple"},"acf":[],"yoast_head":"<!-- This site is optimized with the Yoast SEO plugin v23.2 - https:\/\/yoast.com\/wordpress\/plugins\/seo\/ -->\n<title>Bo\u00eete de conservation sous vide en verre 470ml | nutrifresh<\/title>\n<meta name=\"description\" content=\"La bo\u00eete de conservation sous vide nutrifresh\u2122 de 470 ml avec couvercle herm\u00e9tique, vous permet de mieux conserver vos plats et simplifie leur r\u00e9chauffage.\" \/>\n<meta name=\"robots\" content=\"index, follow, max-snippet:-1, max-image-preview:large, max-video-preview:-1\" \/>\n<link rel=\"canonical\" href=\"https:\/\/nutrifresh.com\/fr\/p\/boite-de-conservation-sous-vide-en-verre-de-470ml\/\" \/>\n<meta property=\"og:locale\" content=\"fr_FR\" \/>\n<meta property=\"og:type\" content=\"article\" \/>\n<meta property=\"og:title\" content=\"Bo\u00eete de conservation sous vide en verre 470ml | nutrifresh\" \/>\n<meta property=\"og:description\" content=\"La bo\u00eete de conservation sous vide nutrifresh\u2122 de 470 ml avec couvercle herm\u00e9tique, vous permet de mieux conserver vos plats et simplifie leur r\u00e9chauffage.\" \/>\n<meta property=\"og:url\" content=\"https:\/\/nutrifresh.com\/fr\/p\/boite-de-conservation-sous-vide-en-verre-de-470ml\/\" \/>\n<meta property=\"og:site_name\" content=\"Nutrifresh\" \/>\n<meta property=\"article:modified_time\" content=\"2023-09-04T11:55:54+00:00\" \/>\n<meta property=\"og:image\" content=\"https:\/\/nutrifresh.com\/wp-content\/uploads\/2023\/08\/P508971_470ml_rectangle_container_3qrt.jpg\" \/>\n\t<meta property=\"og:image:width\" content=\"1200\" \/>\n\t<meta property=\"og:image:height\" content=\"1200\" \/>\n\t<meta property=\"og:image:type\" content=\"image\/jpeg\" \/>\n<meta name=\"twitter:card\" content=\"summary_large_image\" \/>\n<meta name=\"twitter:label1\" content=\"Dur\u00e9e de lecture estim\u00e9e\" \/>\n\t<meta name=\"twitter:data1\" content=\"1 minute\" \/>\n<script type=\"application\/ld+json\" class=\"yoast-schema-graph\">{\"@context\":\"https:\/\/schema.org\",\"@graph\":[{\"@type\":\"WebPage\",\"@id\":\"https:\/\/nutrifresh.com\/fr\/p\/boite-de-conservation-sous-vide-en-verre-de-470ml\/\",\"url\":\"https:\/\/nutrifresh.com\/fr\/p\/boite-de-conservation-sous-vide-en-verre-de-470ml\/\",\"name\":\"Bo\u00eete de conservation sous vide en verre 470ml | nutrifresh\",\"isPartOf\":{\"@id\":\"https:\/\/nutrifresh.com\/fr\/#website\"},\"primaryImageOfPage\":{\"@id\":\"https:\/\/nutrifresh.com\/fr\/p\/boite-de-conservation-sous-vide-en-verre-de-470ml\/#primaryimage\"},\"image\":{\"@id\":\"https:\/\/nutrifresh.com\/fr\/p\/boite-de-conservation-sous-vide-en-verre-de-470ml\/#primaryimage\"},\"thumbnailUrl\":\"https:\/\/nutrifresh.com\/wp-content\/uploads\/2023\/08\/P508971_470ml_rectangle_container_3qrt.jpg\",\"datePublished\":\"2023-08-02T15:02:06+00:00\",\"dateModified\":\"2023-09-04T11:55:54+00:00\",\"description\":\"La bo\u00eete de conservation sous vide nutrifresh\u2122 de 470 ml avec couvercle herm\u00e9tique, vous permet de mieux conserver vos plats et simplifie leur r\u00e9chauffage.\",\"breadcrumb\":{\"@id\":\"https:\/\/nutrifresh.com\/fr\/p\/boite-de-conservation-sous-vide-en-verre-de-470ml\/#breadcrumb\"},\"inLanguage\":\"fr-FR\",\"potentialAction\":[{\"@type\":\"ReadAction\",\"target\":[\"https:\/\/nutrifresh.com\/fr\/p\/boite-de-conservation-sous-vide-en-verre-de-470ml\/\"]}]},{\"@type\":\"ImageObject\",\"inLanguage\":\"fr-FR\",\"@id\":\"https:\/\/nutrifresh.com\/fr\/p\/boite-de-conservation-sous-vide-en-verre-de-470ml\/#primaryimage\",\"url\":\"https:\/\/nutrifresh.com\/wp-content\/uploads\/2023\/08\/P508971_470ml_rectangle_container_3qrt.jpg\",\"contentUrl\":\"https:\/\/nutrifresh.com\/wp-content\/uploads\/2023\/08\/P508971_470ml_rectangle_container_3qrt.jpg\",\"width\":1200,\"height\":1200},{\"@type\":\"BreadcrumbList\",\"@id\":\"https:\/\/nutrifresh.com\/fr\/p\/boite-de-conservation-sous-vide-en-verre-de-470ml\/#breadcrumb\",\"itemListElement\":[{\"@type\":\"ListItem\",\"position\":1,\"name\":\"Home\",\"item\":\"https:\/\/nutrifresh.com\/fr\/homepage\/\"},{\"@type\":\"ListItem\",\"position\":2,\"name\":\"Acheter\",\"item\":\"https:\/\/nutrifresh.com\/fr\/acheter\/\"},{\"@type\":\"ListItem\",\"position\":3,\"name\":\"Bo\u00eete de conservation sous vide en verre de 470ml\"}]},{\"@type\":\"WebSite\",\"@id\":\"https:\/\/nutrifresh.com\/fr\/#website\",\"url\":\"https:\/\/nutrifresh.com\/fr\/\",\"name\":\"Nutrifresh\",\"description\":\"A fresh way to eat healthier\",\"potentialAction\":[{\"@type\":\"SearchAction\",\"target\":{\"@type\":\"EntryPoint\",\"urlTemplate\":\"https:\/\/nutrifresh.com\/fr\/?s={search_term_string}\"},\"query-input\":\"required name=search_term_string\"}],\"inLanguage\":\"fr-FR\"}]}<\/script>\n<!-- \/ Yoast SEO plugin. -->","yoast_head_json":{"title":"Bo\u00eete de conservation sous vide en verre 470ml | nutrifresh","description":"La bo\u00eete de conservation sous vide nutrifresh\u2122 de 470 ml avec couvercle herm\u00e9tique, vous permet de mieux conserver vos plats et simplifie leur r\u00e9chauffage.","robots":{"index":"index","follow":"follow","max-snippet":"max-snippet:-1","max-image-preview":"max-image-preview:large","max-video-preview":"max-video-preview:-1"},"canonical":"https:\/\/nutrifresh.com\/fr\/p\/boite-de-conservation-sous-vide-en-verre-de-470ml\/","og_locale":"fr_FR","og_type":"article","og_title":"Bo\u00eete de conservation sous vide en verre 470ml | nutrifresh","og_description":"La bo\u00eete de conservation sous vide nutrifresh\u2122 de 470 ml avec couvercle herm\u00e9tique, vous permet de mieux conserver vos plats et simplifie leur r\u00e9chauffage.","og_url":"https:\/\/nutrifresh.com\/fr\/p\/boite-de-conservation-sous-vide-en-verre-de-470ml\/","og_site_name":"Nutrifresh","article_modified_time":"2023-09-04T11:55:54+00:00","og_image":[{"width":1200,"height":1200,"url":"https:\/\/nutrifresh.com\/wp-content\/uploads\/2023\/08\/P508971_470ml_rectangle_container_3qrt.jpg","type":"image\/jpeg"}],"twitter_card":"summary_large_image","twitter_misc":{"Dur\u00e9e de lecture estim\u00e9e":"1 minute"},"schema":{"@context":"https:\/\/schema.org","@graph":[{"@type":"WebPage","@id":"https:\/\/nutrifresh.com\/fr\/p\/boite-de-conservation-sous-vide-en-verre-de-470ml\/","url":"https:\/\/nutrifresh.com\/fr\/p\/boite-de-conservation-sous-vide-en-verre-de-470ml\/","name":"Bo\u00eete de conservation sous vide en verre 470ml | nutrifresh","isPartOf":{"@id":"https:\/\/nutrifresh.com\/fr\/#website"},"primaryImageOfPage":{"@id":"https:\/\/nutrifresh.com\/fr\/p\/boite-de-conservation-sous-vide-en-verre-de-470ml\/#primaryimage"},"image":{"@id":"https:\/\/nutrifresh.com\/fr\/p\/boite-de-conservation-sous-vide-en-verre-de-470ml\/#primaryimage"},"thumbnailUrl":"https:\/\/nutrifresh.com\/wp-content\/uploads\/2023\/08\/P508971_470ml_rectangle_container_3qrt.jpg","datePublished":"2023-08-02T15:02:06+00:00","dateModified":"2023-09-04T11:55:54+00:00","description":"La bo\u00eete de conservation sous vide nutrifresh\u2122 de 470 ml avec couvercle herm\u00e9tique, vous permet de mieux conserver vos plats et simplifie leur r\u00e9chauffage.","breadcrumb":{"@id":"https:\/\/nutrifresh.com\/fr\/p\/boite-de-conservation-sous-vide-en-verre-de-470ml\/#breadcrumb"},"inLanguage":"fr-FR","potentialAction":[{"@type":"ReadAction","target":["https:\/\/nutrifresh.com\/fr\/p\/boite-de-conservation-sous-vide-en-verre-de-470ml\/"]}]},{"@type":"ImageObject","inLanguage":"fr-FR","@id":"https:\/\/nutrifresh.com\/fr\/p\/boite-de-conservation-sous-vide-en-verre-de-470ml\/#primaryimage","url":"https:\/\/nutrifresh.com\/wp-content\/uploads\/2023\/08\/P508971_470ml_rectangle_container_3qrt.jpg","contentUrl":"https:\/\/nutrifresh.com\/wp-content\/uploads\/2023\/08\/P508971_470ml_rectangle_container_3qrt.jpg","width":1200,"height":1200},{"@type":"BreadcrumbList","@id":"https:\/\/nutrifresh.com\/fr\/p\/boite-de-conservation-sous-vide-en-verre-de-470ml\/#breadcrumb","itemListElement":[{"@type":"ListItem","position":1,"name":"Home","item":"https:\/\/nutrifresh.com\/fr\/homepage\/"},{"@type":"ListItem","position":2,"name":"Acheter","item":"https:\/\/nutrifresh.com\/fr\/acheter\/"},{"@type":"ListItem","position":3,"name":"Bo\u00eete de conservation sous vide en verre de 470ml"}]},{"@type":"WebSite","@id":"https:\/\/nutrifresh.com\/fr\/#website","url":"https:\/\/nutrifresh.com\/fr\/","name":"Nutrifresh","description":"A fresh way to eat healthier","potentialAction":[{"@type":"SearchAction","target":{"@type":"EntryPoint","urlTemplate":"https:\/\/nutrifresh.com\/fr\/?s={search_term_string}"},"query-input":"required name=search_term_string"}],"inLanguage":"fr-FR"}]}},"_links":{"self":[{"href":"https:\/\/nutrifresh.com\/fr\/wp-json\/wp\/v2\/product\/6052","targetHints":{"allow":["GET"]}}],"collection":[{"href":"https:\/\/nutrifresh.com\/fr\/wp-json\/wp\/v2\/product"}],"about":[{"href":"https:\/\/nutrifresh.com\/fr\/wp-json\/wp\/v2\/types\/product"}],"wp:featuredmedia":[{"embeddable":true,"href":"https:\/\/nutrifresh.com\/fr\/wp-json\/wp\/v2\/media\/6053"}],"wp:attachment":[{"href":"https:\/\/nutrifresh.com\/fr\/wp-json\/wp\/v2\/media?parent=6052"}],"wp:term":[{"taxonomy":"product_cat","embeddable":true,"href":"https:\/\/nutrifresh.com\/fr\/wp-json\/wp\/v2\/product_cat?post=6052"},{"taxonomy":"product_tag","embeddable":true,"href":"https:\/\/nutrifresh.com\/fr\/wp-json\/wp\/v2\/product_tag?post=6052"}],"curies":[{"name":"wp","href":"https:\/\/api.w.org\/{rel}","templated":true}]}}