{"id":6067,"date":"2023-08-02T15:02:06","date_gmt":"2023-08-02T15:02:06","guid":{"rendered":"https:\/\/nutrifresh.com\/p\/pompe-a-vide\/"},"modified":"2023-09-04T12:02:46","modified_gmt":"2023-09-04T12:02:46","slug":"pompe-a-vide","status":"publish","type":"product","link":"https:\/\/nutrifresh.com\/fr\/p\/pompe-a-vide\/","title":{"rendered":"Pompe \u00e0 vide"},"content":{"rendered":"<div>\n<h2><span lang=\"FR\">La pompe \u00e0 vide nutrifresh\u2122 \u00e9limine l&rsquo;exc\u00e8s d&rsquo;air des bo\u00eetes de conservation sous vide nutrifresh\u2122 et rend le joint \u00e9tanche \u00e0 l&rsquo;air, ce qui am\u00e9liore la fra\u00eecheur des aliments conserv\u00e9s. Les r\u00e9cipients nutrifresh\u2122 peuvent conserver la fra\u00eecheur des aliments jusqu&rsquo;\u00e0 3 \u00e0 5 fois plus longtemps lorsqu&rsquo;ils sont utilis\u00e9s avec cette pompe \u00e0 vide. L&rsquo;exc\u00e8s d&rsquo;air \u00e9limin\u00e9 contribue \u00e0 r\u00e9duire les bact\u00e9ries ou les champignons et emp\u00eache l&rsquo;\u00e9vaporation des composants volatils. Les aliments se conservent plus longtemps, cela vous permet d&rsquo;\u00e9conomiser de l&rsquo;argent sur vos achats hebdomadaires. Fabriqu\u00e9e en plastique sans BPA, la pompe peut \u00eatre lav\u00e9e au lave-vaisselle.<\/span><\/h2>\n<\/div>\n","protected":false},"excerpt":{"rendered":"<p>Plus frais, plus longtemps<\/p>\n","protected":false},"featured_media":6068,"template":"","meta":{"inline_featured_image":false},"product_cat":[112],"product_tag":[],"class_list":{"0":"post-6067","1":"product","2":"type-product","3":"status-publish","4":"has-post-thumbnail","6":"product_cat-easy-store-fr","8":"first","9":"outofstock","10":"shipping-taxable","11":"purchasable","12":"product-type-simple"},"acf":[],"yoast_head":"<!-- This site is optimized with the Yoast SEO plugin v23.2 - https:\/\/yoast.com\/wordpress\/plugins\/seo\/ -->\n<title>Pompe \u00e0 vide | nutrifresh<\/title>\n<meta name=\"description\" content=\"La pompe \u00e0 vide nutrifresh\u2122 \u00e9limine l&#039;exc\u00e8s d&#039;air pour rendre vos bo\u00eetes herm\u00e9tiques. Conservez vos aliments frais 3 \u00e0 5 fois plus longtemps.\" \/>\n<meta name=\"robots\" content=\"index, follow, max-snippet:-1, max-image-preview:large, max-video-preview:-1\" \/>\n<link rel=\"canonical\" href=\"https:\/\/nutrifresh.com\/fr\/p\/pompe-a-vide\/\" \/>\n<meta property=\"og:locale\" content=\"fr_FR\" \/>\n<meta property=\"og:type\" content=\"article\" \/>\n<meta property=\"og:title\" content=\"Pompe \u00e0 vide | nutrifresh\" \/>\n<meta property=\"og:description\" content=\"La pompe \u00e0 vide nutrifresh\u2122 \u00e9limine l&#039;exc\u00e8s d&#039;air pour rendre vos bo\u00eetes herm\u00e9tiques. Conservez vos aliments frais 3 \u00e0 5 fois plus longtemps.\" \/>\n<meta property=\"og:url\" content=\"https:\/\/nutrifresh.com\/fr\/p\/pompe-a-vide\/\" \/>\n<meta property=\"og:site_name\" content=\"Nutrifresh\" \/>\n<meta property=\"article:modified_time\" content=\"2023-09-04T12:02:46+00:00\" \/>\n<meta property=\"og:image\" content=\"https:\/\/nutrifresh.com\/wp-content\/uploads\/2023\/08\/p503395_vacuum_pump_c.jpg\" \/>\n\t<meta property=\"og:image:width\" content=\"1200\" \/>\n\t<meta property=\"og:image:height\" content=\"1200\" \/>\n\t<meta property=\"og:image:type\" content=\"image\/jpeg\" \/>\n<meta name=\"twitter:card\" content=\"summary_large_image\" \/>\n<meta name=\"twitter:label1\" content=\"Dur\u00e9e de lecture estim\u00e9e\" \/>\n\t<meta name=\"twitter:data1\" content=\"1 minute\" \/>\n<script type=\"application\/ld+json\" class=\"yoast-schema-graph\">{\"@context\":\"https:\/\/schema.org\",\"@graph\":[{\"@type\":\"WebPage\",\"@id\":\"https:\/\/nutrifresh.com\/fr\/p\/pompe-a-vide\/\",\"url\":\"https:\/\/nutrifresh.com\/fr\/p\/pompe-a-vide\/\",\"name\":\"Pompe \u00e0 vide | nutrifresh\",\"isPartOf\":{\"@id\":\"https:\/\/nutrifresh.com\/fr\/#website\"},\"primaryImageOfPage\":{\"@id\":\"https:\/\/nutrifresh.com\/fr\/p\/pompe-a-vide\/#primaryimage\"},\"image\":{\"@id\":\"https:\/\/nutrifresh.com\/fr\/p\/pompe-a-vide\/#primaryimage\"},\"thumbnailUrl\":\"https:\/\/nutrifresh.com\/wp-content\/uploads\/2023\/08\/p503395_vacuum_pump_c.jpg\",\"datePublished\":\"2023-08-02T15:02:06+00:00\",\"dateModified\":\"2023-09-04T12:02:46+00:00\",\"description\":\"La pompe \u00e0 vide nutrifresh\u2122 \u00e9limine l'exc\u00e8s d'air pour rendre vos bo\u00eetes herm\u00e9tiques. Conservez vos aliments frais 3 \u00e0 5 fois plus longtemps.\",\"breadcrumb\":{\"@id\":\"https:\/\/nutrifresh.com\/fr\/p\/pompe-a-vide\/#breadcrumb\"},\"inLanguage\":\"fr-FR\",\"potentialAction\":[{\"@type\":\"ReadAction\",\"target\":[\"https:\/\/nutrifresh.com\/fr\/p\/pompe-a-vide\/\"]}]},{\"@type\":\"ImageObject\",\"inLanguage\":\"fr-FR\",\"@id\":\"https:\/\/nutrifresh.com\/fr\/p\/pompe-a-vide\/#primaryimage\",\"url\":\"https:\/\/nutrifresh.com\/wp-content\/uploads\/2023\/08\/p503395_vacuum_pump_c.jpg\",\"contentUrl\":\"https:\/\/nutrifresh.com\/wp-content\/uploads\/2023\/08\/p503395_vacuum_pump_c.jpg\",\"width\":1200,\"height\":1200},{\"@type\":\"BreadcrumbList\",\"@id\":\"https:\/\/nutrifresh.com\/fr\/p\/pompe-a-vide\/#breadcrumb\",\"itemListElement\":[{\"@type\":\"ListItem\",\"position\":1,\"name\":\"Home\",\"item\":\"https:\/\/nutrifresh.com\/fr\/homepage\/\"},{\"@type\":\"ListItem\",\"position\":2,\"name\":\"Acheter\",\"item\":\"https:\/\/nutrifresh.com\/fr\/acheter\/\"},{\"@type\":\"ListItem\",\"position\":3,\"name\":\"Pompe \u00e0 vide\"}]},{\"@type\":\"WebSite\",\"@id\":\"https:\/\/nutrifresh.com\/fr\/#website\",\"url\":\"https:\/\/nutrifresh.com\/fr\/\",\"name\":\"Nutrifresh\",\"description\":\"A fresh way to eat healthier\",\"potentialAction\":[{\"@type\":\"SearchAction\",\"target\":{\"@type\":\"EntryPoint\",\"urlTemplate\":\"https:\/\/nutrifresh.com\/fr\/?s={search_term_string}\"},\"query-input\":\"required name=search_term_string\"}],\"inLanguage\":\"fr-FR\"}]}<\/script>\n<!-- \/ Yoast SEO plugin. -->","yoast_head_json":{"title":"Pompe \u00e0 vide | nutrifresh","description":"La pompe \u00e0 vide nutrifresh\u2122 \u00e9limine l'exc\u00e8s d'air pour rendre vos bo\u00eetes herm\u00e9tiques. Conservez vos aliments frais 3 \u00e0 5 fois plus longtemps.","robots":{"index":"index","follow":"follow","max-snippet":"max-snippet:-1","max-image-preview":"max-image-preview:large","max-video-preview":"max-video-preview:-1"},"canonical":"https:\/\/nutrifresh.com\/fr\/p\/pompe-a-vide\/","og_locale":"fr_FR","og_type":"article","og_title":"Pompe \u00e0 vide | nutrifresh","og_description":"La pompe \u00e0 vide nutrifresh\u2122 \u00e9limine l'exc\u00e8s d'air pour rendre vos bo\u00eetes herm\u00e9tiques. Conservez vos aliments frais 3 \u00e0 5 fois plus longtemps.","og_url":"https:\/\/nutrifresh.com\/fr\/p\/pompe-a-vide\/","og_site_name":"Nutrifresh","article_modified_time":"2023-09-04T12:02:46+00:00","og_image":[{"width":1200,"height":1200,"url":"https:\/\/nutrifresh.com\/wp-content\/uploads\/2023\/08\/p503395_vacuum_pump_c.jpg","type":"image\/jpeg"}],"twitter_card":"summary_large_image","twitter_misc":{"Dur\u00e9e de lecture estim\u00e9e":"1 minute"},"schema":{"@context":"https:\/\/schema.org","@graph":[{"@type":"WebPage","@id":"https:\/\/nutrifresh.com\/fr\/p\/pompe-a-vide\/","url":"https:\/\/nutrifresh.com\/fr\/p\/pompe-a-vide\/","name":"Pompe \u00e0 vide | nutrifresh","isPartOf":{"@id":"https:\/\/nutrifresh.com\/fr\/#website"},"primaryImageOfPage":{"@id":"https:\/\/nutrifresh.com\/fr\/p\/pompe-a-vide\/#primaryimage"},"image":{"@id":"https:\/\/nutrifresh.com\/fr\/p\/pompe-a-vide\/#primaryimage"},"thumbnailUrl":"https:\/\/nutrifresh.com\/wp-content\/uploads\/2023\/08\/p503395_vacuum_pump_c.jpg","datePublished":"2023-08-02T15:02:06+00:00","dateModified":"2023-09-04T12:02:46+00:00","description":"La pompe \u00e0 vide nutrifresh\u2122 \u00e9limine l'exc\u00e8s d'air pour rendre vos bo\u00eetes herm\u00e9tiques. Conservez vos aliments frais 3 \u00e0 5 fois plus longtemps.","breadcrumb":{"@id":"https:\/\/nutrifresh.com\/fr\/p\/pompe-a-vide\/#breadcrumb"},"inLanguage":"fr-FR","potentialAction":[{"@type":"ReadAction","target":["https:\/\/nutrifresh.com\/fr\/p\/pompe-a-vide\/"]}]},{"@type":"ImageObject","inLanguage":"fr-FR","@id":"https:\/\/nutrifresh.com\/fr\/p\/pompe-a-vide\/#primaryimage","url":"https:\/\/nutrifresh.com\/wp-content\/uploads\/2023\/08\/p503395_vacuum_pump_c.jpg","contentUrl":"https:\/\/nutrifresh.com\/wp-content\/uploads\/2023\/08\/p503395_vacuum_pump_c.jpg","width":1200,"height":1200},{"@type":"BreadcrumbList","@id":"https:\/\/nutrifresh.com\/fr\/p\/pompe-a-vide\/#breadcrumb","itemListElement":[{"@type":"ListItem","position":1,"name":"Home","item":"https:\/\/nutrifresh.com\/fr\/homepage\/"},{"@type":"ListItem","position":2,"name":"Acheter","item":"https:\/\/nutrifresh.com\/fr\/acheter\/"},{"@type":"ListItem","position":3,"name":"Pompe \u00e0 vide"}]},{"@type":"WebSite","@id":"https:\/\/nutrifresh.com\/fr\/#website","url":"https:\/\/nutrifresh.com\/fr\/","name":"Nutrifresh","description":"A fresh way to eat healthier","potentialAction":[{"@type":"SearchAction","target":{"@type":"EntryPoint","urlTemplate":"https:\/\/nutrifresh.com\/fr\/?s={search_term_string}"},"query-input":"required name=search_term_string"}],"inLanguage":"fr-FR"}]}},"_links":{"self":[{"href":"https:\/\/nutrifresh.com\/fr\/wp-json\/wp\/v2\/product\/6067","targetHints":{"allow":["GET"]}}],"collection":[{"href":"https:\/\/nutrifresh.com\/fr\/wp-json\/wp\/v2\/product"}],"about":[{"href":"https:\/\/nutrifresh.com\/fr\/wp-json\/wp\/v2\/types\/product"}],"wp:featuredmedia":[{"embeddable":true,"href":"https:\/\/nutrifresh.com\/fr\/wp-json\/wp\/v2\/media\/6068"}],"wp:attachment":[{"href":"https:\/\/nutrifresh.com\/fr\/wp-json\/wp\/v2\/media?parent=6067"}],"wp:term":[{"taxonomy":"product_cat","embeddable":true,"href":"https:\/\/nutrifresh.com\/fr\/wp-json\/wp\/v2\/product_cat?post=6067"},{"taxonomy":"product_tag","embeddable":true,"href":"https:\/\/nutrifresh.com\/fr\/wp-json\/wp\/v2\/product_tag?post=6067"}],"curies":[{"name":"wp","href":"https:\/\/api.w.org\/{rel}","templated":true}]}}