{"id":6083,"date":"2023-08-02T14:41:57","date_gmt":"2023-08-02T14:41:57","guid":{"rendered":"https:\/\/nutrifresh.com\/p\/tasse-multifonctionnelle-6-en-1\/"},"modified":"2023-11-10T23:16:37","modified_gmt":"2023-11-10T23:16:37","slug":"une-solution-tout-en-un","status":"publish","type":"product","link":"https:\/\/nutrifresh.com\/fr\/p\/une-solution-tout-en-un\/","title":{"rendered":"Tasse multifonctionnelle 6 en 1"},"content":{"rendered":"<div>\n<h2><span lang=\"FR\">Les tasses multifonctions nutrifresh\u2122 6 en 1 sont un incontournable de la cuisine. Cet ensemble compact qui occupe peu de place sur votre plan de travail comprend deux tasses \u00e0 mesurer, un al\u00e9soir \u00e0 agrumes, une r\u00e2pe fine, un s\u00e9parateur d&rsquo;\u0153ufs et un entonnoir. Les 2 tasses \u00e0 mesurer sont parfaitement dimensionn\u00e9es pour des mesures pr\u00e9cises. Une bande en silicone maintient soigneusement le kit.<\/span><\/h2>\n<\/div>\n","protected":false},"excerpt":{"rendered":"<p>Une solution tout-en-un<\/p>\n","protected":false},"featured_media":6084,"template":"","meta":{"inline_featured_image":false},"product_cat":[111],"product_tag":[],"class_list":{"0":"post-6083","1":"product","2":"type-product","3":"status-publish","4":"has-post-thumbnail","6":"product_cat-food-prep-fr","8":"first","9":"instock","10":"shipping-taxable","11":"purchasable","12":"product-type-simple"},"acf":[],"yoast_head":"<!-- This site is optimized with the Yoast SEO plugin v23.2 - https:\/\/yoast.com\/wordpress\/plugins\/seo\/ -->\n<title>Tasse multifonctionnelle 6 en 1 | nutrifresh<\/title>\n<meta name=\"description\" content=\"Cet ensemble compact 6 en 1 comprend deux tasses \u00e0 mesurer, un presse-agrume, une r\u00e2pe fine, un s\u00e9parateur d&#039;\u0153ufs et un entonnoir.\" \/>\n<meta name=\"robots\" content=\"index, follow, max-snippet:-1, max-image-preview:large, max-video-preview:-1\" \/>\n<link rel=\"canonical\" href=\"https:\/\/nutrifresh.com\/fr\/p\/une-solution-tout-en-un\/\" \/>\n<meta property=\"og:locale\" content=\"fr_FR\" \/>\n<meta property=\"og:type\" content=\"article\" \/>\n<meta property=\"og:title\" content=\"Tasse multifonctionnelle 6 en 1 | nutrifresh\" \/>\n<meta property=\"og:description\" content=\"Cet ensemble compact 6 en 1 comprend deux tasses \u00e0 mesurer, un presse-agrume, une r\u00e2pe fine, un s\u00e9parateur d&#039;\u0153ufs et un entonnoir.\" \/>\n<meta property=\"og:url\" content=\"https:\/\/nutrifresh.com\/fr\/p\/une-solution-tout-en-un\/\" \/>\n<meta property=\"og:site_name\" content=\"Nutrifresh\" \/>\n<meta property=\"article:modified_time\" content=\"2023-11-10T23:16:37+00:00\" \/>\n<meta property=\"og:image\" content=\"https:\/\/nutrifresh.com\/wp-content\/uploads\/2023\/08\/P502288_6in1_multifunction_cups_side.jpg\" \/>\n\t<meta property=\"og:image:width\" content=\"1200\" \/>\n\t<meta property=\"og:image:height\" content=\"1200\" \/>\n\t<meta property=\"og:image:type\" content=\"image\/jpeg\" \/>\n<meta name=\"twitter:card\" content=\"summary_large_image\" \/>\n<meta name=\"twitter:label1\" content=\"Dur\u00e9e de lecture estim\u00e9e\" \/>\n\t<meta name=\"twitter:data1\" content=\"1 minute\" \/>\n<script type=\"application\/ld+json\" class=\"yoast-schema-graph\">{\"@context\":\"https:\/\/schema.org\",\"@graph\":[{\"@type\":\"WebPage\",\"@id\":\"https:\/\/nutrifresh.com\/fr\/p\/une-solution-tout-en-un\/\",\"url\":\"https:\/\/nutrifresh.com\/fr\/p\/une-solution-tout-en-un\/\",\"name\":\"Tasse multifonctionnelle 6 en 1 | nutrifresh\",\"isPartOf\":{\"@id\":\"https:\/\/nutrifresh.com\/fr\/#website\"},\"primaryImageOfPage\":{\"@id\":\"https:\/\/nutrifresh.com\/fr\/p\/une-solution-tout-en-un\/#primaryimage\"},\"image\":{\"@id\":\"https:\/\/nutrifresh.com\/fr\/p\/une-solution-tout-en-un\/#primaryimage\"},\"thumbnailUrl\":\"https:\/\/nutrifresh.com\/wp-content\/uploads\/2023\/08\/P502288_6in1_multifunction_cups_side.jpg\",\"datePublished\":\"2023-08-02T14:41:57+00:00\",\"dateModified\":\"2023-11-10T23:16:37+00:00\",\"description\":\"Cet ensemble compact 6 en 1 comprend deux tasses \u00e0 mesurer, un presse-agrume, une r\u00e2pe fine, un s\u00e9parateur d'\u0153ufs et un entonnoir.\",\"breadcrumb\":{\"@id\":\"https:\/\/nutrifresh.com\/fr\/p\/une-solution-tout-en-un\/#breadcrumb\"},\"inLanguage\":\"fr-FR\",\"potentialAction\":[{\"@type\":\"ReadAction\",\"target\":[\"https:\/\/nutrifresh.com\/fr\/p\/une-solution-tout-en-un\/\"]}]},{\"@type\":\"ImageObject\",\"inLanguage\":\"fr-FR\",\"@id\":\"https:\/\/nutrifresh.com\/fr\/p\/une-solution-tout-en-un\/#primaryimage\",\"url\":\"https:\/\/nutrifresh.com\/wp-content\/uploads\/2023\/08\/P502288_6in1_multifunction_cups_side.jpg\",\"contentUrl\":\"https:\/\/nutrifresh.com\/wp-content\/uploads\/2023\/08\/P502288_6in1_multifunction_cups_side.jpg\",\"width\":1200,\"height\":1200},{\"@type\":\"BreadcrumbList\",\"@id\":\"https:\/\/nutrifresh.com\/fr\/p\/une-solution-tout-en-un\/#breadcrumb\",\"itemListElement\":[{\"@type\":\"ListItem\",\"position\":1,\"name\":\"Home\",\"item\":\"https:\/\/nutrifresh.com\/fr\/homepage\/\"},{\"@type\":\"ListItem\",\"position\":2,\"name\":\"Acheter\",\"item\":\"https:\/\/nutrifresh.com\/fr\/acheter\/\"},{\"@type\":\"ListItem\",\"position\":3,\"name\":\"Tasse multifonctionnelle 6 en 1\"}]},{\"@type\":\"WebSite\",\"@id\":\"https:\/\/nutrifresh.com\/fr\/#website\",\"url\":\"https:\/\/nutrifresh.com\/fr\/\",\"name\":\"Nutrifresh\",\"description\":\"A fresh way to eat healthier\",\"potentialAction\":[{\"@type\":\"SearchAction\",\"target\":{\"@type\":\"EntryPoint\",\"urlTemplate\":\"https:\/\/nutrifresh.com\/fr\/?s={search_term_string}\"},\"query-input\":\"required name=search_term_string\"}],\"inLanguage\":\"fr-FR\"}]}<\/script>\n<!-- \/ Yoast SEO plugin. -->","yoast_head_json":{"title":"Tasse multifonctionnelle 6 en 1 | nutrifresh","description":"Cet ensemble compact 6 en 1 comprend deux tasses \u00e0 mesurer, un presse-agrume, une r\u00e2pe fine, un s\u00e9parateur d'\u0153ufs et un entonnoir.","robots":{"index":"index","follow":"follow","max-snippet":"max-snippet:-1","max-image-preview":"max-image-preview:large","max-video-preview":"max-video-preview:-1"},"canonical":"https:\/\/nutrifresh.com\/fr\/p\/une-solution-tout-en-un\/","og_locale":"fr_FR","og_type":"article","og_title":"Tasse multifonctionnelle 6 en 1 | nutrifresh","og_description":"Cet ensemble compact 6 en 1 comprend deux tasses \u00e0 mesurer, un presse-agrume, une r\u00e2pe fine, un s\u00e9parateur d'\u0153ufs et un entonnoir.","og_url":"https:\/\/nutrifresh.com\/fr\/p\/une-solution-tout-en-un\/","og_site_name":"Nutrifresh","article_modified_time":"2023-11-10T23:16:37+00:00","og_image":[{"width":1200,"height":1200,"url":"https:\/\/nutrifresh.com\/wp-content\/uploads\/2023\/08\/P502288_6in1_multifunction_cups_side.jpg","type":"image\/jpeg"}],"twitter_card":"summary_large_image","twitter_misc":{"Dur\u00e9e de lecture estim\u00e9e":"1 minute"},"schema":{"@context":"https:\/\/schema.org","@graph":[{"@type":"WebPage","@id":"https:\/\/nutrifresh.com\/fr\/p\/une-solution-tout-en-un\/","url":"https:\/\/nutrifresh.com\/fr\/p\/une-solution-tout-en-un\/","name":"Tasse multifonctionnelle 6 en 1 | nutrifresh","isPartOf":{"@id":"https:\/\/nutrifresh.com\/fr\/#website"},"primaryImageOfPage":{"@id":"https:\/\/nutrifresh.com\/fr\/p\/une-solution-tout-en-un\/#primaryimage"},"image":{"@id":"https:\/\/nutrifresh.com\/fr\/p\/une-solution-tout-en-un\/#primaryimage"},"thumbnailUrl":"https:\/\/nutrifresh.com\/wp-content\/uploads\/2023\/08\/P502288_6in1_multifunction_cups_side.jpg","datePublished":"2023-08-02T14:41:57+00:00","dateModified":"2023-11-10T23:16:37+00:00","description":"Cet ensemble compact 6 en 1 comprend deux tasses \u00e0 mesurer, un presse-agrume, une r\u00e2pe fine, un s\u00e9parateur d'\u0153ufs et un entonnoir.","breadcrumb":{"@id":"https:\/\/nutrifresh.com\/fr\/p\/une-solution-tout-en-un\/#breadcrumb"},"inLanguage":"fr-FR","potentialAction":[{"@type":"ReadAction","target":["https:\/\/nutrifresh.com\/fr\/p\/une-solution-tout-en-un\/"]}]},{"@type":"ImageObject","inLanguage":"fr-FR","@id":"https:\/\/nutrifresh.com\/fr\/p\/une-solution-tout-en-un\/#primaryimage","url":"https:\/\/nutrifresh.com\/wp-content\/uploads\/2023\/08\/P502288_6in1_multifunction_cups_side.jpg","contentUrl":"https:\/\/nutrifresh.com\/wp-content\/uploads\/2023\/08\/P502288_6in1_multifunction_cups_side.jpg","width":1200,"height":1200},{"@type":"BreadcrumbList","@id":"https:\/\/nutrifresh.com\/fr\/p\/une-solution-tout-en-un\/#breadcrumb","itemListElement":[{"@type":"ListItem","position":1,"name":"Home","item":"https:\/\/nutrifresh.com\/fr\/homepage\/"},{"@type":"ListItem","position":2,"name":"Acheter","item":"https:\/\/nutrifresh.com\/fr\/acheter\/"},{"@type":"ListItem","position":3,"name":"Tasse multifonctionnelle 6 en 1"}]},{"@type":"WebSite","@id":"https:\/\/nutrifresh.com\/fr\/#website","url":"https:\/\/nutrifresh.com\/fr\/","name":"Nutrifresh","description":"A fresh way to eat healthier","potentialAction":[{"@type":"SearchAction","target":{"@type":"EntryPoint","urlTemplate":"https:\/\/nutrifresh.com\/fr\/?s={search_term_string}"},"query-input":"required name=search_term_string"}],"inLanguage":"fr-FR"}]}},"_links":{"self":[{"href":"https:\/\/nutrifresh.com\/fr\/wp-json\/wp\/v2\/product\/6083","targetHints":{"allow":["GET"]}}],"collection":[{"href":"https:\/\/nutrifresh.com\/fr\/wp-json\/wp\/v2\/product"}],"about":[{"href":"https:\/\/nutrifresh.com\/fr\/wp-json\/wp\/v2\/types\/product"}],"wp:featuredmedia":[{"embeddable":true,"href":"https:\/\/nutrifresh.com\/fr\/wp-json\/wp\/v2\/media\/6084"}],"wp:attachment":[{"href":"https:\/\/nutrifresh.com\/fr\/wp-json\/wp\/v2\/media?parent=6083"}],"wp:term":[{"taxonomy":"product_cat","embeddable":true,"href":"https:\/\/nutrifresh.com\/fr\/wp-json\/wp\/v2\/product_cat?post=6083"},{"taxonomy":"product_tag","embeddable":true,"href":"https:\/\/nutrifresh.com\/fr\/wp-json\/wp\/v2\/product_tag?post=6083"}],"curies":[{"name":"wp","href":"https:\/\/api.w.org\/{rel}","templated":true}]}}