{"id":6086,"date":"2023-08-02T14:41:57","date_gmt":"2023-08-02T14:41:57","guid":{"rendered":"https:\/\/nutrifresh.com\/p\/planche-a-decouper\/"},"modified":"2023-09-04T13:35:38","modified_gmt":"2023-09-04T13:35:38","slug":"planche-a-decouper","status":"publish","type":"product","link":"https:\/\/nutrifresh.com\/fr\/p\/planche-a-decouper\/","title":{"rendered":"Planche \u00e0 d\u00e9couper"},"content":{"rendered":"<div>\n<h2><span lang=\"FR\">Optimisez la pr\u00e9paration de vos aliments gr\u00e2ce \u00e0 notre planche \u00e0 d\u00e9couper polyvalente et r\u00e9versible. Fini les plans de travail en d\u00e9sordre et nul besoin de r\u00e9cipient suppl\u00e9mentaire : cette planche tout-en-un comprend des plateaux int\u00e9gr\u00e9s pour contenir les ingr\u00e9dients hach\u00e9s et non hach\u00e9s. <\/span><\/h2>\n<\/div>\n","protected":false},"excerpt":{"rendered":"<p>Hacher, et plus encore<\/p>\n","protected":false},"featured_media":6087,"template":"","meta":{"inline_featured_image":false},"product_cat":[111],"product_tag":[],"class_list":{"0":"post-6086","1":"product","2":"type-product","3":"status-publish","4":"has-post-thumbnail","6":"product_cat-food-prep-fr","8":"first","9":"outofstock","10":"shipping-taxable","11":"purchasable","12":"product-type-simple"},"acf":[],"yoast_head":"<!-- This site is optimized with the Yoast SEO plugin v23.2 - https:\/\/yoast.com\/wordpress\/plugins\/seo\/ -->\n<title>Planche \u00e0 d\u00e9couper | nutrifresh<\/title>\n<meta name=\"description\" content=\"Dites adieu aux plans de travail en d\u00e9sordre ! Cette planche tout-en-un comporte des bacs int\u00e9gr\u00e9s qui permettent de trier les ingr\u00e9dients.\" \/>\n<meta name=\"robots\" content=\"index, follow, max-snippet:-1, max-image-preview:large, max-video-preview:-1\" \/>\n<link rel=\"canonical\" href=\"https:\/\/nutrifresh.com\/fr\/p\/planche-a-decouper\/\" \/>\n<meta property=\"og:locale\" content=\"fr_FR\" \/>\n<meta property=\"og:type\" content=\"article\" \/>\n<meta property=\"og:title\" content=\"Planche \u00e0 d\u00e9couper | nutrifresh\" \/>\n<meta property=\"og:description\" content=\"Dites adieu aux plans de travail en d\u00e9sordre ! Cette planche tout-en-un comporte des bacs int\u00e9gr\u00e9s qui permettent de trier les ingr\u00e9dients.\" \/>\n<meta property=\"og:url\" content=\"https:\/\/nutrifresh.com\/fr\/p\/planche-a-decouper\/\" \/>\n<meta property=\"og:site_name\" content=\"Nutrifresh\" \/>\n<meta property=\"article:modified_time\" content=\"2023-09-04T13:35:38+00:00\" \/>\n<meta property=\"og:image\" content=\"https:\/\/nutrifresh.com\/wp-content\/uploads\/2023\/08\/p507481_chopping_station_4.jpg\" \/>\n\t<meta property=\"og:image:width\" content=\"1200\" \/>\n\t<meta property=\"og:image:height\" content=\"1200\" \/>\n\t<meta property=\"og:image:type\" content=\"image\/jpeg\" \/>\n<meta name=\"twitter:card\" content=\"summary_large_image\" \/>\n<meta name=\"twitter:label1\" content=\"Dur\u00e9e de lecture estim\u00e9e\" \/>\n\t<meta name=\"twitter:data1\" content=\"1 minute\" \/>\n<script type=\"application\/ld+json\" class=\"yoast-schema-graph\">{\"@context\":\"https:\/\/schema.org\",\"@graph\":[{\"@type\":\"WebPage\",\"@id\":\"https:\/\/nutrifresh.com\/fr\/p\/planche-a-decouper\/\",\"url\":\"https:\/\/nutrifresh.com\/fr\/p\/planche-a-decouper\/\",\"name\":\"Planche \u00e0 d\u00e9couper | nutrifresh\",\"isPartOf\":{\"@id\":\"https:\/\/nutrifresh.com\/fr\/#website\"},\"primaryImageOfPage\":{\"@id\":\"https:\/\/nutrifresh.com\/fr\/p\/planche-a-decouper\/#primaryimage\"},\"image\":{\"@id\":\"https:\/\/nutrifresh.com\/fr\/p\/planche-a-decouper\/#primaryimage\"},\"thumbnailUrl\":\"https:\/\/nutrifresh.com\/wp-content\/uploads\/2023\/08\/p507481_chopping_station_4.jpg\",\"datePublished\":\"2023-08-02T14:41:57+00:00\",\"dateModified\":\"2023-09-04T13:35:38+00:00\",\"description\":\"Dites adieu aux plans de travail en d\u00e9sordre ! Cette planche tout-en-un comporte des bacs int\u00e9gr\u00e9s qui permettent de trier les ingr\u00e9dients.\",\"breadcrumb\":{\"@id\":\"https:\/\/nutrifresh.com\/fr\/p\/planche-a-decouper\/#breadcrumb\"},\"inLanguage\":\"fr-FR\",\"potentialAction\":[{\"@type\":\"ReadAction\",\"target\":[\"https:\/\/nutrifresh.com\/fr\/p\/planche-a-decouper\/\"]}]},{\"@type\":\"ImageObject\",\"inLanguage\":\"fr-FR\",\"@id\":\"https:\/\/nutrifresh.com\/fr\/p\/planche-a-decouper\/#primaryimage\",\"url\":\"https:\/\/nutrifresh.com\/wp-content\/uploads\/2023\/08\/p507481_chopping_station_4.jpg\",\"contentUrl\":\"https:\/\/nutrifresh.com\/wp-content\/uploads\/2023\/08\/p507481_chopping_station_4.jpg\",\"width\":1200,\"height\":1200},{\"@type\":\"BreadcrumbList\",\"@id\":\"https:\/\/nutrifresh.com\/fr\/p\/planche-a-decouper\/#breadcrumb\",\"itemListElement\":[{\"@type\":\"ListItem\",\"position\":1,\"name\":\"Home\",\"item\":\"https:\/\/nutrifresh.com\/fr\/homepage\/\"},{\"@type\":\"ListItem\",\"position\":2,\"name\":\"Acheter\",\"item\":\"https:\/\/nutrifresh.com\/fr\/acheter\/\"},{\"@type\":\"ListItem\",\"position\":3,\"name\":\"Planche \u00e0 d\u00e9couper\"}]},{\"@type\":\"WebSite\",\"@id\":\"https:\/\/nutrifresh.com\/fr\/#website\",\"url\":\"https:\/\/nutrifresh.com\/fr\/\",\"name\":\"Nutrifresh\",\"description\":\"A fresh way to eat healthier\",\"potentialAction\":[{\"@type\":\"SearchAction\",\"target\":{\"@type\":\"EntryPoint\",\"urlTemplate\":\"https:\/\/nutrifresh.com\/fr\/?s={search_term_string}\"},\"query-input\":\"required name=search_term_string\"}],\"inLanguage\":\"fr-FR\"}]}<\/script>\n<!-- \/ Yoast SEO plugin. -->","yoast_head_json":{"title":"Planche \u00e0 d\u00e9couper | nutrifresh","description":"Dites adieu aux plans de travail en d\u00e9sordre ! Cette planche tout-en-un comporte des bacs int\u00e9gr\u00e9s qui permettent de trier les ingr\u00e9dients.","robots":{"index":"index","follow":"follow","max-snippet":"max-snippet:-1","max-image-preview":"max-image-preview:large","max-video-preview":"max-video-preview:-1"},"canonical":"https:\/\/nutrifresh.com\/fr\/p\/planche-a-decouper\/","og_locale":"fr_FR","og_type":"article","og_title":"Planche \u00e0 d\u00e9couper | nutrifresh","og_description":"Dites adieu aux plans de travail en d\u00e9sordre ! Cette planche tout-en-un comporte des bacs int\u00e9gr\u00e9s qui permettent de trier les ingr\u00e9dients.","og_url":"https:\/\/nutrifresh.com\/fr\/p\/planche-a-decouper\/","og_site_name":"Nutrifresh","article_modified_time":"2023-09-04T13:35:38+00:00","og_image":[{"width":1200,"height":1200,"url":"https:\/\/nutrifresh.com\/wp-content\/uploads\/2023\/08\/p507481_chopping_station_4.jpg","type":"image\/jpeg"}],"twitter_card":"summary_large_image","twitter_misc":{"Dur\u00e9e de lecture estim\u00e9e":"1 minute"},"schema":{"@context":"https:\/\/schema.org","@graph":[{"@type":"WebPage","@id":"https:\/\/nutrifresh.com\/fr\/p\/planche-a-decouper\/","url":"https:\/\/nutrifresh.com\/fr\/p\/planche-a-decouper\/","name":"Planche \u00e0 d\u00e9couper | nutrifresh","isPartOf":{"@id":"https:\/\/nutrifresh.com\/fr\/#website"},"primaryImageOfPage":{"@id":"https:\/\/nutrifresh.com\/fr\/p\/planche-a-decouper\/#primaryimage"},"image":{"@id":"https:\/\/nutrifresh.com\/fr\/p\/planche-a-decouper\/#primaryimage"},"thumbnailUrl":"https:\/\/nutrifresh.com\/wp-content\/uploads\/2023\/08\/p507481_chopping_station_4.jpg","datePublished":"2023-08-02T14:41:57+00:00","dateModified":"2023-09-04T13:35:38+00:00","description":"Dites adieu aux plans de travail en d\u00e9sordre ! Cette planche tout-en-un comporte des bacs int\u00e9gr\u00e9s qui permettent de trier les ingr\u00e9dients.","breadcrumb":{"@id":"https:\/\/nutrifresh.com\/fr\/p\/planche-a-decouper\/#breadcrumb"},"inLanguage":"fr-FR","potentialAction":[{"@type":"ReadAction","target":["https:\/\/nutrifresh.com\/fr\/p\/planche-a-decouper\/"]}]},{"@type":"ImageObject","inLanguage":"fr-FR","@id":"https:\/\/nutrifresh.com\/fr\/p\/planche-a-decouper\/#primaryimage","url":"https:\/\/nutrifresh.com\/wp-content\/uploads\/2023\/08\/p507481_chopping_station_4.jpg","contentUrl":"https:\/\/nutrifresh.com\/wp-content\/uploads\/2023\/08\/p507481_chopping_station_4.jpg","width":1200,"height":1200},{"@type":"BreadcrumbList","@id":"https:\/\/nutrifresh.com\/fr\/p\/planche-a-decouper\/#breadcrumb","itemListElement":[{"@type":"ListItem","position":1,"name":"Home","item":"https:\/\/nutrifresh.com\/fr\/homepage\/"},{"@type":"ListItem","position":2,"name":"Acheter","item":"https:\/\/nutrifresh.com\/fr\/acheter\/"},{"@type":"ListItem","position":3,"name":"Planche \u00e0 d\u00e9couper"}]},{"@type":"WebSite","@id":"https:\/\/nutrifresh.com\/fr\/#website","url":"https:\/\/nutrifresh.com\/fr\/","name":"Nutrifresh","description":"A fresh way to eat healthier","potentialAction":[{"@type":"SearchAction","target":{"@type":"EntryPoint","urlTemplate":"https:\/\/nutrifresh.com\/fr\/?s={search_term_string}"},"query-input":"required name=search_term_string"}],"inLanguage":"fr-FR"}]}},"_links":{"self":[{"href":"https:\/\/nutrifresh.com\/fr\/wp-json\/wp\/v2\/product\/6086","targetHints":{"allow":["GET"]}}],"collection":[{"href":"https:\/\/nutrifresh.com\/fr\/wp-json\/wp\/v2\/product"}],"about":[{"href":"https:\/\/nutrifresh.com\/fr\/wp-json\/wp\/v2\/types\/product"}],"wp:featuredmedia":[{"embeddable":true,"href":"https:\/\/nutrifresh.com\/fr\/wp-json\/wp\/v2\/media\/6087"}],"wp:attachment":[{"href":"https:\/\/nutrifresh.com\/fr\/wp-json\/wp\/v2\/media?parent=6086"}],"wp:term":[{"taxonomy":"product_cat","embeddable":true,"href":"https:\/\/nutrifresh.com\/fr\/wp-json\/wp\/v2\/product_cat?post=6086"},{"taxonomy":"product_tag","embeddable":true,"href":"https:\/\/nutrifresh.com\/fr\/wp-json\/wp\/v2\/product_tag?post=6086"}],"curies":[{"name":"wp","href":"https:\/\/api.w.org\/{rel}","templated":true}]}}