{"id":6090,"date":"2023-08-02T14:41:57","date_gmt":"2023-08-02T14:41:57","guid":{"rendered":"https:\/\/nutrifresh.com\/p\/couteau-de-chef\/"},"modified":"2023-09-04T13:46:04","modified_gmt":"2023-09-04T13:46:04","slug":"couteau-de-chef","status":"publish","type":"product","link":"https:\/\/nutrifresh.com\/fr\/p\/couteau-de-chef\/","title":{"rendered":"Couteau de Chef"},"content":{"rendered":"<p>Notre couteau hybride \u00e0 lame aff\u00fbt\u00e9e combine les caract\u00e9ristiques d&rsquo;un grand couteau de cuisine Santoku et d&rsquo;un petit couteau de cuisinier. La texture hachur\u00e9e grav\u00e9e sur la surface de la lame sert de guide et vous permet de placer vos doigts de fa\u00e7on pr\u00e9cise au moment du tranchage des aliments. Le renfoncement du manche donne plus de puissance pour couper les aliments durs. Le rev\u00eatement en polypropyl\u00e8ne maintient la lame aff\u00fbt\u00e9e plus longtemps. Le manche en ABS durable avec finition satin\u00e9e est con\u00e7u de mani\u00e8re ergonomique pour une meilleure prise en main.<\/p>\n","protected":false},"excerpt":{"rendered":"<p>L&rsquo;ustensile de cuisine ultime<\/p>\n","protected":false},"featured_media":6091,"template":"","meta":{"inline_featured_image":false},"product_cat":[111],"product_tag":[],"class_list":{"0":"post-6090","1":"product","2":"type-product","3":"status-publish","4":"has-post-thumbnail","6":"product_cat-food-prep-fr","8":"first","9":"outofstock","10":"shipping-taxable","11":"purchasable","12":"product-type-simple"},"acf":[],"yoast_head":"<!-- This site is optimized with the Yoast SEO plugin v23.2 - https:\/\/yoast.com\/wordpress\/plugins\/seo\/ -->\n<title>Couteau de Chef | nutrifresh<\/title>\n<meta name=\"description\" content=\"Notre couteau de Chef combine les caract\u00e9ristiques du couteau de cuisine Santoku et du petit couteau de cuisine. Con\u00e7u pour une meilleure adh\u00e9rence.\" \/>\n<meta name=\"robots\" content=\"index, follow, max-snippet:-1, max-image-preview:large, max-video-preview:-1\" \/>\n<link rel=\"canonical\" href=\"https:\/\/nutrifresh.com\/fr\/p\/couteau-de-chef\/\" \/>\n<meta property=\"og:locale\" content=\"fr_FR\" \/>\n<meta property=\"og:type\" content=\"article\" \/>\n<meta property=\"og:title\" content=\"Couteau de Chef | nutrifresh\" \/>\n<meta property=\"og:description\" content=\"Notre couteau de Chef combine les caract\u00e9ristiques du couteau de cuisine Santoku et du petit couteau de cuisine. Con\u00e7u pour une meilleure adh\u00e9rence.\" \/>\n<meta property=\"og:url\" content=\"https:\/\/nutrifresh.com\/fr\/p\/couteau-de-chef\/\" \/>\n<meta property=\"og:site_name\" content=\"Nutrifresh\" \/>\n<meta property=\"article:modified_time\" content=\"2023-09-04T13:46:04+00:00\" \/>\n<meta property=\"og:image\" content=\"https:\/\/nutrifresh.com\/wp-content\/uploads\/2023\/08\/p507476_cooks_knife_16.5cm_cover2.jpg\" \/>\n\t<meta property=\"og:image:width\" content=\"1200\" \/>\n\t<meta property=\"og:image:height\" content=\"1200\" \/>\n\t<meta property=\"og:image:type\" content=\"image\/jpeg\" \/>\n<meta name=\"twitter:card\" content=\"summary_large_image\" \/>\n<meta name=\"twitter:label1\" content=\"Dur\u00e9e de lecture estim\u00e9e\" \/>\n\t<meta name=\"twitter:data1\" content=\"1 minute\" \/>\n<script type=\"application\/ld+json\" class=\"yoast-schema-graph\">{\"@context\":\"https:\/\/schema.org\",\"@graph\":[{\"@type\":\"WebPage\",\"@id\":\"https:\/\/nutrifresh.com\/fr\/p\/couteau-de-chef\/\",\"url\":\"https:\/\/nutrifresh.com\/fr\/p\/couteau-de-chef\/\",\"name\":\"Couteau de Chef | nutrifresh\",\"isPartOf\":{\"@id\":\"https:\/\/nutrifresh.com\/fr\/#website\"},\"primaryImageOfPage\":{\"@id\":\"https:\/\/nutrifresh.com\/fr\/p\/couteau-de-chef\/#primaryimage\"},\"image\":{\"@id\":\"https:\/\/nutrifresh.com\/fr\/p\/couteau-de-chef\/#primaryimage\"},\"thumbnailUrl\":\"https:\/\/nutrifresh.com\/wp-content\/uploads\/2023\/08\/p507476_cooks_knife_16.5cm_cover2.jpg\",\"datePublished\":\"2023-08-02T14:41:57+00:00\",\"dateModified\":\"2023-09-04T13:46:04+00:00\",\"description\":\"Notre couteau de Chef combine les caract\u00e9ristiques du couteau de cuisine Santoku et du petit couteau de cuisine. Con\u00e7u pour une meilleure adh\u00e9rence.\",\"breadcrumb\":{\"@id\":\"https:\/\/nutrifresh.com\/fr\/p\/couteau-de-chef\/#breadcrumb\"},\"inLanguage\":\"fr-FR\",\"potentialAction\":[{\"@type\":\"ReadAction\",\"target\":[\"https:\/\/nutrifresh.com\/fr\/p\/couteau-de-chef\/\"]}]},{\"@type\":\"ImageObject\",\"inLanguage\":\"fr-FR\",\"@id\":\"https:\/\/nutrifresh.com\/fr\/p\/couteau-de-chef\/#primaryimage\",\"url\":\"https:\/\/nutrifresh.com\/wp-content\/uploads\/2023\/08\/p507476_cooks_knife_16.5cm_cover2.jpg\",\"contentUrl\":\"https:\/\/nutrifresh.com\/wp-content\/uploads\/2023\/08\/p507476_cooks_knife_16.5cm_cover2.jpg\",\"width\":1200,\"height\":1200},{\"@type\":\"BreadcrumbList\",\"@id\":\"https:\/\/nutrifresh.com\/fr\/p\/couteau-de-chef\/#breadcrumb\",\"itemListElement\":[{\"@type\":\"ListItem\",\"position\":1,\"name\":\"Home\",\"item\":\"https:\/\/nutrifresh.com\/fr\/homepage\/\"},{\"@type\":\"ListItem\",\"position\":2,\"name\":\"Acheter\",\"item\":\"https:\/\/nutrifresh.com\/fr\/acheter\/\"},{\"@type\":\"ListItem\",\"position\":3,\"name\":\"Couteau de Chef\"}]},{\"@type\":\"WebSite\",\"@id\":\"https:\/\/nutrifresh.com\/fr\/#website\",\"url\":\"https:\/\/nutrifresh.com\/fr\/\",\"name\":\"Nutrifresh\",\"description\":\"A fresh way to eat healthier\",\"potentialAction\":[{\"@type\":\"SearchAction\",\"target\":{\"@type\":\"EntryPoint\",\"urlTemplate\":\"https:\/\/nutrifresh.com\/fr\/?s={search_term_string}\"},\"query-input\":\"required name=search_term_string\"}],\"inLanguage\":\"fr-FR\"}]}<\/script>\n<!-- \/ Yoast SEO plugin. -->","yoast_head_json":{"title":"Couteau de Chef | nutrifresh","description":"Notre couteau de Chef combine les caract\u00e9ristiques du couteau de cuisine Santoku et du petit couteau de cuisine. Con\u00e7u pour une meilleure adh\u00e9rence.","robots":{"index":"index","follow":"follow","max-snippet":"max-snippet:-1","max-image-preview":"max-image-preview:large","max-video-preview":"max-video-preview:-1"},"canonical":"https:\/\/nutrifresh.com\/fr\/p\/couteau-de-chef\/","og_locale":"fr_FR","og_type":"article","og_title":"Couteau de Chef | nutrifresh","og_description":"Notre couteau de Chef combine les caract\u00e9ristiques du couteau de cuisine Santoku et du petit couteau de cuisine. Con\u00e7u pour une meilleure adh\u00e9rence.","og_url":"https:\/\/nutrifresh.com\/fr\/p\/couteau-de-chef\/","og_site_name":"Nutrifresh","article_modified_time":"2023-09-04T13:46:04+00:00","og_image":[{"width":1200,"height":1200,"url":"https:\/\/nutrifresh.com\/wp-content\/uploads\/2023\/08\/p507476_cooks_knife_16.5cm_cover2.jpg","type":"image\/jpeg"}],"twitter_card":"summary_large_image","twitter_misc":{"Dur\u00e9e de lecture estim\u00e9e":"1 minute"},"schema":{"@context":"https:\/\/schema.org","@graph":[{"@type":"WebPage","@id":"https:\/\/nutrifresh.com\/fr\/p\/couteau-de-chef\/","url":"https:\/\/nutrifresh.com\/fr\/p\/couteau-de-chef\/","name":"Couteau de Chef | nutrifresh","isPartOf":{"@id":"https:\/\/nutrifresh.com\/fr\/#website"},"primaryImageOfPage":{"@id":"https:\/\/nutrifresh.com\/fr\/p\/couteau-de-chef\/#primaryimage"},"image":{"@id":"https:\/\/nutrifresh.com\/fr\/p\/couteau-de-chef\/#primaryimage"},"thumbnailUrl":"https:\/\/nutrifresh.com\/wp-content\/uploads\/2023\/08\/p507476_cooks_knife_16.5cm_cover2.jpg","datePublished":"2023-08-02T14:41:57+00:00","dateModified":"2023-09-04T13:46:04+00:00","description":"Notre couteau de Chef combine les caract\u00e9ristiques du couteau de cuisine Santoku et du petit couteau de cuisine. Con\u00e7u pour une meilleure adh\u00e9rence.","breadcrumb":{"@id":"https:\/\/nutrifresh.com\/fr\/p\/couteau-de-chef\/#breadcrumb"},"inLanguage":"fr-FR","potentialAction":[{"@type":"ReadAction","target":["https:\/\/nutrifresh.com\/fr\/p\/couteau-de-chef\/"]}]},{"@type":"ImageObject","inLanguage":"fr-FR","@id":"https:\/\/nutrifresh.com\/fr\/p\/couteau-de-chef\/#primaryimage","url":"https:\/\/nutrifresh.com\/wp-content\/uploads\/2023\/08\/p507476_cooks_knife_16.5cm_cover2.jpg","contentUrl":"https:\/\/nutrifresh.com\/wp-content\/uploads\/2023\/08\/p507476_cooks_knife_16.5cm_cover2.jpg","width":1200,"height":1200},{"@type":"BreadcrumbList","@id":"https:\/\/nutrifresh.com\/fr\/p\/couteau-de-chef\/#breadcrumb","itemListElement":[{"@type":"ListItem","position":1,"name":"Home","item":"https:\/\/nutrifresh.com\/fr\/homepage\/"},{"@type":"ListItem","position":2,"name":"Acheter","item":"https:\/\/nutrifresh.com\/fr\/acheter\/"},{"@type":"ListItem","position":3,"name":"Couteau de Chef"}]},{"@type":"WebSite","@id":"https:\/\/nutrifresh.com\/fr\/#website","url":"https:\/\/nutrifresh.com\/fr\/","name":"Nutrifresh","description":"A fresh way to eat healthier","potentialAction":[{"@type":"SearchAction","target":{"@type":"EntryPoint","urlTemplate":"https:\/\/nutrifresh.com\/fr\/?s={search_term_string}"},"query-input":"required name=search_term_string"}],"inLanguage":"fr-FR"}]}},"_links":{"self":[{"href":"https:\/\/nutrifresh.com\/fr\/wp-json\/wp\/v2\/product\/6090","targetHints":{"allow":["GET"]}}],"collection":[{"href":"https:\/\/nutrifresh.com\/fr\/wp-json\/wp\/v2\/product"}],"about":[{"href":"https:\/\/nutrifresh.com\/fr\/wp-json\/wp\/v2\/types\/product"}],"wp:featuredmedia":[{"embeddable":true,"href":"https:\/\/nutrifresh.com\/fr\/wp-json\/wp\/v2\/media\/6091"}],"wp:attachment":[{"href":"https:\/\/nutrifresh.com\/fr\/wp-json\/wp\/v2\/media?parent=6090"}],"wp:term":[{"taxonomy":"product_cat","embeddable":true,"href":"https:\/\/nutrifresh.com\/fr\/wp-json\/wp\/v2\/product_cat?post=6090"},{"taxonomy":"product_tag","embeddable":true,"href":"https:\/\/nutrifresh.com\/fr\/wp-json\/wp\/v2\/product_tag?post=6090"}],"curies":[{"name":"wp","href":"https:\/\/api.w.org\/{rel}","templated":true}]}}