{"id":6095,"date":"2023-08-02T14:41:57","date_gmt":"2023-08-02T14:41:57","guid":{"rendered":"https:\/\/nutrifresh.com\/p\/mixeur-plongeant\/"},"modified":"2023-09-04T13:47:26","modified_gmt":"2023-09-04T13:47:26","slug":"mixeur-plongeant","status":"publish","type":"product","link":"https:\/\/nutrifresh.com\/fr\/p\/mixeur-plongeant\/","title":{"rendered":"Mixeur plongeant"},"content":{"rendered":"<p>Avec un puissant moteur de 600 watts et des lames en acier inoxydable \u00e0 double action, le mixeur plongeant nutrifresh\u2122 offre un r\u00e9sultat lisse et uniforme en quelques secondes. Gr\u00e2ce \u00e0 sa vitesse r\u00e9glable, sa poign\u00e9e ergonomique au toucher doux et son bouton turbo, il est facile \u00e0 utiliser et convient \u00e0 toutes les recettes. Le pied amovible passe au lave-vaisselle.<\/p>\n","protected":false},"excerpt":{"rendered":"<p>Faites mouliner votre cr\u00e9ativit\u00e9<\/p>\n","protected":false},"featured_media":6096,"template":"","meta":{"inline_featured_image":false},"product_cat":[111],"product_tag":[],"class_list":{"0":"post-6095","1":"product","2":"type-product","3":"status-publish","4":"has-post-thumbnail","6":"product_cat-food-prep-fr","8":"first","9":"outofstock","10":"shipping-taxable","11":"purchasable","12":"product-type-simple"},"acf":[],"yoast_head":"<!-- This site is optimized with the Yoast SEO plugin v23.2 - https:\/\/yoast.com\/wordpress\/plugins\/seo\/ -->\n<title>Blender | nutrifresh<\/title>\n<meta name=\"description\" content=\"Avec un puissant moteur de 600 watts et des lames en acier inoxydable, le mixeur plongeant nutrifresh\u2122 permet d&#039;obtenir un r\u00e9sultat lisse rapidement.\" \/>\n<meta name=\"robots\" content=\"index, follow, max-snippet:-1, max-image-preview:large, max-video-preview:-1\" \/>\n<link rel=\"canonical\" href=\"https:\/\/nutrifresh.com\/fr\/p\/mixeur-plongeant\/\" \/>\n<meta property=\"og:locale\" content=\"fr_FR\" \/>\n<meta property=\"og:type\" content=\"article\" \/>\n<meta property=\"og:title\" content=\"Blender | nutrifresh\" \/>\n<meta property=\"og:description\" content=\"Avec un puissant moteur de 600 watts et des lames en acier inoxydable, le mixeur plongeant nutrifresh\u2122 permet d&#039;obtenir un r\u00e9sultat lisse rapidement.\" \/>\n<meta property=\"og:url\" content=\"https:\/\/nutrifresh.com\/fr\/p\/mixeur-plongeant\/\" \/>\n<meta property=\"og:site_name\" content=\"Nutrifresh\" \/>\n<meta property=\"article:modified_time\" content=\"2023-09-04T13:47:26+00:00\" \/>\n<meta property=\"og:image\" content=\"https:\/\/nutrifresh.com\/wp-content\/uploads\/2023\/08\/p508399_4_in_1_spiralizer_hand_blender_whisk_group.jpg\" \/>\n\t<meta property=\"og:image:width\" content=\"1200\" \/>\n\t<meta property=\"og:image:height\" content=\"1200\" \/>\n\t<meta property=\"og:image:type\" content=\"image\/jpeg\" \/>\n<meta name=\"twitter:card\" content=\"summary_large_image\" \/>\n<meta name=\"twitter:label1\" content=\"Dur\u00e9e de lecture estim\u00e9e\" \/>\n\t<meta name=\"twitter:data1\" content=\"1 minute\" \/>\n<script type=\"application\/ld+json\" class=\"yoast-schema-graph\">{\"@context\":\"https:\/\/schema.org\",\"@graph\":[{\"@type\":\"WebPage\",\"@id\":\"https:\/\/nutrifresh.com\/fr\/p\/mixeur-plongeant\/\",\"url\":\"https:\/\/nutrifresh.com\/fr\/p\/mixeur-plongeant\/\",\"name\":\"Blender | nutrifresh\",\"isPartOf\":{\"@id\":\"https:\/\/nutrifresh.com\/fr\/#website\"},\"primaryImageOfPage\":{\"@id\":\"https:\/\/nutrifresh.com\/fr\/p\/mixeur-plongeant\/#primaryimage\"},\"image\":{\"@id\":\"https:\/\/nutrifresh.com\/fr\/p\/mixeur-plongeant\/#primaryimage\"},\"thumbnailUrl\":\"https:\/\/nutrifresh.com\/wp-content\/uploads\/2023\/08\/p508399_4_in_1_spiralizer_hand_blender_whisk_group.jpg\",\"datePublished\":\"2023-08-02T14:41:57+00:00\",\"dateModified\":\"2023-09-04T13:47:26+00:00\",\"description\":\"Avec un puissant moteur de 600 watts et des lames en acier inoxydable, le mixeur plongeant nutrifresh\u2122 permet d'obtenir un r\u00e9sultat lisse rapidement.\",\"breadcrumb\":{\"@id\":\"https:\/\/nutrifresh.com\/fr\/p\/mixeur-plongeant\/#breadcrumb\"},\"inLanguage\":\"fr-FR\",\"potentialAction\":[{\"@type\":\"ReadAction\",\"target\":[\"https:\/\/nutrifresh.com\/fr\/p\/mixeur-plongeant\/\"]}]},{\"@type\":\"ImageObject\",\"inLanguage\":\"fr-FR\",\"@id\":\"https:\/\/nutrifresh.com\/fr\/p\/mixeur-plongeant\/#primaryimage\",\"url\":\"https:\/\/nutrifresh.com\/wp-content\/uploads\/2023\/08\/p508399_4_in_1_spiralizer_hand_blender_whisk_group.jpg\",\"contentUrl\":\"https:\/\/nutrifresh.com\/wp-content\/uploads\/2023\/08\/p508399_4_in_1_spiralizer_hand_blender_whisk_group.jpg\",\"width\":1200,\"height\":1200},{\"@type\":\"BreadcrumbList\",\"@id\":\"https:\/\/nutrifresh.com\/fr\/p\/mixeur-plongeant\/#breadcrumb\",\"itemListElement\":[{\"@type\":\"ListItem\",\"position\":1,\"name\":\"Home\",\"item\":\"https:\/\/nutrifresh.com\/fr\/homepage\/\"},{\"@type\":\"ListItem\",\"position\":2,\"name\":\"Acheter\",\"item\":\"https:\/\/nutrifresh.com\/fr\/acheter\/\"},{\"@type\":\"ListItem\",\"position\":3,\"name\":\"Mixeur plongeant\"}]},{\"@type\":\"WebSite\",\"@id\":\"https:\/\/nutrifresh.com\/fr\/#website\",\"url\":\"https:\/\/nutrifresh.com\/fr\/\",\"name\":\"Nutrifresh\",\"description\":\"A fresh way to eat healthier\",\"potentialAction\":[{\"@type\":\"SearchAction\",\"target\":{\"@type\":\"EntryPoint\",\"urlTemplate\":\"https:\/\/nutrifresh.com\/fr\/?s={search_term_string}\"},\"query-input\":\"required name=search_term_string\"}],\"inLanguage\":\"fr-FR\"}]}<\/script>\n<!-- \/ Yoast SEO plugin. -->","yoast_head_json":{"title":"Blender | nutrifresh","description":"Avec un puissant moteur de 600 watts et des lames en acier inoxydable, le mixeur plongeant nutrifresh\u2122 permet d'obtenir un r\u00e9sultat lisse rapidement.","robots":{"index":"index","follow":"follow","max-snippet":"max-snippet:-1","max-image-preview":"max-image-preview:large","max-video-preview":"max-video-preview:-1"},"canonical":"https:\/\/nutrifresh.com\/fr\/p\/mixeur-plongeant\/","og_locale":"fr_FR","og_type":"article","og_title":"Blender | nutrifresh","og_description":"Avec un puissant moteur de 600 watts et des lames en acier inoxydable, le mixeur plongeant nutrifresh\u2122 permet d'obtenir un r\u00e9sultat lisse rapidement.","og_url":"https:\/\/nutrifresh.com\/fr\/p\/mixeur-plongeant\/","og_site_name":"Nutrifresh","article_modified_time":"2023-09-04T13:47:26+00:00","og_image":[{"width":1200,"height":1200,"url":"https:\/\/nutrifresh.com\/wp-content\/uploads\/2023\/08\/p508399_4_in_1_spiralizer_hand_blender_whisk_group.jpg","type":"image\/jpeg"}],"twitter_card":"summary_large_image","twitter_misc":{"Dur\u00e9e de lecture estim\u00e9e":"1 minute"},"schema":{"@context":"https:\/\/schema.org","@graph":[{"@type":"WebPage","@id":"https:\/\/nutrifresh.com\/fr\/p\/mixeur-plongeant\/","url":"https:\/\/nutrifresh.com\/fr\/p\/mixeur-plongeant\/","name":"Blender | nutrifresh","isPartOf":{"@id":"https:\/\/nutrifresh.com\/fr\/#website"},"primaryImageOfPage":{"@id":"https:\/\/nutrifresh.com\/fr\/p\/mixeur-plongeant\/#primaryimage"},"image":{"@id":"https:\/\/nutrifresh.com\/fr\/p\/mixeur-plongeant\/#primaryimage"},"thumbnailUrl":"https:\/\/nutrifresh.com\/wp-content\/uploads\/2023\/08\/p508399_4_in_1_spiralizer_hand_blender_whisk_group.jpg","datePublished":"2023-08-02T14:41:57+00:00","dateModified":"2023-09-04T13:47:26+00:00","description":"Avec un puissant moteur de 600 watts et des lames en acier inoxydable, le mixeur plongeant nutrifresh\u2122 permet d'obtenir un r\u00e9sultat lisse rapidement.","breadcrumb":{"@id":"https:\/\/nutrifresh.com\/fr\/p\/mixeur-plongeant\/#breadcrumb"},"inLanguage":"fr-FR","potentialAction":[{"@type":"ReadAction","target":["https:\/\/nutrifresh.com\/fr\/p\/mixeur-plongeant\/"]}]},{"@type":"ImageObject","inLanguage":"fr-FR","@id":"https:\/\/nutrifresh.com\/fr\/p\/mixeur-plongeant\/#primaryimage","url":"https:\/\/nutrifresh.com\/wp-content\/uploads\/2023\/08\/p508399_4_in_1_spiralizer_hand_blender_whisk_group.jpg","contentUrl":"https:\/\/nutrifresh.com\/wp-content\/uploads\/2023\/08\/p508399_4_in_1_spiralizer_hand_blender_whisk_group.jpg","width":1200,"height":1200},{"@type":"BreadcrumbList","@id":"https:\/\/nutrifresh.com\/fr\/p\/mixeur-plongeant\/#breadcrumb","itemListElement":[{"@type":"ListItem","position":1,"name":"Home","item":"https:\/\/nutrifresh.com\/fr\/homepage\/"},{"@type":"ListItem","position":2,"name":"Acheter","item":"https:\/\/nutrifresh.com\/fr\/acheter\/"},{"@type":"ListItem","position":3,"name":"Mixeur plongeant"}]},{"@type":"WebSite","@id":"https:\/\/nutrifresh.com\/fr\/#website","url":"https:\/\/nutrifresh.com\/fr\/","name":"Nutrifresh","description":"A fresh way to eat healthier","potentialAction":[{"@type":"SearchAction","target":{"@type":"EntryPoint","urlTemplate":"https:\/\/nutrifresh.com\/fr\/?s={search_term_string}"},"query-input":"required name=search_term_string"}],"inLanguage":"fr-FR"}]}},"_links":{"self":[{"href":"https:\/\/nutrifresh.com\/fr\/wp-json\/wp\/v2\/product\/6095","targetHints":{"allow":["GET"]}}],"collection":[{"href":"https:\/\/nutrifresh.com\/fr\/wp-json\/wp\/v2\/product"}],"about":[{"href":"https:\/\/nutrifresh.com\/fr\/wp-json\/wp\/v2\/types\/product"}],"wp:featuredmedia":[{"embeddable":true,"href":"https:\/\/nutrifresh.com\/fr\/wp-json\/wp\/v2\/media\/6096"}],"wp:attachment":[{"href":"https:\/\/nutrifresh.com\/fr\/wp-json\/wp\/v2\/media?parent=6095"}],"wp:term":[{"taxonomy":"product_cat","embeddable":true,"href":"https:\/\/nutrifresh.com\/fr\/wp-json\/wp\/v2\/product_cat?post=6095"},{"taxonomy":"product_tag","embeddable":true,"href":"https:\/\/nutrifresh.com\/fr\/wp-json\/wp\/v2\/product_tag?post=6095"}],"curies":[{"name":"wp","href":"https:\/\/api.w.org\/{rel}","templated":true}]}}