{"id":6098,"date":"2023-08-02T14:41:57","date_gmt":"2023-08-02T14:41:57","guid":{"rendered":"https:\/\/nutrifresh.com\/p\/blender\/"},"modified":"2023-09-04T13:49:18","modified_gmt":"2023-09-04T13:49:18","slug":"blender","status":"publish","type":"product","link":"https:\/\/nutrifresh.com\/fr\/p\/blender\/","title":{"rendered":"Blender"},"content":{"rendered":"<p>Avec le blender nutrifresh\u2122, vous pouvez facilement et rapidement pr\u00e9parer des boissons saines ou de d\u00e9licieux smoothies. La combinaison d&rsquo;un puissant moteur de 300 W et les incroyables 20 000 tr\/min signifient que la lame d&rsquo;extraction \u00e0 4 dents d\u00e9composera m\u00eame les fruits, l\u00e9gumes, graines et gla\u00e7ons les plus durs. R\u00e9sultat ? Une boisson nutritive et super lisse. Les lames de broyage \u00e0 2 dents suppl\u00e9mentaires permettent m\u00eame de broyer les graines, les \u00e9pices et les c\u00e9r\u00e9ales. Le blender est facile et rapide \u00e0 utiliser. Il comprend une bouteille en plastique sans BPA de 600 ml. Une simple pression sur un bouton, et vous mixez. Remplacez simplement la lame du mixeur par le couvercle et vous voil\u00e0 avec une boisson saine pr\u00eate \u00e0 \u00eatre sirot\u00e9e. Pratique sur la route pour le petit d\u00e9jeuner, le d\u00e9jeuner, avant ou apr\u00e8s l&rsquo;exercice, ou tout simplement en collation.<\/p>\n","protected":false},"excerpt":{"rendered":"<p>Des en-cas simplissimes<\/p>\n","protected":false},"featured_media":6099,"template":"","meta":{"inline_featured_image":false},"product_cat":[111],"product_tag":[],"class_list":{"0":"post-6098","1":"product","2":"type-product","3":"status-publish","4":"has-post-thumbnail","6":"product_cat-food-prep-fr","8":"first","9":"outofstock","10":"shipping-taxable","11":"purchasable","12":"product-type-simple"},"acf":[],"yoast_head":"<!-- This site is optimized with the Yoast SEO plugin v23.2 - https:\/\/yoast.com\/wordpress\/plugins\/seo\/ -->\n<title>Blender \u00e0 jus | nutrifresh<\/title>\n<meta name=\"description\" content=\"Le blender nutrifresh\u2122 permet de pr\u00e9parer facilement des boissons saines ou des smoothies. Pratique en d\u00e9placement, pour le petit-d\u00e9jeuner ou le d\u00e9jeuner.\" \/>\n<meta name=\"robots\" content=\"index, follow, max-snippet:-1, max-image-preview:large, max-video-preview:-1\" \/>\n<link rel=\"canonical\" href=\"https:\/\/nutrifresh.com\/fr\/p\/blender\/\" \/>\n<meta property=\"og:locale\" content=\"fr_FR\" \/>\n<meta property=\"og:type\" content=\"article\" \/>\n<meta property=\"og:title\" content=\"Blender \u00e0 jus | nutrifresh\" \/>\n<meta property=\"og:description\" content=\"Le blender nutrifresh\u2122 permet de pr\u00e9parer facilement des boissons saines ou des smoothies. Pratique en d\u00e9placement, pour le petit-d\u00e9jeuner ou le d\u00e9jeuner.\" \/>\n<meta property=\"og:url\" content=\"https:\/\/nutrifresh.com\/fr\/p\/blender\/\" \/>\n<meta property=\"og:site_name\" content=\"Nutrifresh\" \/>\n<meta property=\"article:modified_time\" content=\"2023-09-04T13:49:18+00:00\" \/>\n<meta property=\"og:image\" content=\"https:\/\/nutrifresh.com\/wp-content\/uploads\/2023\/08\/P509243_Juice_Blender_berries_3qtr_front.jpg\" \/>\n\t<meta property=\"og:image:width\" content=\"1200\" \/>\n\t<meta property=\"og:image:height\" content=\"1200\" \/>\n\t<meta property=\"og:image:type\" content=\"image\/jpeg\" \/>\n<meta name=\"twitter:card\" content=\"summary_large_image\" \/>\n<meta name=\"twitter:label1\" content=\"Dur\u00e9e de lecture estim\u00e9e\" \/>\n\t<meta name=\"twitter:data1\" content=\"1 minute\" \/>\n<script type=\"application\/ld+json\" class=\"yoast-schema-graph\">{\"@context\":\"https:\/\/schema.org\",\"@graph\":[{\"@type\":\"WebPage\",\"@id\":\"https:\/\/nutrifresh.com\/fr\/p\/blender\/\",\"url\":\"https:\/\/nutrifresh.com\/fr\/p\/blender\/\",\"name\":\"Blender \u00e0 jus | nutrifresh\",\"isPartOf\":{\"@id\":\"https:\/\/nutrifresh.com\/fr\/#website\"},\"primaryImageOfPage\":{\"@id\":\"https:\/\/nutrifresh.com\/fr\/p\/blender\/#primaryimage\"},\"image\":{\"@id\":\"https:\/\/nutrifresh.com\/fr\/p\/blender\/#primaryimage\"},\"thumbnailUrl\":\"https:\/\/nutrifresh.com\/wp-content\/uploads\/2023\/08\/P509243_Juice_Blender_berries_3qtr_front.jpg\",\"datePublished\":\"2023-08-02T14:41:57+00:00\",\"dateModified\":\"2023-09-04T13:49:18+00:00\",\"description\":\"Le blender nutrifresh\u2122 permet de pr\u00e9parer facilement des boissons saines ou des smoothies. Pratique en d\u00e9placement, pour le petit-d\u00e9jeuner ou le d\u00e9jeuner.\",\"breadcrumb\":{\"@id\":\"https:\/\/nutrifresh.com\/fr\/p\/blender\/#breadcrumb\"},\"inLanguage\":\"fr-FR\",\"potentialAction\":[{\"@type\":\"ReadAction\",\"target\":[\"https:\/\/nutrifresh.com\/fr\/p\/blender\/\"]}]},{\"@type\":\"ImageObject\",\"inLanguage\":\"fr-FR\",\"@id\":\"https:\/\/nutrifresh.com\/fr\/p\/blender\/#primaryimage\",\"url\":\"https:\/\/nutrifresh.com\/wp-content\/uploads\/2023\/08\/P509243_Juice_Blender_berries_3qtr_front.jpg\",\"contentUrl\":\"https:\/\/nutrifresh.com\/wp-content\/uploads\/2023\/08\/P509243_Juice_Blender_berries_3qtr_front.jpg\",\"width\":1200,\"height\":1200},{\"@type\":\"BreadcrumbList\",\"@id\":\"https:\/\/nutrifresh.com\/fr\/p\/blender\/#breadcrumb\",\"itemListElement\":[{\"@type\":\"ListItem\",\"position\":1,\"name\":\"Home\",\"item\":\"https:\/\/nutrifresh.com\/fr\/homepage\/\"},{\"@type\":\"ListItem\",\"position\":2,\"name\":\"Acheter\",\"item\":\"https:\/\/nutrifresh.com\/fr\/acheter\/\"},{\"@type\":\"ListItem\",\"position\":3,\"name\":\"Blender\"}]},{\"@type\":\"WebSite\",\"@id\":\"https:\/\/nutrifresh.com\/fr\/#website\",\"url\":\"https:\/\/nutrifresh.com\/fr\/\",\"name\":\"Nutrifresh\",\"description\":\"A fresh way to eat healthier\",\"potentialAction\":[{\"@type\":\"SearchAction\",\"target\":{\"@type\":\"EntryPoint\",\"urlTemplate\":\"https:\/\/nutrifresh.com\/fr\/?s={search_term_string}\"},\"query-input\":\"required name=search_term_string\"}],\"inLanguage\":\"fr-FR\"}]}<\/script>\n<!-- \/ Yoast SEO plugin. -->","yoast_head_json":{"title":"Blender \u00e0 jus | nutrifresh","description":"Le blender nutrifresh\u2122 permet de pr\u00e9parer facilement des boissons saines ou des smoothies. Pratique en d\u00e9placement, pour le petit-d\u00e9jeuner ou le d\u00e9jeuner.","robots":{"index":"index","follow":"follow","max-snippet":"max-snippet:-1","max-image-preview":"max-image-preview:large","max-video-preview":"max-video-preview:-1"},"canonical":"https:\/\/nutrifresh.com\/fr\/p\/blender\/","og_locale":"fr_FR","og_type":"article","og_title":"Blender \u00e0 jus | nutrifresh","og_description":"Le blender nutrifresh\u2122 permet de pr\u00e9parer facilement des boissons saines ou des smoothies. Pratique en d\u00e9placement, pour le petit-d\u00e9jeuner ou le d\u00e9jeuner.","og_url":"https:\/\/nutrifresh.com\/fr\/p\/blender\/","og_site_name":"Nutrifresh","article_modified_time":"2023-09-04T13:49:18+00:00","og_image":[{"width":1200,"height":1200,"url":"https:\/\/nutrifresh.com\/wp-content\/uploads\/2023\/08\/P509243_Juice_Blender_berries_3qtr_front.jpg","type":"image\/jpeg"}],"twitter_card":"summary_large_image","twitter_misc":{"Dur\u00e9e de lecture estim\u00e9e":"1 minute"},"schema":{"@context":"https:\/\/schema.org","@graph":[{"@type":"WebPage","@id":"https:\/\/nutrifresh.com\/fr\/p\/blender\/","url":"https:\/\/nutrifresh.com\/fr\/p\/blender\/","name":"Blender \u00e0 jus | nutrifresh","isPartOf":{"@id":"https:\/\/nutrifresh.com\/fr\/#website"},"primaryImageOfPage":{"@id":"https:\/\/nutrifresh.com\/fr\/p\/blender\/#primaryimage"},"image":{"@id":"https:\/\/nutrifresh.com\/fr\/p\/blender\/#primaryimage"},"thumbnailUrl":"https:\/\/nutrifresh.com\/wp-content\/uploads\/2023\/08\/P509243_Juice_Blender_berries_3qtr_front.jpg","datePublished":"2023-08-02T14:41:57+00:00","dateModified":"2023-09-04T13:49:18+00:00","description":"Le blender nutrifresh\u2122 permet de pr\u00e9parer facilement des boissons saines ou des smoothies. Pratique en d\u00e9placement, pour le petit-d\u00e9jeuner ou le d\u00e9jeuner.","breadcrumb":{"@id":"https:\/\/nutrifresh.com\/fr\/p\/blender\/#breadcrumb"},"inLanguage":"fr-FR","potentialAction":[{"@type":"ReadAction","target":["https:\/\/nutrifresh.com\/fr\/p\/blender\/"]}]},{"@type":"ImageObject","inLanguage":"fr-FR","@id":"https:\/\/nutrifresh.com\/fr\/p\/blender\/#primaryimage","url":"https:\/\/nutrifresh.com\/wp-content\/uploads\/2023\/08\/P509243_Juice_Blender_berries_3qtr_front.jpg","contentUrl":"https:\/\/nutrifresh.com\/wp-content\/uploads\/2023\/08\/P509243_Juice_Blender_berries_3qtr_front.jpg","width":1200,"height":1200},{"@type":"BreadcrumbList","@id":"https:\/\/nutrifresh.com\/fr\/p\/blender\/#breadcrumb","itemListElement":[{"@type":"ListItem","position":1,"name":"Home","item":"https:\/\/nutrifresh.com\/fr\/homepage\/"},{"@type":"ListItem","position":2,"name":"Acheter","item":"https:\/\/nutrifresh.com\/fr\/acheter\/"},{"@type":"ListItem","position":3,"name":"Blender"}]},{"@type":"WebSite","@id":"https:\/\/nutrifresh.com\/fr\/#website","url":"https:\/\/nutrifresh.com\/fr\/","name":"Nutrifresh","description":"A fresh way to eat healthier","potentialAction":[{"@type":"SearchAction","target":{"@type":"EntryPoint","urlTemplate":"https:\/\/nutrifresh.com\/fr\/?s={search_term_string}"},"query-input":"required name=search_term_string"}],"inLanguage":"fr-FR"}]}},"_links":{"self":[{"href":"https:\/\/nutrifresh.com\/fr\/wp-json\/wp\/v2\/product\/6098","targetHints":{"allow":["GET"]}}],"collection":[{"href":"https:\/\/nutrifresh.com\/fr\/wp-json\/wp\/v2\/product"}],"about":[{"href":"https:\/\/nutrifresh.com\/fr\/wp-json\/wp\/v2\/types\/product"}],"wp:featuredmedia":[{"embeddable":true,"href":"https:\/\/nutrifresh.com\/fr\/wp-json\/wp\/v2\/media\/6099"}],"wp:attachment":[{"href":"https:\/\/nutrifresh.com\/fr\/wp-json\/wp\/v2\/media?parent=6098"}],"wp:term":[{"taxonomy":"product_cat","embeddable":true,"href":"https:\/\/nutrifresh.com\/fr\/wp-json\/wp\/v2\/product_cat?post=6098"},{"taxonomy":"product_tag","embeddable":true,"href":"https:\/\/nutrifresh.com\/fr\/wp-json\/wp\/v2\/product_tag?post=6098"}],"curies":[{"name":"wp","href":"https:\/\/api.w.org\/{rel}","templated":true}]}}