{"id":6104,"date":"2023-08-02T14:41:57","date_gmt":"2023-08-02T14:41:57","guid":{"rendered":"https:\/\/nutrifresh.com\/p\/ciseaux-de-cuisine\/"},"modified":"2023-09-04T13:50:42","modified_gmt":"2023-09-04T13:50:42","slug":"ciseaux-de-cuisine","status":"publish","type":"product","link":"https:\/\/nutrifresh.com\/fr\/p\/ciseaux-de-cuisine\/","title":{"rendered":"Ciseaux de cuisine"},"content":{"rendered":"<div>\n<h2><span lang=\"FR\">Les ciseaux nutrifresh\u2122 comprennent des zones qui vous guident pour positionner vos mains de fa\u00e7on optimale lors de leur utilisation. Le tranchant de la lame avant permet de r\u00e9ussir des petites coupes pr\u00e9cises. Les ciseaux comprennent \u00e9galement un ouvre-bouteille int\u00e9gr\u00e9.<\/span><\/h2>\n<\/div>\n","protected":false},"excerpt":{"rendered":"<p>D\u00e9couper en un clin d&rsquo;\u0153il<\/p>\n","protected":false},"featured_media":6105,"template":"","meta":{"inline_featured_image":false},"product_cat":[111],"product_tag":[],"class_list":{"0":"post-6104","1":"product","2":"type-product","3":"status-publish","4":"has-post-thumbnail","6":"product_cat-food-prep-fr","8":"first","9":"outofstock","10":"shipping-taxable","11":"purchasable","12":"product-type-simple"},"acf":[],"yoast_head":"<!-- This site is optimized with the Yoast SEO plugin v23.2 - https:\/\/yoast.com\/wordpress\/plugins\/seo\/ -->\n<title>Ciseaux de cuisine | nutrifresh<\/title>\n<meta name=\"description\" content=\"Les ciseaux nutrifresh\u2122 avec guide vous permettent de r\u00e9aliser des coupes optimales. Dot\u00e9s d&#039;une lame tranchante et d&#039;un d\u00e9capsuleur int\u00e9gr\u00e9.\" \/>\n<meta name=\"robots\" content=\"index, follow, max-snippet:-1, max-image-preview:large, max-video-preview:-1\" \/>\n<link rel=\"canonical\" href=\"https:\/\/nutrifresh.com\/fr\/p\/ciseaux-de-cuisine\/\" \/>\n<meta property=\"og:locale\" content=\"fr_FR\" \/>\n<meta property=\"og:type\" content=\"article\" \/>\n<meta property=\"og:title\" content=\"Ciseaux de cuisine | nutrifresh\" \/>\n<meta property=\"og:description\" content=\"Les ciseaux nutrifresh\u2122 avec guide vous permettent de r\u00e9aliser des coupes optimales. Dot\u00e9s d&#039;une lame tranchante et d&#039;un d\u00e9capsuleur int\u00e9gr\u00e9.\" \/>\n<meta property=\"og:url\" content=\"https:\/\/nutrifresh.com\/fr\/p\/ciseaux-de-cuisine\/\" \/>\n<meta property=\"og:site_name\" content=\"Nutrifresh\" \/>\n<meta property=\"article:modified_time\" content=\"2023-09-04T13:50:42+00:00\" \/>\n<meta property=\"og:image\" content=\"https:\/\/nutrifresh.com\/wp-content\/uploads\/2023\/08\/P507479_Kitchen_Scissors_open.jpg\" \/>\n\t<meta property=\"og:image:width\" content=\"1200\" \/>\n\t<meta property=\"og:image:height\" content=\"1200\" \/>\n\t<meta property=\"og:image:type\" content=\"image\/jpeg\" \/>\n<meta name=\"twitter:card\" content=\"summary_large_image\" \/>\n<meta name=\"twitter:label1\" content=\"Dur\u00e9e de lecture estim\u00e9e\" \/>\n\t<meta name=\"twitter:data1\" content=\"1 minute\" \/>\n<script type=\"application\/ld+json\" class=\"yoast-schema-graph\">{\"@context\":\"https:\/\/schema.org\",\"@graph\":[{\"@type\":\"WebPage\",\"@id\":\"https:\/\/nutrifresh.com\/fr\/p\/ciseaux-de-cuisine\/\",\"url\":\"https:\/\/nutrifresh.com\/fr\/p\/ciseaux-de-cuisine\/\",\"name\":\"Ciseaux de cuisine | nutrifresh\",\"isPartOf\":{\"@id\":\"https:\/\/nutrifresh.com\/fr\/#website\"},\"primaryImageOfPage\":{\"@id\":\"https:\/\/nutrifresh.com\/fr\/p\/ciseaux-de-cuisine\/#primaryimage\"},\"image\":{\"@id\":\"https:\/\/nutrifresh.com\/fr\/p\/ciseaux-de-cuisine\/#primaryimage\"},\"thumbnailUrl\":\"https:\/\/nutrifresh.com\/wp-content\/uploads\/2023\/08\/P507479_Kitchen_Scissors_open.jpg\",\"datePublished\":\"2023-08-02T14:41:57+00:00\",\"dateModified\":\"2023-09-04T13:50:42+00:00\",\"description\":\"Les ciseaux nutrifresh\u2122 avec guide vous permettent de r\u00e9aliser des coupes optimales. Dot\u00e9s d'une lame tranchante et d'un d\u00e9capsuleur int\u00e9gr\u00e9.\",\"breadcrumb\":{\"@id\":\"https:\/\/nutrifresh.com\/fr\/p\/ciseaux-de-cuisine\/#breadcrumb\"},\"inLanguage\":\"fr-FR\",\"potentialAction\":[{\"@type\":\"ReadAction\",\"target\":[\"https:\/\/nutrifresh.com\/fr\/p\/ciseaux-de-cuisine\/\"]}]},{\"@type\":\"ImageObject\",\"inLanguage\":\"fr-FR\",\"@id\":\"https:\/\/nutrifresh.com\/fr\/p\/ciseaux-de-cuisine\/#primaryimage\",\"url\":\"https:\/\/nutrifresh.com\/wp-content\/uploads\/2023\/08\/P507479_Kitchen_Scissors_open.jpg\",\"contentUrl\":\"https:\/\/nutrifresh.com\/wp-content\/uploads\/2023\/08\/P507479_Kitchen_Scissors_open.jpg\",\"width\":1200,\"height\":1200},{\"@type\":\"BreadcrumbList\",\"@id\":\"https:\/\/nutrifresh.com\/fr\/p\/ciseaux-de-cuisine\/#breadcrumb\",\"itemListElement\":[{\"@type\":\"ListItem\",\"position\":1,\"name\":\"Home\",\"item\":\"https:\/\/nutrifresh.com\/fr\/homepage\/\"},{\"@type\":\"ListItem\",\"position\":2,\"name\":\"Acheter\",\"item\":\"https:\/\/nutrifresh.com\/fr\/acheter\/\"},{\"@type\":\"ListItem\",\"position\":3,\"name\":\"Ciseaux de cuisine\"}]},{\"@type\":\"WebSite\",\"@id\":\"https:\/\/nutrifresh.com\/fr\/#website\",\"url\":\"https:\/\/nutrifresh.com\/fr\/\",\"name\":\"Nutrifresh\",\"description\":\"A fresh way to eat healthier\",\"potentialAction\":[{\"@type\":\"SearchAction\",\"target\":{\"@type\":\"EntryPoint\",\"urlTemplate\":\"https:\/\/nutrifresh.com\/fr\/?s={search_term_string}\"},\"query-input\":\"required name=search_term_string\"}],\"inLanguage\":\"fr-FR\"}]}<\/script>\n<!-- \/ Yoast SEO plugin. -->","yoast_head_json":{"title":"Ciseaux de cuisine | nutrifresh","description":"Les ciseaux nutrifresh\u2122 avec guide vous permettent de r\u00e9aliser des coupes optimales. Dot\u00e9s d'une lame tranchante et d'un d\u00e9capsuleur int\u00e9gr\u00e9.","robots":{"index":"index","follow":"follow","max-snippet":"max-snippet:-1","max-image-preview":"max-image-preview:large","max-video-preview":"max-video-preview:-1"},"canonical":"https:\/\/nutrifresh.com\/fr\/p\/ciseaux-de-cuisine\/","og_locale":"fr_FR","og_type":"article","og_title":"Ciseaux de cuisine | nutrifresh","og_description":"Les ciseaux nutrifresh\u2122 avec guide vous permettent de r\u00e9aliser des coupes optimales. Dot\u00e9s d'une lame tranchante et d'un d\u00e9capsuleur int\u00e9gr\u00e9.","og_url":"https:\/\/nutrifresh.com\/fr\/p\/ciseaux-de-cuisine\/","og_site_name":"Nutrifresh","article_modified_time":"2023-09-04T13:50:42+00:00","og_image":[{"width":1200,"height":1200,"url":"https:\/\/nutrifresh.com\/wp-content\/uploads\/2023\/08\/P507479_Kitchen_Scissors_open.jpg","type":"image\/jpeg"}],"twitter_card":"summary_large_image","twitter_misc":{"Dur\u00e9e de lecture estim\u00e9e":"1 minute"},"schema":{"@context":"https:\/\/schema.org","@graph":[{"@type":"WebPage","@id":"https:\/\/nutrifresh.com\/fr\/p\/ciseaux-de-cuisine\/","url":"https:\/\/nutrifresh.com\/fr\/p\/ciseaux-de-cuisine\/","name":"Ciseaux de cuisine | nutrifresh","isPartOf":{"@id":"https:\/\/nutrifresh.com\/fr\/#website"},"primaryImageOfPage":{"@id":"https:\/\/nutrifresh.com\/fr\/p\/ciseaux-de-cuisine\/#primaryimage"},"image":{"@id":"https:\/\/nutrifresh.com\/fr\/p\/ciseaux-de-cuisine\/#primaryimage"},"thumbnailUrl":"https:\/\/nutrifresh.com\/wp-content\/uploads\/2023\/08\/P507479_Kitchen_Scissors_open.jpg","datePublished":"2023-08-02T14:41:57+00:00","dateModified":"2023-09-04T13:50:42+00:00","description":"Les ciseaux nutrifresh\u2122 avec guide vous permettent de r\u00e9aliser des coupes optimales. Dot\u00e9s d'une lame tranchante et d'un d\u00e9capsuleur int\u00e9gr\u00e9.","breadcrumb":{"@id":"https:\/\/nutrifresh.com\/fr\/p\/ciseaux-de-cuisine\/#breadcrumb"},"inLanguage":"fr-FR","potentialAction":[{"@type":"ReadAction","target":["https:\/\/nutrifresh.com\/fr\/p\/ciseaux-de-cuisine\/"]}]},{"@type":"ImageObject","inLanguage":"fr-FR","@id":"https:\/\/nutrifresh.com\/fr\/p\/ciseaux-de-cuisine\/#primaryimage","url":"https:\/\/nutrifresh.com\/wp-content\/uploads\/2023\/08\/P507479_Kitchen_Scissors_open.jpg","contentUrl":"https:\/\/nutrifresh.com\/wp-content\/uploads\/2023\/08\/P507479_Kitchen_Scissors_open.jpg","width":1200,"height":1200},{"@type":"BreadcrumbList","@id":"https:\/\/nutrifresh.com\/fr\/p\/ciseaux-de-cuisine\/#breadcrumb","itemListElement":[{"@type":"ListItem","position":1,"name":"Home","item":"https:\/\/nutrifresh.com\/fr\/homepage\/"},{"@type":"ListItem","position":2,"name":"Acheter","item":"https:\/\/nutrifresh.com\/fr\/acheter\/"},{"@type":"ListItem","position":3,"name":"Ciseaux de cuisine"}]},{"@type":"WebSite","@id":"https:\/\/nutrifresh.com\/fr\/#website","url":"https:\/\/nutrifresh.com\/fr\/","name":"Nutrifresh","description":"A fresh way to eat healthier","potentialAction":[{"@type":"SearchAction","target":{"@type":"EntryPoint","urlTemplate":"https:\/\/nutrifresh.com\/fr\/?s={search_term_string}"},"query-input":"required name=search_term_string"}],"inLanguage":"fr-FR"}]}},"_links":{"self":[{"href":"https:\/\/nutrifresh.com\/fr\/wp-json\/wp\/v2\/product\/6104","targetHints":{"allow":["GET"]}}],"collection":[{"href":"https:\/\/nutrifresh.com\/fr\/wp-json\/wp\/v2\/product"}],"about":[{"href":"https:\/\/nutrifresh.com\/fr\/wp-json\/wp\/v2\/types\/product"}],"wp:featuredmedia":[{"embeddable":true,"href":"https:\/\/nutrifresh.com\/fr\/wp-json\/wp\/v2\/media\/6105"}],"wp:attachment":[{"href":"https:\/\/nutrifresh.com\/fr\/wp-json\/wp\/v2\/media?parent=6104"}],"wp:term":[{"taxonomy":"product_cat","embeddable":true,"href":"https:\/\/nutrifresh.com\/fr\/wp-json\/wp\/v2\/product_cat?post=6104"},{"taxonomy":"product_tag","embeddable":true,"href":"https:\/\/nutrifresh.com\/fr\/wp-json\/wp\/v2\/product_tag?post=6104"}],"curies":[{"name":"wp","href":"https:\/\/api.w.org\/{rel}","templated":true}]}}