{"id":6108,"date":"2023-08-02T14:41:57","date_gmt":"2023-08-02T14:41:57","guid":{"rendered":"https:\/\/nutrifresh.com\/p\/epluche-legumes-et-eplucheur-a-julienne\/"},"modified":"2023-09-04T13:54:07","modified_gmt":"2023-09-04T13:54:07","slug":"epluche-legumes-et-eplucheur-a-julienne","status":"publish","type":"product","link":"https:\/\/nutrifresh.com\/fr\/p\/epluche-legumes-et-eplucheur-a-julienne\/","title":{"rendered":"\u00c9pluche-l\u00e9gumes et \u00e9plucheur \u00e0 julienne"},"content":{"rendered":"<p>Gr\u00e2ce \u00e0 la fixation innovante \u00e0 ba\u00efonnette, les t\u00eates des \u00e9plucheurs sont facilement interchangeables. La t\u00eate de l&rsquo;\u00e9pluche-l\u00e9gumes<br \/>\ncomporte une lame droite pour \u00e9plucher en toute s\u00e9curit\u00e9. Les t\u00eates pivotantes s&rsquo;adaptent aux reliefs des surfaces alimentaires et permettent de contr\u00f4ler l&rsquo;\u00e9pluchage. La t\u00eate de l&rsquo;\u00e9plucheur en Y comprend une lame \u00e0 julienne. Cet \u00e9plucheur puissant int\u00e8gre aussi un zesteur \u00e0 la base du manche.<\/p>\n","protected":false},"excerpt":{"rendered":"<p>Une polyvalence hors-pair<\/p>\n","protected":false},"featured_media":6109,"template":"","meta":{"inline_featured_image":false},"product_cat":[111],"product_tag":[],"class_list":{"0":"post-6108","1":"product","2":"type-product","3":"status-publish","4":"has-post-thumbnail","6":"product_cat-food-prep-fr","8":"first","9":"outofstock","10":"shipping-taxable","11":"purchasable","12":"product-type-simple"},"acf":[],"yoast_head":"<!-- This site is optimized with the Yoast SEO plugin v23.2 - https:\/\/yoast.com\/wordpress\/plugins\/seo\/ -->\n<title>Epluche-l\u00e9gumes et \u00e0 julienne | nutrifresh<\/title>\n<meta name=\"description\" content=\"La t\u00eate de l&#039;\u00e9plucheur est dot\u00e9e d&#039;une lame droite pour \u00e9plucher en toute s\u00e9curit\u00e9 &amp; d\u2019une lame \u00e0 julienne. Livr\u00e9 avec un zesteur \u00e0 la base du manche.\" \/>\n<meta name=\"robots\" content=\"index, follow, max-snippet:-1, max-image-preview:large, max-video-preview:-1\" \/>\n<link rel=\"canonical\" href=\"https:\/\/nutrifresh.com\/fr\/p\/epluche-legumes-et-eplucheur-a-julienne\/\" \/>\n<meta property=\"og:locale\" content=\"fr_FR\" \/>\n<meta property=\"og:type\" content=\"article\" \/>\n<meta property=\"og:title\" content=\"Epluche-l\u00e9gumes et \u00e0 julienne | nutrifresh\" \/>\n<meta property=\"og:description\" content=\"La t\u00eate de l&#039;\u00e9plucheur est dot\u00e9e d&#039;une lame droite pour \u00e9plucher en toute s\u00e9curit\u00e9 &amp; d\u2019une lame \u00e0 julienne. Livr\u00e9 avec un zesteur \u00e0 la base du manche.\" \/>\n<meta property=\"og:url\" content=\"https:\/\/nutrifresh.com\/fr\/p\/epluche-legumes-et-eplucheur-a-julienne\/\" \/>\n<meta property=\"og:site_name\" content=\"Nutrifresh\" \/>\n<meta property=\"article:modified_time\" content=\"2023-09-04T13:54:07+00:00\" \/>\n<meta property=\"og:image\" content=\"https:\/\/nutrifresh.com\/wp-content\/uploads\/2023\/08\/p507480_peeler_and_julienne_oh_.jpg\" \/>\n\t<meta property=\"og:image:width\" content=\"1200\" \/>\n\t<meta property=\"og:image:height\" content=\"1200\" \/>\n\t<meta property=\"og:image:type\" content=\"image\/jpeg\" \/>\n<meta name=\"twitter:card\" content=\"summary_large_image\" \/>\n<meta name=\"twitter:label1\" content=\"Dur\u00e9e de lecture estim\u00e9e\" \/>\n\t<meta name=\"twitter:data1\" content=\"1 minute\" \/>\n<script type=\"application\/ld+json\" class=\"yoast-schema-graph\">{\"@context\":\"https:\/\/schema.org\",\"@graph\":[{\"@type\":\"WebPage\",\"@id\":\"https:\/\/nutrifresh.com\/fr\/p\/epluche-legumes-et-eplucheur-a-julienne\/\",\"url\":\"https:\/\/nutrifresh.com\/fr\/p\/epluche-legumes-et-eplucheur-a-julienne\/\",\"name\":\"Epluche-l\u00e9gumes et \u00e0 julienne | nutrifresh\",\"isPartOf\":{\"@id\":\"https:\/\/nutrifresh.com\/fr\/#website\"},\"primaryImageOfPage\":{\"@id\":\"https:\/\/nutrifresh.com\/fr\/p\/epluche-legumes-et-eplucheur-a-julienne\/#primaryimage\"},\"image\":{\"@id\":\"https:\/\/nutrifresh.com\/fr\/p\/epluche-legumes-et-eplucheur-a-julienne\/#primaryimage\"},\"thumbnailUrl\":\"https:\/\/nutrifresh.com\/wp-content\/uploads\/2023\/08\/p507480_peeler_and_julienne_oh_.jpg\",\"datePublished\":\"2023-08-02T14:41:57+00:00\",\"dateModified\":\"2023-09-04T13:54:07+00:00\",\"description\":\"La t\u00eate de l'\u00e9plucheur est dot\u00e9e d'une lame droite pour \u00e9plucher en toute s\u00e9curit\u00e9 & d\u2019une lame \u00e0 julienne. Livr\u00e9 avec un zesteur \u00e0 la base du manche.\",\"breadcrumb\":{\"@id\":\"https:\/\/nutrifresh.com\/fr\/p\/epluche-legumes-et-eplucheur-a-julienne\/#breadcrumb\"},\"inLanguage\":\"fr-FR\",\"potentialAction\":[{\"@type\":\"ReadAction\",\"target\":[\"https:\/\/nutrifresh.com\/fr\/p\/epluche-legumes-et-eplucheur-a-julienne\/\"]}]},{\"@type\":\"ImageObject\",\"inLanguage\":\"fr-FR\",\"@id\":\"https:\/\/nutrifresh.com\/fr\/p\/epluche-legumes-et-eplucheur-a-julienne\/#primaryimage\",\"url\":\"https:\/\/nutrifresh.com\/wp-content\/uploads\/2023\/08\/p507480_peeler_and_julienne_oh_.jpg\",\"contentUrl\":\"https:\/\/nutrifresh.com\/wp-content\/uploads\/2023\/08\/p507480_peeler_and_julienne_oh_.jpg\",\"width\":1200,\"height\":1200},{\"@type\":\"BreadcrumbList\",\"@id\":\"https:\/\/nutrifresh.com\/fr\/p\/epluche-legumes-et-eplucheur-a-julienne\/#breadcrumb\",\"itemListElement\":[{\"@type\":\"ListItem\",\"position\":1,\"name\":\"Home\",\"item\":\"https:\/\/nutrifresh.com\/fr\/homepage\/\"},{\"@type\":\"ListItem\",\"position\":2,\"name\":\"Acheter\",\"item\":\"https:\/\/nutrifresh.com\/fr\/acheter\/\"},{\"@type\":\"ListItem\",\"position\":3,\"name\":\"\u00c9pluche-l\u00e9gumes et \u00e9plucheur \u00e0 julienne\"}]},{\"@type\":\"WebSite\",\"@id\":\"https:\/\/nutrifresh.com\/fr\/#website\",\"url\":\"https:\/\/nutrifresh.com\/fr\/\",\"name\":\"Nutrifresh\",\"description\":\"A fresh way to eat healthier\",\"potentialAction\":[{\"@type\":\"SearchAction\",\"target\":{\"@type\":\"EntryPoint\",\"urlTemplate\":\"https:\/\/nutrifresh.com\/fr\/?s={search_term_string}\"},\"query-input\":\"required name=search_term_string\"}],\"inLanguage\":\"fr-FR\"}]}<\/script>\n<!-- \/ Yoast SEO plugin. -->","yoast_head_json":{"title":"Epluche-l\u00e9gumes et \u00e0 julienne | nutrifresh","description":"La t\u00eate de l'\u00e9plucheur est dot\u00e9e d'une lame droite pour \u00e9plucher en toute s\u00e9curit\u00e9 & d\u2019une lame \u00e0 julienne. Livr\u00e9 avec un zesteur \u00e0 la base du manche.","robots":{"index":"index","follow":"follow","max-snippet":"max-snippet:-1","max-image-preview":"max-image-preview:large","max-video-preview":"max-video-preview:-1"},"canonical":"https:\/\/nutrifresh.com\/fr\/p\/epluche-legumes-et-eplucheur-a-julienne\/","og_locale":"fr_FR","og_type":"article","og_title":"Epluche-l\u00e9gumes et \u00e0 julienne | nutrifresh","og_description":"La t\u00eate de l'\u00e9plucheur est dot\u00e9e d'une lame droite pour \u00e9plucher en toute s\u00e9curit\u00e9 & d\u2019une lame \u00e0 julienne. Livr\u00e9 avec un zesteur \u00e0 la base du manche.","og_url":"https:\/\/nutrifresh.com\/fr\/p\/epluche-legumes-et-eplucheur-a-julienne\/","og_site_name":"Nutrifresh","article_modified_time":"2023-09-04T13:54:07+00:00","og_image":[{"width":1200,"height":1200,"url":"https:\/\/nutrifresh.com\/wp-content\/uploads\/2023\/08\/p507480_peeler_and_julienne_oh_.jpg","type":"image\/jpeg"}],"twitter_card":"summary_large_image","twitter_misc":{"Dur\u00e9e de lecture estim\u00e9e":"1 minute"},"schema":{"@context":"https:\/\/schema.org","@graph":[{"@type":"WebPage","@id":"https:\/\/nutrifresh.com\/fr\/p\/epluche-legumes-et-eplucheur-a-julienne\/","url":"https:\/\/nutrifresh.com\/fr\/p\/epluche-legumes-et-eplucheur-a-julienne\/","name":"Epluche-l\u00e9gumes et \u00e0 julienne | nutrifresh","isPartOf":{"@id":"https:\/\/nutrifresh.com\/fr\/#website"},"primaryImageOfPage":{"@id":"https:\/\/nutrifresh.com\/fr\/p\/epluche-legumes-et-eplucheur-a-julienne\/#primaryimage"},"image":{"@id":"https:\/\/nutrifresh.com\/fr\/p\/epluche-legumes-et-eplucheur-a-julienne\/#primaryimage"},"thumbnailUrl":"https:\/\/nutrifresh.com\/wp-content\/uploads\/2023\/08\/p507480_peeler_and_julienne_oh_.jpg","datePublished":"2023-08-02T14:41:57+00:00","dateModified":"2023-09-04T13:54:07+00:00","description":"La t\u00eate de l'\u00e9plucheur est dot\u00e9e d'une lame droite pour \u00e9plucher en toute s\u00e9curit\u00e9 & d\u2019une lame \u00e0 julienne. Livr\u00e9 avec un zesteur \u00e0 la base du manche.","breadcrumb":{"@id":"https:\/\/nutrifresh.com\/fr\/p\/epluche-legumes-et-eplucheur-a-julienne\/#breadcrumb"},"inLanguage":"fr-FR","potentialAction":[{"@type":"ReadAction","target":["https:\/\/nutrifresh.com\/fr\/p\/epluche-legumes-et-eplucheur-a-julienne\/"]}]},{"@type":"ImageObject","inLanguage":"fr-FR","@id":"https:\/\/nutrifresh.com\/fr\/p\/epluche-legumes-et-eplucheur-a-julienne\/#primaryimage","url":"https:\/\/nutrifresh.com\/wp-content\/uploads\/2023\/08\/p507480_peeler_and_julienne_oh_.jpg","contentUrl":"https:\/\/nutrifresh.com\/wp-content\/uploads\/2023\/08\/p507480_peeler_and_julienne_oh_.jpg","width":1200,"height":1200},{"@type":"BreadcrumbList","@id":"https:\/\/nutrifresh.com\/fr\/p\/epluche-legumes-et-eplucheur-a-julienne\/#breadcrumb","itemListElement":[{"@type":"ListItem","position":1,"name":"Home","item":"https:\/\/nutrifresh.com\/fr\/homepage\/"},{"@type":"ListItem","position":2,"name":"Acheter","item":"https:\/\/nutrifresh.com\/fr\/acheter\/"},{"@type":"ListItem","position":3,"name":"\u00c9pluche-l\u00e9gumes et \u00e9plucheur \u00e0 julienne"}]},{"@type":"WebSite","@id":"https:\/\/nutrifresh.com\/fr\/#website","url":"https:\/\/nutrifresh.com\/fr\/","name":"Nutrifresh","description":"A fresh way to eat healthier","potentialAction":[{"@type":"SearchAction","target":{"@type":"EntryPoint","urlTemplate":"https:\/\/nutrifresh.com\/fr\/?s={search_term_string}"},"query-input":"required name=search_term_string"}],"inLanguage":"fr-FR"}]}},"_links":{"self":[{"href":"https:\/\/nutrifresh.com\/fr\/wp-json\/wp\/v2\/product\/6108","targetHints":{"allow":["GET"]}}],"collection":[{"href":"https:\/\/nutrifresh.com\/fr\/wp-json\/wp\/v2\/product"}],"about":[{"href":"https:\/\/nutrifresh.com\/fr\/wp-json\/wp\/v2\/types\/product"}],"wp:featuredmedia":[{"embeddable":true,"href":"https:\/\/nutrifresh.com\/fr\/wp-json\/wp\/v2\/media\/6109"}],"wp:attachment":[{"href":"https:\/\/nutrifresh.com\/fr\/wp-json\/wp\/v2\/media?parent=6108"}],"wp:term":[{"taxonomy":"product_cat","embeddable":true,"href":"https:\/\/nutrifresh.com\/fr\/wp-json\/wp\/v2\/product_cat?post=6108"},{"taxonomy":"product_tag","embeddable":true,"href":"https:\/\/nutrifresh.com\/fr\/wp-json\/wp\/v2\/product_tag?post=6108"}],"curies":[{"name":"wp","href":"https:\/\/api.w.org\/{rel}","templated":true}]}}