{"id":6111,"date":"2023-08-02T14:41:57","date_gmt":"2023-08-02T14:41:57","guid":{"rendered":"https:\/\/nutrifresh.com\/p\/couteau-multi-usages-dentele\/"},"modified":"2023-09-04T14:46:04","modified_gmt":"2023-09-04T14:46:04","slug":"couteau-multi-usages-dentele","status":"publish","type":"product","link":"https:\/\/nutrifresh.com\/fr\/p\/couteau-multi-usages-dentele\/","title":{"rendered":"Couteau multi-usages dentel\u00e9"},"content":{"rendered":"<p>C&rsquo;est un excellent couteau polyvalent, en particulier pour les aliments plus simples \u00e0 \u00e9plucher type pomme de terre ou courgette par exemple. La lame dentel\u00e9e reste aff\u00fbt\u00e9e plus longtemps et le manche en ABS est r\u00e9sistant. Sa forme a \u00e9t\u00e9 sp\u00e9cialement d\u00e9velopp\u00e9e pour une prise en main plus confortable. La finition du couvre-lame en polypropyl\u00e8ne prot\u00e8ge le bord de la lame et la garde aff\u00fbt\u00e9e plus longtemps.<\/p>\n","protected":false},"excerpt":{"rendered":"<p>Parfait pour de multiples usages<\/p>\n","protected":false},"featured_media":6112,"template":"","meta":{"inline_featured_image":false},"product_cat":[111],"product_tag":[],"class_list":{"0":"post-6111","1":"product","2":"type-product","3":"status-publish","4":"has-post-thumbnail","6":"product_cat-food-prep-fr","8":"first","9":"outofstock","10":"shipping-taxable","11":"purchasable","12":"product-type-simple"},"acf":[],"yoast_head":"<!-- This site is optimized with the Yoast SEO plugin v23.2 - https:\/\/yoast.com\/wordpress\/plugins\/seo\/ -->\n<title>Couteau multi-usages dentel\u00e9 | nutrifresh<\/title>\n<meta name=\"description\" content=\"Un couteau polyvalent sp\u00e9cialement con\u00e7u pour une prise en main plus confortable. Comprend un couvre-lame de protection en polypropyl\u00e8ne.\" \/>\n<meta name=\"robots\" content=\"index, follow, max-snippet:-1, max-image-preview:large, max-video-preview:-1\" \/>\n<link rel=\"canonical\" href=\"https:\/\/nutrifresh.com\/fr\/p\/couteau-multi-usages-dentele\/\" \/>\n<meta property=\"og:locale\" content=\"fr_FR\" \/>\n<meta property=\"og:type\" content=\"article\" \/>\n<meta property=\"og:title\" content=\"Couteau multi-usages dentel\u00e9 | nutrifresh\" \/>\n<meta property=\"og:description\" content=\"Un couteau polyvalent sp\u00e9cialement con\u00e7u pour une prise en main plus confortable. Comprend un couvre-lame de protection en polypropyl\u00e8ne.\" \/>\n<meta property=\"og:url\" content=\"https:\/\/nutrifresh.com\/fr\/p\/couteau-multi-usages-dentele\/\" \/>\n<meta property=\"og:site_name\" content=\"Nutrifresh\" \/>\n<meta property=\"article:modified_time\" content=\"2023-09-04T14:46:04+00:00\" \/>\n<meta property=\"og:image\" content=\"https:\/\/nutrifresh.com\/wp-content\/uploads\/2023\/08\/p507477_serrated_utility_knife_12.5cm_cover_2.jpg\" \/>\n\t<meta property=\"og:image:width\" content=\"1200\" \/>\n\t<meta property=\"og:image:height\" content=\"1200\" \/>\n\t<meta property=\"og:image:type\" content=\"image\/jpeg\" \/>\n<meta name=\"twitter:card\" content=\"summary_large_image\" \/>\n<meta name=\"twitter:label1\" content=\"Dur\u00e9e de lecture estim\u00e9e\" \/>\n\t<meta name=\"twitter:data1\" content=\"1 minute\" \/>\n<script type=\"application\/ld+json\" class=\"yoast-schema-graph\">{\"@context\":\"https:\/\/schema.org\",\"@graph\":[{\"@type\":\"WebPage\",\"@id\":\"https:\/\/nutrifresh.com\/fr\/p\/couteau-multi-usages-dentele\/\",\"url\":\"https:\/\/nutrifresh.com\/fr\/p\/couteau-multi-usages-dentele\/\",\"name\":\"Couteau multi-usages dentel\u00e9 | nutrifresh\",\"isPartOf\":{\"@id\":\"https:\/\/nutrifresh.com\/fr\/#website\"},\"primaryImageOfPage\":{\"@id\":\"https:\/\/nutrifresh.com\/fr\/p\/couteau-multi-usages-dentele\/#primaryimage\"},\"image\":{\"@id\":\"https:\/\/nutrifresh.com\/fr\/p\/couteau-multi-usages-dentele\/#primaryimage\"},\"thumbnailUrl\":\"https:\/\/nutrifresh.com\/wp-content\/uploads\/2023\/08\/p507477_serrated_utility_knife_12.5cm_cover_2.jpg\",\"datePublished\":\"2023-08-02T14:41:57+00:00\",\"dateModified\":\"2023-09-04T14:46:04+00:00\",\"description\":\"Un couteau polyvalent sp\u00e9cialement con\u00e7u pour une prise en main plus confortable. Comprend un couvre-lame de protection en polypropyl\u00e8ne.\",\"breadcrumb\":{\"@id\":\"https:\/\/nutrifresh.com\/fr\/p\/couteau-multi-usages-dentele\/#breadcrumb\"},\"inLanguage\":\"fr-FR\",\"potentialAction\":[{\"@type\":\"ReadAction\",\"target\":[\"https:\/\/nutrifresh.com\/fr\/p\/couteau-multi-usages-dentele\/\"]}]},{\"@type\":\"ImageObject\",\"inLanguage\":\"fr-FR\",\"@id\":\"https:\/\/nutrifresh.com\/fr\/p\/couteau-multi-usages-dentele\/#primaryimage\",\"url\":\"https:\/\/nutrifresh.com\/wp-content\/uploads\/2023\/08\/p507477_serrated_utility_knife_12.5cm_cover_2.jpg\",\"contentUrl\":\"https:\/\/nutrifresh.com\/wp-content\/uploads\/2023\/08\/p507477_serrated_utility_knife_12.5cm_cover_2.jpg\",\"width\":1200,\"height\":1200},{\"@type\":\"BreadcrumbList\",\"@id\":\"https:\/\/nutrifresh.com\/fr\/p\/couteau-multi-usages-dentele\/#breadcrumb\",\"itemListElement\":[{\"@type\":\"ListItem\",\"position\":1,\"name\":\"Home\",\"item\":\"https:\/\/nutrifresh.com\/fr\/homepage\/\"},{\"@type\":\"ListItem\",\"position\":2,\"name\":\"Acheter\",\"item\":\"https:\/\/nutrifresh.com\/fr\/acheter\/\"},{\"@type\":\"ListItem\",\"position\":3,\"name\":\"Couteau multi-usages dentel\u00e9\"}]},{\"@type\":\"WebSite\",\"@id\":\"https:\/\/nutrifresh.com\/fr\/#website\",\"url\":\"https:\/\/nutrifresh.com\/fr\/\",\"name\":\"Nutrifresh\",\"description\":\"A fresh way to eat healthier\",\"potentialAction\":[{\"@type\":\"SearchAction\",\"target\":{\"@type\":\"EntryPoint\",\"urlTemplate\":\"https:\/\/nutrifresh.com\/fr\/?s={search_term_string}\"},\"query-input\":\"required name=search_term_string\"}],\"inLanguage\":\"fr-FR\"}]}<\/script>\n<!-- \/ Yoast SEO plugin. -->","yoast_head_json":{"title":"Couteau multi-usages dentel\u00e9 | nutrifresh","description":"Un couteau polyvalent sp\u00e9cialement con\u00e7u pour une prise en main plus confortable. Comprend un couvre-lame de protection en polypropyl\u00e8ne.","robots":{"index":"index","follow":"follow","max-snippet":"max-snippet:-1","max-image-preview":"max-image-preview:large","max-video-preview":"max-video-preview:-1"},"canonical":"https:\/\/nutrifresh.com\/fr\/p\/couteau-multi-usages-dentele\/","og_locale":"fr_FR","og_type":"article","og_title":"Couteau multi-usages dentel\u00e9 | nutrifresh","og_description":"Un couteau polyvalent sp\u00e9cialement con\u00e7u pour une prise en main plus confortable. Comprend un couvre-lame de protection en polypropyl\u00e8ne.","og_url":"https:\/\/nutrifresh.com\/fr\/p\/couteau-multi-usages-dentele\/","og_site_name":"Nutrifresh","article_modified_time":"2023-09-04T14:46:04+00:00","og_image":[{"width":1200,"height":1200,"url":"https:\/\/nutrifresh.com\/wp-content\/uploads\/2023\/08\/p507477_serrated_utility_knife_12.5cm_cover_2.jpg","type":"image\/jpeg"}],"twitter_card":"summary_large_image","twitter_misc":{"Dur\u00e9e de lecture estim\u00e9e":"1 minute"},"schema":{"@context":"https:\/\/schema.org","@graph":[{"@type":"WebPage","@id":"https:\/\/nutrifresh.com\/fr\/p\/couteau-multi-usages-dentele\/","url":"https:\/\/nutrifresh.com\/fr\/p\/couteau-multi-usages-dentele\/","name":"Couteau multi-usages dentel\u00e9 | nutrifresh","isPartOf":{"@id":"https:\/\/nutrifresh.com\/fr\/#website"},"primaryImageOfPage":{"@id":"https:\/\/nutrifresh.com\/fr\/p\/couteau-multi-usages-dentele\/#primaryimage"},"image":{"@id":"https:\/\/nutrifresh.com\/fr\/p\/couteau-multi-usages-dentele\/#primaryimage"},"thumbnailUrl":"https:\/\/nutrifresh.com\/wp-content\/uploads\/2023\/08\/p507477_serrated_utility_knife_12.5cm_cover_2.jpg","datePublished":"2023-08-02T14:41:57+00:00","dateModified":"2023-09-04T14:46:04+00:00","description":"Un couteau polyvalent sp\u00e9cialement con\u00e7u pour une prise en main plus confortable. Comprend un couvre-lame de protection en polypropyl\u00e8ne.","breadcrumb":{"@id":"https:\/\/nutrifresh.com\/fr\/p\/couteau-multi-usages-dentele\/#breadcrumb"},"inLanguage":"fr-FR","potentialAction":[{"@type":"ReadAction","target":["https:\/\/nutrifresh.com\/fr\/p\/couteau-multi-usages-dentele\/"]}]},{"@type":"ImageObject","inLanguage":"fr-FR","@id":"https:\/\/nutrifresh.com\/fr\/p\/couteau-multi-usages-dentele\/#primaryimage","url":"https:\/\/nutrifresh.com\/wp-content\/uploads\/2023\/08\/p507477_serrated_utility_knife_12.5cm_cover_2.jpg","contentUrl":"https:\/\/nutrifresh.com\/wp-content\/uploads\/2023\/08\/p507477_serrated_utility_knife_12.5cm_cover_2.jpg","width":1200,"height":1200},{"@type":"BreadcrumbList","@id":"https:\/\/nutrifresh.com\/fr\/p\/couteau-multi-usages-dentele\/#breadcrumb","itemListElement":[{"@type":"ListItem","position":1,"name":"Home","item":"https:\/\/nutrifresh.com\/fr\/homepage\/"},{"@type":"ListItem","position":2,"name":"Acheter","item":"https:\/\/nutrifresh.com\/fr\/acheter\/"},{"@type":"ListItem","position":3,"name":"Couteau multi-usages dentel\u00e9"}]},{"@type":"WebSite","@id":"https:\/\/nutrifresh.com\/fr\/#website","url":"https:\/\/nutrifresh.com\/fr\/","name":"Nutrifresh","description":"A fresh way to eat healthier","potentialAction":[{"@type":"SearchAction","target":{"@type":"EntryPoint","urlTemplate":"https:\/\/nutrifresh.com\/fr\/?s={search_term_string}"},"query-input":"required name=search_term_string"}],"inLanguage":"fr-FR"}]}},"_links":{"self":[{"href":"https:\/\/nutrifresh.com\/fr\/wp-json\/wp\/v2\/product\/6111","targetHints":{"allow":["GET"]}}],"collection":[{"href":"https:\/\/nutrifresh.com\/fr\/wp-json\/wp\/v2\/product"}],"about":[{"href":"https:\/\/nutrifresh.com\/fr\/wp-json\/wp\/v2\/types\/product"}],"wp:featuredmedia":[{"embeddable":true,"href":"https:\/\/nutrifresh.com\/fr\/wp-json\/wp\/v2\/media\/6112"}],"wp:attachment":[{"href":"https:\/\/nutrifresh.com\/fr\/wp-json\/wp\/v2\/media?parent=6111"}],"wp:term":[{"taxonomy":"product_cat","embeddable":true,"href":"https:\/\/nutrifresh.com\/fr\/wp-json\/wp\/v2\/product_cat?post=6111"},{"taxonomy":"product_tag","embeddable":true,"href":"https:\/\/nutrifresh.com\/fr\/wp-json\/wp\/v2\/product_tag?post=6111"}],"curies":[{"name":"wp","href":"https:\/\/api.w.org\/{rel}","templated":true}]}}