{"id":7071,"date":"2023-08-03T17:24:56","date_gmt":"2023-08-03T17:24:56","guid":{"rendered":"https:\/\/nutrifresh.com\/p\/coltello-da-pane\/"},"modified":"2023-09-04T08:19:17","modified_gmt":"2023-09-04T08:19:17","slug":"coltello-da-pane","status":"publish","type":"product","link":"https:\/\/nutrifresh.com\/it\/p\/coltello-da-pane\/","title":{"rendered":"Coltello da pane"},"content":{"rendered":"<p>Oltre a essere perfetto per affettare il pane, il coltello da pane nutrifresh\u2122 Easy Prep \u00e8 uno strumento versatile in cucina. La lama seghettata e affilata su entrambi i lati rende facilissima l\u2019affettatura. Questo coltello \u00e8 ideale per tagliare torte, dolci e persino i pomodori. Appositamente progettato per durare a lungo, il coltello da pane multiuso nutrifresh\u2122 \u00e8 dotato di codolo e rivetto di alta qualit\u00e0 per fette sempre precise e perfette Il manico ergonomico \u00e8 comodo da impugnare e consente di tagliare come dei veri professionisti.<\/p>\n","protected":false},"excerpt":{"rendered":"<p>Per fette sempre perfette.<\/p>\n","protected":false},"featured_media":4686,"template":"","meta":{"inline_featured_image":false},"product_cat":[525],"product_tag":[],"class_list":{"0":"post-7071","1":"product","2":"type-product","3":"status-publish","4":"has-post-thumbnail","6":"product_cat-easy-prep-it","8":"first","9":"outofstock","10":"shipping-taxable","11":"product-type-simple"},"acf":[],"yoast_head":"<!-- This site is optimized with the Yoast SEO plugin v23.2 - https:\/\/yoast.com\/wordpress\/plugins\/seo\/ -->\n<title>Coltello da pane | nutrifresh<\/title>\n<meta name=\"description\" content=\"Il coltello da pane Easy Prep di nutrifresh \u00e8 perfetto per affettare il pane, ma anche per tagliare torte, dolci e persino verdure.\" \/>\n<meta name=\"robots\" content=\"index, follow, max-snippet:-1, max-image-preview:large, max-video-preview:-1\" \/>\n<link rel=\"canonical\" href=\"https:\/\/nutrifresh.com\/it\/p\/coltello-da-pane\/\" \/>\n<meta property=\"og:locale\" content=\"it_IT\" \/>\n<meta property=\"og:type\" content=\"article\" \/>\n<meta property=\"og:title\" content=\"Coltello da pane | nutrifresh\" \/>\n<meta property=\"og:description\" content=\"Il coltello da pane Easy Prep di nutrifresh \u00e8 perfetto per affettare il pane, ma anche per tagliare torte, dolci e persino verdure.\" \/>\n<meta property=\"og:url\" content=\"https:\/\/nutrifresh.com\/it\/p\/coltello-da-pane\/\" \/>\n<meta property=\"og:site_name\" content=\"Nutrifresh\" \/>\n<meta property=\"article:modified_time\" content=\"2023-09-04T08:19:17+00:00\" \/>\n<meta property=\"og:image\" content=\"https:\/\/nutrifresh.com\/wp-content\/uploads\/2023\/08\/P511084_19cm_Bread_Knife_front-1.jpg\" \/>\n\t<meta property=\"og:image:width\" content=\"1200\" \/>\n\t<meta property=\"og:image:height\" content=\"1200\" \/>\n\t<meta property=\"og:image:type\" content=\"image\/jpeg\" \/>\n<meta name=\"twitter:card\" content=\"summary_large_image\" \/>\n<meta name=\"twitter:label1\" content=\"Tempo di lettura stimato\" \/>\n\t<meta name=\"twitter:data1\" content=\"1 minuto\" \/>\n<script type=\"application\/ld+json\" class=\"yoast-schema-graph\">{\"@context\":\"https:\/\/schema.org\",\"@graph\":[{\"@type\":\"WebPage\",\"@id\":\"https:\/\/nutrifresh.com\/it\/p\/coltello-da-pane\/\",\"url\":\"https:\/\/nutrifresh.com\/it\/p\/coltello-da-pane\/\",\"name\":\"Coltello da pane | nutrifresh\",\"isPartOf\":{\"@id\":\"https:\/\/nutrifresh.com\/it\/#website\"},\"primaryImageOfPage\":{\"@id\":\"https:\/\/nutrifresh.com\/it\/p\/coltello-da-pane\/#primaryimage\"},\"image\":{\"@id\":\"https:\/\/nutrifresh.com\/it\/p\/coltello-da-pane\/#primaryimage\"},\"thumbnailUrl\":\"https:\/\/nutrifresh.com\/wp-content\/uploads\/2023\/08\/P511084_19cm_Bread_Knife_front-1.jpg\",\"datePublished\":\"2023-08-03T17:24:56+00:00\",\"dateModified\":\"2023-09-04T08:19:17+00:00\",\"description\":\"Il coltello da pane Easy Prep di nutrifresh \u00e8 perfetto per affettare il pane, ma anche per tagliare torte, dolci e persino verdure.\",\"breadcrumb\":{\"@id\":\"https:\/\/nutrifresh.com\/it\/p\/coltello-da-pane\/#breadcrumb\"},\"inLanguage\":\"it-IT\",\"potentialAction\":[{\"@type\":\"ReadAction\",\"target\":[\"https:\/\/nutrifresh.com\/it\/p\/coltello-da-pane\/\"]}]},{\"@type\":\"ImageObject\",\"inLanguage\":\"it-IT\",\"@id\":\"https:\/\/nutrifresh.com\/it\/p\/coltello-da-pane\/#primaryimage\",\"url\":\"https:\/\/nutrifresh.com\/wp-content\/uploads\/2023\/08\/P511084_19cm_Bread_Knife_front-1.jpg\",\"contentUrl\":\"https:\/\/nutrifresh.com\/wp-content\/uploads\/2023\/08\/P511084_19cm_Bread_Knife_front-1.jpg\",\"width\":1200,\"height\":1200},{\"@type\":\"BreadcrumbList\",\"@id\":\"https:\/\/nutrifresh.com\/it\/p\/coltello-da-pane\/#breadcrumb\",\"itemListElement\":[{\"@type\":\"ListItem\",\"position\":1,\"name\":\"Home\",\"item\":\"https:\/\/nutrifresh.com\/it\/homepage\/\"},{\"@type\":\"ListItem\",\"position\":2,\"name\":\"Acquista\",\"item\":\"https:\/\/nutrifresh.com\/it\/acquista\/\"},{\"@type\":\"ListItem\",\"position\":3,\"name\":\"Coltello da pane\"}]},{\"@type\":\"WebSite\",\"@id\":\"https:\/\/nutrifresh.com\/it\/#website\",\"url\":\"https:\/\/nutrifresh.com\/it\/\",\"name\":\"Nutrifresh\",\"description\":\"A fresh way to eat healthier\",\"potentialAction\":[{\"@type\":\"SearchAction\",\"target\":{\"@type\":\"EntryPoint\",\"urlTemplate\":\"https:\/\/nutrifresh.com\/it\/?s={search_term_string}\"},\"query-input\":\"required name=search_term_string\"}],\"inLanguage\":\"it-IT\"}]}<\/script>\n<!-- \/ Yoast SEO plugin. -->","yoast_head_json":{"title":"Coltello da pane | nutrifresh","description":"Il coltello da pane Easy Prep di nutrifresh \u00e8 perfetto per affettare il pane, ma anche per tagliare torte, dolci e persino verdure.","robots":{"index":"index","follow":"follow","max-snippet":"max-snippet:-1","max-image-preview":"max-image-preview:large","max-video-preview":"max-video-preview:-1"},"canonical":"https:\/\/nutrifresh.com\/it\/p\/coltello-da-pane\/","og_locale":"it_IT","og_type":"article","og_title":"Coltello da pane | nutrifresh","og_description":"Il coltello da pane Easy Prep di nutrifresh \u00e8 perfetto per affettare il pane, ma anche per tagliare torte, dolci e persino verdure.","og_url":"https:\/\/nutrifresh.com\/it\/p\/coltello-da-pane\/","og_site_name":"Nutrifresh","article_modified_time":"2023-09-04T08:19:17+00:00","og_image":[{"width":1200,"height":1200,"url":"https:\/\/nutrifresh.com\/wp-content\/uploads\/2023\/08\/P511084_19cm_Bread_Knife_front-1.jpg","type":"image\/jpeg"}],"twitter_card":"summary_large_image","twitter_misc":{"Tempo di lettura stimato":"1 minuto"},"schema":{"@context":"https:\/\/schema.org","@graph":[{"@type":"WebPage","@id":"https:\/\/nutrifresh.com\/it\/p\/coltello-da-pane\/","url":"https:\/\/nutrifresh.com\/it\/p\/coltello-da-pane\/","name":"Coltello da pane | nutrifresh","isPartOf":{"@id":"https:\/\/nutrifresh.com\/it\/#website"},"primaryImageOfPage":{"@id":"https:\/\/nutrifresh.com\/it\/p\/coltello-da-pane\/#primaryimage"},"image":{"@id":"https:\/\/nutrifresh.com\/it\/p\/coltello-da-pane\/#primaryimage"},"thumbnailUrl":"https:\/\/nutrifresh.com\/wp-content\/uploads\/2023\/08\/P511084_19cm_Bread_Knife_front-1.jpg","datePublished":"2023-08-03T17:24:56+00:00","dateModified":"2023-09-04T08:19:17+00:00","description":"Il coltello da pane Easy Prep di nutrifresh \u00e8 perfetto per affettare il pane, ma anche per tagliare torte, dolci e persino verdure.","breadcrumb":{"@id":"https:\/\/nutrifresh.com\/it\/p\/coltello-da-pane\/#breadcrumb"},"inLanguage":"it-IT","potentialAction":[{"@type":"ReadAction","target":["https:\/\/nutrifresh.com\/it\/p\/coltello-da-pane\/"]}]},{"@type":"ImageObject","inLanguage":"it-IT","@id":"https:\/\/nutrifresh.com\/it\/p\/coltello-da-pane\/#primaryimage","url":"https:\/\/nutrifresh.com\/wp-content\/uploads\/2023\/08\/P511084_19cm_Bread_Knife_front-1.jpg","contentUrl":"https:\/\/nutrifresh.com\/wp-content\/uploads\/2023\/08\/P511084_19cm_Bread_Knife_front-1.jpg","width":1200,"height":1200},{"@type":"BreadcrumbList","@id":"https:\/\/nutrifresh.com\/it\/p\/coltello-da-pane\/#breadcrumb","itemListElement":[{"@type":"ListItem","position":1,"name":"Home","item":"https:\/\/nutrifresh.com\/it\/homepage\/"},{"@type":"ListItem","position":2,"name":"Acquista","item":"https:\/\/nutrifresh.com\/it\/acquista\/"},{"@type":"ListItem","position":3,"name":"Coltello da pane"}]},{"@type":"WebSite","@id":"https:\/\/nutrifresh.com\/it\/#website","url":"https:\/\/nutrifresh.com\/it\/","name":"Nutrifresh","description":"A fresh way to eat healthier","potentialAction":[{"@type":"SearchAction","target":{"@type":"EntryPoint","urlTemplate":"https:\/\/nutrifresh.com\/it\/?s={search_term_string}"},"query-input":"required name=search_term_string"}],"inLanguage":"it-IT"}]}},"_links":{"self":[{"href":"https:\/\/nutrifresh.com\/it\/wp-json\/wp\/v2\/product\/7071","targetHints":{"allow":["GET"]}}],"collection":[{"href":"https:\/\/nutrifresh.com\/it\/wp-json\/wp\/v2\/product"}],"about":[{"href":"https:\/\/nutrifresh.com\/it\/wp-json\/wp\/v2\/types\/product"}],"wp:featuredmedia":[{"embeddable":true,"href":"https:\/\/nutrifresh.com\/it\/wp-json\/wp\/v2\/media\/4686"}],"wp:attachment":[{"href":"https:\/\/nutrifresh.com\/it\/wp-json\/wp\/v2\/media?parent=7071"}],"wp:term":[{"taxonomy":"product_cat","embeddable":true,"href":"https:\/\/nutrifresh.com\/it\/wp-json\/wp\/v2\/product_cat?post=7071"},{"taxonomy":"product_tag","embeddable":true,"href":"https:\/\/nutrifresh.com\/it\/wp-json\/wp\/v2\/product_tag?post=7071"}],"curies":[{"name":"wp","href":"https:\/\/api.w.org\/{rel}","templated":true}]}}